{"id":2859,"date":"2021-10-13T18:41:44","date_gmt":"2021-10-13T16:41:44","guid":{"rendered":"https:\/\/antcube.shop\/produkt\/tranke-klar-20ml-schwamm\/"},"modified":"2026-04-08T09:49:29","modified_gmt":"2026-04-08T07:49:29","slug":"tranke-klar-20ml-schwamm","status":"publish","type":"product","link":"https:\/\/antcube.shop\/sv\/produkt\/tranke-klar-20ml-schwamm\/","title":{"rendered":"Dricksr\u00e4nna klar 20ml - svamp"},"content":{"rendered":"<p><strong>M\u00e5tt:<\/strong> 40x50x68 mm, 20 ml<\/p>\n<p><strong>Inneh\u00e5ll:<\/strong><br \/>\n1x bas med 4x 3mm \u00f6ppningar och integrerad svamp.<br \/>\n1x vattentank 62x22mm (20ml)<br \/>\n1x svamp 30mm<\/p>\n<p><strong>Material:<\/strong> PS, PMMA, skum (extremt finporigt och absorberande)<\/p>\n<p><strong>Beskrivning:<\/strong> P\u00e5 s\u00e5 s\u00e4tt kan myrorna f\u00e5 tillr\u00e4ckligt med fukt i formicariumet. Perfekt \u00e4ven f\u00f6r semesterperioden. Vattenbeh\u00e5llaren p\u00e5 20 ml kan s\u00e4ttas in i foten (Obs: F\u00f6r inte in tanken helt och h\u00e5llet, utan endast upp till svampens niv\u00e5, f\u00f6r att inte avbryta vattentillf\u00f6rseln). Svampen med en st\u00f6rre diameter \u00e4n den bifogade tanken g\u00f6r att fukt kan sippra in i foten. De fyra fina 18 mm stora \u00f6ppningarna i botten, som \u00e4r placerade i alla fyra kardinalriktningarna, g\u00f6r det m\u00f6jligt att utfodra kolonier med ett stort antal djur. Genom att ta bort skummet s\u00e4kerst\u00e4ller djuren en tillr\u00e4cklig tillf\u00f6rsel av v\u00e4tska.<\/p>\n<p><strong>F\u00e4rger:<\/strong> kristallklart, gr\u00e5tt<\/p>\n<p>&nbsp;<\/p>","protected":false},"excerpt":{"rendered":"<p><strong>M\u00e5tt:<\/strong> 40x50x68 mm, 20 ml<\/p>","protected":false},"featured_media":3004,"comment_status":"open","ping_status":"closed","template":"","meta":{"_acf_changed":false,"content-type":"","_monsterinsights_skip_tracking":false,"_monsterinsights_sitenote_active":false,"_monsterinsights_sitenote_note":"","_monsterinsights_sitenote_category":0},"product_brand":[],"product_cat":[115,117],"product_tag":[],"class_list":{"0":"post-2859","1":"product","2":"type-product","3":"status-publish","4":"has-post-thumbnail","6":"product_cat-food-and-feeding","7":"product_cat-drinkers-for-ants","9":"first","10":"instock","11":"taxable","12":"shipping-taxable","13":"purchasable","14":"product-type-simple"},"acf":[],"aioseo_notices":[],"jetpack_sharing_enabled":true,"_links":{"self":[{"href":"https:\/\/antcube.shop\/sv\/wp-json\/wp\/v2\/product\/2859","targetHints":{"allow":["GET"]}}],"collection":[{"href":"https:\/\/antcube.shop\/sv\/wp-json\/wp\/v2\/product"}],"about":[{"href":"https:\/\/antcube.shop\/sv\/wp-json\/wp\/v2\/types\/product"}],"replies":[{"embeddable":true,"href":"https:\/\/antcube.shop\/sv\/wp-json\/wp\/v2\/comments?post=2859"}],"wp:featuredmedia":[{"embeddable":true,"href":"https:\/\/antcube.shop\/sv\/wp-json\/wp\/v2\/media\/3004"}],"wp:attachment":[{"href":"https:\/\/antcube.shop\/sv\/wp-json\/wp\/v2\/media?parent=2859"}],"wp:term":[{"taxonomy":"product_brand","embeddable":true,"href":"https:\/\/antcube.shop\/sv\/wp-json\/wp\/v2\/product_brand?post=2859"},{"taxonomy":"product_cat","embeddable":true,"href":"https:\/\/antcube.shop\/sv\/wp-json\/wp\/v2\/product_cat?post=2859"},{"taxonomy":"product_tag","embeddable":true,"href":"https:\/\/antcube.shop\/sv\/wp-json\/wp\/v2\/product_tag?post=2859"}],"curies":[{"name":"wp","href":"https:\/\/api.w.org\/{rel}","templated":true}]}}