{"id":2857,"date":"2021-10-13T18:41:25","date_gmt":"2021-10-13T16:41:25","guid":{"rendered":"https:\/\/antcube.shop\/produkt\/antcube-ameisenfarm-l-20x20-stehend\/"},"modified":"2026-04-06T20:03:13","modified_gmt":"2026-04-06T18:03:13","slug":"antcube-ameisenfarm-l-20x20-stehend","status":"publish","type":"product","link":"https:\/\/antcube.shop\/sv\/produkt\/antcube-ameisenfarm-l-20x20-stehend\/","title":{"rendered":"ANTCUBE - myrfarm - L - 20\u00d720 - st\u00e5ende"},"content":{"rendered":"<p><strong>M\u00e5tt (LxBxH):\u00a0<\/strong><br \/>\nutsida: 234x58x199 mm<br \/>\ninv\u00e4ndigt: 184x20x190 mm<\/p>\n<p><strong>Material:<\/strong><br \/>\nFlytande glas, plast<\/p>\n<p><strong>F\u00e4rg:<\/strong><br \/>\nkristallklart<\/p>\n<p><strong>Inneh\u00e5ll:<\/strong><br \/>\n1x ANTCUBE myrfarm - 20 mm mellan plattorna.<br \/>\n1x skydd f\u00f6r myrstack L 20\u00d73<br \/>\n2x plugg 4mm<\/p>\n<p><strong>anslutning:<\/strong><br \/>\n2x 14\/16\/18\/20 x 20 mm uttag<br \/>\n2x 4mm h\u00e5l med 4mm pluggar<\/p>\n<p>14\/10-slangen s\u00e4tts in i 14 mm-uttaget med en fast passning.<br \/>\n20\/16-r\u00f6ret f\u00e4sts p\u00e5 det f\u00f6rsta 16 mm-steget.<br \/>\n22\/18-slangen \u00e4r t\u00e4tt monterad p\u00e5 det andra 20 mm-steget.<br \/>\n24\/20-slangen \u00e4r l\u00f6st monterad p\u00e5 det andra 20 mm-steget.<\/p>\n<p><strong>Beskrivning:<\/strong><br \/>\nDen h\u00e4r helt genomskinliga myrfarmen \u00e4r l\u00e4mplig f\u00f6r myrarter i storlek L.<\/p>\n<p><strong>Anm\u00e4rkningar om produktionen<\/strong><br \/>\nGlaset sk\u00e4rs enligt DIN 1249 med en tolerans p\u00e5 +\/- 1 mm. F\u00f6r extremt sm\u00e5 myrarter \u00e4r det n\u00f6dv\u00e4ndigt med ett extra utbrytningsskydd.<\/p>\n<p><strong>Anteckningar om g\u00e5rden<\/strong><br \/>\nObservera f\u00f6ljande n\u00e4r du monterar eller tar bort slangar:<br \/>\nOm det \u00e4r mycket sv\u00e5rt att f\u00e5 slangen att passa p\u00e5 anslutningsbussningen b\u00f6r du gnugga den l\u00e4tt med en droppe av v\u00e5r olja eller v\u00e5rt pulver f\u00f6r att skydda mot utbrott. Slangen ska sedan skjutas p\u00e5 bussningen med vrid- eller skruvr\u00f6relser, utan att stressa bussningen med upp- och nedg\u00e5ende r\u00f6relser. Samma sak g\u00e4ller n\u00e4r man tar bort slangarna fr\u00e5n g\u00e5rdens anslutningsbussning. Dra inte bara av den helt enkelt!<\/p>\n<p>&nbsp;<\/p>","protected":false},"excerpt":{"rendered":"<p>Anslutning: Uttag 2x 14\/16\/18\/20 mm + lock<\/p>\n<p>Pl\u00e5tavst\u00e5nd: Inv\u00e4ndigt 20 mm \/ Utv\u00e4ndigt 28 mm<br \/>\nStorlek: <strong><span style=\"color: #0000ff;\">L<\/span><\/strong><\/p>","protected":false},"featured_media":347,"comment_status":"open","ping_status":"closed","template":"","meta":{"_acf_changed":false,"content-type":"","_monsterinsights_skip_tracking":false,"_monsterinsights_sitenote_active":false,"_monsterinsights_sitenote_note":"","_monsterinsights_sitenote_category":0},"product_brand":[],"product_cat":[80,83],"product_tag":[],"class_list":{"0":"post-2857","1":"product","2":"type-product","3":"status-publish","4":"has-post-thumbnail","6":"product_cat-antfarms","7":"product_cat-antfarms-l","9":"first","10":"instock","11":"taxable","12":"shipping-taxable","13":"purchasable","14":"product-type-simple"},"acf":[],"aioseo_notices":[],"jetpack_sharing_enabled":true,"_links":{"self":[{"href":"https:\/\/antcube.shop\/sv\/wp-json\/wp\/v2\/product\/2857","targetHints":{"allow":["GET"]}}],"collection":[{"href":"https:\/\/antcube.shop\/sv\/wp-json\/wp\/v2\/product"}],"about":[{"href":"https:\/\/antcube.shop\/sv\/wp-json\/wp\/v2\/types\/product"}],"replies":[{"embeddable":true,"href":"https:\/\/antcube.shop\/sv\/wp-json\/wp\/v2\/comments?post=2857"}],"wp:featuredmedia":[{"embeddable":true,"href":"https:\/\/antcube.shop\/sv\/wp-json\/wp\/v2\/media\/347"}],"wp:attachment":[{"href":"https:\/\/antcube.shop\/sv\/wp-json\/wp\/v2\/media?parent=2857"}],"wp:term":[{"taxonomy":"product_brand","embeddable":true,"href":"https:\/\/antcube.shop\/sv\/wp-json\/wp\/v2\/product_brand?post=2857"},{"taxonomy":"product_cat","embeddable":true,"href":"https:\/\/antcube.shop\/sv\/wp-json\/wp\/v2\/product_cat?post=2857"},{"taxonomy":"product_tag","embeddable":true,"href":"https:\/\/antcube.shop\/sv\/wp-json\/wp\/v2\/product_tag?post=2857"}],"curies":[{"name":"wp","href":"https:\/\/api.w.org\/{rel}","templated":true}]}}