{"id":2854,"date":"2021-10-13T18:40:55","date_gmt":"2021-10-13T16:40:55","guid":{"rendered":"https:\/\/antcube.shop\/produkt\/mini-thermo-hygrometer-analog-display-hangend\/"},"modified":"2026-04-17T18:44:57","modified_gmt":"2026-04-17T16:44:57","slug":"mini-thermo-hygrometer-analog-display-hangande","status":"publish","type":"product","link":"https:\/\/antcube.shop\/sv\/produkt\/mini-thermo-hygrometer-analog-display-hangande\/","title":{"rendered":"Mini termisk hygrometer analog - display - h\u00e4ngande"},"content":{"rendered":"<p><strong>M\u00e5tt:<\/strong> 75mm x 45mm, 20mm djup<\/p>\n<p><strong>Material:<\/strong> metall \/ akryl<\/p>\n<p><strong>F\u00e4rg:<\/strong> metall, silver \/ transparent<\/p>\n<p><strong>Inneh\u00e5ll:<\/strong> 1x mini termometer analog metall - 25mm, 1x mini hygrometer analog metall - 25mm, 1x akrylglash\u00e5llare med uttag f\u00f6r m\u00e4tinstrumenten - 75x45mm, 1x akrylglasfot - 75x20mm, 2x genomskinliga klisterplattor - 30x20mm<\/p>\n<p><strong>Beskrivning:<\/strong><br \/>\nSetet best\u00e5r av en analog termometer och en hygrometer i metall (25 mm), som \u00e4r inf\u00e4llda i en akrylglasplatta (75x45 mm). Displayen f\u00e4sts med hj\u00e4lp av tv\u00e5 genomskinliga sj\u00e4lvh\u00e4ftande kuddar, som kan anv\u00e4ndas f\u00f6r att f\u00e4sta basen (75x20mm) \u00f6ver huvudet p\u00e5 lock eller ramar.<\/p>\n<p><strong>Tips:<\/strong><br \/>\nM\u00e4tinstrumenten p\u00e5 baksidan m\u00e5ste vara fria, annars kan m\u00e4tfel uppst\u00e5.<\/p>\n<p><strong>Noggrannhet:<\/strong> +\/- 2\u00b0C , +\/- 4\u00b0F<br \/>\n<strong>Noggrannhet:<\/strong> +\/- 5%<\/p>","protected":false},"excerpt":{"rendered":"<p>Termometer och hygrometer i metall (25 mm) i akrylglasplatta (75x45 mm).<\/p>","protected":false},"featured_media":311,"comment_status":"open","ping_status":"closed","template":"","meta":{"_acf_changed":false,"content-type":"","_monsterinsights_skip_tracking":false,"_monsterinsights_sitenote_active":false,"_monsterinsights_sitenote_note":"","_monsterinsights_sitenote_category":0},"product_brand":[],"product_cat":[119,239],"product_tag":[],"class_list":{"0":"post-2854","1":"product","2":"type-product","3":"status-publish","4":"has-post-thumbnail","6":"product_cat-formicarium-components","7":"product_cat-useful-additions","9":"first","10":"instock","11":"taxable","12":"shipping-taxable","13":"purchasable","14":"product-type-simple"},"acf":[],"aioseo_notices":[],"jetpack_sharing_enabled":true,"_links":{"self":[{"href":"https:\/\/antcube.shop\/sv\/wp-json\/wp\/v2\/product\/2854","targetHints":{"allow":["GET"]}}],"collection":[{"href":"https:\/\/antcube.shop\/sv\/wp-json\/wp\/v2\/product"}],"about":[{"href":"https:\/\/antcube.shop\/sv\/wp-json\/wp\/v2\/types\/product"}],"replies":[{"embeddable":true,"href":"https:\/\/antcube.shop\/sv\/wp-json\/wp\/v2\/comments?post=2854"}],"wp:featuredmedia":[{"embeddable":true,"href":"https:\/\/antcube.shop\/sv\/wp-json\/wp\/v2\/media\/311"}],"wp:attachment":[{"href":"https:\/\/antcube.shop\/sv\/wp-json\/wp\/v2\/media?parent=2854"}],"wp:term":[{"taxonomy":"product_brand","embeddable":true,"href":"https:\/\/antcube.shop\/sv\/wp-json\/wp\/v2\/product_brand?post=2854"},{"taxonomy":"product_cat","embeddable":true,"href":"https:\/\/antcube.shop\/sv\/wp-json\/wp\/v2\/product_cat?post=2854"},{"taxonomy":"product_tag","embeddable":true,"href":"https:\/\/antcube.shop\/sv\/wp-json\/wp\/v2\/product_tag?post=2854"}],"curies":[{"name":"wp","href":"https:\/\/api.w.org\/{rel}","templated":true}]}}