{"id":2852,"date":"2021-10-13T18:40:35","date_gmt":"2021-10-13T16:40:35","guid":{"rendered":"https:\/\/antcube.shop\/produkt\/gittereinsatz-27mm-edelstahl\/"},"modified":"2026-04-07T12:31:25","modified_gmt":"2026-04-07T10:31:25","slug":"gittereinsatz-27mm-edelstahl","status":"publish","type":"product","link":"https:\/\/antcube.shop\/sv\/produkt\/gittereinsatz-27mm-edelstahl\/","title":{"rendered":"Gallerinsats - 27 mm - rostfritt st\u00e5l"},"content":{"rendered":"<p><strong>Kvantitet:<\/strong> 1 stycke<\/p>\n<p><strong>M\u00e5tt:<\/strong> 27 mm (innerdiameter), 33\u00d74 mm (ytterm\u00e5tt)<\/p>\n<p><strong>F\u00e4rg:<\/strong> genomskinlig<\/p>\n<p><strong>Material:<\/strong> rostfritt st\u00e5l, akryl<\/p>\n<p><strong>Beskrivning:<\/strong><br \/>\nDenna gallerinsats med mycket fint galler av rostfritt st\u00e5l (0,2 mm) kan s\u00e4ttas in i h\u00e5len 27 mm och ger god ventilation i formicariumet utan att myrorna kan bryta sig ut.<br \/>\nVid sidobef\u00e4stning rekommenderar vi ytterligare fasts\u00e4ttning med kommersiellt tillg\u00e4ngliga klister f\u00f6r att undvika att den faller ut p\u00e5 grund av eventuella st\u00f6tar.<\/p>\n<p><strong>Observera:<\/strong> Passar \u00e4ven f\u00f6r mycket starkt bitande arter som t.ex. bladklipparmyror!<\/p>","protected":false},"excerpt":{"rendered":"<p>Kvantitet: Antal: 1 stycke M\u00e5tt: 1: F\u00e4rg: transparent Material: rostfritt st\u00e5l, akryl Beskrivning: 1: Denna gallerinsats med mycket fint galler av rostfritt st\u00e5l (0,2 mm) kan s\u00e4ttas in i h\u00e5len 27 mm och ger en bra formicariumventilation utan att myrorna kan bryta sig ut. Vid lateral inf\u00e4stning rekommenderar vi f\u00f6ljande.","protected":false},"featured_media":337,"comment_status":"open","ping_status":"closed","template":"","meta":{"_acf_changed":false,"content-type":"","_monsterinsights_skip_tracking":false,"_monsterinsights_sitenote_active":false,"_monsterinsights_sitenote_note":"","_monsterinsights_sitenote_category":0},"product_brand":[],"product_cat":[238],"product_tag":[],"class_list":{"0":"post-2852","1":"product","2":"type-product","3":"status-publish","4":"has-post-thumbnail","6":"product_cat-grid-caps-plugs-and-inserts","8":"first","9":"instock","10":"taxable","11":"shipping-taxable","12":"purchasable","13":"product-type-simple"},"acf":[],"aioseo_notices":[],"jetpack_sharing_enabled":true,"_links":{"self":[{"href":"https:\/\/antcube.shop\/sv\/wp-json\/wp\/v2\/product\/2852","targetHints":{"allow":["GET"]}}],"collection":[{"href":"https:\/\/antcube.shop\/sv\/wp-json\/wp\/v2\/product"}],"about":[{"href":"https:\/\/antcube.shop\/sv\/wp-json\/wp\/v2\/types\/product"}],"replies":[{"embeddable":true,"href":"https:\/\/antcube.shop\/sv\/wp-json\/wp\/v2\/comments?post=2852"}],"wp:featuredmedia":[{"embeddable":true,"href":"https:\/\/antcube.shop\/sv\/wp-json\/wp\/v2\/media\/337"}],"wp:attachment":[{"href":"https:\/\/antcube.shop\/sv\/wp-json\/wp\/v2\/media?parent=2852"}],"wp:term":[{"taxonomy":"product_brand","embeddable":true,"href":"https:\/\/antcube.shop\/sv\/wp-json\/wp\/v2\/product_brand?post=2852"},{"taxonomy":"product_cat","embeddable":true,"href":"https:\/\/antcube.shop\/sv\/wp-json\/wp\/v2\/product_cat?post=2852"},{"taxonomy":"product_tag","embeddable":true,"href":"https:\/\/antcube.shop\/sv\/wp-json\/wp\/v2\/product_tag?post=2852"}],"curies":[{"name":"wp","href":"https:\/\/api.w.org\/{rel}","templated":true}]}}