{"id":2849,"date":"2021-10-13T18:40:06","date_gmt":"2021-10-13T16:40:06","guid":{"rendered":"https:\/\/antcube.shop\/produkt\/gitterkappe-6mm-edelstahl\/"},"modified":"2026-04-02T17:33:33","modified_gmt":"2026-04-02T15:33:33","slug":"gitterkappe-6mm-edelstahl","status":"publish","type":"product","link":"https:\/\/antcube.shop\/sv\/produkt\/gitterkappe-6mm-edelstahl\/","title":{"rendered":"Gallerh\u00e4tta - 6mm - Rostfritt st\u00e5l"},"content":{"rendered":"<p><strong>Kvantitet:<\/strong> 1 stycke<\/p>\n<p><strong>M\u00e5tt:<\/strong> 6 mm (innerdiameter), 10\u00d74 mm (ytterm\u00e5tt)<\/p>\n<p><strong>F\u00e4rg:<\/strong> genomskinlig<\/p>\n<p><strong>Material:<\/strong> rostfritt st\u00e5l, akryl<\/p>\n<p><strong>Beskrivning:<\/strong><br \/>\nDen h\u00e4r gallerm\u00f6ssan med mycket fint galler av rostfritt st\u00e5l (0,2 mm) kan s\u00e4ttas p\u00e5 ett uttag, ett r\u00f6r eller en slang\u00e4ndan och ger en bra ventilation av formicariumet utan att myrorna kan bryta sig ut. B\u00e5de gallret av rostfritt st\u00e5l och ramen av akrylglas \u00e4r genomskinliga.<\/p>\n<p><strong>Observera:<\/strong> Passar \u00e4ven f\u00f6r mycket starkt bitande arter som t.ex. bladklipparmyror!<\/p>\n<p>&nbsp;<\/p>","protected":false},"excerpt":{"rendered":"<p>Kvantitet: Antal: 1 stycke M\u00e5tt: 1: F\u00e4rg: transparent Material: rostfritt st\u00e5l, akryl Beskrivning: 1: Denna gallerh\u00e4tta med mycket fint rostfritt st\u00e5lgaller (0,2 mm) kan s\u00e4ttas p\u00e5 ett uttag, r\u00f6r eller slang\u00e4ndan och ger en bra formicariumsventilation utan att myrorna kan bryta sig ut. B\u00e5de","protected":false},"featured_media":334,"comment_status":"open","ping_status":"closed","template":"","meta":{"_acf_changed":false,"content-type":"","_monsterinsights_skip_tracking":false,"_monsterinsights_sitenote_active":false,"_monsterinsights_sitenote_note":"","_monsterinsights_sitenote_category":0},"product_brand":[],"product_cat":[238],"product_tag":[],"class_list":{"0":"post-2849","1":"product","2":"type-product","3":"status-publish","4":"has-post-thumbnail","6":"product_cat-grid-caps-plugs-and-inserts","8":"first","9":"instock","10":"taxable","11":"shipping-taxable","12":"purchasable","13":"product-type-simple"},"acf":[],"aioseo_notices":[],"jetpack_sharing_enabled":true,"_links":{"self":[{"href":"https:\/\/antcube.shop\/sv\/wp-json\/wp\/v2\/product\/2849","targetHints":{"allow":["GET"]}}],"collection":[{"href":"https:\/\/antcube.shop\/sv\/wp-json\/wp\/v2\/product"}],"about":[{"href":"https:\/\/antcube.shop\/sv\/wp-json\/wp\/v2\/types\/product"}],"replies":[{"embeddable":true,"href":"https:\/\/antcube.shop\/sv\/wp-json\/wp\/v2\/comments?post=2849"}],"wp:featuredmedia":[{"embeddable":true,"href":"https:\/\/antcube.shop\/sv\/wp-json\/wp\/v2\/media\/334"}],"wp:attachment":[{"href":"https:\/\/antcube.shop\/sv\/wp-json\/wp\/v2\/media?parent=2849"}],"wp:term":[{"taxonomy":"product_brand","embeddable":true,"href":"https:\/\/antcube.shop\/sv\/wp-json\/wp\/v2\/product_brand?post=2849"},{"taxonomy":"product_cat","embeddable":true,"href":"https:\/\/antcube.shop\/sv\/wp-json\/wp\/v2\/product_cat?post=2849"},{"taxonomy":"product_tag","embeddable":true,"href":"https:\/\/antcube.shop\/sv\/wp-json\/wp\/v2\/product_tag?post=2849"}],"curies":[{"name":"wp","href":"https:\/\/api.w.org\/{rel}","templated":true}]}}