{"id":2848,"date":"2021-10-13T18:39:56","date_gmt":"2021-10-13T16:39:56","guid":{"rendered":"https:\/\/antcube.shop\/produkt\/tranke-2ml-360-grad\/"},"modified":"2026-04-11T09:10:16","modified_gmt":"2026-04-11T07:10:16","slug":"tranke-2ml-360-grad","status":"publish","type":"product","link":"https:\/\/antcube.shop\/sv\/produkt\/tranke-2ml-360-grad\/","title":{"rendered":"Dricksr\u00e4nna 2ml - 360 grader"},"content":{"rendered":"<p><strong>M\u00e5tt:<\/strong> 30x40x52 mm, 2 ml<\/p>\n<p><strong>Inneh\u00e5ll:<\/strong><br \/>\n1x fot med 24x 0,5mm \u00f6ppningar<br \/>\n1x myrfoderr\u00f6r<\/p>\n<p><strong>Material:<\/strong> PLA, PS, PMMA<\/p>\n<p><strong>Beskrivning:<\/strong> P\u00e5 s\u00e5 s\u00e4tt kan myrorna f\u00e5 tillr\u00e4ckligt med fukt i ett formicarium. Perfekt \u00e4ven f\u00f6r semesterperioden. Myrfoderr\u00f6ren p\u00e5 2 ml kan nu s\u00e4ttas in i foten. Tack vare de 24 fina 0,5 mm stora \u00f6ppningarna som \u00e4r placerade i 360\u00b0 kan kolonier med mycket m\u00e5nga och mycket sm\u00e5 arter f\u00f6rs\u00f6rjas.<\/p>\n<p><strong>F\u00e4rg:<\/strong> genomskinlig<\/p>\n<p>&nbsp;<\/p>","protected":false},"excerpt":{"rendered":"<p>M\u00e5tt: 30x40x52 mm, 2 ml<\/p>","protected":false},"featured_media":305,"comment_status":"open","ping_status":"closed","template":"","meta":{"_acf_changed":false,"content-type":"","_monsterinsights_skip_tracking":false,"_monsterinsights_sitenote_active":false,"_monsterinsights_sitenote_note":"","_monsterinsights_sitenote_category":0},"product_brand":[],"product_cat":[115,117],"product_tag":[],"class_list":{"0":"post-2848","1":"product","2":"type-product","3":"status-publish","4":"has-post-thumbnail","6":"product_cat-food-and-feeding","7":"product_cat-drinkers-for-ants","9":"first","10":"instock","11":"taxable","12":"shipping-taxable","13":"purchasable","14":"product-type-simple"},"acf":[],"aioseo_notices":[],"jetpack_sharing_enabled":true,"_links":{"self":[{"href":"https:\/\/antcube.shop\/sv\/wp-json\/wp\/v2\/product\/2848","targetHints":{"allow":["GET"]}}],"collection":[{"href":"https:\/\/antcube.shop\/sv\/wp-json\/wp\/v2\/product"}],"about":[{"href":"https:\/\/antcube.shop\/sv\/wp-json\/wp\/v2\/types\/product"}],"replies":[{"embeddable":true,"href":"https:\/\/antcube.shop\/sv\/wp-json\/wp\/v2\/comments?post=2848"}],"wp:featuredmedia":[{"embeddable":true,"href":"https:\/\/antcube.shop\/sv\/wp-json\/wp\/v2\/media\/305"}],"wp:attachment":[{"href":"https:\/\/antcube.shop\/sv\/wp-json\/wp\/v2\/media?parent=2848"}],"wp:term":[{"taxonomy":"product_brand","embeddable":true,"href":"https:\/\/antcube.shop\/sv\/wp-json\/wp\/v2\/product_brand?post=2848"},{"taxonomy":"product_cat","embeddable":true,"href":"https:\/\/antcube.shop\/sv\/wp-json\/wp\/v2\/product_cat?post=2848"},{"taxonomy":"product_tag","embeddable":true,"href":"https:\/\/antcube.shop\/sv\/wp-json\/wp\/v2\/product_tag?post=2848"}],"curies":[{"name":"wp","href":"https:\/\/api.w.org\/{rel}","templated":true}]}}