{"id":2845,"date":"2021-10-13T18:38:08","date_gmt":"2021-10-13T16:38:08","guid":{"rendered":"https:\/\/antcube.shop\/produkt\/formicariengranulat-200ml-schwarz\/"},"modified":"2026-03-31T09:51:50","modified_gmt":"2026-03-31T07:51:50","slug":"formicariengranulat-200ml-schwarz","status":"publish","type":"product","link":"https:\/\/antcube.shop\/sv\/produkt\/formicariengranulat-200ml-schwarz\/","title":{"rendered":"Formicarium granulat 200ml - svart"},"content":{"rendered":"<p><strong>Inneh\u00e5ll:<\/strong> 200 ml (motsvarande ~120 g)<\/p>\n<p><strong>Kornstorlek:<\/strong> 1 - 8 mm<\/p>\n<p><strong>F\u00e4rg:<\/strong> svart<\/p>\n<p><strong>Basmaterial:<\/strong> en speciell blandning av lera och stenar av h\u00f6g kvalitet<\/p>\n<p><strong>Beskrivning:<\/strong> Materialet beh\u00e5ller fukt och ger god luftning i jorden i formicariumet, vilket skyddar mot vattenm\u00e4ttnad och r\u00f6ta. Det granul\u00e4ra lagret b\u00f6r anv\u00e4ndas ca 1-2 cm som det l\u00e4gsta jordlagret p\u00e5 en g\u00e5rd.<\/p>\n<p><strong>Egenskaper:<\/strong><br \/>\n- oorganisk, mineralisk produkt<br \/>\n- biologiskt och kemiskt neutrala<br \/>\n- strukturellt stabilt<br \/>\n- lagrar fukt<\/p>\n<p>&nbsp;<\/p>","protected":false},"excerpt":{"rendered":"<p>F\u00f6r skogs- eller regnskogsjord<\/p>","protected":false},"featured_media":381,"comment_status":"open","ping_status":"closed","template":"","meta":{"_acf_changed":false,"content-type":"","_monsterinsights_skip_tracking":false,"_monsterinsights_sitenote_active":false,"_monsterinsights_sitenote_note":"","_monsterinsights_sitenote_category":0},"product_brand":[],"product_cat":[241],"product_tag":[],"class_list":{"0":"post-2845","1":"product","2":"type-product","3":"status-publish","4":"has-post-thumbnail","6":"product_cat-granules","8":"first","9":"instock","10":"taxable","11":"shipping-taxable","12":"purchasable","13":"product-type-simple"},"acf":[],"aioseo_notices":[],"jetpack_sharing_enabled":true,"_links":{"self":[{"href":"https:\/\/antcube.shop\/sv\/wp-json\/wp\/v2\/product\/2845","targetHints":{"allow":["GET"]}}],"collection":[{"href":"https:\/\/antcube.shop\/sv\/wp-json\/wp\/v2\/product"}],"about":[{"href":"https:\/\/antcube.shop\/sv\/wp-json\/wp\/v2\/types\/product"}],"replies":[{"embeddable":true,"href":"https:\/\/antcube.shop\/sv\/wp-json\/wp\/v2\/comments?post=2845"}],"wp:featuredmedia":[{"embeddable":true,"href":"https:\/\/antcube.shop\/sv\/wp-json\/wp\/v2\/media\/381"}],"wp:attachment":[{"href":"https:\/\/antcube.shop\/sv\/wp-json\/wp\/v2\/media?parent=2845"}],"wp:term":[{"taxonomy":"product_brand","embeddable":true,"href":"https:\/\/antcube.shop\/sv\/wp-json\/wp\/v2\/product_brand?post=2845"},{"taxonomy":"product_cat","embeddable":true,"href":"https:\/\/antcube.shop\/sv\/wp-json\/wp\/v2\/product_cat?post=2845"},{"taxonomy":"product_tag","embeddable":true,"href":"https:\/\/antcube.shop\/sv\/wp-json\/wp\/v2\/product_tag?post=2845"}],"curies":[{"name":"wp","href":"https:\/\/api.w.org\/{rel}","templated":true}]}}