{"id":2842,"date":"2021-10-13T18:37:40","date_gmt":"2021-10-13T16:37:40","guid":{"rendered":"https:\/\/antcube.shop\/produkt\/ameisenarena-rahmen-20x20\/"},"modified":"2026-04-13T10:48:30","modified_gmt":"2026-04-13T08:48:30","slug":"ameisenarena-rahmen-20x20","status":"publish","type":"product","link":"https:\/\/antcube.shop\/sv\/produkt\/ameisenarena-rahmen-20x20\/","title":{"rendered":"Ram f\u00f6r myrarena 20\u00d720"},"content":{"rendered":"<p><strong>M\u00e5tt (LxBxH):<\/strong> 20x20x0,4 cm<\/p>\n<p><strong>Material:<\/strong> floatglas<\/p>\n<p><strong>F\u00e4rg:<\/strong> kristallklar\/genomskinlig<\/p>\n<p><strong>Inneh\u00e5ll:<\/strong><br \/>\n1x ram f\u00f6r myrarena<\/p>\n<p><strong>Beskrivning:<\/strong><br \/>\nRam av glas f\u00f6r myrarena som utbrytarskydd.<\/p>\n<p><strong>Anv\u00e4ndning:<\/strong><br \/>\nMyrarena-ramen \u00e4r en ram av glas som placeras p\u00e5 en myrarena och som \u00e4r f\u00f6rsedd med ett skydd mot utbrott (olja, pulver eller lack) p\u00e5 undersidan, vilket hindrar myrorna fr\u00e5n att bryta sig ut.<\/p>\n<p><strong>Meddelande:<\/strong><br \/>\nEftersom artikeln \u00e4r tillverkad av glas och d\u00e4rf\u00f6r k\u00e4nslig, b\u00f6r den hanteras mycket f\u00f6rsiktigt. Glaset sk\u00e4rs enligt DIN 1249 med en tolerans p\u00e5 +\/- 1 mm. F\u00f6r extremt sm\u00e5 myrarter \u00e4r ytterligare utbrottsskydd n\u00f6dv\u00e4ndigt.<\/p>\n<p>&nbsp;<\/p>","protected":false},"excerpt":{"rendered":"<p>M\u00e5tt (LxBxH): 20x20x0,4 cm Material: floatglas F\u00e4rg: kristallklart \/ transparent Inneh\u00e5ll: Beskrivning: 1x ant arena frame Ram av glas f\u00f6r myrarena som ett utbrottsskydd. Anv\u00e4ndning: Myrarena ram \u00e4r en ram av glas som placeras p\u00e5 en myrarena och som \u00e4r f\u00f6rsedd med ett utbrottsskydd.","protected":false},"featured_media":332,"comment_status":"open","ping_status":"closed","template":"","meta":{"_acf_changed":false,"content-type":"","_monsterinsights_skip_tracking":false,"_monsterinsights_sitenote_active":false,"_monsterinsights_sitenote_note":"","_monsterinsights_sitenote_category":0},"product_brand":[],"product_cat":[91,93],"product_tag":[],"class_list":{"0":"post-2842","1":"product","2":"type-product","3":"status-publish","4":"has-post-thumbnail","6":"product_cat-formicarium-modules","7":"product_cat-arena-frame","9":"first","10":"instock","11":"taxable","12":"shipping-taxable","13":"purchasable","14":"product-type-simple"},"acf":[],"aioseo_notices":[],"jetpack_sharing_enabled":true,"_links":{"self":[{"href":"https:\/\/antcube.shop\/sv\/wp-json\/wp\/v2\/product\/2842","targetHints":{"allow":["GET"]}}],"collection":[{"href":"https:\/\/antcube.shop\/sv\/wp-json\/wp\/v2\/product"}],"about":[{"href":"https:\/\/antcube.shop\/sv\/wp-json\/wp\/v2\/types\/product"}],"replies":[{"embeddable":true,"href":"https:\/\/antcube.shop\/sv\/wp-json\/wp\/v2\/comments?post=2842"}],"wp:featuredmedia":[{"embeddable":true,"href":"https:\/\/antcube.shop\/sv\/wp-json\/wp\/v2\/media\/332"}],"wp:attachment":[{"href":"https:\/\/antcube.shop\/sv\/wp-json\/wp\/v2\/media?parent=2842"}],"wp:term":[{"taxonomy":"product_brand","embeddable":true,"href":"https:\/\/antcube.shop\/sv\/wp-json\/wp\/v2\/product_brand?post=2842"},{"taxonomy":"product_cat","embeddable":true,"href":"https:\/\/antcube.shop\/sv\/wp-json\/wp\/v2\/product_cat?post=2842"},{"taxonomy":"product_tag","embeddable":true,"href":"https:\/\/antcube.shop\/sv\/wp-json\/wp\/v2\/product_tag?post=2842"}],"curies":[{"name":"wp","href":"https:\/\/api.w.org\/{rel}","templated":true}]}}