{"id":2841,"date":"2021-10-13T18:37:30","date_gmt":"2021-10-13T16:37:30","guid":{"rendered":"https:\/\/antcube.shop\/produkt\/food-mix-set-standard\/"},"modified":"2026-04-15T10:50:15","modified_gmt":"2026-04-15T08:50:15","slug":"matmix-set-standard","status":"publish","type":"product","link":"https:\/\/antcube.shop\/sv\/produkt\/matmix-set-standard\/","title":{"rendered":"Matblandningssats - Standard"},"content":{"rendered":"<p><strong>Inneh\u00e5ll:<\/strong> 2 ml per matningsr\u00f6r<br \/>\n2x proteinfoder (PP)<br \/>\n2x proteinfoder FD insekter (PI)<br \/>\n2x kolhydratmat (K)<br \/>\n2x fruktmat (F)<br \/>\n2x socker-honung-l\u00f6sning (ZH)<br \/>\n1x svamp<\/p>\n<p><span data-text-color=\"alert\"><strong>Uppm\u00e4rksamhet:<\/strong> <\/span>Blanda g\u00e4rna pulvret med en droppe vatten, eftersom det inte accepteras av djuren n\u00e4r det \u00e4r torrt!<\/p>\n<p><strong>Beskrivning:<\/strong><br \/>\nDetta \u00e4r en Food Mix Set f\u00f6r olika arter av myror som \u00e4ter kolhydrater och proteiner. Den inneh\u00e5ller allt som myrorna beh\u00f6ver f\u00f6r en balanserad kost. Eftersom de enskilda matransonerna fylls i separata r\u00f6r \u00e4r de l\u00e4tta att dosera. Det rekommenderas att fukta protein-, kolhydrat- och fruktfodret minimalt med lite vatten. Detta f\u00f6rhindrar ocks\u00e5 att pulvret rinner ut n\u00e4r det anv\u00e4nds i det \"centrala\" formicariumet i h\u00e5let.<\/p>\n<p><strong>Anv\u00e4ndning\/till\u00e4mpning:<\/strong><br \/>\nProteinfoder = f\u00f6r insekts\u00e4tande myrarter (Eulipotyphla).<br \/>\nDet \u00e4r ett till\u00e4ggsfoder (blandfoder).<br \/>\nDen ska blandas med en droppe vatten och kan d\u00e5 f\u00f6rvaras endast en dag n\u00e4r den \u00e4r v\u00e5t. Reng\u00f6r fodersk\u00e5len\/r\u00f6ret noggrant innan den \u00e5teranv\u00e4nds.<br \/>\nEn \u00f6ppnad f\u00f6rpackning b\u00f6r anv\u00e4ndas v\u00e4l st\u00e4ngd (om den f\u00f6rvaras torrt) fram till det angivna (b\u00e4st f\u00f6re-datum).<\/p>\n<p>Proteinfoder FD = f\u00f6r insekts\u00e4tande myrarter (Eulipotyphla)<br \/>\nDet \u00e4r ett till\u00e4ggsfoder (foderblandning).<br \/>\nDen ska blandas med en droppe vatten och kan d\u00e5 f\u00f6rvaras endast en dag n\u00e4r den \u00e4r v\u00e5t. Reng\u00f6r fodersk\u00e5len\/r\u00f6ret noggrant innan den \u00e5teranv\u00e4nds.<br \/>\nEn \u00f6ppnad f\u00f6rpackning b\u00f6r anv\u00e4ndas v\u00e4l st\u00e4ngd (om den f\u00f6rvaras torrt) fram till det angivna (b\u00e4st f\u00f6re-datum).<\/p>\n<p>Kolhydratfoder = f\u00f6r socker-\/honung\u00e4tande myrarter.<br \/>\nDet \u00e4r ett till\u00e4ggsfoder (foderblandning).<br \/>\nDen kan blandas med en droppe vatten och har en h\u00e5llbarhet p\u00e5 3 dagar n\u00e4r den \u00e4r v\u00e5t. Reng\u00f6r fodersk\u00e5len\/r\u00f6ret noggrant innan den \u00e5teranv\u00e4nds.<br \/>\nEn \u00f6ppnad f\u00f6rpackning ska anv\u00e4ndas v\u00e4l st\u00e4ngd (om den f\u00f6rvaras torrt) fram till det angivna (b\u00e4st f\u00f6re-datum).<\/p>\n<p>Fruktfoder = f\u00f6r frukt\u00e4tande myrarter (frugivorer).<br \/>\nDet \u00e4r ett till\u00e4ggsfoder (enkelfoder).<br \/>\nDen kan blandas med en droppe vatten och har en h\u00e5llbarhetstid p\u00e5 3 dagar n\u00e4r den \u00e4r v\u00e5t. Reng\u00f6r fodersk\u00e5len\/r\u00f6ret noggrant innan den \u00e5teranv\u00e4nds.<br \/>\nEn \u00f6ppnad f\u00f6rpackning ska anv\u00e4ndas v\u00e4l st\u00e4ngd (om den f\u00f6rvaras torrt) fram till det angivna (b\u00e4st f\u00f6re-datum).<\/p>\n<p>Socker-honung-l\u00f6sning = f\u00f6r myrarter som \u00e4ter socker\/honung.<br \/>\nDet \u00e4r ett till\u00e4ggsfoder (foderblandning).<br \/>\nDen kan erbjudas djuren i levererat skick. Eftersom fuktigheten minskar sockerkoncentrationen och en j\u00e4sningsprocess inleds, b\u00f6r fodret bytas ut var tredje dag. Reng\u00f6r fodersk\u00e5len\/r\u00f6ret noggrant innan det \u00e5teranv\u00e4nds.<br \/>\nEn \u00f6ppnad f\u00f6rpackning ska anv\u00e4ndas t\u00e4tt st\u00e4ngd tills det angivna datumet (b\u00e4st f\u00f6re-datum).<\/p>\n<p><strong>Meddelande:<\/strong><br \/>\nInformation om hur man anv\u00e4nder matningsslangen finns h\u00e4r: L\u00e4nk<br \/>\nKomplett foder f\u00f6r insekts\u00e4tande myror.<br \/>\nSe bipacksedeln f\u00f6r sammans\u00e4ttning, analytiska ingredienser, b\u00e4st f\u00f6re-datum och partinummer.<\/p>\n<p>Informationshotline +49 30 439703870<\/p>\n<p>Ansvarig veterin\u00e4r- och livsmedelsmyndighet:<br \/>\nSteglitz Veterin\u00e4rbyr\u00e5<br \/>\nK\u00f6nigin-Luise-Str. 92<br \/>\n14195 Berlin<\/p>","protected":false},"excerpt":{"rendered":"<p>Fullfoder<\/p>","protected":false},"featured_media":309,"comment_status":"open","ping_status":"closed","template":"","meta":{"_acf_changed":false,"content-type":"","_monsterinsights_skip_tracking":false,"_monsterinsights_sitenote_active":false,"_monsterinsights_sitenote_note":"","_monsterinsights_sitenote_category":0},"product_brand":[],"product_cat":[115,116],"product_tag":[],"class_list":{"0":"post-2841","1":"product","2":"type-product","3":"status-publish","4":"has-post-thumbnail","6":"product_cat-food-and-feeding","7":"product_cat-food","9":"first","10":"instock","11":"taxable","12":"shipping-taxable","13":"purchasable","14":"product-type-simple"},"acf":[],"aioseo_notices":[],"jetpack_sharing_enabled":true,"_links":{"self":[{"href":"https:\/\/antcube.shop\/sv\/wp-json\/wp\/v2\/product\/2841","targetHints":{"allow":["GET"]}}],"collection":[{"href":"https:\/\/antcube.shop\/sv\/wp-json\/wp\/v2\/product"}],"about":[{"href":"https:\/\/antcube.shop\/sv\/wp-json\/wp\/v2\/types\/product"}],"replies":[{"embeddable":true,"href":"https:\/\/antcube.shop\/sv\/wp-json\/wp\/v2\/comments?post=2841"}],"wp:featuredmedia":[{"embeddable":true,"href":"https:\/\/antcube.shop\/sv\/wp-json\/wp\/v2\/media\/309"}],"wp:attachment":[{"href":"https:\/\/antcube.shop\/sv\/wp-json\/wp\/v2\/media?parent=2841"}],"wp:term":[{"taxonomy":"product_brand","embeddable":true,"href":"https:\/\/antcube.shop\/sv\/wp-json\/wp\/v2\/product_brand?post=2841"},{"taxonomy":"product_cat","embeddable":true,"href":"https:\/\/antcube.shop\/sv\/wp-json\/wp\/v2\/product_cat?post=2841"},{"taxonomy":"product_tag","embeddable":true,"href":"https:\/\/antcube.shop\/sv\/wp-json\/wp\/v2\/product_tag?post=2841"}],"curies":[{"name":"wp","href":"https:\/\/api.w.org\/{rel}","templated":true}]}}