{"id":2839,"date":"2021-10-13T18:37:12","date_gmt":"2021-10-13T16:37:12","guid":{"rendered":"https:\/\/antcube.shop\/produkt\/bodengrund-regenwald-1-kg\/"},"modified":"2026-04-17T21:44:09","modified_gmt":"2026-04-17T19:44:09","slug":"bodengrund-regenwald-1-kg","status":"publish","type":"product","link":"https:\/\/antcube.shop\/sv\/produkt\/bodengrund-regenwald-1-kg\/","title":{"rendered":"Substrat - Rainforest - 1 kg"},"content":{"rendered":"<p><strong>Inneh\u00e5ll:<\/strong> 1 kg<\/p>\n<p><strong>Material:<\/strong> sand, torv, humus, lera<\/p>\n<p><strong>F\u00e4rg:<\/strong> brun, beige<\/p>\n<p><strong>Beskrivning:<\/strong> Denna naturliga regnskogsjord best\u00e5r av en blandning av sand, torv, humus och lera.<br \/>\nDen har en n\u00e5got l\u00e4gre lerhalt \u00e4n normal regnskogsjord, men det g\u00f6r det l\u00e4ttare f\u00f6r myrorna att gr\u00e4va och den accepteras mycket b\u00e4ttre av myrorna. Den \u00e4r l\u00e4mplig f\u00f6r alla arter av myror som lever i regnskogsjord eller i allm\u00e4nhet i fuktiga tropiska livsmilj\u00f6er.<\/p>\n<p><strong>Anv\u00e4ndning:<\/strong> Gr\u00e4vjorden kan anv\u00e4ndas f\u00f6r bo och arena!<\/p>\n<p><strong>Observera:<\/strong> Eftersom detta \u00e4r en ren naturprodukt kan det f\u00f6rekomma sm\u00e5 skillnader i f\u00e4rg och struktur som vi inte kan p\u00e5verka.<\/p>\n<p><strong>Viktigt:<\/strong> Fukta substratet innan du anv\u00e4nder det, s\u00e5 att blandningen kan sm\u00e4lta samman och f\u00e5 ett fast grepp i myrstacken. Dessutom kan ett f\u00f6r torrt och dammigt substrat leda till att myrornas andningsv\u00e4gar blockeras och att djuren i v\u00e4rsta fall kv\u00e4vs.<\/p>","protected":false},"excerpt":{"rendered":"<p>Naturliga s\u00e4rskilda livsmilj\u00f6er jord\/ substrat<\/p>","protected":false},"featured_media":5501,"comment_status":"open","ping_status":"closed","template":"","meta":{"_acf_changed":false,"content-type":"","_monsterinsights_skip_tracking":false,"_monsterinsights_sitenote_active":false,"_monsterinsights_sitenote_note":"","_monsterinsights_sitenote_category":0},"product_brand":[],"product_cat":[96],"product_tag":[],"class_list":{"0":"post-2839","1":"product","2":"type-product","3":"status-publish","4":"has-post-thumbnail","6":"product_cat-soil","8":"first","9":"instock","10":"taxable","11":"shipping-taxable","12":"purchasable","13":"product-type-simple"},"acf":[],"aioseo_notices":[],"jetpack_sharing_enabled":true,"_links":{"self":[{"href":"https:\/\/antcube.shop\/sv\/wp-json\/wp\/v2\/product\/2839","targetHints":{"allow":["GET"]}}],"collection":[{"href":"https:\/\/antcube.shop\/sv\/wp-json\/wp\/v2\/product"}],"about":[{"href":"https:\/\/antcube.shop\/sv\/wp-json\/wp\/v2\/types\/product"}],"replies":[{"embeddable":true,"href":"https:\/\/antcube.shop\/sv\/wp-json\/wp\/v2\/comments?post=2839"}],"wp:featuredmedia":[{"embeddable":true,"href":"https:\/\/antcube.shop\/sv\/wp-json\/wp\/v2\/media\/5501"}],"wp:attachment":[{"href":"https:\/\/antcube.shop\/sv\/wp-json\/wp\/v2\/media?parent=2839"}],"wp:term":[{"taxonomy":"product_brand","embeddable":true,"href":"https:\/\/antcube.shop\/sv\/wp-json\/wp\/v2\/product_brand?post=2839"},{"taxonomy":"product_cat","embeddable":true,"href":"https:\/\/antcube.shop\/sv\/wp-json\/wp\/v2\/product_cat?post=2839"},{"taxonomy":"product_tag","embeddable":true,"href":"https:\/\/antcube.shop\/sv\/wp-json\/wp\/v2\/product_tag?post=2839"}],"curies":[{"name":"wp","href":"https:\/\/api.w.org\/{rel}","templated":true}]}}