{"id":2830,"date":"2021-10-13T18:35:46","date_gmt":"2021-10-13T16:35:46","guid":{"rendered":"https:\/\/antcube.shop\/produkt\/formicarienkappe-fur-6mm-buchse\/"},"modified":"2026-03-23T17:44:52","modified_gmt":"2026-03-23T16:44:52","slug":"formicarienkappe-fur-6mm-buchse","status":"publish","type":"product","link":"https:\/\/antcube.shop\/sv\/produkt\/formicarienkappe-fur-6mm-buchse\/","title":{"rendered":"Formicarium lock f\u00f6r 6mm uttag"},"content":{"rendered":"<p><strong>Kvantitet:<\/strong> 1 stycke<\/p>\n<p><strong>M\u00e5tt:<\/strong> 7,5 x 12 mm<\/p>\n<p><strong>Material:<\/strong> PE-plast<\/p>\n<p><strong>F\u00e4rg:<\/strong> genomskinlig, mj\u00f6lkaktig<\/p>\n<p><strong>Beskrivning:<\/strong> F\u00f6r st\u00e4ngning av 6 mm uttag, t.ex. anslutningsuttagen p\u00e5 v\u00e5ra S Antfarms.<\/p>","protected":false},"excerpt":{"rendered":"<p>Kvantitet: Antal: 1 stycke M\u00e5tt: 1: Material: 7,5 x 12 mm: Material: PE-plast F\u00e4rg: genomskinlig, mj\u00f6lkig Beskrivning: 1: F\u00f6r att st\u00e4nga 6mm uttag, t.ex. anslutningsuttagen p\u00e5 v\u00e5ra S Antfarms.<\/p>","protected":false},"featured_media":339,"comment_status":"open","ping_status":"closed","template":"","meta":{"_acf_changed":false,"content-type":"","_monsterinsights_skip_tracking":false,"_monsterinsights_sitenote_active":false,"_monsterinsights_sitenote_note":"","_monsterinsights_sitenote_category":0},"product_brand":[],"product_cat":[238],"product_tag":[],"class_list":{"0":"post-2830","1":"product","2":"type-product","3":"status-publish","4":"has-post-thumbnail","6":"product_cat-grid-caps-plugs-and-inserts","8":"first","9":"instock","10":"taxable","11":"shipping-taxable","12":"purchasable","13":"product-type-simple"},"acf":[],"aioseo_notices":[],"jetpack_sharing_enabled":true,"_links":{"self":[{"href":"https:\/\/antcube.shop\/sv\/wp-json\/wp\/v2\/product\/2830","targetHints":{"allow":["GET"]}}],"collection":[{"href":"https:\/\/antcube.shop\/sv\/wp-json\/wp\/v2\/product"}],"about":[{"href":"https:\/\/antcube.shop\/sv\/wp-json\/wp\/v2\/types\/product"}],"replies":[{"embeddable":true,"href":"https:\/\/antcube.shop\/sv\/wp-json\/wp\/v2\/comments?post=2830"}],"wp:featuredmedia":[{"embeddable":true,"href":"https:\/\/antcube.shop\/sv\/wp-json\/wp\/v2\/media\/339"}],"wp:attachment":[{"href":"https:\/\/antcube.shop\/sv\/wp-json\/wp\/v2\/media?parent=2830"}],"wp:term":[{"taxonomy":"product_brand","embeddable":true,"href":"https:\/\/antcube.shop\/sv\/wp-json\/wp\/v2\/product_brand?post=2830"},{"taxonomy":"product_cat","embeddable":true,"href":"https:\/\/antcube.shop\/sv\/wp-json\/wp\/v2\/product_cat?post=2830"},{"taxonomy":"product_tag","embeddable":true,"href":"https:\/\/antcube.shop\/sv\/wp-json\/wp\/v2\/product_tag?post=2830"}],"curies":[{"name":"wp","href":"https:\/\/api.w.org\/{rel}","templated":true}]}}