{"id":2829,"date":"2021-10-13T18:35:37","date_gmt":"2021-10-13T16:35:37","guid":{"rendered":"https:\/\/antcube.shop\/produkt\/formicarienstopfen-fur-50mm-bohrung\/"},"modified":"2026-04-08T16:06:08","modified_gmt":"2026-04-08T14:06:08","slug":"formicarienstopfen-fur-50mm-bohrung","status":"publish","type":"product","link":"https:\/\/antcube.shop\/sv\/produkt\/formicarienstopfen-fur-50mm-bohrung\/","title":{"rendered":"Formicarium plugg f\u00f6r 50 mm h\u00e5l"},"content":{"rendered":"<p><strong>Kvantitet:<\/strong> 1 stycke<\/p>\n<p><strong>M\u00e5tt:<\/strong> 59 x 10 mm<\/p>\n<p><strong>Material:<\/strong> PE-plast<\/p>\n<p><strong>F\u00e4rg:<\/strong> genomskinlig, mj\u00f6lkaktig<\/p>\n<p><strong>Beskrivning:<\/strong> F\u00f6r att st\u00e4nga runda \u00f6ppningar i formicarier med 50 mm diameter.<\/p>\n<p><strong>Valfritt med h\u00e5l:<\/strong><br \/>\n- 20 mm borrning passar f\u00f6r tankr\u00f6rsanslutningar 27 mm - 14, 16, 20 mm - transparent.<br \/>\n- 27 mm h\u00e5l passar f\u00f6r 3\/4 tum och M25-f\u00e4sten<\/p>","protected":false},"excerpt":{"rendered":"<p>Antal: 1 st M\u00e5tt: 59 x 10mm Material: PE-plast F\u00e4rg: transparent, mj\u00f6lkaktig Beskrivning: F\u00f6r f\u00f6rslutning av runda \u00f6ppningar i formicarium med 50 mm diameter. Tillval med h\u00e5l: - 20 mm h\u00e5l passar f\u00f6r tankr\u00f6rsanslutningar 27 mm - 14, 16, 20 mm - transparent. - 27 mm h\u00e5l passar f\u00f6r 3\/4 tum och M25 kopplingar<\/p>","protected":false},"featured_media":343,"comment_status":"open","ping_status":"closed","template":"","meta":{"_acf_changed":false,"content-type":"","_monsterinsights_skip_tracking":false,"_monsterinsights_sitenote_active":false,"_monsterinsights_sitenote_note":"","_monsterinsights_sitenote_category":0},"product_brand":[],"product_cat":[238],"product_tag":[],"class_list":{"0":"post-2829","1":"product","2":"type-product","3":"status-publish","4":"has-post-thumbnail","6":"product_cat-grid-caps-plugs-and-inserts","8":"first","9":"instock","10":"taxable","11":"shipping-taxable","12":"purchasable","13":"product-type-simple"},"acf":[],"aioseo_notices":[],"jetpack_sharing_enabled":true,"_links":{"self":[{"href":"https:\/\/antcube.shop\/sv\/wp-json\/wp\/v2\/product\/2829","targetHints":{"allow":["GET"]}}],"collection":[{"href":"https:\/\/antcube.shop\/sv\/wp-json\/wp\/v2\/product"}],"about":[{"href":"https:\/\/antcube.shop\/sv\/wp-json\/wp\/v2\/types\/product"}],"replies":[{"embeddable":true,"href":"https:\/\/antcube.shop\/sv\/wp-json\/wp\/v2\/comments?post=2829"}],"wp:featuredmedia":[{"embeddable":true,"href":"https:\/\/antcube.shop\/sv\/wp-json\/wp\/v2\/media\/343"}],"wp:attachment":[{"href":"https:\/\/antcube.shop\/sv\/wp-json\/wp\/v2\/media?parent=2829"}],"wp:term":[{"taxonomy":"product_brand","embeddable":true,"href":"https:\/\/antcube.shop\/sv\/wp-json\/wp\/v2\/product_brand?post=2829"},{"taxonomy":"product_cat","embeddable":true,"href":"https:\/\/antcube.shop\/sv\/wp-json\/wp\/v2\/product_cat?post=2829"},{"taxonomy":"product_tag","embeddable":true,"href":"https:\/\/antcube.shop\/sv\/wp-json\/wp\/v2\/product_tag?post=2829"}],"curies":[{"name":"wp","href":"https:\/\/api.w.org\/{rel}","templated":true}]}}