{"id":2826,"date":"2021-10-13T18:34:38","date_gmt":"2021-10-13T16:34:38","guid":{"rendered":"https:\/\/antcube.shop\/produkt\/schaumstoffwischer-150x18x25mm-5er-pack\/"},"modified":"2026-04-08T16:06:12","modified_gmt":"2026-04-08T14:06:12","slug":"schaumstoffwischer-150x18x25mm-5er-pack","status":"publish","type":"product","link":"https:\/\/antcube.shop\/sv\/produkt\/schaumstoffwischer-150x18x25mm-5er-pack\/","title":{"rendered":"Skumtorkare 150x18x2,5mm - f\u00f6rpackning med 5 st."},"content":{"rendered":"<p><strong>M\u00e5tt:<\/strong> 150mm l\u00e4ngd, skumhuvud 40x40x20mm.<\/p>\n<p><strong>Kvantitet:<\/strong> 5 st.<\/p>\n<p><strong>Material:<\/strong> skum, PS<\/p>\n<p><strong>Beskrivning:<\/strong><br \/>\nSkumtorkare med fyrkantigt huvud f\u00f6r olika anv\u00e4ndningsomr\u00e5den.<br \/>\nExempel:<br \/>\n1.) att reng\u00f6ra f\u00f6nster.<\/p>\n<p>2.) Som en svamp f\u00f6r honung<\/p>\n<p>3.) Som drickatr\u00e5g, eftersom den suger vatten.<\/p>\n<p>4.) f\u00f6r att applicera den skyddande oljan f\u00f6r utbrott.<\/p>\n<p>&nbsp;<\/p>","protected":false},"excerpt":{"rendered":"<p>M\u00e5tt: L\u00e4ngd: 150 mm, skumhuvud 40x40x20 mm. Antal: Antal: 5 st. Material: skum, PS Beskrivning: Skumtorkare med fyrkantigt huvud f\u00f6r olika anv\u00e4ndningsomr\u00e5den. Exempel: 1.) F\u00f6r att reng\u00f6ra f\u00f6nster. 2.) Som en honungssvamp 3.) Som dricksfat, eftersom den suger vatten 4.) F\u00f6r att applicera utbrottsskyddande olja. &nbsp;<\/p>","protected":false},"featured_media":307,"comment_status":"open","ping_status":"closed","template":"","meta":{"_acf_changed":false,"content-type":"","_monsterinsights_skip_tracking":false,"_monsterinsights_sitenote_active":false,"_monsterinsights_sitenote_note":"","_monsterinsights_sitenote_category":0},"product_brand":[],"product_cat":[237],"product_tag":[],"class_list":{"0":"post-2826","1":"product","2":"type-product","3":"status-publish","4":"has-post-thumbnail","6":"product_cat-tools","8":"first","9":"instock","10":"taxable","11":"shipping-taxable","12":"purchasable","13":"product-type-simple"},"acf":[],"aioseo_notices":[],"jetpack_sharing_enabled":true,"_links":{"self":[{"href":"https:\/\/antcube.shop\/sv\/wp-json\/wp\/v2\/product\/2826","targetHints":{"allow":["GET"]}}],"collection":[{"href":"https:\/\/antcube.shop\/sv\/wp-json\/wp\/v2\/product"}],"about":[{"href":"https:\/\/antcube.shop\/sv\/wp-json\/wp\/v2\/types\/product"}],"replies":[{"embeddable":true,"href":"https:\/\/antcube.shop\/sv\/wp-json\/wp\/v2\/comments?post=2826"}],"wp:featuredmedia":[{"embeddable":true,"href":"https:\/\/antcube.shop\/sv\/wp-json\/wp\/v2\/media\/307"}],"wp:attachment":[{"href":"https:\/\/antcube.shop\/sv\/wp-json\/wp\/v2\/media?parent=2826"}],"wp:term":[{"taxonomy":"product_brand","embeddable":true,"href":"https:\/\/antcube.shop\/sv\/wp-json\/wp\/v2\/product_brand?post=2826"},{"taxonomy":"product_cat","embeddable":true,"href":"https:\/\/antcube.shop\/sv\/wp-json\/wp\/v2\/product_cat?post=2826"},{"taxonomy":"product_tag","embeddable":true,"href":"https:\/\/antcube.shop\/sv\/wp-json\/wp\/v2\/product_tag?post=2826"}],"curies":[{"name":"wp","href":"https:\/\/api.w.org\/{rel}","templated":true}]}}