{"id":2825,"date":"2021-10-13T18:33:32","date_gmt":"2021-10-13T16:33:32","guid":{"rendered":"https:\/\/antcube.shop\/produkt\/ytongnest-20x20\/"},"modified":"2026-04-14T11:48:54","modified_gmt":"2026-04-14T09:48:54","slug":"ytongnest-20x20","status":"publish","type":"product","link":"https:\/\/antcube.shop\/sv\/produkt\/ytongnest-20x20\/","title":{"rendered":"Ytongnest - 20\u00d720"},"content":{"rendered":"<p><strong>Material:<\/strong> gasbetong, glas, plast PMMA och PVC.<\/p>\n<p><strong>Anslutning:<\/strong> 2x 14mm h\u00e5l<\/p>\n<p><strong>Inneh\u00e5ll:<\/strong><br \/>\n1x cellbetongblock 20x20x5 cm med 20 mm djupa kammare.<br \/>\n1x glasplatta 20\u00d720 cm med en \u00f6ppning p\u00e5 50 mm.<br \/>\n1x 50mm ring med 27mm \u00f6ppning<br \/>\n2x Formicarium plugg 13mm<br \/>\n1x Formicarium plugg 27mm<\/p>\n<p><strong>Beskrivning:<\/strong><br \/>\nYtong \u00e4r ett varum\u00e4rke, sj\u00e4lva materialet kallas f\u00f6r gasbetong.<br \/>\nP\u00e5 grund av den vattenh\u00e5llande egenskapen \u00e4r materialet v\u00e4l l\u00e4mpat f\u00f6r myrh\u00e5llning.<br \/>\nDet \u00e4r m\u00f6jligt att h\u00e5lla ett stort antal arter som gr\u00e4ver sig ner i den, b\u00e5de fr\u00e5n torra och v\u00e5ta milj\u00f6er.<br \/>\nBeroende p\u00e5 myrarten rekommenderas att botten av kamrarna t\u00e4cks med jordsubstrat. Vissa arter trivs b\u00e4ttre p\u00e5 detta s\u00e4tt och till exempel Ponerinae-myrarter beh\u00f6ver jord f\u00f6r att deras larver ska kunna f\u00f6rpuppas ordentligt.<br \/>\nVi rekommenderar att du f\u00e4ster en arena vid boet f\u00f6r att anv\u00e4nda det som ett komplett formicarium.<\/p>\n<p><strong>Tips:<\/strong><br \/>\nF\u00f6r att f\u00f6rhindra att vatten l\u00e4cker ut ur Ytong efter att ha fuktat boet och samlas p\u00e5 ytan av m\u00f6blerna nedanf\u00f6r, eller att det grova materialet reder ytorna, rekommenderar vi att du best\u00e4ller ett av v\u00e5ra matchande glaskar till v\u00e5ra Ytong-n\u00e4sten. Dessa \u00e4r vattent\u00e4ta och skyddar d\u00e4rf\u00f6r effektivt de underliggande ytorna fr\u00e5n vatten- och skrapskador.<\/p>\n<p><strong>Anv\u00e4ndning:<\/strong><br \/>\n<strong>F\u00f6r myrarter av storlek M - L.<\/strong><br \/>\nGasbetong \u00e4r ett mycket sk\u00f6rt och br\u00e4ckligt material. P\u00e5 grund av tillverkningsprocessen \u00e4r det d\u00e4rf\u00f6r om\u00f6jligt att f\u00f6rhindra att h\u00f6rn och kanter uppvisar sm\u00e5 brott och oj\u00e4mnheter.<br \/>\nP\u00e5 grund av detta \u00e4r Ytong-n\u00e4sten inte l\u00e4mpliga f\u00f6r mycket sm\u00e5 myrarter av storlek S, eftersom dessa arter l\u00e4tt skulle kunna bryta sig ut h\u00e4r.<\/p>","protected":false},"excerpt":{"rendered":"<p>Anslutning: 2x 14mm \u00f6ppning<br \/>\nStorlek: <strong><span style=\"color: #339966;\">M<\/span><\/strong><strong> &#8211; <span style=\"color: #0000ff;\">L<\/span><\/strong><\/p>","protected":false},"featured_media":3010,"comment_status":"open","ping_status":"closed","template":"","meta":{"_acf_changed":false,"content-type":"","_monsterinsights_skip_tracking":false,"_monsterinsights_sitenote_active":false,"_monsterinsights_sitenote_note":"","_monsterinsights_sitenote_category":0},"product_brand":[],"product_cat":[80,86],"product_tag":[],"class_list":{"0":"post-2825","1":"product","2":"type-product","3":"status-publish","4":"has-post-thumbnail","6":"product_cat-antfarms","7":"product_cat-formicariums","9":"first","10":"instock","11":"taxable","12":"shipping-taxable","13":"purchasable","14":"product-type-simple"},"acf":[],"aioseo_notices":[],"jetpack_sharing_enabled":true,"_links":{"self":[{"href":"https:\/\/antcube.shop\/sv\/wp-json\/wp\/v2\/product\/2825","targetHints":{"allow":["GET"]}}],"collection":[{"href":"https:\/\/antcube.shop\/sv\/wp-json\/wp\/v2\/product"}],"about":[{"href":"https:\/\/antcube.shop\/sv\/wp-json\/wp\/v2\/types\/product"}],"replies":[{"embeddable":true,"href":"https:\/\/antcube.shop\/sv\/wp-json\/wp\/v2\/comments?post=2825"}],"wp:featuredmedia":[{"embeddable":true,"href":"https:\/\/antcube.shop\/sv\/wp-json\/wp\/v2\/media\/3010"}],"wp:attachment":[{"href":"https:\/\/antcube.shop\/sv\/wp-json\/wp\/v2\/media?parent=2825"}],"wp:term":[{"taxonomy":"product_brand","embeddable":true,"href":"https:\/\/antcube.shop\/sv\/wp-json\/wp\/v2\/product_brand?post=2825"},{"taxonomy":"product_cat","embeddable":true,"href":"https:\/\/antcube.shop\/sv\/wp-json\/wp\/v2\/product_cat?post=2825"},{"taxonomy":"product_tag","embeddable":true,"href":"https:\/\/antcube.shop\/sv\/wp-json\/wp\/v2\/product_tag?post=2825"}],"curies":[{"name":"wp","href":"https:\/\/api.w.org\/{rel}","templated":true}]}}