{"id":2824,"date":"2021-10-13T18:33:13","date_gmt":"2021-10-13T16:33:13","guid":{"rendered":"https:\/\/antcube.shop\/produkt\/food-mix-set-fur-kornersammler\/"},"modified":"2026-04-07T19:55:13","modified_gmt":"2026-04-07T17:55:13","slug":"food-mix-set-fur-kornersammler","status":"publish","type":"product","link":"https:\/\/antcube.shop\/sv\/produkt\/food-mix-set-fur-kornersammler\/","title":{"rendered":"Food Mix Set - f\u00f6r kornsamlande myror"},"content":{"rendered":"<p><strong>Inneh\u00e5ll:<\/strong> 2 ml per matningsr\u00f6r<br \/>\n2x spannm\u00e5lsfoder Minor (Mi)<br \/>\n1x spannm\u00e5lsfoder Media (Me)<br \/>\n1x spannm\u00e5lslivsmedel Major (Ma)<br \/>\n1x blompollen (B)<br \/>\n1x kolhydratfoder (K)<br \/>\n2x Proteinfoder (PP)<br \/>\n1x proteinfoder FD insekter Pi)<br \/>\n1x fruktfoder (F)<\/p>\n<p><span data-text-color=\"alert\"><strong>Uppm\u00e4rksamhet:<\/strong> <\/span>Blanda g\u00e4rna pulvret med en droppe vatten, eftersom det inte accepteras av djuren n\u00e4r det \u00e4r torrt!<\/p>\n<p><strong>Beskrivning:<\/strong> Det h\u00e4r \u00e4r ett foderpaket f\u00f6r korns\u00f6kande arter som Messor-sl\u00e4ktet och inneh\u00e5ller proteiner, kolhydrater och korn\/fr\u00f6n f\u00f6r alla arbetsl\u00e5dor. Eftersom de enskilda foderransonerna ligger i separata tuber \u00e4r de l\u00e4tta att dosera.<\/p>\n<p><strong>Anv\u00e4ndning\/till\u00e4mpning:<\/strong><br \/>\nProteinfoder = f\u00f6r insekts\u00e4tande myrarter (Eulipotyphla).<br \/>\nDet \u00e4r ett till\u00e4ggsfoder (blandfoder).<br \/>\nDen ska blandas med en droppe vatten och i v\u00e5tt tillst\u00e5nd kan den bara f\u00f6rvaras en dag. Reng\u00f6r fodersk\u00e5len\/r\u00f6ret noggrant innan den \u00e5teranv\u00e4nds.<br \/>\nEn \u00f6ppnad f\u00f6rpackning b\u00f6r anv\u00e4ndas v\u00e4l st\u00e4ngd (om den f\u00f6rvaras torrt) fram till det angivna (b\u00e4st f\u00f6re-datum).<\/p>\n<p>Proteinfoder FD = f\u00f6r insekts\u00e4tande myrarter (Eulipotyphla)<br \/>\nDet \u00e4r ett till\u00e4ggsfoder (foderblandning).<br \/>\nDen ska blandas med en droppe vatten och kan d\u00e5 f\u00f6rvaras endast en dag n\u00e4r den \u00e4r v\u00e5t. Reng\u00f6r fodersk\u00e5len\/r\u00f6ret noggrant innan den \u00e5teranv\u00e4nds.<br \/>\nEn \u00f6ppnad f\u00f6rpackning b\u00f6r anv\u00e4ndas v\u00e4l st\u00e4ngd (om den f\u00f6rvaras torrt) fram till det angivna (b\u00e4st f\u00f6re-datum).<\/p>\n<p>Kolhydratfoder = f\u00f6r socker-\/honung\u00e4tande myrarter.<br \/>\nDet \u00e4r ett till\u00e4ggsfoder (foderblandning).<br \/>\nDen kan blandas med en droppe vatten och har en h\u00e5llbarhet p\u00e5 3 dagar n\u00e4r den \u00e4r v\u00e5t. Reng\u00f6r fodersk\u00e5len\/r\u00f6ret noggrant innan den \u00e5teranv\u00e4nds.<br \/>\nEn \u00f6ppnad f\u00f6rpackning ska anv\u00e4ndas v\u00e4l st\u00e4ngd (om den f\u00f6rvaras torrt) fram till det angivna (b\u00e4st f\u00f6re-datum).<\/p>\n<p>Fruktfoder = f\u00f6r frukt\u00e4tande myrarter (frugivorer).<br \/>\nDet \u00e4r ett till\u00e4ggsfoder (enkelfoder).<br \/>\nDen kan blandas med en droppe vatten och har en h\u00e5llbarhetstid p\u00e5 3 dagar n\u00e4r den \u00e4r v\u00e5t. Reng\u00f6r fodersk\u00e5len\/r\u00f6ret noggrant innan den \u00e5teranv\u00e4nds.<br \/>\nEn \u00f6ppnad f\u00f6rpackning ska anv\u00e4ndas v\u00e4l st\u00e4ngd (om den f\u00f6rvaras torrt) fram till det angivna (b\u00e4st f\u00f6re-datum).<\/p>\n<p>Blompollen = f\u00f6r myrarter som \u00e4ter blompollen.<br \/>\nDet \u00e4r ett till\u00e4ggsfoder (enkelfoder).<br \/>\nDen kan erbjudas djuren i levererat skick. Eftersom fukt mjukar upp konsistensen b\u00f6r fodret bytas ut var femte dag. Reng\u00f6r noggrant fodersk\u00e5len\/r\u00f6ret innan den \u00e5teranv\u00e4nds.<br \/>\nEn \u00f6ppnad f\u00f6rpackning b\u00f6r anv\u00e4ndas v\u00e4l st\u00e4ngd (om den f\u00f6rvaras torrt) fram till det angivna (b\u00e4st f\u00f6re-datum).<\/p>\n<p>Spannm\u00e5lsfoder Minor<br \/>\nSpannm\u00e5lsfoder Media<br \/>\nSpannm\u00e5lsfoder Major = f\u00f6r spannm\u00e5ls\u00e4tande myrarter = (granivorer)<br \/>\nDet \u00e4r ett till\u00e4ggsfoder (blandfoder).<br \/>\nDen kan erbjudas djuren i levererat skick. Fodersk\u00e5len\/r\u00f6ret ska placeras p\u00e5 en torr plats. I fuktiga f\u00f6rh\u00e5llanden kan kornen (fr\u00f6na) b\u00f6rja gro. Om detta m\u00e4rks b\u00f6r fodret bytas ut.<br \/>\nEn \u00f6ppnad f\u00f6rpackning b\u00f6r anv\u00e4ndas v\u00e4l st\u00e4ngd (om den f\u00f6rvaras torrt) fram till det angivna (b\u00e4st f\u00f6re-datum).<\/p>\n<p><strong>Meddelande:<\/strong><br \/>\nInformation om hur du anv\u00e4nder foderr\u00f6ret finns h\u00e4r: L\u00e4nk<br \/>\nFullst\u00e4ndigt foder f\u00f6r granivor\u00f6sa myror.<br \/>\nSe bipacksedeln f\u00f6r sammans\u00e4ttning, analytiska ingredienser, b\u00e4st f\u00f6re-datum och partinummer.<\/p>\n<p>Informationshotline +49 30 439703870<\/p>\n<p>Ansvarig veterin\u00e4r- och livsmedelsmyndighet:<br \/>\nSteglitz Veterin\u00e4rbyr\u00e5<br \/>\nK\u00f6nigin-Luise-Str. 92<br \/>\n14195 Berlin<\/p>\n<p>&nbsp;<\/p>","protected":false},"excerpt":{"rendered":"<p>Fullfoder<\/p>","protected":false},"featured_media":308,"comment_status":"open","ping_status":"closed","template":"","meta":{"_acf_changed":false,"content-type":"","_monsterinsights_skip_tracking":false,"_monsterinsights_sitenote_active":false,"_monsterinsights_sitenote_note":"","_monsterinsights_sitenote_category":0},"product_brand":[],"product_cat":[115,116],"product_tag":[],"class_list":{"0":"post-2824","1":"product","2":"type-product","3":"status-publish","4":"has-post-thumbnail","6":"product_cat-food-and-feeding","7":"product_cat-food","9":"first","10":"instock","11":"taxable","12":"shipping-taxable","13":"purchasable","14":"product-type-simple"},"acf":[],"aioseo_notices":[],"jetpack_sharing_enabled":true,"_links":{"self":[{"href":"https:\/\/antcube.shop\/sv\/wp-json\/wp\/v2\/product\/2824","targetHints":{"allow":["GET"]}}],"collection":[{"href":"https:\/\/antcube.shop\/sv\/wp-json\/wp\/v2\/product"}],"about":[{"href":"https:\/\/antcube.shop\/sv\/wp-json\/wp\/v2\/types\/product"}],"replies":[{"embeddable":true,"href":"https:\/\/antcube.shop\/sv\/wp-json\/wp\/v2\/comments?post=2824"}],"wp:featuredmedia":[{"embeddable":true,"href":"https:\/\/antcube.shop\/sv\/wp-json\/wp\/v2\/media\/308"}],"wp:attachment":[{"href":"https:\/\/antcube.shop\/sv\/wp-json\/wp\/v2\/media?parent=2824"}],"wp:term":[{"taxonomy":"product_brand","embeddable":true,"href":"https:\/\/antcube.shop\/sv\/wp-json\/wp\/v2\/product_brand?post=2824"},{"taxonomy":"product_cat","embeddable":true,"href":"https:\/\/antcube.shop\/sv\/wp-json\/wp\/v2\/product_cat?post=2824"},{"taxonomy":"product_tag","embeddable":true,"href":"https:\/\/antcube.shop\/sv\/wp-json\/wp\/v2\/product_tag?post=2824"}],"curies":[{"name":"wp","href":"https:\/\/api.w.org\/{rel}","templated":true}]}}