{"id":2823,"date":"2021-10-13T18:33:03","date_gmt":"2021-10-13T16:33:03","guid":{"rendered":"https:\/\/antcube.shop\/produkt\/becken-schlauchverbinder-27mm-14-16-20-mm-transparent\/"},"modified":"2026-04-09T22:02:08","modified_gmt":"2026-04-09T20:02:08","slug":"becken-schlauchverbinder-27mm-14-16-20-mm-transparent","status":"publish","type":"product","link":"https:\/\/antcube.shop\/sv\/produkt\/becken-schlauchverbinder-27mm-14-16-20-mm-transparent\/","title":{"rendered":"Koppling f\u00f6r bass\u00e4ngslang 27 mm - 14, 16, 20 mm - transparent"},"content":{"rendered":"<p><strong>M\u00e5tt:\u00a0<\/strong><br \/>\nInre diameter = 14mm<br \/>\nYtterdiameter = 16 mm (f\u00f6rsta steget), 20 mm (andra steget).<br \/>\nL\u00e4ngd = 36mm<\/p>\n<p><strong>Inneh\u00e5ll:<\/strong><br \/>\n1x koppling f\u00f6r bass\u00e4ngslang<br \/>\n1x kl\u00e4mring<\/p>\n<p><strong>Anslutning:<\/strong><br \/>\nBass\u00e4ng : Passar i 27mm (3\/4\u2033) h\u00e5l med en v\u00e4ggtjocklek p\u00e5 4mm!<br \/>\nSlangar: 14\/10-slangen s\u00e4tts in ordentligt i uttaget 14 mm.<br \/>\n20\/16-slangen \u00e4r t\u00e4tt monterad p\u00e5 det f\u00f6rsta 16 mm-steget.<br \/>\n22\/18-slangen f\u00e4sts p\u00e5 det andra 20mm-steget.<br \/>\n24\/20-slangen \u00e4r l\u00f6st monterad p\u00e5 det andra 20 mm-steget.<\/p>\n<p><strong>Beskrivning:<\/strong><br \/>\nDenna koppling f\u00f6r bass\u00e4ngen kommer att anslutas genom 27 mm-h\u00e5let med en glasv\u00e4ggstjocklek p\u00e5 4 mm. En kl\u00e4mring f\u00e4ster kontakten p\u00e5 glasbass\u00e4ngen. Slangar med 14 mm ytterdiameter eller 16 mm eller 20 mm innerdiameter kan f\u00e4stas i andra \u00e4nden av genomf\u00f6ringen.<\/p>","protected":false},"excerpt":{"rendered":"<p>M\u00e5tt: L\u00e4ngd: Inre diameter = 14mm Yttre diameter = 16mm (f\u00f6rsta steget), 20mm (andra steget) L\u00e4ngd = 36mm Inneh\u00e5ll: Inneh\u00e5ller: Inneh\u00e5ll: 1x koppling f\u00f6r bass\u00e4ngslang 1x kl\u00e4mring Anslutning: Passar i 27mm (3\/4\") h\u00e5l med en v\u00e4ggtjocklek p\u00e5 4mm! Slangar: 14\/10-slangen s\u00e4tts t\u00e4tt in i uttaget 14mm 20\/16-slangen s\u00e4tts t\u00e4tt in p\u00e5","protected":false},"featured_media":357,"comment_status":"open","ping_status":"closed","template":"","meta":{"_acf_changed":false,"content-type":"","_monsterinsights_skip_tracking":false,"_monsterinsights_sitenote_active":false,"_monsterinsights_sitenote_note":"","_monsterinsights_sitenote_category":0},"product_brand":[],"product_cat":[121],"product_tag":[],"class_list":{"0":"post-2823","1":"product","2":"type-product","3":"status-publish","4":"has-post-thumbnail","6":"product_cat-connectors","8":"first","9":"instock","10":"taxable","11":"shipping-taxable","12":"purchasable","13":"product-type-simple"},"acf":[],"aioseo_notices":[],"jetpack_sharing_enabled":true,"_links":{"self":[{"href":"https:\/\/antcube.shop\/sv\/wp-json\/wp\/v2\/product\/2823","targetHints":{"allow":["GET"]}}],"collection":[{"href":"https:\/\/antcube.shop\/sv\/wp-json\/wp\/v2\/product"}],"about":[{"href":"https:\/\/antcube.shop\/sv\/wp-json\/wp\/v2\/types\/product"}],"replies":[{"embeddable":true,"href":"https:\/\/antcube.shop\/sv\/wp-json\/wp\/v2\/comments?post=2823"}],"wp:featuredmedia":[{"embeddable":true,"href":"https:\/\/antcube.shop\/sv\/wp-json\/wp\/v2\/media\/357"}],"wp:attachment":[{"href":"https:\/\/antcube.shop\/sv\/wp-json\/wp\/v2\/media?parent=2823"}],"wp:term":[{"taxonomy":"product_brand","embeddable":true,"href":"https:\/\/antcube.shop\/sv\/wp-json\/wp\/v2\/product_brand?post=2823"},{"taxonomy":"product_cat","embeddable":true,"href":"https:\/\/antcube.shop\/sv\/wp-json\/wp\/v2\/product_cat?post=2823"},{"taxonomy":"product_tag","embeddable":true,"href":"https:\/\/antcube.shop\/sv\/wp-json\/wp\/v2\/product_tag?post=2823"}],"curies":[{"name":"wp","href":"https:\/\/api.w.org\/{rel}","templated":true}]}}