{"id":2821,"date":"2021-10-13T18:28:32","date_gmt":"2021-10-13T16:28:32","guid":{"rendered":"https:\/\/antcube.shop\/produkt\/handlupe-2fach-30mm\/"},"modified":"2026-04-21T09:59:24","modified_gmt":"2026-04-21T07:59:24","slug":"handlupe-2fach-30mm","status":"publish","type":"product","link":"https:\/\/antcube.shop\/sv\/produkt\/handlupe-2fach-30mm\/","title":{"rendered":"Handf\u00f6rstoringsglas - 2x - 30mm"},"content":{"rendered":"<p><strong>M\u00e5tt (LxBxH):<\/strong> 80x36x2 mm<\/p>\n<p><strong>Material:<\/strong> plast<\/p>\n<p><strong>F\u00e4rg:<\/strong> genomskinlig<\/p>\n<p><strong>Inneh\u00e5ll:<\/strong><br \/>\n<strong>1x<\/strong> handf\u00f6rstoringsglas<\/p>\n<p><strong>Tekniska specifikationer:<\/strong><br \/>\nF\u00f6rstoring = 2x<\/p>\n<p><strong>Beskrivning\/till\u00e4mpning:<\/strong><br \/>\nHandf\u00f6rstoringsglas f\u00f6r att kontrollera myror eller insekter som \u00e4ter.<\/p>\n<p><strong>Meddelande:<\/strong><br \/>\nEnkel bearbetning och enkel kvalitet, eftersom den \u00e4r tillverkad av plast och \u00e4r k\u00e4nslig f\u00f6r repor.<\/p>","protected":false},"excerpt":{"rendered":"<p>M\u00e5tt (LxBxH): 80x36x2 mm Material: plast F\u00e4rg: transparent Inneh\u00e5ll: Inneh\u00e5ll: 1x handf\u00f6rstoringsglas Tekniska specifikationer: 1: F\u00f6rstoring = 2x Beskrivning \/ Anv\u00e4ndning: Handf\u00f6rstoringsglas f\u00f6r kontroll av myror eller matande insekter. Obs! Enkel bearbetning och enkel kvalitet, eftersom den \u00e4r tillverkad av plast och \u00e4r k\u00e4nslig f\u00f6r repor.<\/p>","protected":false},"featured_media":310,"comment_status":"open","ping_status":"closed","template":"","meta":{"_acf_changed":false,"content-type":"","_monsterinsights_skip_tracking":false,"_monsterinsights_sitenote_active":false,"_monsterinsights_sitenote_note":"","_monsterinsights_sitenote_category":0},"product_brand":[],"product_cat":[237],"product_tag":[],"class_list":{"0":"post-2821","1":"product","2":"type-product","3":"status-publish","4":"has-post-thumbnail","6":"product_cat-tools","8":"first","9":"instock","10":"taxable","11":"shipping-taxable","12":"purchasable","13":"product-type-simple"},"acf":[],"aioseo_notices":[],"jetpack_sharing_enabled":true,"_links":{"self":[{"href":"https:\/\/antcube.shop\/sv\/wp-json\/wp\/v2\/product\/2821","targetHints":{"allow":["GET"]}}],"collection":[{"href":"https:\/\/antcube.shop\/sv\/wp-json\/wp\/v2\/product"}],"about":[{"href":"https:\/\/antcube.shop\/sv\/wp-json\/wp\/v2\/types\/product"}],"replies":[{"embeddable":true,"href":"https:\/\/antcube.shop\/sv\/wp-json\/wp\/v2\/comments?post=2821"}],"wp:featuredmedia":[{"embeddable":true,"href":"https:\/\/antcube.shop\/sv\/wp-json\/wp\/v2\/media\/310"}],"wp:attachment":[{"href":"https:\/\/antcube.shop\/sv\/wp-json\/wp\/v2\/media?parent=2821"}],"wp:term":[{"taxonomy":"product_brand","embeddable":true,"href":"https:\/\/antcube.shop\/sv\/wp-json\/wp\/v2\/product_brand?post=2821"},{"taxonomy":"product_cat","embeddable":true,"href":"https:\/\/antcube.shop\/sv\/wp-json\/wp\/v2\/product_cat?post=2821"},{"taxonomy":"product_tag","embeddable":true,"href":"https:\/\/antcube.shop\/sv\/wp-json\/wp\/v2\/product_tag?post=2821"}],"curies":[{"name":"wp","href":"https:\/\/api.w.org\/{rel}","templated":true}]}}