{"id":2820,"date":"2021-10-13T18:28:23","date_gmt":"2021-10-13T16:28:23","guid":{"rendered":"https:\/\/antcube.shop\/produkt\/ameisen-ausbruchsschutz-ol-10ml\/"},"modified":"2026-04-16T21:27:07","modified_gmt":"2026-04-16T19:27:07","slug":"ameisen-ausbruchsschutz-ol-10ml","status":"publish","type":"product","link":"https:\/\/antcube.shop\/sv\/produkt\/ameisen-ausbruchsschutz-ol-10ml\/","title":{"rendered":"Skyddsolja mot myror 10ml"},"content":{"rendered":"<p><strong>Inneh\u00e5ll:<\/strong> 10 ml (r\u00e4cker till ca 10-15 meter av en 2 cm bred remsa).<\/p>\n<p><strong>F\u00e4rg:<\/strong> transparent, f\u00e4rgl\u00f6s<\/p>\n<p><strong>Material:<\/strong> baserade p\u00e5 paraffinolja<\/p>\n<p><strong>F\u00f6rdel:<\/strong> Kan appliceras p\u00e5 alla sl\u00e4ta ytor som glas eller plast:<\/p>\n<p><strong>Nackdel:<\/strong> I stora kolonier kan djuren sprida oljan \u00f6ver rutan genom att g\u00e5 p\u00e5 oljeytan, vilket g\u00f6r att rutan m\u00e5ste reng\u00f6ras med tiden.<\/p>\n<p><strong>Anv\u00e4ndning:<\/strong> Filmen ska vara ungef\u00e4r tre g\u00e5nger s\u00e5 bred vid den inre kanten som myrorna \u00e4r l\u00e5nga och appliceras utan att droppa.<\/p>\n<p><strong>F\u00f6rnyelse:<\/strong> 2-4 m\u00e5nader beroende p\u00e5 koloniens storlek och s\u00e4song.<\/p>\n<p><strong>Observera:<\/strong> Djuren ska bara ha sina \"f\u00f6tter\" i kontakt med oljan. Om det bildas stora droppar finns det risk f\u00f6r att djuren f\u00e5r huvudet i droppen och kv\u00e4vs av oljan.<\/p>\n<p><a href=\"https:\/\/antcube.shop\/wp-content\/uploads\/2022\/02\/ant_escape_protection_oil_en.pdf\">S\u00e4kerhetsdatablad f\u00f6r olja f\u00f6r skydd mot utbrott av myror, (PDF 0,1 MB)<\/a><br \/>\n(Inneh\u00e5ller: S\u00e4kerhetsanvisningar)<\/p>\n<p>&nbsp;<\/p>","protected":false},"excerpt":{"rendered":"<p>Inneh\u00e5ll: F\u00e4rg: genomskinlig, f\u00e4rgl\u00f6s Material: paraffinoljebaserad F\u00f6rdel: F\u00f6rdelar: Det finns en m\u00e4ngd olika typer av material som kan anv\u00e4ndas f\u00f6r att g\u00f6ra en f\u00e4rgad remsa av en 2 cm bred remsa: Kan appliceras p\u00e5 alla sl\u00e4ta ytor som glas eller plast: Nackdel: Vid stora kolonier kan djuren sprida oljan \u00f6ver rutan genom att g\u00e5 p\u00e5 oljeytan,","protected":false},"featured_media":303,"comment_status":"open","ping_status":"closed","template":"","meta":{"_acf_changed":false,"content-type":"","_monsterinsights_skip_tracking":false,"_monsterinsights_sitenote_active":false,"_monsterinsights_sitenote_note":"","_monsterinsights_sitenote_category":0},"product_brand":[],"product_cat":[237],"product_tag":[],"class_list":{"0":"post-2820","1":"product","2":"type-product","3":"status-publish","4":"has-post-thumbnail","6":"product_cat-tools","8":"first","9":"instock","10":"taxable","11":"shipping-taxable","12":"purchasable","13":"product-type-simple"},"acf":[],"aioseo_notices":[],"jetpack_sharing_enabled":true,"_links":{"self":[{"href":"https:\/\/antcube.shop\/sv\/wp-json\/wp\/v2\/product\/2820","targetHints":{"allow":["GET"]}}],"collection":[{"href":"https:\/\/antcube.shop\/sv\/wp-json\/wp\/v2\/product"}],"about":[{"href":"https:\/\/antcube.shop\/sv\/wp-json\/wp\/v2\/types\/product"}],"replies":[{"embeddable":true,"href":"https:\/\/antcube.shop\/sv\/wp-json\/wp\/v2\/comments?post=2820"}],"wp:featuredmedia":[{"embeddable":true,"href":"https:\/\/antcube.shop\/sv\/wp-json\/wp\/v2\/media\/303"}],"wp:attachment":[{"href":"https:\/\/antcube.shop\/sv\/wp-json\/wp\/v2\/media?parent=2820"}],"wp:term":[{"taxonomy":"product_brand","embeddable":true,"href":"https:\/\/antcube.shop\/sv\/wp-json\/wp\/v2\/product_brand?post=2820"},{"taxonomy":"product_cat","embeddable":true,"href":"https:\/\/antcube.shop\/sv\/wp-json\/wp\/v2\/product_cat?post=2820"},{"taxonomy":"product_tag","embeddable":true,"href":"https:\/\/antcube.shop\/sv\/wp-json\/wp\/v2\/product_tag?post=2820"}],"curies":[{"name":"wp","href":"https:\/\/api.w.org\/{rel}","templated":true}]}}