{"id":2817,"date":"2021-10-13T18:27:26","date_gmt":"2021-10-13T16:27:26","guid":{"rendered":"https:\/\/antcube.shop\/produkt\/kunststoff-pipette-3ml\/"},"modified":"2026-04-05T12:30:29","modified_gmt":"2026-04-05T10:30:29","slug":"konststoff-pipett-3ml","status":"publish","type":"product","link":"https:\/\/antcube.shop\/sv\/produkt\/konststoff-pipett-3ml\/","title":{"rendered":"Plastpipett 3ml"},"content":{"rendered":"<p><strong>Beskrivning:<\/strong><br \/>\nPlastpipetter kan naturligtvis anv\u00e4ndas flera g\u00e5nger f\u00f6r befuktning.<br \/>\n<strong>M\u00e5tt:<\/strong><br \/>\n3 ml \/ 150 mm l\u00e4ngd.<\/p>","protected":false},"excerpt":{"rendered":"<p>Beskrivning: Plastpipetter kan anv\u00e4ndas flera g\u00e5nger f\u00f6r befuktning, naturligtvis. M\u00e5tt: Storleken p\u00e5 pipetter \u00e4r: 1: Storlekar: 3 ml \/ 150 mm l\u00e4ngd: 3 ml \/ 150 mm l\u00e4ngd.<\/p>","protected":false},"featured_media":314,"comment_status":"open","ping_status":"closed","template":"","meta":{"_acf_changed":false,"content-type":"","_monsterinsights_skip_tracking":false,"_monsterinsights_sitenote_active":false,"_monsterinsights_sitenote_note":"","_monsterinsights_sitenote_category":0},"product_brand":[],"product_cat":[237],"product_tag":[],"class_list":{"0":"post-2817","1":"product","2":"type-product","3":"status-publish","4":"has-post-thumbnail","6":"product_cat-tools","8":"first","9":"instock","10":"taxable","11":"shipping-taxable","12":"purchasable","13":"product-type-simple"},"acf":[],"aioseo_notices":[],"jetpack_sharing_enabled":true,"_links":{"self":[{"href":"https:\/\/antcube.shop\/sv\/wp-json\/wp\/v2\/product\/2817","targetHints":{"allow":["GET"]}}],"collection":[{"href":"https:\/\/antcube.shop\/sv\/wp-json\/wp\/v2\/product"}],"about":[{"href":"https:\/\/antcube.shop\/sv\/wp-json\/wp\/v2\/types\/product"}],"replies":[{"embeddable":true,"href":"https:\/\/antcube.shop\/sv\/wp-json\/wp\/v2\/comments?post=2817"}],"wp:featuredmedia":[{"embeddable":true,"href":"https:\/\/antcube.shop\/sv\/wp-json\/wp\/v2\/media\/314"}],"wp:attachment":[{"href":"https:\/\/antcube.shop\/sv\/wp-json\/wp\/v2\/media?parent=2817"}],"wp:term":[{"taxonomy":"product_brand","embeddable":true,"href":"https:\/\/antcube.shop\/sv\/wp-json\/wp\/v2\/product_brand?post=2817"},{"taxonomy":"product_cat","embeddable":true,"href":"https:\/\/antcube.shop\/sv\/wp-json\/wp\/v2\/product_cat?post=2817"},{"taxonomy":"product_tag","embeddable":true,"href":"https:\/\/antcube.shop\/sv\/wp-json\/wp\/v2\/product_tag?post=2817"}],"curies":[{"name":"wp","href":"https:\/\/api.w.org\/{rel}","templated":true}]}}