{"id":2816,"date":"2021-10-13T18:27:16","date_gmt":"2021-10-13T16:27:16","guid":{"rendered":"https:\/\/antcube.shop\/produkt\/pinzette-federstahl-breit-weich\/"},"modified":"2026-04-22T14:54:56","modified_gmt":"2026-04-22T12:54:56","slug":"pinzette-federstahl-breit-weich","status":"publish","type":"product","link":"https:\/\/antcube.shop\/sv\/produkt\/pinzette-federstahl-breit-weich\/","title":{"rendered":"Pincett av fj\u00e4derst\u00e5l - bred - mjuk"},"content":{"rendered":"<p><strong>L\u00e4ngd:<\/strong> 115 mm<\/p>\n<p><strong>Material:<\/strong> fj\u00e4derst\u00e5l 0,25mm<\/p>\n<p><strong>Beskrivning:<\/strong> Pincett i fj\u00e4derst\u00e5l. Idealisk f\u00f6r att \"plocka upp\" myror, eftersom trycket \u00e4r n\u00e5got begr\u00e4nsat med denna typ av pincett och myrorna d\u00e4rf\u00f6r inte kan \"krossas\" s\u00e5 l\u00e4tt.<\/p>","protected":false},"excerpt":{"rendered":"<p>L\u00e4ngd: 115 mm, Material: fj\u00e4derst\u00e5l<\/p>","protected":false},"featured_media":5603,"comment_status":"open","ping_status":"closed","template":"","meta":{"_acf_changed":false,"content-type":"","_monsterinsights_skip_tracking":false,"_monsterinsights_sitenote_active":false,"_monsterinsights_sitenote_note":"","_monsterinsights_sitenote_category":0},"product_brand":[],"product_cat":[237],"product_tag":[],"class_list":{"0":"post-2816","1":"product","2":"type-product","3":"status-publish","4":"has-post-thumbnail","6":"product_cat-tools","8":"first","9":"instock","10":"taxable","11":"shipping-taxable","12":"purchasable","13":"product-type-simple"},"acf":[],"aioseo_notices":[],"jetpack_sharing_enabled":true,"_links":{"self":[{"href":"https:\/\/antcube.shop\/sv\/wp-json\/wp\/v2\/product\/2816","targetHints":{"allow":["GET"]}}],"collection":[{"href":"https:\/\/antcube.shop\/sv\/wp-json\/wp\/v2\/product"}],"about":[{"href":"https:\/\/antcube.shop\/sv\/wp-json\/wp\/v2\/types\/product"}],"replies":[{"embeddable":true,"href":"https:\/\/antcube.shop\/sv\/wp-json\/wp\/v2\/comments?post=2816"}],"wp:featuredmedia":[{"embeddable":true,"href":"https:\/\/antcube.shop\/sv\/wp-json\/wp\/v2\/media\/5603"}],"wp:attachment":[{"href":"https:\/\/antcube.shop\/sv\/wp-json\/wp\/v2\/media?parent=2816"}],"wp:term":[{"taxonomy":"product_brand","embeddable":true,"href":"https:\/\/antcube.shop\/sv\/wp-json\/wp\/v2\/product_brand?post=2816"},{"taxonomy":"product_cat","embeddable":true,"href":"https:\/\/antcube.shop\/sv\/wp-json\/wp\/v2\/product_cat?post=2816"},{"taxonomy":"product_tag","embeddable":true,"href":"https:\/\/antcube.shop\/sv\/wp-json\/wp\/v2\/product_tag?post=2816"}],"curies":[{"name":"wp","href":"https:\/\/api.w.org\/{rel}","templated":true}]}}