{"id":2744,"date":"2021-10-08T12:05:54","date_gmt":"2021-10-08T10:05:54","guid":{"rendered":"https:\/\/antcube.shop\/produkt\/antcube-starter-set-s-20x20-wald\/"},"modified":"2026-04-07T10:39:01","modified_gmt":"2026-04-07T08:39:01","slug":"antcube-starter-set-s-20x20-wald","status":"publish","type":"product","link":"https:\/\/antcube.shop\/sv\/produkt\/antcube-starter-set-s-20x20-wald\/","title":{"rendered":"ANTCUBE Starter Set S - 20\u00d720 - Forest"},"content":{"rendered":"<p><strong>Inneh\u00e5ll:<\/strong><br \/>\n1x Cricket Jam 25g<br \/>\n1x Skogshonung (Wa) - p\u00e5fyllning 10 ml<\/p>\n<p>1x ANTCUBE - Arena 20x20x10 - platt<br \/>\n1x ram f\u00f6r myrarena 20\u00d720<br \/>\n1x skydd f\u00f6r myrarena 20\u00d720<br \/>\n4x f\u00e4stpunkt f\u00f6r arena\u00f6verdrag<br \/>\n2x ANTCUBE - Myrfarm - L - 20\u00d720 - st\u00e5ende<\/p>\n<p>1x 0,5 m r\u00f6r transparent 10\/06 mm<br \/>\n2x ANTCUBE - R\u00f6d folie 20\u00d720 - filter<br \/>\n1x sj\u00e4lvh\u00e4ftande kl\u00e4mmor - transparent 2 st.<br \/>\n1x substrat - skog - 1 kg<br \/>\n1x Formicarien granulat 200 ml - svart<\/p>\n<p>1x gallerinsats - 50mm - rostfritt st\u00e5l<br \/>\n1x Formicarium plugg f\u00f6r 50mm h\u00e5l<br \/>\n1x Formicarium plugg f\u00f6r 27mm h\u00e5l<br \/>\n1x Formicarium lock f\u00f6r 6mm uttag<\/p>\n<p>1x Bass\u00e4ngkontakt B-27 och S-10-16 mm M25 - upps\u00e4ttning<br \/>\n1x dricktr\u00e5g 2ml - 360 grader<br \/>\n1x dricksvatten klart 20ml - svamp<br \/>\n1x sk\u00e5l klar 1\u00d720 - svamp<br \/>\nMini termisk hygrometer analog - display - h\u00e4ngande<br \/>\n1x Myggskyddsolja 10 ml<br \/>\n1x Pincett fj\u00e4derst\u00e5l - bred - mjuk<br \/>\n1x Pincett i transparent plast<br \/>\n1x plastpipett 3ml<br \/>\n1x handf\u00f6rstoringsglas - 2x - 30mm<br \/>\n1x skumtorkare 150x18x2,5mm<br \/>\n1x foto tillbaka - skog - 20\u00d710<\/p>\n<p><strong>Beskrivning:<\/strong><br \/>\nDetta startset f\u00f6r skog \u00e4r l\u00e4mpligt f\u00f6r alla myrarter som lever i skogsmarken.<\/p>\n<p>I den helt transparenta g\u00e5rden (nest) anv\u00e4nds \"Jord - Skog\" f\u00f6r att fylla g\u00e5rden. Vid behov kan ytterligare moduler anslutas via 50 mm-h\u00e5len i locket, t.ex. de separat tillg\u00e4ngliga foggers, fl\u00e4ktar eller lampor. Alternativt ing\u00e5r l\u00e4mpliga formicariumpluggar f\u00f6r att st\u00e4nga \u00f6ppningarna. Om s\u00e5 \u00f6nskas kan formicariumet ocks\u00e5 anv\u00e4ndas \u00f6ppet genom att helt enkelt f\u00e4sta den avtagbara ramen och applicera myrskyddsoljan p\u00e5 kanten. \"Dryckestr\u00e5g 2 ml - 360 grader\" \u00e4r avsett f\u00f6r honung\/sockerl\u00f6sning, \"Dryckestr\u00e5g klar 20 ml - svamp\" f\u00f6r vatten. \"Mini-termohygrometern\" kan f\u00e4stas p\u00e5 ramen eller locket och visar klimatv\u00e4rdena.<\/p>\n<p><strong>Viktigt:<\/strong> V\u00e4nligen fukta substratet f\u00f6re anv\u00e4ndning s\u00e5 att blandningen kan bindas och f\u00e5 ett fast grepp i myrstacken. Om substratet dessutom \u00e4r f\u00f6r torrt och dammigt kan myrornas luftv\u00e4gar blockeras och i v\u00e4rsta fall kan djuren kv\u00e4vas.<\/p>\n<p><strong>Rekommendation:<\/strong> Vi rekommenderar ett substratskikt p\u00e5 2 mm h\u00f6jd, s\u00e5 att djuren inte kan gr\u00e4va sig in i arenan och i st\u00e4llet anv\u00e4nda den g\u00e5rd som tillhandah\u00e5lls f\u00f6r detta \u00e4ndam\u00e5l. Vi rekommenderar ocks\u00e5 att boendematerialet i farmen (sand\/lera, Digfix etc.) \u00e4r l\u00e4tt prickat p\u00e5 ett st\u00e4lle f\u00f6r att g\u00f6ra det l\u00e4ttare f\u00f6r djuren att gr\u00e4va.<\/p>\n<p><strong>Anm\u00e4rkningar om produktionen<\/strong><br \/>\nGlaset sk\u00e4rs till enligt DIN 1249 med en tolerans p\u00e5 +\/- 1 mm. Ytterligare utbrytningsskydd \u00e4r n\u00f6dv\u00e4ndigt f\u00f6r extremt sm\u00e5 myrarter.<\/p>\n<p><strong>Anteckningar om g\u00e5rden<\/strong><br \/>\nObservera f\u00f6ljande n\u00e4r du monterar eller tar bort slangar:<br \/>\nOm slangen \u00e4r mycket sv\u00e5r att f\u00e5 p\u00e5 plats p\u00e5 anslutningshylsan, ska hylsan gnuggas l\u00e4tt med en droppe av v\u00e5r olja eller pulver som skyddar mot utbrott. Tryck sedan p\u00e5 slangen p\u00e5 uttaget med vridande eller skruvande r\u00f6relser utan att belasta uttaget med upp- och ned\u00e5tg\u00e5ende r\u00f6relser. Detsamma g\u00e4ller n\u00e4r du tar bort slangarna fr\u00e5n g\u00e5rdsanslutningsuttaget. Dra inte bara av den!<\/p>\n<p><strong>Instruktioner:<\/strong> (Version 2023, den uppdaterade versionen f\u00f6r 2024 kommer att finnas tillg\u00e4nglig senast 04\/2024)<\/p>\n<p>- DE <a href=\"https:\/\/www.antstore.net\/shop\/images\/info\/de\/Gebrauchsanweisung%20Starter%20Set%20Habitat.pdf\">Gebrauchsanweisung Starter Set Habitat<\/a> (PDF 3,21 MB)<\/p>\n<p>- SV <a href=\"https:\/\/www.antstore.net\/shop\/images\/info\/en\/Instructions%20for%20use%20-%20Starter%20Set%20Habitat.pdf\">Bruksanvisningar - Starter Set Habitat<\/a> (PDF 3,21 MB)<\/p>\n<p>- ES <a href=\"https:\/\/www.antstore.net\/shop\/images\/info\/es\/Manual%20de%20instrucciones%20-%20Set%20de%20inicio%20H%C3%A1bitat.pdf\">Manual de instrucciones - Startsida H\u00e1bitat<\/a> (PDF 3,21 MB)<\/p>\n<p>- FR <a href=\"https:\/\/www.antstore.net\/shop\/images\/info\/fr\/Manuel%20d'instruction%20-%20Kit%20de%20d%C3%A9marrage%20Habitat.pdf\">Manuel d'instruction - Kit de d\u00e9marrage Habitat<\/a> (PDF 3,21 MB)<\/p>\n<p><strong>Notes on Forest Honey (Wa) - p\u00e5fyllningsbeh\u00e5llare 10 ml<\/strong><br \/>\nInneh\u00e5ll: 10 ml<\/p>\n<p><strong>Beskrivning:<\/strong> Detta \u00e4r en ren naturprodukt. Honungen kommer fr\u00e5n skogar och \u00e4r d\u00e4rf\u00f6r idealisk f\u00f6r skogslevande myrarter.<br \/>\nAnv\u00e4ndning: Foderslangen kan placeras i sin helhet i formicariet, alternativt tills\u00e4tt mindre m\u00e4ngder i en matsk\u00e5l efter behov\/kolonins storlek. Fodret b\u00f6r konsumeras inom ca 3 dagar, annars finns risk f\u00f6r m\u00f6gel och av samma anledning reng\u00f6rs fodersk\u00e5len innan p\u00e5fyllning.<\/p>\n<p><strong>Anv\u00e4ndning:<\/strong><br \/>\nSkogshonung = f\u00f6r honungs\u00e4tande myrarter (Meliphagidae)<br \/>\nDetta \u00e4r ett kompletteringsfoder<br \/>\nDet kan erbjudas till djuren som levereras. Eftersom sockerkoncentrationen minskar p\u00e5 grund av luftfuktigheten och en j\u00e4sningsprocess inleds, b\u00f6r fodret bytas ut var 3:e dag. Reng\u00f6r fodersk\u00e5len\/r\u00f6ret noggrant f\u00f6re \u00e5teranv\u00e4ndning.<br \/>\nN\u00e4r en f\u00f6rpackning har \u00f6ppnats ska den f\u00f6rvaras v\u00e4l tillsluten fram till utg\u00e5ngsdatumet.<\/p>\n<p><strong>Inneh\u00e5ller:<\/strong> Ingredienser av honung i allm\u00e4nhet, proportionerna varierar beroende p\u00e5 typ av honung.<br \/>\n- ca 38 % fruktsocker (fruktos)<br \/>\n- ca 32 % dextros (glukos)<br \/>\n- ca 20 % vatten<br \/>\n- ca 5 % polysackarider<br \/>\n- ca 5 %-vitaminer (B1, B2, B6, C, H)<br \/>\nMineraler (kalium, kalcium, koppar, j\u00e4rn, natrium, magnesium, fosfor, zink och andra sp\u00e5r\u00e4mnen). Aminosyror (prolin, leucin, fenylalanin, alanin, histidin, isoleucin, glutaminsyra, arginin, asparaginsyra etc.) Organiska syror Enzymer (j\u00e4sningar)Aromer Inhibiner (antibakteriella \u00e4mnen) Blommor Pollen<\/p>\n<p><strong>F\u00f6rvaring:<\/strong> F\u00f6r att s\u00e4kerst\u00e4lla fodrets kvalitet b\u00f6r fodret f\u00f6rvaras p\u00e5 en m\u00f6rk och torr plats.<\/p>\n<p><strong>Observera:<\/strong><br \/>\nTill\u00e4ggsfoder f\u00f6r honungs\u00e4tande myror.<br \/>\nSe bipacksedeln f\u00f6r sammans\u00e4ttning, analytiska ingredienser, b\u00e4st f\u00f6re-datum och satsnummer.<\/p>\n<p>Informationshotline +49 30 439703870<\/p>\n<p><strong>Ansvarig veterin\u00e4r- och livsmedelsinspektion:<\/strong><br \/>\nSteglitz Veterin\u00e4rbyr\u00e5<br \/>\nK\u00f6nigin-Luise-Str. 92<br \/>\n14195 Berlin<\/p>\n<p><strong>Anteckningar om Cricket Jam:<\/strong><br \/>\nV\u00e5ra blancherade syrsor \u00e4r ett enkelt s\u00e4tt att f\u00f6rse dina myror med f\u00e4rskt konserverat proteinfoder utan att beh\u00f6va mata levande insekter. De ing\u00e5ende syrsorna (Acheta domesticus) har blancherats f\u00f6rsiktigt f\u00f6r att s\u00e4kerst\u00e4lla att n\u00e4ringsv\u00e4rden, smak och arom bibeh\u00e5lls. Dessutom mjukas insekternas kitinskal upp p\u00e5 detta s\u00e4tt s\u00e5 att det kan sm\u00e4ltas l\u00e4ttare. Bindningarna i kollagenproteinerna bryts ned s\u00e5 att myrorna kan utnyttja dem b\u00e4ttre. Acheta domesticus p\u00e5 burk har samma n\u00e4ringsv\u00e4rde som levande syrsor, men \u00e4r l\u00e4ttare att sm\u00e4lta.<\/p>\n<p>Cricket Jam \u00e4r inte l\u00e4mplig f\u00f6r jakt p\u00e5 myrarter som kr\u00e4ver levande f\u00f6da. (t.ex. poneriner (stora myror) som Harpegnathos eller Odontomachus)<\/p>\n<p><strong>Ytterligare f\u00f6rdelar:<\/strong><br \/>\nGaranterat fri fr\u00e5n kvalster<br \/>\nKan portioneras och sp\u00e4das med vatten<br \/>\nSteriliserad och vakuumf\u00f6rpackad<br \/>\nUtan tillsatser<br \/>\nSyrsor fr\u00e5n h\u00e5llbar rent ekologisk uppf\u00f6dning, matade med organiskt avfall<\/p>\n<p><strong>Observera:<\/strong><br \/>\nKan f\u00f6rvaras i kylsk\u00e5p i ca fyra dagar efter \u00f6ppnandet. L\u00e4ngre h\u00e5llbarhet om den fryses.<br \/>\nLystring: F\u00f6rst portion, sedan frys.<\/p>","protected":false},"excerpt":{"rendered":"<p>Setet best\u00e5r av 42 bitar och \u00e4r avsett f\u00f6r alla arter av myror som lever i skogsmark.<br \/>\nStorlek: <span style=\"color: #ff8c00;\"><strong>S<\/strong><\/span><\/p>","protected":false},"featured_media":5450,"comment_status":"open","ping_status":"closed","template":"","meta":{"_acf_changed":false,"content-type":"","_monsterinsights_skip_tracking":false,"_monsterinsights_sitenote_active":false,"_monsterinsights_sitenote_note":"","_monsterinsights_sitenote_category":0},"product_brand":[],"product_cat":[73,74],"product_tag":[],"class_list":{"0":"post-2744","1":"product","2":"type-product","3":"status-publish","4":"has-post-thumbnail","6":"product_cat-starter-sets","7":"product_cat-starter-sets-habitat","9":"first","10":"outofstock","11":"taxable","12":"shipping-taxable","13":"purchasable","14":"product-type-simple"},"acf":[],"aioseo_notices":[],"jetpack_sharing_enabled":true,"_links":{"self":[{"href":"https:\/\/antcube.shop\/sv\/wp-json\/wp\/v2\/product\/2744","targetHints":{"allow":["GET"]}}],"collection":[{"href":"https:\/\/antcube.shop\/sv\/wp-json\/wp\/v2\/product"}],"about":[{"href":"https:\/\/antcube.shop\/sv\/wp-json\/wp\/v2\/types\/product"}],"replies":[{"embeddable":true,"href":"https:\/\/antcube.shop\/sv\/wp-json\/wp\/v2\/comments?post=2744"}],"wp:featuredmedia":[{"embeddable":true,"href":"https:\/\/antcube.shop\/sv\/wp-json\/wp\/v2\/media\/5450"}],"wp:attachment":[{"href":"https:\/\/antcube.shop\/sv\/wp-json\/wp\/v2\/media?parent=2744"}],"wp:term":[{"taxonomy":"product_brand","embeddable":true,"href":"https:\/\/antcube.shop\/sv\/wp-json\/wp\/v2\/product_brand?post=2744"},{"taxonomy":"product_cat","embeddable":true,"href":"https:\/\/antcube.shop\/sv\/wp-json\/wp\/v2\/product_cat?post=2744"},{"taxonomy":"product_tag","embeddable":true,"href":"https:\/\/antcube.shop\/sv\/wp-json\/wp\/v2\/product_tag?post=2744"}],"curies":[{"name":"wp","href":"https:\/\/api.w.org\/{rel}","templated":true}]}}