{"id":2739,"date":"2021-10-08T12:05:05","date_gmt":"2021-10-08T10:05:05","guid":{"rendered":"https:\/\/antcube.shop\/produkt\/antcube-starter-set-l-20x20-kork\/"},"modified":"2026-04-14T14:05:21","modified_gmt":"2026-04-14T12:05:21","slug":"antcube-starter-set-l-20x20-kork","status":"publish","type":"product","link":"https:\/\/antcube.shop\/sv\/produkt\/antcube-starter-set-l-20x20-kork\/","title":{"rendered":"ANTCUBE Starter Set L - 20\u00d720 - Kork"},"content":{"rendered":"<p><strong>Inneh\u00e5ll:<\/strong><br \/>\n1x ANTCUBE - Arena 20x20x10 - platt<br \/>\n1x ram f\u00f6r myrarena 20\u00d720<br \/>\n1x skydd f\u00f6r myrarena 20\u00d720<br \/>\n4x f\u00e4stpunkt f\u00f6r arena\u00f6verdrag<br \/>\n1x ANTCUBE - Myrfarm - L - 20\u00d720 - st\u00e5ende<\/p>\n<p>1x ANTCUBE - korkbo 20\u00d720 - uppr\u00e4tt<br \/>\n1x 0,5m slang transparent 20\/16 mm<br \/>\n2x ANTCUBE - R\u00f6d folie 20\u00d720 - filter<br \/>\n1x sj\u00e4lvh\u00e4ftande clips - transparent 2 st.<br \/>\n1x underlag - sand-lera beige - 1000g<\/p>\n<p>2x Grid insert acrylic &#8211; 50 mm with sealing ring<br \/>\n1x Grid insert acrylic &#8211; 27 mm with sealing ring<br \/>\n1x gallerlock - 16mm - rostfritt st\u00e5l<\/p>\n<p>1x anslutning f\u00f6r tankslang 27-14,16,20 mm - transparent<br \/>\n1x Myrskyddsmedel 10ml<br \/>\n1x Pincett fj\u00e4derst\u00e5l - bred - mjuk<br \/>\n1x Pincett i transparent plast<br \/>\n1x plastpipett 3ml<br \/>\n1x handf\u00f6rstoringsglas - 2x - 30mm<br \/>\n1x skumtorkare 150x18x2.5mm<\/p>\n<p>1x drinking clear 5ml &#8211; sponge<br \/>\n1x Feeding dish white rectangle &#8211; 3 compartments<br \/>\n1x Drinking trough 2ml &#8211; 360 Degrees<\/p>\n<p>1x Foil thermometer &#8211; farm<br \/>\n1x Foil thermometer display<\/p>\n<p><strong>Beskrivning:<\/strong><br \/>\nThis starter set made of cork, with pre-built tunnels and chambers, is suitable for various ant species, especially those that nest in dead wood.<\/p>\n<p>The &#8220;ANTCUBE &#8211; Cork Nest&#8221; can be inserted into the fully transparent farm. Alternatively, however, the &#8220;Sand-clay beige&#8221; substrate can also be used to fill the farm or to close off some of the chambers of the cork nest. Additional modules can be connected via the 50 mm holes in the cover if required, e.g. the separately available foggers, fans or lights. Alternatively, suitable grid inserts and formicarium plugs to close the openings are included in the scope of delivery. If desired, the formicarium can also be operated open by simply placing the removable frame on top and applying the ant escape protection oil to the edge. The &#8220;Drinking trough 2ml &#8211; 360 degrees&#8221; is intended for honey\/sugar solution, the &#8220;Drinking trough clear 5ml &#8211; sponge&#8221; for water. The &#8220;Foil thermometer display&#8221; can be attached to the frame or the cover and displays the climate values.<\/p>\n<p><strong>Viktigt:<\/strong> V\u00e4nligen fukta substratet f\u00f6re anv\u00e4ndning s\u00e5 att blandningen kan bindas och f\u00e5 ett fast grepp i myrstacken. Om substratet dessutom \u00e4r f\u00f6r torrt och dammigt kan myrornas luftv\u00e4gar blockeras och i v\u00e4rsta fall kan djuren kv\u00e4vas.<\/p>\n<p><strong>Rekommendation:<\/strong> Vi rekommenderar ett substratlager p\u00e5 2 mm h\u00f6jd s\u00e5 att djuren inte kan gr\u00e4va sig in i arenan utan ist\u00e4llet anv\u00e4nder den g\u00e5rd som finns f\u00f6r detta \u00e4ndam\u00e5l.<\/p>\n<p><strong>Anm\u00e4rkningar om produktionen<\/strong><br \/>\nGlaset sk\u00e4rs enligt DIN 1249 med en tolerans p\u00e5 +\/- 1 mm. F\u00f6r extremt sm\u00e5 myrarter \u00e4r det n\u00f6dv\u00e4ndigt med ytterligare flyktskydd.<\/p>\n<p><strong>Anteckningar om g\u00e5rden<\/strong><br \/>\nBoet b\u00f6r endast anv\u00e4ndas i ett torrt formicarium. Om boet h\u00e5lls fuktigt hela tiden kan materialet m\u00f6gla.<\/p>\n<p><strong>Observera f\u00f6ljande n\u00e4r du monterar eller tar bort slangar:<\/strong><br \/>\nOm slangen \u00e4r mycket sv\u00e5r att f\u00e5 p\u00e5 plats p\u00e5 anslutningshylsan, ska hylsan gnuggas l\u00e4tt med en droppe av v\u00e5r olja eller pulver som skyddar mot utbrott. Tryck sedan p\u00e5 slangen p\u00e5 uttaget med vridande eller skruvande r\u00f6relser utan att belasta uttaget med upp- och ned\u00e5tg\u00e5ende r\u00f6relser. Detsamma g\u00e4ller n\u00e4r du tar bort slangarna fr\u00e5n g\u00e5rdsanslutningsuttaget. Dra inte bara av den!<\/p>\n<p><strong>Instruktioner:<\/strong><br \/>\n<a href=\"https:\/\/www.antstore.net\/shop\/images\/info\/en\/Instructions%20for%20use%20-%20Starter%20Set%20Cork.pdf\" data-cke-saved-href=\"https:\/\/www.antstore.net\/shop\/images\/info\/en\/Instructions%20for%20use%20-%20Starter%20Set%20Cork.pdf\">- SV Bruksanvisning - startpaket Cork (PDF 3,79 MB)<\/a><br \/>\n<a href=\"https:\/\/www.antstore.net\/shop\/images\/info\/es\/Manual%20de%20instrucciones%20-%20Set%20de%20inicio%20de%20corcho.pdf\" data-cke-saved-href=\"https:\/\/www.antstore.net\/shop\/images\/info\/es\/Manual%20de%20instrucciones%20-%20Set%20de%20inicio%20de%20corcho.pdf\">- ES Manual de instrucciones - Set de inicio de corcho (PDF 3,79 MB)<\/a><br \/>\n<a href=\"https:\/\/www.antstore.net\/shop\/images\/info\/fr\/Manuel%20d'instruction%20-%20Kit%20de%20d%C3%A9marrage%20en%20li%C3%A8ge.pdf\" data-cke-saved-href=\"https:\/\/www.antstore.net\/shop\/images\/info\/fr\/Manuel%20d'instruction%20-%20Kit%20de%20d%C3%A9marrage%20en%20li%C3%A8ge.pdf\">- FR Manuel d'instruction - Kit de d\u00e9marrage en li\u00e8ge (PDF 3,79 MB)<\/a><\/p>","protected":false},"excerpt":{"rendered":"<p>The set consists of 25 parts and is suited for many ant species, especially those that nest in dead wood.<br \/>\nStorlek: <span style=\"color: #0000ff;\"><strong>L<\/strong><\/span><\/p>","protected":false},"featured_media":5448,"comment_status":"open","ping_status":"closed","template":"","meta":{"_acf_changed":false,"content-type":"","_monsterinsights_skip_tracking":false,"_monsterinsights_sitenote_active":false,"_monsterinsights_sitenote_note":"","_monsterinsights_sitenote_category":0},"product_brand":[],"product_cat":[73,76],"product_tag":[],"class_list":{"0":"post-2739","1":"product","2":"type-product","3":"status-publish","4":"has-post-thumbnail","6":"product_cat-starter-sets","7":"product_cat-starter-sets-cork","9":"first","10":"instock","11":"taxable","12":"shipping-taxable","13":"purchasable","14":"product-type-simple"},"acf":[],"aioseo_notices":[],"jetpack_sharing_enabled":true,"_links":{"self":[{"href":"https:\/\/antcube.shop\/sv\/wp-json\/wp\/v2\/product\/2739","targetHints":{"allow":["GET"]}}],"collection":[{"href":"https:\/\/antcube.shop\/sv\/wp-json\/wp\/v2\/product"}],"about":[{"href":"https:\/\/antcube.shop\/sv\/wp-json\/wp\/v2\/types\/product"}],"replies":[{"embeddable":true,"href":"https:\/\/antcube.shop\/sv\/wp-json\/wp\/v2\/comments?post=2739"}],"wp:featuredmedia":[{"embeddable":true,"href":"https:\/\/antcube.shop\/sv\/wp-json\/wp\/v2\/media\/5448"}],"wp:attachment":[{"href":"https:\/\/antcube.shop\/sv\/wp-json\/wp\/v2\/media?parent=2739"}],"wp:term":[{"taxonomy":"product_brand","embeddable":true,"href":"https:\/\/antcube.shop\/sv\/wp-json\/wp\/v2\/product_brand?post=2739"},{"taxonomy":"product_cat","embeddable":true,"href":"https:\/\/antcube.shop\/sv\/wp-json\/wp\/v2\/product_cat?post=2739"},{"taxonomy":"product_tag","embeddable":true,"href":"https:\/\/antcube.shop\/sv\/wp-json\/wp\/v2\/product_tag?post=2739"}],"curies":[{"name":"wp","href":"https:\/\/api.w.org\/{rel}","templated":true}]}}