{"id":2738,"date":"2021-10-08T12:04:55","date_gmt":"2021-10-08T10:04:55","guid":{"rendered":"https:\/\/antcube.shop\/produkt\/antcube-starter-set-fur-messor-spec\/"},"modified":"2026-04-10T10:26:09","modified_gmt":"2026-04-10T08:26:09","slug":"antcube-starter-set-fur-messor-spec","status":"publish","type":"product","link":"https:\/\/antcube.shop\/sv\/produkt\/antcube-starter-set-fur-messor-spec\/","title":{"rendered":"ANTCUBE Starter Set f\u00f6r Messor eller Harvester-myror"},"content":{"rendered":"<p><strong>Inneh\u00e5ll:<\/strong><br \/>\n1x ANTCUBE - Arena 20x20x10 - platt<br \/>\n1x ram f\u00f6r myrarena 20\u00d720<br \/>\n1x skydd f\u00f6r myrarena 20\u00d720<br \/>\n4x f\u00e4stpunkt f\u00f6r arena\u00f6verdrag<br \/>\n2x ANTCUBE - Myrfarm - L - 20\u00d720 - st\u00e5ende<\/p>\n<p>2x ANTCUBE - Digfix-platta 20\u00d720 - M<br \/>\n1x 1 m r\u00f6r transparent 14\/10 mm<br \/>\n2x ANTCUBE - R\u00f6d folie 20\u00d720 - filter<br \/>\n2x sj\u00e4lvh\u00e4ftande kl\u00e4mmor - transparent 2 st.<br \/>\n1x substrat - \u00f6ken - 1 kg<\/p>\n<p>1x foto bakv\u00e4gg - \u00f6ken - 20\u00d710<\/p>\n<p>2x Grid insert acrylic &#8211; 50 mm with sealing ring<br \/>\n1x Grid insert acrylic &#8211; 27 mm with sealing ring<br \/>\n1x Grid cap &#8211; 10mm &#8211; stainless steel<\/p>\n<p>1x drinking clear 5ml &#8211; sponge<br \/>\n1x Feeding dish white rectangle &#8211; 3 compartments<\/p>\n<p>2x Foil thermometer &#8211; farm<br \/>\n1x Foil thermometer display<\/p>\n<p>1x anslutning f\u00f6r tankslang 27-14,16,20 mm - transparent<br \/>\n1x Myrskyddsmedel 10ml<br \/>\n1x Pincett fj\u00e4derst\u00e5l - bred - mjuk<br \/>\n1x Pincett i transparent plast<br \/>\n1x plastpipett 3ml<br \/>\n1x handf\u00f6rstoringsglas - 2x - 30mm<br \/>\n1x skumtorkare 150x18x2.5mm<\/p>\n<p><strong>Beskrivning:<\/strong><br \/>\nThis starter set is especially suitable for various species of the genus Messor or Pogonomyrmex.\u00a0One of these two farms is intended for storing grains\/seeds and ant bread. To prevent the grains\/seeds stored there from germinating or molding, it should remain completely dry.<\/p>\n<p>The &#8220;Digfix plates&#8221; can be inserted into the fully transparent farms. Alternatively, however, you can also use the &#8220;Soil &#8211; Desert&#8221; to fill the farms. If required, additional modules can be connected via the 50 mm holes in the cover, e.g. the separately available foggers, fans or lights. Alternatively, suitable grid inserts to close the openings are included in the scope of delivery. If desired, the formicarium can also be operated open by simply attaching the removable outbreak protection frame and applying the ant outbreak protection oil to the edge. The &#8220;Drinking trough clear 5 ml &#8211; sponge&#8221; is intended for water. The &#8220;Foil thermometer display&#8221; can be attached to the frame or cover and displays the climate values.<\/p>\n<p><strong>Viktigt:<\/strong> V\u00e4nligen fukta substratet f\u00f6re anv\u00e4ndning s\u00e5 att blandningen kan bindas och f\u00e5 ett fast grepp i myrstacken. Om substratet dessutom \u00e4r f\u00f6r torrt och dammigt kan myrornas luftv\u00e4gar blockeras och i v\u00e4rsta fall kan djuren kv\u00e4vas.<\/p>\n<p><strong>Rekommendation:<\/strong> Vi rekommenderar ett substratskikt p\u00e5 2 mm h\u00f6jd, s\u00e5 att djuren inte kan gr\u00e4va sig in i arenan och i st\u00e4llet anv\u00e4nda den g\u00e5rd som tillhandah\u00e5lls f\u00f6r detta \u00e4ndam\u00e5l. Vi rekommenderar ocks\u00e5 att boendematerialet i farmen (sand\/lera, Digfix etc.) \u00e4r l\u00e4tt prickat p\u00e5 ett st\u00e4lle f\u00f6r att g\u00f6ra det l\u00e4ttare f\u00f6r djuren att gr\u00e4va.<\/p>\n<p><strong>Anm\u00e4rkningar om produktionen<\/strong><br \/>\nGlaset sk\u00e4rs enligt DIN 1249 med en tolerans p\u00e5 +\/- 1 mm. F\u00f6r extremt sm\u00e5 myrarter \u00e4r det n\u00f6dv\u00e4ndigt med ytterligare flyktskydd.<\/p>\n<p><strong>Anteckningar om g\u00e5rden<\/strong><br \/>\nObservera f\u00f6ljande n\u00e4r du monterar eller tar bort slangar:<br \/>\nOm slangen \u00e4r mycket sv\u00e5r att f\u00e5 p\u00e5 plats p\u00e5 anslutningshylsan, ska hylsan gnuggas l\u00e4tt med en droppe av v\u00e5r olja eller pulver som skyddar mot utbrott. Tryck sedan p\u00e5 slangen p\u00e5 uttaget med vridande eller skruvande r\u00f6relser utan att belasta uttaget med upp- och ned\u00e5tg\u00e5ende r\u00f6relser. Detsamma g\u00e4ller n\u00e4r du tar bort slangarna fr\u00e5n g\u00e5rdsanslutningsuttaget. Dra inte bara av den!<\/p>\n<p><strong>Anm\u00e4rkning om Digfix:<\/strong> Den naturliga f\u00e4rgen kan variera mellan gr\u00f6n\/gr\u00e5brun och jordbrun. F\u00e4rgtonen har ingen inverkan p\u00e5 kvaliteten.<\/p>\n<p><strong>Instruktioner:<\/strong>\u00a0(Version 2023, den uppdaterade versionen f\u00f6r 2024 kommer att finnas tillg\u00e4nglig senast 04\/2024)<\/p>\n<p><span style=\"font-weight: 400;\">- DE <\/span><a href=\"https:\/\/www.antstore.net\/shop\/images\/info\/de\/Gebrauchsanweisung%20Starter%20Set%20Ernteameisen.pdf\" data-cke-saved-href=\"https:\/\/www.antstore.net\/shop\/images\/info\/de\/Gebrauchsanweisung%20Starter%20Set%20Ernteameisen.pdf\"><span style=\"font-weight: 400;\">Gebrauchsanweisung Starter Set Ernteameisen<\/span><\/a><span style=\"font-weight: 400;\"> (PDF 2,50 MB)<\/span><\/p>\n<p><span style=\"font-weight: 400;\">- SV <\/span><a href=\"https:\/\/www.antstore.net\/shop\/images\/info\/en\/Instructions%20for%20use%20-%20Starter%20Set%20for%20Harvester%20Ants.pdf\" data-cke-saved-href=\"https:\/\/www.antstore.net\/shop\/images\/info\/en\/Instructions%20for%20use%20-%20Starter%20Set%20for%20Harvester%20Ants.pdf\"><span style=\"font-weight: 400;\">Bruksanvisning - Startpaket f\u00f6r sk\u00f6rdemyror<\/span><\/a><span style=\"font-weight: 400;\"> (PDF 2,50 MB)<\/span><\/p>\n<p><span style=\"font-weight: 400;\">- ES <\/span><a href=\"https:\/\/www.antstore.net\/shop\/images\/info\/es\/Manual%20de%20instrucciones%20-%20Set%20de%20inicio%20para%20las%20hormigas%20de%20la%20cosecha%20_%20messor.pdf\" data-cke-saved-href=\"https:\/\/www.antstore.net\/shop\/images\/info\/es\/Manual%20de%20instrucciones%20-%20Set%20de%20inicio%20para%20las%20hormigas%20de%20la%20cosecha%20_%20messor.pdf\"><span style=\"font-weight: 400;\">Manual de instrucciones - Inledningsupps\u00e4ttning f\u00f6r hormonella produkter i koksanordningen _ messor<\/span><\/a><span style=\"font-weight: 400;\"> (PDF 2,50 MB)<\/span><\/p>\n<p><span style=\"font-weight: 400;\">- FR <\/span><a href=\"https:\/\/www.antstore.net\/shop\/images\/info\/fr\/Manuel%20d'instruction%20-%20Kit%20de%20d%C3%A9marrage%20pour%20les%20fourmis%20moissonneuses_%20Messor.pdf\" data-cke-saved-href=\"https:\/\/www.antstore.net\/shop\/images\/info\/fr\/Manuel%20d'instruction%20-%20Kit%20de%20d%C3%A9marrage%20pour%20les%20fourmis%20moissonneuses_%20Messor.pdf\"><span style=\"font-weight: 400;\">Manuel d'instruction - Kit de d\u00e9marrage pour les fourmis moissonneuses_ Messor<\/span><\/a><span style=\"font-weight: 400;\"> (PDF 2,50 MB)<\/span><\/p>","protected":false},"excerpt":{"rendered":"<p>The set consists of 30 parts and\u00a0is ideal for all grain-collecting ants species.<br \/>\nStorlek: <span style=\"color: #00a859;\"><strong>M<\/strong><\/span><\/p>","protected":false},"featured_media":1101,"comment_status":"open","ping_status":"closed","template":"","meta":{"_acf_changed":false,"content-type":"","_monsterinsights_skip_tracking":false,"_monsterinsights_sitenote_active":false,"_monsterinsights_sitenote_note":"","_monsterinsights_sitenote_category":0},"product_brand":[],"product_cat":[353,73],"product_tag":[],"class_list":{"0":"post-2738","1":"product","2":"type-product","3":"status-publish","4":"has-post-thumbnail","6":"product_cat-starter-sets-for-harvester-ants","7":"product_cat-starter-sets","9":"first","10":"instock","11":"taxable","12":"shipping-taxable","13":"purchasable","14":"product-type-simple"},"acf":[],"aioseo_notices":[],"jetpack_sharing_enabled":true,"_links":{"self":[{"href":"https:\/\/antcube.shop\/sv\/wp-json\/wp\/v2\/product\/2738","targetHints":{"allow":["GET"]}}],"collection":[{"href":"https:\/\/antcube.shop\/sv\/wp-json\/wp\/v2\/product"}],"about":[{"href":"https:\/\/antcube.shop\/sv\/wp-json\/wp\/v2\/types\/product"}],"replies":[{"embeddable":true,"href":"https:\/\/antcube.shop\/sv\/wp-json\/wp\/v2\/comments?post=2738"}],"wp:featuredmedia":[{"embeddable":true,"href":"https:\/\/antcube.shop\/sv\/wp-json\/wp\/v2\/media\/1101"}],"wp:attachment":[{"href":"https:\/\/antcube.shop\/sv\/wp-json\/wp\/v2\/media?parent=2738"}],"wp:term":[{"taxonomy":"product_brand","embeddable":true,"href":"https:\/\/antcube.shop\/sv\/wp-json\/wp\/v2\/product_brand?post=2738"},{"taxonomy":"product_cat","embeddable":true,"href":"https:\/\/antcube.shop\/sv\/wp-json\/wp\/v2\/product_cat?post=2738"},{"taxonomy":"product_tag","embeddable":true,"href":"https:\/\/antcube.shop\/sv\/wp-json\/wp\/v2\/product_tag?post=2738"}],"curies":[{"name":"wp","href":"https:\/\/api.w.org\/{rel}","templated":true}]}}