{"id":2737,"date":"2021-10-08T12:04:45","date_gmt":"2021-10-08T10:04:45","guid":{"rendered":"https:\/\/antcube.shop\/produkt\/antcube-starter-set-fur-blattschneiderarten-gros\/"},"modified":"2026-04-15T12:56:37","modified_gmt":"2026-04-15T10:56:37","slug":"antcube-starter-set-fur-blattschneiderarten-gros","status":"publish","type":"product","link":"https:\/\/antcube.shop\/sv\/produkt\/antcube-starter-set-fur-blattschneiderarten-gros\/","title":{"rendered":"ANTCUBE - Startupps\u00e4ttning f\u00f6r bladsk\u00e4rarmyror - Stor"},"content":{"rendered":"<p><span data-text-color=\"alert\"><strong>Frakt endast m\u00f6jlig via spedition p\u00e5 palett.<\/strong><\/span><\/p>\n<p><strong>Inkluderar:<\/strong><\/p>\n<p>1x ANTCUBE Arena 30x30x60 med skjutd\u00f6rr<br \/>\n1x ram f\u00f6r skjutd\u00f6rr<br \/>\n2x ANTCUBE Arena 30x30x30cm<br \/>\n3x ram f\u00f6r myrarena 30x30cm<br \/>\n3x skydd f\u00f6r myrarena 30x30cm<br \/>\n12x f\u00e4stpunkt f\u00f6r arenat\u00e4ckning<\/p>\n<p>1x myrr\u00f6r - kristallklart 50mm - 1m (halverat)<br \/>\n1x substrat - regnskog - 1 kg<br \/>\n1x Formicarium granulat 200ml - beige<br \/>\n3x Formicarium bas 30\u00d730<\/p>\n<p>3x Formicarium plug for 50mm hole<br \/>\n10x Grid insert acrylic &#8211; 50 mm with sealing ring<br \/>\n4x tankanslutning 1 1\/2\u2033 till 50mm - kristallklar<br \/>\n4x Formicarium-mutter 1 1\/2 tum - kristallklar<\/p>\n<p>1x Foil thermometer Display<br \/>\n1x drinking clear 5ml &#8211; sponge<br \/>\n1x pincett fj\u00e4derst\u00e5l - bred - mjuk<br \/>\n1x pincett f\u00f6r Formicarium - plast<br \/>\n1x handf\u00f6rstoringsglas - 2x - 30mm<br \/>\n1x skyddande olja mot myror 10ml<br \/>\n1x skumtorkare 150x18x2,5mm<br \/>\n1x sprayflaska Sprayer 0,5 liter - munstycke i m\u00e4ssing<br \/>\n1x Rosenblad 100 g - torkade<br \/>\n2x fotobackv\u00e4gg - regnskog - 30\u00d730<br \/>\n1x foto bakv\u00e4gg - regnskog - 30\u00d760 - h\u00f6g<\/p>\n<p><strong>Beskrivning:<\/strong><br \/>\nThis expandable starter set for all leafcutter ant species contains, in addition to the optimally adapted formicarium, the appropriate accessories for keeping these ants. The voluminous basins allow easy handling for feeding and cleaning. The large holes (50 mm) and tubes not only make it easy to observe the ants, they also allow the animals to remove large pieces of leaf. The stainless steel mesh inserts ensure good ventilation and are robust against mechanical impact. Even large colonies of leaf-cutter ants, which are very fond of cutting, are unable to penetrate them. The sturdy screw sockets are also absolutely bite-proof.. If necessary, the humidity can be increased using the spray bottle.<\/p>\n<p><strong>Viktigt:<\/strong> V\u00e4nligen fukta substratet f\u00f6re anv\u00e4ndning s\u00e5 att blandningen kan bindas och f\u00e5 ett fast grepp i myrstacken. Om substratet dessutom \u00e4r f\u00f6r torrt och dammigt kan myrornas luftv\u00e4gar blockeras och i v\u00e4rsta fall kan djuren kv\u00e4vas.<\/p>\n<p><strong>Anm\u00e4rkningar om produktionen<\/strong><br \/>\nGlaset sk\u00e4rs till i enlighet med DIN 1249 med en tolerans p\u00e5 +\/- 1 mm. Ytterligare flyktskydd \u00e4r n\u00f6dv\u00e4ndigt f\u00f6r extremt sm\u00e5 myrarter.<\/p>\n<p><strong>Beskrivning av skjutd\u00f6rrsarena: <\/strong>V\u00e5r ANTCUBE arena 30x30x60 med skjutd\u00f6rr har utvecklats f\u00f6r att kunna fungera bekv\u00e4mt \u00e4ven i fulla formicarier. De \u00e4r s\u00e4rskilt anv\u00e4ndbara som formicarium f\u00f6r v\u00e4varmyror (Polyrhachis och Oecophylla) eftersom de gillar att bygga upp\u00e5t och beh\u00f6ver en v\u00e4rdv\u00e4xt. Ibland kan det vara sv\u00e5rt att avl\u00e4gsna avfall fr\u00e5n djuren, t.ex. i botten av formicariet. Detta \u00e4r inget problem med denna specialanpassade tank. Skjutd\u00f6rren \u00e4r ocks\u00e5 mycket praktisk f\u00f6r matningsbass\u00e4nger f\u00f6r Acromyrmex eller Atta bladsk\u00e4rarmyror, eftersom v\u00e4xtrester och annat avfall enkelt kan tas om hand. Du kan ocks\u00e5 anv\u00e4nda skjutd\u00f6rrsramen (art.nr. 1005648) f\u00f6r att f\u00f6rhindra att djuren rymmer medan du arbetar.<\/p>","protected":false},"excerpt":{"rendered":"<p>The set consists of 47 parts and is suitable for all leaf cutter ant species.<br \/>\nStorlek: <span style=\"color: #ed1c24;\"><strong>XL<\/strong><\/span><\/p>","protected":false},"featured_media":7665,"comment_status":"open","ping_status":"closed","template":"","meta":{"_acf_changed":false,"content-type":"","_monsterinsights_skip_tracking":false,"_monsterinsights_sitenote_active":false,"_monsterinsights_sitenote_note":"","_monsterinsights_sitenote_category":0},"product_brand":[484],"product_cat":[73,79],"product_tag":[],"class_list":{"0":"post-2737","1":"product","2":"type-product","3":"status-publish","4":"has-post-thumbnail","6":"product_brand-antcube","7":"product_cat-starter-sets","8":"product_cat-starter-sets-for-leafcutter-ants","9":"product_shipping_class-forwarding-on-pallet","11":"first","12":"instock","13":"taxable","14":"shipping-taxable","15":"purchasable","16":"product-type-simple"},"acf":[],"aioseo_notices":[],"jetpack_sharing_enabled":true,"_links":{"self":[{"href":"https:\/\/antcube.shop\/sv\/wp-json\/wp\/v2\/product\/2737","targetHints":{"allow":["GET"]}}],"collection":[{"href":"https:\/\/antcube.shop\/sv\/wp-json\/wp\/v2\/product"}],"about":[{"href":"https:\/\/antcube.shop\/sv\/wp-json\/wp\/v2\/types\/product"}],"replies":[{"embeddable":true,"href":"https:\/\/antcube.shop\/sv\/wp-json\/wp\/v2\/comments?post=2737"}],"wp:featuredmedia":[{"embeddable":true,"href":"https:\/\/antcube.shop\/sv\/wp-json\/wp\/v2\/media\/7665"}],"wp:attachment":[{"href":"https:\/\/antcube.shop\/sv\/wp-json\/wp\/v2\/media?parent=2737"}],"wp:term":[{"taxonomy":"product_brand","embeddable":true,"href":"https:\/\/antcube.shop\/sv\/wp-json\/wp\/v2\/product_brand?post=2737"},{"taxonomy":"product_cat","embeddable":true,"href":"https:\/\/antcube.shop\/sv\/wp-json\/wp\/v2\/product_cat?post=2737"},{"taxonomy":"product_tag","embeddable":true,"href":"https:\/\/antcube.shop\/sv\/wp-json\/wp\/v2\/product_tag?post=2737"}],"curies":[{"name":"wp","href":"https:\/\/api.w.org\/{rel}","templated":true}]}}