{"id":2733,"date":"2021-10-08T12:04:06","date_gmt":"2021-10-08T10:04:06","guid":{"rendered":"https:\/\/antcube.shop\/produkt\/antcube-arena-20x20x20-combi-m\/"},"modified":"2026-04-16T09:55:02","modified_gmt":"2026-04-16T07:55:02","slug":"antcube-arena-20x20x20-combi-m","status":"publish","type":"product","link":"https:\/\/antcube.shop\/sv\/produkt\/antcube-arena-20x20x20-combi-m\/","title":{"rendered":"ANTCUBE - Arena 20x20x20 - Combi M"},"content":{"rendered":"<p><strong>M\u00e5tt:<\/strong> 20x20x20 cm; 4 mm glastjocklek<\/p>\n<p><strong>Material:<\/strong> glas limmat med silikon<\/p>\n<p><strong>Anslutning:<\/strong> 2x borrning 27mm (2x 10mm borrning i boet)<\/p>\n<p><strong>Avst\u00e5nd mellan plattorna i boet:<\/strong> ca 10 mm<\/p>\n<p><strong>Beskrivning:<\/strong> Myrarena - Combi har en farm- eller boyta som \u00e4r integrerad i formicariumet. Myrorna kan komma in i boet fr\u00e5n arenan via tv\u00e5 inre 10 mm stora \u00f6ppningar.<\/p>\n<p><strong>Meddelande:<\/strong><br \/>\nN\u00e4r du anv\u00e4nder v\u00e5ra boinsatser (t.ex. kork, gips), observera att dessa \u00e4r 8 mm smalare, eftersom de ursprungligen utformades f\u00f6r att passa v\u00e5ra smalare myrstackar samt arenainsatser! H\u00e4r skulle utrymmet mellanrummen beh\u00f6va fyllas med fyllnadsmaterial som gips eller lera.<\/p>\n<p>&nbsp;<\/p>","protected":false},"excerpt":{"rendered":"<p>Anslutning: 2x h\u00e5l 27 mm<br \/>\nStorlek: <span style=\"color: #008000;\"><strong>M<\/strong><\/span><\/p>","protected":false},"featured_media":329,"comment_status":"open","ping_status":"closed","template":"","meta":{"_acf_changed":false,"content-type":"","_monsterinsights_skip_tracking":false,"_monsterinsights_sitenote_active":false,"_monsterinsights_sitenote_note":"","_monsterinsights_sitenote_category":0},"product_brand":[],"product_cat":[85,82,86],"product_tag":[],"class_list":{"0":"post-2733","1":"product","2":"type-product","3":"status-publish","4":"has-post-thumbnail","6":"product_cat-ant-arenas","7":"product_cat-antfarms-m","8":"product_cat-formicariums","10":"first","11":"instock","12":"taxable","13":"shipping-taxable","14":"purchasable","15":"product-type-simple"},"acf":[],"aioseo_notices":[],"jetpack_sharing_enabled":true,"_links":{"self":[{"href":"https:\/\/antcube.shop\/sv\/wp-json\/wp\/v2\/product\/2733","targetHints":{"allow":["GET"]}}],"collection":[{"href":"https:\/\/antcube.shop\/sv\/wp-json\/wp\/v2\/product"}],"about":[{"href":"https:\/\/antcube.shop\/sv\/wp-json\/wp\/v2\/types\/product"}],"replies":[{"embeddable":true,"href":"https:\/\/antcube.shop\/sv\/wp-json\/wp\/v2\/comments?post=2733"}],"wp:featuredmedia":[{"embeddable":true,"href":"https:\/\/antcube.shop\/sv\/wp-json\/wp\/v2\/media\/329"}],"wp:attachment":[{"href":"https:\/\/antcube.shop\/sv\/wp-json\/wp\/v2\/media?parent=2733"}],"wp:term":[{"taxonomy":"product_brand","embeddable":true,"href":"https:\/\/antcube.shop\/sv\/wp-json\/wp\/v2\/product_brand?post=2733"},{"taxonomy":"product_cat","embeddable":true,"href":"https:\/\/antcube.shop\/sv\/wp-json\/wp\/v2\/product_cat?post=2733"},{"taxonomy":"product_tag","embeddable":true,"href":"https:\/\/antcube.shop\/sv\/wp-json\/wp\/v2\/product_tag?post=2733"}],"curies":[{"name":"wp","href":"https:\/\/api.w.org\/{rel}","templated":true}]}}