{"id":2731,"date":"2021-10-08T12:03:05","date_gmt":"2021-10-08T10:03:05","guid":{"rendered":"https:\/\/antcube.shop\/produkt\/temnothorax-crassispinus\/"},"modified":"2023-03-21T15:14:23","modified_gmt":"2023-03-21T14:14:23","slug":"temnothorax-crassispinus","status":"publish","type":"product","link":"https:\/\/antcube.shop\/sv\/produkt\/temnothorax-crassispinus\/","title":{"rendered":"Temnothorax crassispinus"},"content":{"rendered":"<p>&nbsp;<\/p>\n<table border=\"1\" cellspacing=\"1\" cellpadding=\"1\">\n<tbody>\n<tr>\n<td><strong>Lat. Namn:<\/strong><\/td>\n<td><strong><img data-recalc-dims=\"1\" loading=\"lazy\" decoding=\"async\" src=\"https:\/\/i0.wp.com\/www.antstore.net\/shop\/images\/icons\/ants\/lateinname.jpg?resize=30%2C30&#038;ssl=1\" alt=\"\" width=\"30\" height=\"30\" \/><\/strong><\/td>\n<td><em>Temnothorax crassispinus<\/em><\/td>\n<\/tr>\n<tr>\n<td><strong>Gemensamt namn<\/strong>:<\/td>\n<td><strong><img data-recalc-dims=\"1\" loading=\"lazy\" decoding=\"async\" src=\"https:\/\/i0.wp.com\/www.antstore.net\/shop\/images\/icons\/ants\/trivialname.jpg?resize=30%2C30&#038;ssl=1\" alt=\"\" width=\"30\" height=\"30\" \/><\/strong><\/td>\n<td><\/td>\n<\/tr>\n<tr>\n<td><strong>Taxonomi:<\/strong><\/td>\n<td><strong><img data-recalc-dims=\"1\" loading=\"lazy\" decoding=\"async\" src=\"https:\/\/i0.wp.com\/www.antstore.net\/shop\/images\/icons\/ants\/taxonomie.jpg?resize=30%2C30&#038;ssl=1\" alt=\"\" width=\"30\" height=\"30\" \/><\/strong><\/td>\n<td><strong>Underfamilj:<\/strong> Myrmicinae <strong>Stam:<\/strong> Formicoxenini<\/td>\n<\/tr>\n<tr>\n<td><strong>H\u00e5ller sig p\u00e5 samma niv\u00e5:<\/strong><\/td>\n<td><strong><img data-recalc-dims=\"1\" loading=\"lazy\" decoding=\"async\" src=\"https:\/\/i0.wp.com\/www.antstore.net\/shop\/images\/icons\/ants\/haltungsklasse.jpg?resize=30%2C30&#038;ssl=1\" alt=\"\" width=\"30\" height=\"30\" \/><\/strong><\/td>\n<td><strong>(1)<\/strong> l\u00e4mplig f\u00f6r nyb\u00f6rjare<\/td>\n<\/tr>\n<tr>\n<td><strong>Utbredning:<\/strong><\/td>\n<td><strong><img data-recalc-dims=\"1\" loading=\"lazy\" decoding=\"async\" src=\"https:\/\/i0.wp.com\/www.antstore.net\/shop\/images\/icons\/ants\/verbreitung.jpg?resize=30%2C30&#038;ssl=1\" alt=\"\" width=\"30\" height=\"30\" \/><\/strong><\/td>\n<td>i Nord- och \u00d6sttyskland \u00f6ster om Uckerm\u00fcnde - Wittstock - Leipzig<\/td>\n<\/tr>\n<tr>\n<td><strong>Habitat:<\/strong><\/td>\n<td><strong><img data-recalc-dims=\"1\" loading=\"lazy\" decoding=\"async\" src=\"https:\/\/i0.wp.com\/www.antstore.net\/shop\/images\/icons\/ants\/habitat.jpg?resize=30%2C30&#038;ssl=1\" alt=\"\" width=\"30\" height=\"30\" \/><\/strong><\/td>\n<td>Liknar Temnothorax nylanderi och f\u00f6redrar blandade skogar, men kan ocks\u00e5 ofta hittas i torra tallskogar.<\/td>\n<\/tr>\n<tr>\n<td><strong>Koloniform:<\/strong><\/td>\n<td><strong><img data-recalc-dims=\"1\" loading=\"lazy\" decoding=\"async\" src=\"https:\/\/i0.wp.com\/www.antstore.net\/shop\/images\/icons\/ants\/Kolonieform.jpg?resize=30%2C30&#038;ssl=1\" alt=\"\" width=\"30\" height=\"30\" \/><\/strong><\/td>\n<td>monogyn, under sommarm\u00e5naderna ofta utan drottning, polydomous<\/td>\n<\/tr>\n<tr>\n<td><strong>Drottning:<\/strong><\/td>\n<td><strong><img data-recalc-dims=\"1\" loading=\"lazy\" decoding=\"async\" src=\"https:\/\/i0.wp.com\/www.antstore.net\/shop\/images\/icons\/ants\/koenigin.jpg?resize=30%2C30&#038;ssl=1\" alt=\"\" width=\"30\" height=\"30\" \/><\/strong><\/td>\n<td><strong>Storlek:<\/strong> 3,5 - 4,7 mm <strong>F\u00e4rg:<\/strong> som arbetare, m\u00f6rkare<\/td>\n<\/tr>\n<tr>\n<td><strong>Arbetare:<\/strong><\/td>\n<td><img data-recalc-dims=\"1\" loading=\"lazy\" decoding=\"async\" src=\"https:\/\/i0.wp.com\/www.antstore.net\/shop\/images\/icons\/ants\/arbeiterin.jpg?resize=30%2C30&#038;ssl=1\" alt=\"\" width=\"30\" height=\"30\" \/><\/td>\n<td><strong>Storlek: <\/strong>2,3 - 3,5 mm <strong>F\u00e4rg: <\/strong>gul till gulbrun, gaster m\u00f6rkbrun<\/td>\n<\/tr>\n<tr>\n<td><strong>Soldat:<\/strong><\/td>\n<td><img data-recalc-dims=\"1\" loading=\"lazy\" decoding=\"async\" src=\"https:\/\/i0.wp.com\/www.antstore.net\/shop\/images\/icons\/ants\/soldaten.jpg?resize=30%2C30&#038;ssl=1\" alt=\"\" width=\"30\" height=\"30\" \/><\/td>\n<td>\u00a0 inte n\u00e4rvarande<\/td>\n<\/tr>\n<tr>\n<td><strong>Man:<\/strong><\/td>\n<td><img data-recalc-dims=\"1\" loading=\"lazy\" decoding=\"async\" src=\"https:\/\/i0.wp.com\/www.antstore.net\/shop\/images\/icons\/ants\/maennchen.jpg?resize=30%2C30&#038;ssl=1\" alt=\"\" width=\"30\" height=\"30\" \/><\/td>\n<td><b><strong>Storlek: <\/strong><\/b>2,5 - 3,5 mm<b><strong> F\u00e4rg: <\/strong><\/b>som drottningen<\/td>\n<\/tr>\n<tr>\n<td><strong>Mat:<\/strong><\/td>\n<td><img data-recalc-dims=\"1\" loading=\"lazy\" decoding=\"async\" src=\"https:\/\/i0.wp.com\/www.antstore.net\/shop\/images\/icons\/ants\/nahrung.jpg?resize=30%2C30&#038;ssl=1\" alt=\"\" width=\"30\" height=\"30\" \/><\/td>\n<td>Honungsvatten och insekter, t.ex. dipteraner som flugor och myggor.<\/td>\n<\/tr>\n<tr>\n<td><strong>Luftfuktighet:<\/strong><\/td>\n<td><strong><img data-recalc-dims=\"1\" loading=\"lazy\" decoding=\"async\" src=\"https:\/\/i0.wp.com\/www.antstore.net\/shop\/images\/icons\/ants\/feuchtigkeit.jpg?resize=30%2C30&#038;ssl=1\" alt=\"\" width=\"30\" height=\"30\" \/><\/strong><\/td>\n<td><b><strong>Arena: <\/strong><\/b>30 &#8211; 50% <b><strong>Nestpart: <\/strong><\/b>50 &#8211; 60%<\/td>\n<\/tr>\n<tr>\n<td><strong>Temperatur:<\/strong><\/td>\n<td><strong><img data-recalc-dims=\"1\" loading=\"lazy\" decoding=\"async\" src=\"https:\/\/i0.wp.com\/www.antstore.net\/shop\/images\/icons\/ants\/temperatur.jpg?resize=30%2C30&#038;ssl=1\" alt=\"\" width=\"30\" height=\"30\" \/><\/strong><\/td>\n<td><b><strong>Arena: <\/strong><\/b>18 - 28\u00b0C <b><strong>Nestpart: <\/strong><\/b>21 - 24\u00b0C<\/td>\n<\/tr>\n<tr>\n<td><strong>Vinterdvala:<\/strong><\/td>\n<td><img data-recalc-dims=\"1\" loading=\"lazy\" decoding=\"async\" src=\"https:\/\/i0.wp.com\/www.antstore.net\/shop\/images\/icons\/ants\/winterruhe.jpg?resize=30%2C30&#038;ssl=1\" alt=\"\" width=\"30\" height=\"30\" \/><\/td>\n<td>\u00a0 ja, fr\u00e5n slutet av oktober till slutet av mars vid 5-8 \u00b0C.<\/td>\n<\/tr>\n<tr>\n<td><strong>Typ av bo:<\/strong><\/td>\n<td><\/td>\n<td>\u00a0 Bygger sitt bo i ekollon, pinnar, under bark eller gallor.<\/td>\n<\/tr>\n<tr>\n<td><strong>Formicarium typ:<\/strong><\/td>\n<td><img data-recalc-dims=\"1\" loading=\"lazy\" decoding=\"async\" src=\"https:\/\/i0.wp.com\/www.antstore.net\/shop\/images\/icons\/ants\/formicarienart.jpg?resize=30%2C30&#038;ssl=1\" alt=\"\" width=\"30\" height=\"30\" \/><\/td>\n<td><\/td>\n<\/tr>\n<tr>\n<td><strong>Storlek p\u00e5 formicarium:<\/strong><\/td>\n<td><strong><img data-recalc-dims=\"1\" loading=\"lazy\" decoding=\"async\" src=\"https:\/\/i0.wp.com\/www.antstore.net\/shop\/images\/icons\/ants\/formicariengroesse.jpg?resize=30%2C30&#038;ssl=1\" alt=\"\" width=\"30\" height=\"30\" \/><\/strong><\/td>\n<td><strong>Storlek:<\/strong><span style=\"color: #000000;\"> S<\/span><\/td>\n<\/tr>\n<tr>\n<td><strong>Underlag:<\/strong><\/td>\n<td><strong><img data-recalc-dims=\"1\" loading=\"lazy\" decoding=\"async\" src=\"https:\/\/i0.wp.com\/www.antstore.net\/shop\/images\/icons\/ants\/substrat.jpg?resize=30%2C30&#038;ssl=1\" alt=\"\" width=\"30\" height=\"30\" \/><\/strong><\/td>\n<td><b><strong>G\u00e5rd: <\/strong><\/b>Kork, Lightwood <b><strong>Arena:<\/strong> &#8211;<\/b><\/td>\n<\/tr>\n<tr>\n<td><strong>Plantering:<\/strong><\/td>\n<td><img data-recalc-dims=\"1\" loading=\"lazy\" decoding=\"async\" src=\"https:\/\/i0.wp.com\/www.antstore.net\/shop\/images\/icons\/ants\/bepflanzung.jpg?resize=30%2C30&#038;ssl=1\" alt=\"\" width=\"30\" height=\"30\" \/><\/td>\n<td>inte n\u00f6dv\u00e4ndigt<\/td>\n<\/tr>\n<tr>\n<td><strong>Dekoration:<\/strong><\/td>\n<td><img data-recalc-dims=\"1\" loading=\"lazy\" decoding=\"async\" src=\"https:\/\/i0.wp.com\/www.antstore.net\/shop\/images\/icons\/ants\/dekoration.jpg?resize=30%2C30&#038;ssl=1\" alt=\"\" width=\"30\" height=\"30\" \/><\/td>\n<td>Grenar, r\u00f6tter, tr\u00e4dk\u00e4rnor, ekollon<\/td>\n<\/tr>\n<tr>\n<td><strong>Beskrivning:<\/strong><\/td>\n<td><img data-recalc-dims=\"1\" loading=\"lazy\" decoding=\"async\" src=\"https:\/\/i0.wp.com\/www.antstore.net\/shop\/images\/icons\/ants\/beschreibung.jpg?resize=30%2C30&#038;ssl=1\" alt=\"\" width=\"30\" height=\"30\" \/><\/td>\n<td>Temnothorax crassispinus \u00e4r en fredlig myrspuppa som drar sig undan till marken n\u00e4r den kommer i kontakt med andra myror.  Det \u00e4r inga problem att samlokalisera Temnothorax crassispinus med andra myror som Camponotus.<\/td>\n<\/tr>\n<tr>\n<td><strong>Utveckling:<\/strong><\/td>\n<td><strong><img data-recalc-dims=\"1\" loading=\"lazy\" decoding=\"async\" src=\"https:\/\/i0.wp.com\/www.antstore.net\/shop\/images\/icons\/ants\/entwicklung.jpg?resize=30%2C30&#038;ssl=1\" alt=\"\" width=\"30\" height=\"30\" \/><\/strong><\/td>\n<td><strong>Br\u00f6llopsflygning: <\/strong>under varma kv\u00e4llar fr\u00e5n mitten av juli till mitten av september.<br \/>\n<strong>Stiftelse:\u00a0 <\/strong>klaustral (utan utfodring) men \u00e4ven pleometros eller adoptioner \u00e4r m\u00f6jliga.<br \/>\n<strong>Kolonins storlek:\u00a0 <\/strong>s\u00e4llan mer \u00e4n 100 arbetstagare<\/td>\n<\/tr>\n<tr>\n<td><strong>Kvantitet:<\/strong><\/td>\n<td><img data-recalc-dims=\"1\" loading=\"lazy\" decoding=\"async\" src=\"https:\/\/i0.wp.com\/www.antstore.net\/shop\/images\/icons\/ants\/menge.jpg?resize=30%2C30&#038;ssl=1\" alt=\"\" width=\"30\" height=\"30\" \/><\/td>\n<td>\u00a0en parad drottning med arbetare (se urval); yngel (beroende p\u00e5 s\u00e4song och utveckling)<\/td>\n<\/tr>\n<tr>\n<td><strong>Webbl\u00e4nkar:<\/strong><\/td>\n<td><a href=\"http:\/\/www.antstore.net\/viewforum.php?f=9\"><span style=\"color: #0000ff;\"><img data-recalc-dims=\"1\" loading=\"lazy\" decoding=\"async\" src=\"https:\/\/i0.wp.com\/www.antstore.net\/shop\/images\/icons\/ants\/weblinks.jpg?resize=30%2C30&#038;ssl=1\" alt=\"\" width=\"30\" height=\"30\" \/><\/span><\/a><\/td>\n<td><a href=\"http:\/\/www.antstore.net\/viewforum.php?f=124\"><span style=\"color: #0000ff;\">- Forum<\/span><\/a><\/p>\n<p><span style=\"color: #0000ff;\"><a href=\"http:\/\/www.antweb.org\/description.do?name=mimicus&amp;genus=myrmecocystus&amp;rank=species&amp;project=bajaants\">- K\u00e4llh\u00e4nvisning<\/a><\/span><\/td>\n<\/tr>\n<\/tbody>\n<\/table>\n<p>&nbsp;<\/p>","protected":false},"excerpt":{"rendered":"<p>H\u00e5llningsniv\u00e5 1 - mycket sm\u00e5 arter<br \/>\nStorlek: <strong>S<\/strong><\/p>","protected":false},"featured_media":3325,"comment_status":"open","ping_status":"closed","template":"","meta":{"_acf_changed":false,"content-type":"","_monsterinsights_skip_tracking":false,"_monsterinsights_sitenote_active":false,"_monsterinsights_sitenote_note":"","_monsterinsights_sitenote_category":0},"product_brand":[],"product_cat":[107,112,108,109],"product_tag":[],"class_list":{"0":"post-2731","1":"product","2":"type-product","3":"status-publish","4":"has-post-thumbnail","6":"product_cat-ants","7":"product_cat-asia","8":"product_cat-northern-europe","9":"product_cat-southern-europe","11":"first","12":"instock","13":"product-type-external"},"acf":[],"aioseo_notices":[],"jetpack_sharing_enabled":true,"_links":{"self":[{"href":"https:\/\/antcube.shop\/sv\/wp-json\/wp\/v2\/product\/2731","targetHints":{"allow":["GET"]}}],"collection":[{"href":"https:\/\/antcube.shop\/sv\/wp-json\/wp\/v2\/product"}],"about":[{"href":"https:\/\/antcube.shop\/sv\/wp-json\/wp\/v2\/types\/product"}],"replies":[{"embeddable":true,"href":"https:\/\/antcube.shop\/sv\/wp-json\/wp\/v2\/comments?post=2731"}],"wp:featuredmedia":[{"embeddable":true,"href":"https:\/\/antcube.shop\/sv\/wp-json\/wp\/v2\/media\/3325"}],"wp:attachment":[{"href":"https:\/\/antcube.shop\/sv\/wp-json\/wp\/v2\/media?parent=2731"}],"wp:term":[{"taxonomy":"product_brand","embeddable":true,"href":"https:\/\/antcube.shop\/sv\/wp-json\/wp\/v2\/product_brand?post=2731"},{"taxonomy":"product_cat","embeddable":true,"href":"https:\/\/antcube.shop\/sv\/wp-json\/wp\/v2\/product_cat?post=2731"},{"taxonomy":"product_tag","embeddable":true,"href":"https:\/\/antcube.shop\/sv\/wp-json\/wp\/v2\/product_tag?post=2731"}],"curies":[{"name":"wp","href":"https:\/\/api.w.org\/{rel}","templated":true}]}}