{"id":2728,"date":"2021-10-08T12:02:35","date_gmt":"2021-10-08T10:02:35","guid":{"rendered":"https:\/\/antcube.shop\/produkt\/antcube-starter-set-fur-blattschneiderarten-klein\/"},"modified":"2026-04-01T13:27:59","modified_gmt":"2026-04-01T11:27:59","slug":"antcube-starter-set-fur-blattschneiderarten-klein","status":"publish","type":"product","link":"https:\/\/antcube.shop\/sv\/produkt\/antcube-starter-set-fur-blattschneiderarten-klein\/","title":{"rendered":"ANTCUBE - Startpaket f\u00f6r bladsk\u00e4rarmyror - liten"},"content":{"rendered":"<p><span data-text-color=\"alert\"><strong>NY fr\u00e5n 04\/2024:<\/strong><\/span><br \/>\n<strong>Foderbass\u00e4ngen levereras nu som en arena som \u00e4r 20x20x40 cm h\u00f6g. Detta ger mer utrymme f\u00f6r mat.<\/strong><br \/>\n<strong>Vi har ersatt de gamla anslutningarna med helt transparenta nya anslutningar, inklusive helt transparenta muttrar.<\/strong><br \/>\n<strong>Vi har ocks\u00e5 lagt till formicarium-dynor f\u00f6r alla bass\u00e4nger (skydd av m\u00f6bler och bass\u00e4nger och mot vibrationer)<\/strong><\/p>\n<p>&nbsp;<\/p>\n<p><strong>Inkluderar:<\/strong><\/p>\n<p>2x ANTCUBE Arena 20x20x20cm<br \/>\n1x ANTCUBE Arena 20x20x40cm h\u00f6g<br \/>\n3x ram f\u00f6r myrarena 20x20cm<br \/>\n3x skydd f\u00f6r myrarena 20x20cm<br \/>\n12x f\u00e4stpunkt f\u00f6r arenat\u00e4ckning<\/p>\n<p>1x myrr\u00f6r - kristallklart 32mm - 1m (halverat)<br \/>\n1x substrat - regnskog - 1 kg<br \/>\n1x Formicarium granulat 200ml - beige<br \/>\n3x formicarium bas 20\u00d720<\/p>\n<p>2x formicariumpluggar f\u00f6r 50 mm h\u00e5l<br \/>\n5x Grid insert acrylic &#8211; 50 mm with sealing ring<br \/>\n2x Grid insert acrylic &#8211; 27 mm with sealing ring<br \/>\n4x tankanslutning 3\/4\u2033 till 32mm - kristallklar<br \/>\n4x Formicarium-mutter 3\/4 tum - kristallklar<\/p>\n<p>1x Foil thermometer Display<br \/>\n1x drinking clear 5ml &#8211; sponge<br \/>\n1x Pincett fj\u00e4derst\u00e5l - bred - mjuk<br \/>\n1x pincett f\u00f6r Formicarium - plast<br \/>\n1x handf\u00f6rstoringsglas - 2x - 30mm<br \/>\n1x olja f\u00f6r skydd mot utbrott av myra 10 ml<br \/>\n1x skumtorkare 150x18x2,5mm<br \/>\n1x sprayflaska Sprayer 0,5 liter - munstycke i m\u00e4ssing<br \/>\n1x Rosenblad 100 g - torkade<br \/>\n2x foto bakv\u00e4gg - regnskog - 20\u00d720<br \/>\n1x foto bakv\u00e4gg - regnskog - 20\u00d740 h\u00f6g<\/p>\n<p><strong>Beskrivning:<\/strong><br \/>\nThis expandable starter set for all leafcutter ant species contains, in addition to the optimally adapted formicarium, the appropriate accessories for keeping these ants. The basins are easy to use for feeding and cleaning. The large holes (27 mm) and tubes not only make it easy to observe the ants, they also allow the animals to remove large pieces of leaf. The stainless steel mesh inserts ensure good ventilation and are robust against mechanical impact. Even large colonies of leaf-cutter ants, which are very fond of cutting, are unable to penetrate them. The sturdy tube connectors are also absolutely bite-proof. The humidity can be increased using the spray bottle.<\/p>\n<p><strong>Viktigt:<\/strong> V\u00e4nligen fukta substratet f\u00f6re anv\u00e4ndning s\u00e5 att blandningen kan bindas och f\u00e5 ett fast grepp i myrstacken. Om substratet dessutom \u00e4r f\u00f6r torrt och dammigt kan myrornas luftv\u00e4gar blockeras och i v\u00e4rsta fall kan djuren kv\u00e4vas.<\/p>\n<p><strong>Anm\u00e4rkningar om produktionen<\/strong><br \/>\nGlaset sk\u00e4rs till i enlighet med DIN 1249 med en tolerans p\u00e5 +\/- 1 mm. Ytterligare flyktskydd \u00e4r n\u00f6dv\u00e4ndigt f\u00f6r extremt sm\u00e5 myrarter.<\/p>","protected":false},"excerpt":{"rendered":"<p>Setet best\u00e5r av 43 delar<br \/>\nStorlek: <span style=\"color: #ed1c24;\"><strong>XL<\/strong><\/span><\/p>","protected":false},"featured_media":7666,"comment_status":"open","ping_status":"closed","template":"","meta":{"_acf_changed":false,"content-type":"","_monsterinsights_skip_tracking":false,"_monsterinsights_sitenote_active":false,"_monsterinsights_sitenote_note":"","_monsterinsights_sitenote_category":0},"product_brand":[],"product_cat":[73,79],"product_tag":[],"class_list":{"0":"post-2728","1":"product","2":"type-product","3":"status-publish","4":"has-post-thumbnail","6":"product_cat-starter-sets","7":"product_cat-starter-sets-for-leafcutter-ants","9":"first","10":"instock","11":"taxable","12":"shipping-taxable","13":"purchasable","14":"product-type-simple"},"acf":[],"aioseo_notices":[],"jetpack_sharing_enabled":true,"_links":{"self":[{"href":"https:\/\/antcube.shop\/sv\/wp-json\/wp\/v2\/product\/2728","targetHints":{"allow":["GET"]}}],"collection":[{"href":"https:\/\/antcube.shop\/sv\/wp-json\/wp\/v2\/product"}],"about":[{"href":"https:\/\/antcube.shop\/sv\/wp-json\/wp\/v2\/types\/product"}],"replies":[{"embeddable":true,"href":"https:\/\/antcube.shop\/sv\/wp-json\/wp\/v2\/comments?post=2728"}],"wp:featuredmedia":[{"embeddable":true,"href":"https:\/\/antcube.shop\/sv\/wp-json\/wp\/v2\/media\/7666"}],"wp:attachment":[{"href":"https:\/\/antcube.shop\/sv\/wp-json\/wp\/v2\/media?parent=2728"}],"wp:term":[{"taxonomy":"product_brand","embeddable":true,"href":"https:\/\/antcube.shop\/sv\/wp-json\/wp\/v2\/product_brand?post=2728"},{"taxonomy":"product_cat","embeddable":true,"href":"https:\/\/antcube.shop\/sv\/wp-json\/wp\/v2\/product_cat?post=2728"},{"taxonomy":"product_tag","embeddable":true,"href":"https:\/\/antcube.shop\/sv\/wp-json\/wp\/v2\/product_tag?post=2728"}],"curies":[{"name":"wp","href":"https:\/\/api.w.org\/{rel}","templated":true}]}}