{"id":2709,"date":"2021-10-08T11:59:36","date_gmt":"2021-10-08T09:59:36","guid":{"rendered":"https:\/\/antcube.shop\/produkt\/acromyrmex-cf-octospinosus\/"},"modified":"2023-05-11T14:50:47","modified_gmt":"2023-05-11T12:50:47","slug":"acromyrmex-cf-octospinosus","status":"publish","type":"product","link":"https:\/\/antcube.shop\/sv\/produkt\/acromyrmex-cf-octospinosus\/","title":{"rendered":"Acromyrmex cf. octospinosus"},"content":{"rendered":"<table border=\"1\" cellspacing=\"1\" cellpadding=\"1\">\n<tbody>\n<tr>\n<td><strong>Latinskt namn:<\/strong><\/td>\n<td><strong><img data-recalc-dims=\"1\" loading=\"lazy\" decoding=\"async\" src=\"https:\/\/i0.wp.com\/www.antstore.net\/shop\/images\/icons\/ants\/lateinname.jpg?resize=30%2C30&#038;ssl=1\" alt=\"\" width=\"30\" height=\"30\" \/><\/strong><\/td>\n<td><em>Acromymex cf. octospinosus<\/em><\/td>\n<\/tr>\n<tr>\n<td><strong>Trivialnamn:<\/strong><\/td>\n<td><strong><img data-recalc-dims=\"1\" loading=\"lazy\" decoding=\"async\" src=\"https:\/\/i0.wp.com\/www.antstore.net\/shop\/images\/icons\/ants\/trivialname.jpg?resize=30%2C30&#038;ssl=1\" alt=\"\" width=\"30\" height=\"30\" \/><\/strong><\/td>\n<td>Bladklippare<\/td>\n<\/tr>\n<tr>\n<td><strong>Taxonomi:<\/strong><\/td>\n<td><strong><img data-recalc-dims=\"1\" loading=\"lazy\" decoding=\"async\" src=\"https:\/\/i0.wp.com\/www.antstore.net\/shop\/images\/icons\/ants\/taxonomie.jpg?resize=30%2C30&#038;ssl=1\" alt=\"\" width=\"30\" height=\"30\" \/><\/strong><\/td>\n<td><strong>Underfamilj:<\/strong> Myrmicinae <strong>Stam:<\/strong> Attini<\/td>\n<\/tr>\n<tr>\n<td><strong>H\u00e5llande niv\u00e5:<\/strong><\/td>\n<td><strong><img data-recalc-dims=\"1\" loading=\"lazy\" decoding=\"async\" src=\"https:\/\/i0.wp.com\/www.antstore.net\/shop\/images\/icons\/ants\/haltungsklasse.jpg?resize=30%2C30&#038;ssl=1\" alt=\"\" width=\"30\" height=\"30\" \/><\/strong><\/td>\n<td><strong>(3)<\/strong>genom sina stora krav p\u00e5 utrymme, f\u00f6da och klimatf\u00f6rh\u00e5llanden endast f\u00f6r erfarna myrsk\u00f6tare.<\/td>\n<\/tr>\n<tr>\n<td><strong>Utbredning:<\/strong><\/td>\n<td><strong><img data-recalc-dims=\"1\" loading=\"lazy\" decoding=\"async\" src=\"https:\/\/i0.wp.com\/www.antstore.net\/shop\/images\/icons\/ants\/verbreitung.jpg?resize=30%2C30&#038;ssl=1\" alt=\"\" width=\"30\" height=\"30\" \/><\/strong><\/td>\n<td>Sydamerika<\/td>\n<\/tr>\n<tr>\n<td><strong>Habitat:<\/strong><\/td>\n<td><strong><img data-recalc-dims=\"1\" loading=\"lazy\" decoding=\"async\" src=\"https:\/\/i0.wp.com\/www.antstore.net\/shop\/images\/icons\/ants\/habitat.jpg?resize=30%2C30&#038;ssl=1\" alt=\"\" width=\"30\" height=\"30\" \/><\/strong><\/td>\n<td>m\u00e5ttlig regnskog<\/td>\n<\/tr>\n<tr>\n<td><strong>Koloniform:<\/strong><\/td>\n<td><strong><img data-recalc-dims=\"1\" loading=\"lazy\" decoding=\"async\" src=\"https:\/\/i0.wp.com\/www.antstore.net\/shop\/images\/icons\/ants\/Kolonieform.jpg?resize=30%2C30&#038;ssl=1\" alt=\"\" width=\"30\" height=\"30\" \/><\/strong><\/td>\n<td>Polygyne<\/td>\n<\/tr>\n<tr>\n<td><strong>Drottning:<\/strong><\/td>\n<td><strong><img data-recalc-dims=\"1\" loading=\"lazy\" decoding=\"async\" src=\"https:\/\/i0.wp.com\/www.antstore.net\/shop\/images\/icons\/ants\/koenigin.jpg?resize=30%2C30&#038;ssl=1\" alt=\"\" width=\"30\" height=\"30\" \/><\/strong><\/td>\n<td><strong>Storlek:<\/strong> 12mm <strong>F\u00e4rg:<\/strong> orangebrun<\/td>\n<\/tr>\n<tr>\n<td><strong>Arbetare:<\/strong><\/td>\n<td><img data-recalc-dims=\"1\" loading=\"lazy\" decoding=\"async\" src=\"https:\/\/i0.wp.com\/www.antstore.net\/shop\/images\/icons\/ants\/arbeiterin.jpg?resize=30%2C30&#038;ssl=1\" alt=\"\" width=\"30\" height=\"30\" \/><\/td>\n<td><strong>Storlek: <\/strong>5 - 15 mm <strong>F\u00e4rg:<\/strong> orangebrun till m\u00f6rkbrun<\/td>\n<\/tr>\n<tr>\n<td><strong>Soldat:<\/strong><\/td>\n<td><img data-recalc-dims=\"1\" loading=\"lazy\" decoding=\"async\" src=\"https:\/\/i0.wp.com\/www.antstore.net\/shop\/images\/icons\/ants\/soldaten.jpg?resize=30%2C30&#038;ssl=1\" alt=\"\" width=\"30\" height=\"30\" \/><\/td>\n<td>inte n\u00e4rvarande<\/td>\n<\/tr>\n<tr>\n<td><strong>M\u00e4n:<\/strong><\/td>\n<td><img data-recalc-dims=\"1\" loading=\"lazy\" decoding=\"async\" src=\"https:\/\/i0.wp.com\/www.antstore.net\/shop\/images\/icons\/ants\/maennchen.jpg?resize=30%2C30&#038;ssl=1\" alt=\"\" width=\"30\" height=\"30\" \/><\/td>\n<td><strong>Storlek:<\/strong> 7mm<strong> F\u00e4rg:<\/strong>\u00a0 brun<\/td>\n<\/tr>\n<tr>\n<td><strong>N\u00e4ring:<\/strong><\/td>\n<td><img data-recalc-dims=\"1\" loading=\"lazy\" decoding=\"async\" src=\"https:\/\/i0.wp.com\/www.antstore.net\/shop\/images\/icons\/ants\/nahrung.jpg?resize=30%2C30&#038;ssl=1\" alt=\"\" width=\"30\" height=\"30\" \/><\/td>\n<td><span id=\"result_box\" lang=\"en\">En egenodlad svamp (Leucoagaricus gongylophorus) odlas av arbetarna med blad och blommor fr\u00e5n Rosaceae-v\u00e4xter och frukter. De specifika proteinkropparna fr\u00e5n svampens hyfer sk\u00f6rdas och ges till drottning och yngel. Utfodring med socker eller honungsvatten rekommenderas.<br \/>\n<span class=\"hps\">potentiell<\/span> <span class=\"hps\">matv\u00e4xter<\/span> <span class=\"hps\">\u00e4r<\/span>: <span class=\"hps\">bj\u00f6rnb\u00e4r, hallon<\/span>, <span class=\"hps\">rosor,<\/span> <span class=\"hps\">buxbom<\/span>, fl\u00e4der, <span class=\"hps\">ek, lind<\/span>, vild <span class=\"hps\">vin<\/span> <span class=\"hps\">bredvid<\/span> <span class=\"hps\">\u00e4pplen,<\/span> <span class=\"hps\">apelsin, banan<\/span>, vindruvor <span class=\"hps\">i en n\u00f6dsituation<\/span> <span class=\"hps\">\u00e4ven havreflingor<\/span><\/span><br \/>\n<span id=\"result_box\" lang=\"en\"><span class=\"hps\">Det rekommenderas att du fuktar bladen innan du matar dem.<\/span><br \/>\n<span class=\"hps\">The<\/span> <span class=\"hps\">utfodring<\/span> <span class=\"hps\">p\u00e5<\/span> <span class=\"hps\">sumach<\/span> <span class=\"hps\">blad<\/span> <span class=\"hps\">b\u00f6r<\/span> <span class=\"hps\">vara<\/span> <span class=\"hps\">undviks till varje pris.<\/span>, som dessa <span class=\"hps\">\u00e4r<\/span> <span class=\"hps\">giftiga f\u00f6r<\/span> <span class=\"hps\">svampen.<\/span><\/span><\/td>\n<\/tr>\n<tr>\n<td><strong>Luftfuktighet:<\/strong><\/td>\n<td><strong><img data-recalc-dims=\"1\" loading=\"lazy\" decoding=\"async\" src=\"https:\/\/i0.wp.com\/www.antstore.net\/shop\/images\/icons\/ants\/feuchtigkeit.jpg?resize=30%2C30&#038;ssl=1\" alt=\"\" width=\"30\" height=\"30\" \/><\/strong><\/td>\n<td><strong>Arena:<\/strong> 40 &#8211; 70% <strong>Nestpart:<\/strong> 80 - 90% soprum: 30 - 40%<\/td>\n<\/tr>\n<tr>\n<td><strong>Temperatur:<\/strong><\/td>\n<td><strong><img data-recalc-dims=\"1\" loading=\"lazy\" decoding=\"async\" src=\"https:\/\/i0.wp.com\/www.antstore.net\/shop\/images\/icons\/ants\/temperatur.jpg?resize=30%2C30&#038;ssl=1\" alt=\"\" width=\"30\" height=\"30\" \/><\/strong><\/td>\n<td><strong>Arena:<\/strong> 21 - 28\u00b0C <strong>Nestpart:<\/strong> 24 - 28\u00b0C<\/td>\n<\/tr>\n<tr>\n<td><strong>Vinterdvala:<\/strong><\/td>\n<td><img data-recalc-dims=\"1\" loading=\"lazy\" decoding=\"async\" src=\"https:\/\/i0.wp.com\/www.antstore.net\/shop\/images\/icons\/ants\/winterruhe.jpg?resize=30%2C30&#038;ssl=1\" alt=\"\" width=\"30\" height=\"30\" \/><\/td>\n<td>ingen<\/td>\n<\/tr>\n<tr>\n<td><strong>Nestform:<\/strong><\/td>\n<td><img data-recalc-dims=\"1\" loading=\"lazy\" decoding=\"async\" src=\"https:\/\/i0.wp.com\/www.antstore.net\/shop\/images\/icons\/ants\/nestform.jpg?resize=30%2C30&#038;ssl=1\" alt=\"\" width=\"30\" height=\"30\" \/><\/td>\n<td>bo i jorden<\/td>\n<\/tr>\n<tr>\n<td><strong>Typ av Formicaria:<\/strong><\/td>\n<td><img data-recalc-dims=\"1\" loading=\"lazy\" decoding=\"async\" src=\"https:\/\/i0.wp.com\/www.antstore.net\/shop\/images\/icons\/ants\/formicarienart.jpg?resize=30%2C30&#038;ssl=1\" alt=\"\" width=\"30\" height=\"30\" \/><\/td>\n<td>G\u00e5rd, Farmbasin, bass\u00e4ng, rambass\u00e4ng, \u00f6, akrylcylinder<\/td>\n<\/tr>\n<tr>\n<td><strong>Formicaria storlek:<\/strong><\/td>\n<td><strong><img data-recalc-dims=\"1\" loading=\"lazy\" decoding=\"async\" src=\"https:\/\/i0.wp.com\/www.antstore.net\/shop\/images\/icons\/ants\/formicariengroesse.jpg?resize=30%2C30&#038;ssl=1\" alt=\"\" width=\"30\" height=\"30\" \/><\/strong><\/td>\n<td><strong>Storlek:<\/strong> <strong>L<\/strong><strong> - XL\u00a0<\/strong><strong> !!!! n\u00e4r kolonin v\u00e4xer upp beh\u00f6vs minst 3 bass\u00e4nger f\u00f6r svamp, matning och sopor !!!!<\/strong><\/td>\n<\/tr>\n<tr>\n<td><strong>Underlag:<\/strong><\/td>\n<td><strong><img data-recalc-dims=\"1\" loading=\"lazy\" decoding=\"async\" src=\"https:\/\/i0.wp.com\/www.antstore.net\/shop\/images\/icons\/ants\/substrat.jpg?resize=30%2C30&#038;ssl=1\" alt=\"\" width=\"30\" height=\"30\" \/><\/strong><\/td>\n<td><strong>G\u00e5rd:<\/strong> &#8211; <strong>Arena: <\/strong>Potterclay, perlit, humus, sand- och lera<\/td>\n<\/tr>\n<tr>\n<td><strong>Plantering:<\/strong><\/td>\n<td><img data-recalc-dims=\"1\" loading=\"lazy\" decoding=\"async\" src=\"https:\/\/i0.wp.com\/www.antstore.net\/shop\/images\/icons\/ants\/bepflanzung.jpg?resize=30%2C30&#038;ssl=1\" alt=\"\" width=\"30\" height=\"30\" \/><\/td>\n<td>&#8211;<\/td>\n<\/tr>\n<tr>\n<td><strong>Dekoration:<\/strong><\/td>\n<td><img data-recalc-dims=\"1\" loading=\"lazy\" decoding=\"async\" src=\"https:\/\/i0.wp.com\/www.antstore.net\/shop\/images\/icons\/ants\/dekoration.jpg?resize=30%2C30&#038;ssl=1\" alt=\"\" width=\"30\" height=\"30\" \/><\/td>\n<td>&#8211;<\/td>\n<\/tr>\n<tr>\n<td><strong>Beskrivning:<\/strong><\/td>\n<td><img data-recalc-dims=\"1\" loading=\"lazy\" decoding=\"async\" src=\"https:\/\/i0.wp.com\/www.antstore.net\/shop\/images\/icons\/ants\/beschreibung.jpg?resize=30%2C30&#038;ssl=1\" alt=\"\" width=\"30\" height=\"30\" \/><\/td>\n<td><span id=\"result_box\" lang=\"en\"><span class=\"hps\">Acromyrmex cf.<\/span> <span class=\"hps\">octospinus<\/span> <span class=\"hps\">\u00e4r en liten<\/span> <span class=\"hps alt-edited\">bladklippare<\/span> <span class=\"hps\">fr\u00e5n Sydamerika<\/span> <span class=\"hps\">som sk\u00e4r ned<\/span> <span class=\"hps\">blommande v\u00e4xter<\/span> <span class=\"hps\">i naturen. <\/span><\/span><br \/>\n<span id=\"result_box\" lang=\"en\"><span class=\"hps\">Till skillnad fr\u00e5n<\/span> <span class=\"hps\">Atta<\/span> <span class=\"hps\">de<\/span> <span class=\"hps\">utf\u00f6ra<\/span> <span class=\"hps\">l\u00e5ng<\/span> <span class=\"hps\">vandringar till<\/span> <span class=\"hps\">deras<\/span> <span class=\"hps\">Avverkningsomr\u00e5den.<\/span> <span class=\"hps\">och<\/span> De beh\u00f6ver dessa l\u00e5nga promenader f\u00f6r att utvecklas optimalt.<\/span><\/td>\n<\/tr>\n<tr>\n<td><strong>Utveckling:<\/strong><\/td>\n<td><strong><img data-recalc-dims=\"1\" loading=\"lazy\" decoding=\"async\" src=\"https:\/\/i0.wp.com\/www.antstore.net\/shop\/images\/icons\/ants\/entwicklung.jpg?resize=30%2C30&#038;ssl=1\" alt=\"\" width=\"30\" height=\"30\" \/><\/strong><\/td>\n<td><strong>parningsflygning:<\/strong> med de f\u00f6rsta sommarregnen<br \/>\n<strong>grundande:<\/strong> klaustral med en svampbit fr\u00e5n moderkolonin som f\u00f6rst befruktas med drottningens avf\u00f6ring. En drottning kan bli mellan 8 och upp till 15 \u00e5r gammal.<br \/>\n<strong>Kolonisats:<\/strong> upp till 20 000 personer<\/td>\n<\/tr>\n<tr>\n<td><strong>Kvantitet:<\/strong><\/td>\n<td><img data-recalc-dims=\"1\" loading=\"lazy\" decoding=\"async\" src=\"https:\/\/i0.wp.com\/www.antstore.net\/shop\/images\/icons\/ants\/menge.jpg?resize=30%2C30&#038;ssl=1\" alt=\"\" width=\"30\" height=\"30\" \/><\/td>\n<td>en befruktad drottning med svamp och arbetare (se urval); yngel (beroende p\u00e5 s\u00e4song och utveckling)<\/td>\n<\/tr>\n<tr>\n<td><strong>Webbl\u00e4nkar:<\/strong><\/td>\n<td><a href=\"http:\/\/www.antstore.net\/viewforum.php?f=9\"><span style=\"color: #0000ff;\"><img data-recalc-dims=\"1\" loading=\"lazy\" decoding=\"async\" src=\"https:\/\/i0.wp.com\/www.antstore.net\/shop\/images\/icons\/ants\/weblinks.jpg?resize=30%2C30&#038;ssl=1\" alt=\"\" width=\"30\" height=\"30\" \/><\/span><\/a><\/td>\n<td><a href=\"http:\/\/www.antstore.net\/viewforum.php?f=130\"><span style=\"color: #0000ff;\">- Forum<\/span><\/a><\/p>\n<p><span style=\"color: #0000ff;\"><a href=\"http:\/\/www.antweb.org\/description.do?subfamily=myrmicinae&amp;genus=acromyrmex&amp;name=octospinosus&amp;rank=species&amp;project=allantwebants\">- Referens<\/a><\/span><\/td>\n<\/tr>\n<\/tbody>\n<\/table>","protected":false},"excerpt":{"rendered":"<p>Bevarandegrad 3 - Riskniv\u00e5 2<br \/>\nStorlek: <strong>L - XL<\/strong><\/p>","protected":false},"featured_media":3355,"comment_status":"open","ping_status":"closed","template":"","meta":{"_acf_changed":false,"content-type":"","_monsterinsights_skip_tracking":false,"_monsterinsights_sitenote_active":false,"_monsterinsights_sitenote_note":"","_monsterinsights_sitenote_category":0},"product_brand":[],"product_cat":[107,111],"product_tag":[],"class_list":{"0":"post-2709","1":"product","2":"type-product","3":"status-publish","4":"has-post-thumbnail","6":"product_cat-ants","7":"product_cat-south-and-central-america","9":"first","10":"instock","11":"product-type-external"},"acf":[],"aioseo_notices":[],"jetpack_sharing_enabled":true,"_links":{"self":[{"href":"https:\/\/antcube.shop\/sv\/wp-json\/wp\/v2\/product\/2709","targetHints":{"allow":["GET"]}}],"collection":[{"href":"https:\/\/antcube.shop\/sv\/wp-json\/wp\/v2\/product"}],"about":[{"href":"https:\/\/antcube.shop\/sv\/wp-json\/wp\/v2\/types\/product"}],"replies":[{"embeddable":true,"href":"https:\/\/antcube.shop\/sv\/wp-json\/wp\/v2\/comments?post=2709"}],"wp:featuredmedia":[{"embeddable":true,"href":"https:\/\/antcube.shop\/sv\/wp-json\/wp\/v2\/media\/3355"}],"wp:attachment":[{"href":"https:\/\/antcube.shop\/sv\/wp-json\/wp\/v2\/media?parent=2709"}],"wp:term":[{"taxonomy":"product_brand","embeddable":true,"href":"https:\/\/antcube.shop\/sv\/wp-json\/wp\/v2\/product_brand?post=2709"},{"taxonomy":"product_cat","embeddable":true,"href":"https:\/\/antcube.shop\/sv\/wp-json\/wp\/v2\/product_cat?post=2709"},{"taxonomy":"product_tag","embeddable":true,"href":"https:\/\/antcube.shop\/sv\/wp-json\/wp\/v2\/product_tag?post=2709"}],"curies":[{"name":"wp","href":"https:\/\/api.w.org\/{rel}","templated":true}]}}