{"id":2672,"date":"2021-10-04T15:33:44","date_gmt":"2021-10-04T13:33:44","guid":{"rendered":"https:\/\/antcube.shop\/produkt\/antcube-starter-set-m-20x20-combi\/"},"modified":"2026-04-10T18:11:20","modified_gmt":"2026-04-10T16:11:20","slug":"antcube-starter-set-m-20x20-combi","status":"publish","type":"product","link":"https:\/\/antcube.shop\/sv\/produkt\/antcube-starter-set-m-20x20-combi\/","title":{"rendered":"ANTCUBE Starter Set M - 20\u00d720 - Combi"},"content":{"rendered":"<p>Inneh\u00e5ll:<br \/>\n1x ANTCUBE - Arena 20x20x20 - Combi M<br \/>\n1x skydd f\u00f6r myrarena 20\u00d720<br \/>\n4x f\u00e4stpunkt f\u00f6r arena\u00f6verdrag<br \/>\n2x Formicarium pluggar f\u00f6r 27mm h\u00e5l<br \/>\n2x Formicarium plugg f\u00f6r 50mm h\u00e5l<br \/>\n1x substrat - sand-lam beige - 1000g<br \/>\n1x dryckesflaska 2ml - 360 grader<br \/>\n1x dish clear 1&#215;20 &#8211; sponge<br \/>\n1x handf\u00f6rstoringsglas - 2x - 30mm<br \/>\n1x pincett plast transparent<br \/>\n1x plastpipett 3ml<br \/>\n1x Myrflyktolja 10ml<br \/>\n1x skumtorkare 150x18x2,5mm<\/p>\n<p><strong>Beskrivning:<\/strong><br \/>\nDetta Starter Set - Combi \u00e4r l\u00e4mpligt f\u00f6r de flesta arter av myror som h\u00e4ckar i marken.<br \/>\nSetet \u00e4r mycket kompakt och de medf\u00f6ljande tillbeh\u00f6ren \u00e4r reducerade till det viktigaste.<br \/>\nD\u00e4rf\u00f6r \u00e4r det en billig upps\u00e4ttning av h\u00f6gkvalitativa material, som \u00e4r idealisk f\u00f6r nyb\u00f6rjare inom myrh\u00e5llning.<br \/>\nDet medf\u00f6ljande substratet sand - lera beige accepteras v\u00e4l av de flesta arter av gr\u00e4vande myror.<\/p>\n<p>Eventuellt kan andra jordsubstrat eller boinl\u00e4gg placeras i arenaens boomr\u00e5de.<br \/>\nUnder f\u00f6rslagen (se nedan) hittar du ytterligare anv\u00e4ndbara tillbeh\u00f6r.<\/p>\n<p><strong>Rekommendation:<\/strong> Vi rekommenderar ett substratskikt p\u00e5 2 mm h\u00f6jd, s\u00e5 att djuren inte kan gr\u00e4va sig in i arenan och i st\u00e4llet anv\u00e4nda den g\u00e5rd som tillhandah\u00e5lls f\u00f6r detta \u00e4ndam\u00e5l. Vi rekommenderar ocks\u00e5 att boendematerialet i farmen (sand\/lera, Digfix etc.) \u00e4r l\u00e4tt prickat p\u00e5 ett st\u00e4lle f\u00f6r att g\u00f6ra det l\u00e4ttare f\u00f6r djuren att gr\u00e4va.<\/p>\n<p><strong>Viktigt:<\/strong> Fukta substratet f\u00f6re anv\u00e4ndning s\u00e5 att blandningen kan binda sig och f\u00e5 ett fast grepp i myrstacken. Dessutom kan ett f\u00f6r torrt och dammigt substrat leda till att myrornas luftv\u00e4gar blockeras och i v\u00e4rsta fall kan djuren kv\u00e4vas.<\/p>\n<p><strong>Meddelande:<\/strong><br \/>\nN\u00e4r du anv\u00e4nder v\u00e5ra nestinsatser, observera att de \u00e4r 8 mm smalare, eftersom de ursprungligen utformades f\u00f6r att passa v\u00e5ra smalare myrstackar samt arenainsatser! H\u00e4r skulle utrymmet mellanrummen beh\u00f6va fyllas med fyllnadsmaterial som gips eller lera.<\/p>\n<p><strong>Anm\u00e4rkningar om produktionen<\/strong><br \/>\nGlaset sk\u00e4rs enligt DIN 1249 med en tolerans p\u00e5 +\/- 1 mm. F\u00f6r extremt sm\u00e5 myrarter \u00e4r det n\u00f6dv\u00e4ndigt med ytterligare flyktskydd.<\/p>\n<p><strong>Instruktioner:<\/strong><br \/>\n- DE Anvisningar Starter Set Combi (PDF 7,98 MB)<br \/>\n- SV Bruksanvisning - Startpaket Combi (PDF 7,94 MB)<br \/>\n- ES Manual de instrucciones - Set de inicio Combi (PDF 7,94 MB)<br \/>\n- FR Manuel d'instruction - Kit de d\u00e9marrage Combi (PDF 7,95 MB)<\/p>","protected":false},"excerpt":{"rendered":"<p>Setet best\u00e5r av 18 delar och passar f\u00f6r alla myrarter.<br \/>\nStorlek: <strong>M<\/strong><\/p>","protected":false},"featured_media":5445,"comment_status":"open","ping_status":"closed","template":"","meta":{"_acf_changed":false,"content-type":"","_monsterinsights_skip_tracking":false,"_monsterinsights_sitenote_active":false,"_monsterinsights_sitenote_note":"","_monsterinsights_sitenote_category":0},"product_brand":[],"product_cat":[73,78],"product_tag":[],"class_list":{"0":"post-2672","1":"product","2":"type-product","3":"status-publish","4":"has-post-thumbnail","6":"product_cat-starter-sets","7":"product_cat-starter-sets-combi","9":"first","10":"instock","11":"taxable","12":"shipping-taxable","13":"purchasable","14":"product-type-simple"},"acf":[],"aioseo_notices":[],"jetpack_sharing_enabled":true,"_links":{"self":[{"href":"https:\/\/antcube.shop\/sv\/wp-json\/wp\/v2\/product\/2672","targetHints":{"allow":["GET"]}}],"collection":[{"href":"https:\/\/antcube.shop\/sv\/wp-json\/wp\/v2\/product"}],"about":[{"href":"https:\/\/antcube.shop\/sv\/wp-json\/wp\/v2\/types\/product"}],"replies":[{"embeddable":true,"href":"https:\/\/antcube.shop\/sv\/wp-json\/wp\/v2\/comments?post=2672"}],"wp:featuredmedia":[{"embeddable":true,"href":"https:\/\/antcube.shop\/sv\/wp-json\/wp\/v2\/media\/5445"}],"wp:attachment":[{"href":"https:\/\/antcube.shop\/sv\/wp-json\/wp\/v2\/media?parent=2672"}],"wp:term":[{"taxonomy":"product_brand","embeddable":true,"href":"https:\/\/antcube.shop\/sv\/wp-json\/wp\/v2\/product_brand?post=2672"},{"taxonomy":"product_cat","embeddable":true,"href":"https:\/\/antcube.shop\/sv\/wp-json\/wp\/v2\/product_cat?post=2672"},{"taxonomy":"product_tag","embeddable":true,"href":"https:\/\/antcube.shop\/sv\/wp-json\/wp\/v2\/product_tag?post=2672"}],"curies":[{"name":"wp","href":"https:\/\/api.w.org\/{rel}","templated":true}]}}