{"id":12443,"date":"2025-09-30T10:07:55","date_gmt":"2025-09-30T08:07:55","guid":{"rendered":"https:\/\/antcube.shop\/en\/product\/poster-lasius-niger-lebensweise-100x70\/"},"modified":"2026-01-12T12:43:19","modified_gmt":"2026-01-12T11:43:19","slug":"affisch-lasius-niger-livets-vag-100x70","status":"publish","type":"product","link":"https:\/\/antcube.shop\/sv\/produkt\/affisch-lasius-niger-livets-vag-100x70\/","title":{"rendered":"Poster - Lasius niger s\u00e4tt att leva - 100\u00d770"},"content":{"rendered":"<p><strong>M\u00e5tt:<\/strong> 100\u00d770 cm<\/p>\n<p><strong>Material:<\/strong> Latexpapper<br \/>\nDetta papper \u00e4r vattent\u00e4tt, avtorkningsbart, slitstarkt, milj\u00f6v\u00e4nligt eftersom det inte inneh\u00e5ller n\u00e5gra milj\u00f6farliga l\u00f6sningsmedel och ger en briljant utskriftskvalitet.<\/p>\n<p><strong>Beskrivning:<\/strong> Den h\u00e4r affischen ger en tydlig \u00f6versikt \u00f6ver livsstilen f\u00f6r Lasius niger - svartmyran. Det \u00e4r en av de mest utbredda och mest v\u00e4lk\u00e4nda myrarterna i Europa och kanske till och med en av de mest popul\u00e4ra representanterna f\u00f6r sitt sl\u00e4kte i hela v\u00e4rlden.<\/p>\n<p><strong>Viktigt - ytterligare information:<\/strong> <a href=\"https:\/\/www.ants.de\/link\/1006\">H\u00e4r<\/a> hittar du en detaljerad beskrivning av de enskilda scenerna p\u00e5 affischen. Dessa ing\u00e5r inte, men kan h\u00e4mtas och skrivas ut separat via f\u00f6ljande l\u00e4nk. <a href=\"https:\/\/www.ants.de\/link\/1006\">https:\/\/www.ants.de\/link\/1006<\/a><\/p>","protected":false},"excerpt":{"rendered":"<p>Storlek: 100\u00d770 cm<\/p>","protected":false},"featured_media":12453,"comment_status":"open","ping_status":"closed","template":"","meta":{"_acf_changed":false,"content-type":"","_monsterinsights_skip_tracking":false,"_monsterinsights_sitenote_active":false,"_monsterinsights_sitenote_note":"","_monsterinsights_sitenote_category":0},"product_brand":[484],"product_cat":[547,500,245],"product_tag":[],"class_list":{"0":"post-12443","1":"product","2":"type-product","3":"status-publish","4":"has-post-thumbnail","6":"product_brand-antcube","7":"product_cat-all-products","8":"product_cat-ant-posters-and-teaching-aids","9":"product_cat-merchandise","11":"first","12":"instock","13":"taxable","14":"shipping-taxable","15":"purchasable","16":"product-type-simple"},"acf":[],"aioseo_notices":[],"jetpack_sharing_enabled":true,"_links":{"self":[{"href":"https:\/\/antcube.shop\/sv\/wp-json\/wp\/v2\/product\/12443","targetHints":{"allow":["GET"]}}],"collection":[{"href":"https:\/\/antcube.shop\/sv\/wp-json\/wp\/v2\/product"}],"about":[{"href":"https:\/\/antcube.shop\/sv\/wp-json\/wp\/v2\/types\/product"}],"replies":[{"embeddable":true,"href":"https:\/\/antcube.shop\/sv\/wp-json\/wp\/v2\/comments?post=12443"}],"wp:featuredmedia":[{"embeddable":true,"href":"https:\/\/antcube.shop\/sv\/wp-json\/wp\/v2\/media\/12453"}],"wp:attachment":[{"href":"https:\/\/antcube.shop\/sv\/wp-json\/wp\/v2\/media?parent=12443"}],"wp:term":[{"taxonomy":"product_brand","embeddable":true,"href":"https:\/\/antcube.shop\/sv\/wp-json\/wp\/v2\/product_brand?post=12443"},{"taxonomy":"product_cat","embeddable":true,"href":"https:\/\/antcube.shop\/sv\/wp-json\/wp\/v2\/product_cat?post=12443"},{"taxonomy":"product_tag","embeddable":true,"href":"https:\/\/antcube.shop\/sv\/wp-json\/wp\/v2\/product_tag?post=12443"}],"curies":[{"name":"wp","href":"https:\/\/api.w.org\/{rel}","templated":true}]}}