{"id":12288,"date":"2025-09-02T09:53:21","date_gmt":"2025-09-02T07:53:21","guid":{"rendered":"https:\/\/antcube.shop\/en\/product\/antcube-nest-30x30-liegend\/"},"modified":"2026-02-26T10:38:03","modified_gmt":"2026-02-26T09:38:03","slug":"antcube-nest-30x30-liggande","status":"publish","type":"product","link":"https:\/\/antcube.shop\/sv\/produkt\/antcube-nest-30x30-liggande\/","title":{"rendered":"ANTCUBE - Nest 30\u00d730 - liggande"},"content":{"rendered":"<p><strong>M\u00e5tt:<\/strong><br \/>\nBo: 290 x 290 x 28 mm<br \/>\nGlash\u00f6lje: 290 x 290 x 4 mm<\/p>\n<p><strong>Material:<\/strong><br \/>\nFlytande glas, plast<\/p>\n<p><strong>F\u00e4rg:<\/strong><br \/>\nKristallklar<\/p>\n<p><strong>Inneh\u00e5ll:<\/strong><br \/>\n1x ANTCUBE - Nest 30\u00d730 - horisontell med tv\u00e5 anslutningsuttag L 20\/16<br \/>\n1x glasskydd med 27 mm h\u00e5l<\/p>\n<p><strong>Anslutning: <\/strong>2x 14\/16\/18\/20 x 20 mm uttag<\/p>\n<p>14\/10-slangen \u00e4r ordentligt inf\u00f6rd i 14 mm-uttaget<br \/>\n20\/16-slangen f\u00f6rs in t\u00e4tt i det f\u00f6rsta 16 mm-steget<br \/>\n22\/18-slangen \u00e4r t\u00e4tt inf\u00f6rd i det andra 20 mm-steget<\/p>\n<p><strong>Beskrivning: <\/strong>V\u00e5rt horisontella n\u00e4ste har tv\u00e5 anslutningsstosar d\u00e4r slangar eller r\u00f6r kan f\u00e4stas. Alternativt kan dessa f\u00f6rslutas s\u00e4kert med matchande plast- eller n\u00e4tlock.<\/p>\n<p>F\u00f6r st\u00f6rre myrarter, t.ex. olika Camponotus-arter, rekommenderar vi att du kombinerar det med ett av v\u00e5ra korkbon som finns separat. Boet kan dock \u00e4ven fyllas med substrat.<\/p>\n<p>Locket kan tas bort och sitter s\u00e4kert p\u00e5 myrstacken tack vare den gummerade kanten. I mitten finns ett 27 mm stort h\u00e5l som anv\u00e4nds f\u00f6r att fukta insidan av boet. Beroende p\u00e5 \u00f6nskad luftfuktighet kan denna \u00f6ppning f\u00f6rslutas med antingen en n\u00e4tinsats eller en formicariumplugg.<\/p>\n<p>Som tillval finns ett r\u00f6tt lock som g\u00f6r boet m\u00f6rkare och som, beroende p\u00e5 vilken art som h\u00e5lls, kan ha en positiv effekt p\u00e5 kolonins utveckling.<\/p>\n<p><strong>Information om tillverkning<\/strong><br \/>\nGlaset \u00e4r skuret i enlighet med DIN 1249 med en tolerans p\u00e5 +\/- 1 mm. Ytterligare brytskydd \u00e4r n\u00f6dv\u00e4ndigt f\u00f6r extremt sm\u00e5 myrarter.<\/p>\n<p><strong>Anm\u00e4rkning om anslutningsuttagen<\/strong><br \/>\nObservera f\u00f6ljande n\u00e4r du monterar eller tar bort slangar:<br \/>\nOm slangen \u00e4r mycket sv\u00e5r att f\u00e5 p\u00e5 plats p\u00e5 anslutningshylsan ska hylsan gnidas l\u00e4tt med en droppe av v\u00e5r olja eller v\u00e5rt pulver f\u00f6r utbrytningsskydd. Slangen ska sedan skjutas p\u00e5 kopplingen genom att vrida eller skruva p\u00e5 den, utan att ut\u00f6va tryck upp\u00e5t eller ned\u00e5t p\u00e5 kopplingen. Samma sak g\u00e4ller n\u00e4r du tar bort slangarna fr\u00e5n anslutningen. Dra inte bara av dem!<\/p>","protected":false},"excerpt":{"rendered":"<p>Anslutning: 2x 14\/16\/18\/20 mm uttag<br \/>\nStorlek: L<\/p>","protected":false},"featured_media":12293,"comment_status":"open","ping_status":"closed","template":"","meta":{"_acf_changed":false,"content-type":"","_monsterinsights_skip_tracking":false,"_monsterinsights_sitenote_active":false,"_monsterinsights_sitenote_note":"","_monsterinsights_sitenote_category":0},"product_brand":[484],"product_cat":[257,80,83,86],"product_tag":[],"class_list":{"0":"post-12288","1":"product","2":"type-product","3":"status-publish","4":"has-post-thumbnail","6":"product_brand-antcube","7":"product_cat-new-innovatve-products","8":"product_cat-antfarms","9":"product_cat-antfarms-l","10":"product_cat-formicariums","12":"first","13":"instock","14":"taxable","15":"shipping-taxable","16":"purchasable","17":"product-type-simple"},"acf":[],"aioseo_notices":[],"jetpack_sharing_enabled":true,"_links":{"self":[{"href":"https:\/\/antcube.shop\/sv\/wp-json\/wp\/v2\/product\/12288","targetHints":{"allow":["GET"]}}],"collection":[{"href":"https:\/\/antcube.shop\/sv\/wp-json\/wp\/v2\/product"}],"about":[{"href":"https:\/\/antcube.shop\/sv\/wp-json\/wp\/v2\/types\/product"}],"replies":[{"embeddable":true,"href":"https:\/\/antcube.shop\/sv\/wp-json\/wp\/v2\/comments?post=12288"}],"wp:featuredmedia":[{"embeddable":true,"href":"https:\/\/antcube.shop\/sv\/wp-json\/wp\/v2\/media\/12293"}],"wp:attachment":[{"href":"https:\/\/antcube.shop\/sv\/wp-json\/wp\/v2\/media?parent=12288"}],"wp:term":[{"taxonomy":"product_brand","embeddable":true,"href":"https:\/\/antcube.shop\/sv\/wp-json\/wp\/v2\/product_brand?post=12288"},{"taxonomy":"product_cat","embeddable":true,"href":"https:\/\/antcube.shop\/sv\/wp-json\/wp\/v2\/product_cat?post=12288"},{"taxonomy":"product_tag","embeddable":true,"href":"https:\/\/antcube.shop\/sv\/wp-json\/wp\/v2\/product_tag?post=12288"}],"curies":[{"name":"wp","href":"https:\/\/api.w.org\/{rel}","templated":true}]}}