{"id":12286,"date":"2025-09-02T09:53:07","date_gmt":"2025-09-02T07:53:07","guid":{"rendered":"https:\/\/antcube.shop\/en\/product\/antcube-korknest-30x30-liegend\/"},"modified":"2026-02-26T10:38:05","modified_gmt":"2026-02-26T09:38:05","slug":"antcube-corknest-30x30-liggande","status":"publish","type":"product","link":"https:\/\/antcube.shop\/sv\/produkt\/antcube-corknest-30x30-liggande\/","title":{"rendered":"ANTCUBE - Corknest 30\u00d730 - liggande"},"content":{"rendered":"<p><strong>M\u00e5tt:<\/strong> 280x280x28mm<\/p>\n<p><strong>Material:<\/strong> Kork (fin)<\/p>\n<p><strong>Anv\u00e4ndning:<\/strong><br \/>\nPassar endast i v\u00e5r ANTCUBE - Nest 30\u00d730 - horisontell<\/p>\n<p><strong>Beskrivning:\u00a0<\/strong><br \/>\nDetta korkbo med f\u00f6rbyggda tunnlar och kammare \u00e4r l\u00e4mpligt f\u00f6r m\u00e5nga myrarter, s\u00e4rskilt de som bygger bo i (d\u00f6tt) tr\u00e4. Det har tv\u00e5 h\u00e5l som fungerar som ing\u00e5ngar till boet.<\/p>\n<p>Kork \u00e4r ett naturligt, kemiskt neutralt material. Dess struktur \u00e4r ogenomtr\u00e4nglig f\u00f6r v\u00e4tskor, reagerar inte kemiskt och f\u00f6rblir d\u00e4rf\u00f6r intakt under l\u00e5ng tid. Permanent h\u00f6g fukthalt kan dock fr\u00e4mja r\u00f6ta och f\u00f6rkorta boets livsl\u00e4ngd. I allm\u00e4nhet \u00e4r kork mycket motst\u00e5ndskraftig mot r\u00f6ta och svamp- och m\u00f6gelangrepp. Dess speciella yta och struktur utg\u00f6r ingen l\u00e4mplig grogrund f\u00f6r svampar. Matrester, exkrementer eller andra organiska \u00e4mnen kan dock fr\u00e4mja m\u00f6geltillv\u00e4xt.<\/p>\n<p>Vi rekommenderar d\u00e4rf\u00f6r att myrarter fr\u00e5n torrare omr\u00e5den f\u00f6rvaras i korkbon. Men \u00e4ven arter fr\u00e5n fuktigare milj\u00f6er kan h\u00e5llas i dem - f\u00f6r de flesta \u00e4r r\u00f6ta inget problem. M\u00e5nga myrarter som finns i norra Europa, som Camponotus herculeanus eller Formica fusca, \u00e4r till och med naturligt anpassade till ruttet eller delvis f\u00f6rmultnat tr\u00e4.<\/p>","protected":false},"excerpt":{"rendered":"<p>Storlek: 280x280x28mm<\/p>","protected":false},"featured_media":12291,"comment_status":"open","ping_status":"closed","template":"","meta":{"_acf_changed":false,"content-type":"","_monsterinsights_skip_tracking":false,"_monsterinsights_sitenote_active":false,"_monsterinsights_sitenote_note":"","_monsterinsights_sitenote_category":0},"product_brand":[484],"product_cat":[257,87,89],"product_tag":[],"class_list":{"0":"post-12286","1":"product","2":"type-product","3":"status-publish","4":"has-post-thumbnail","6":"product_brand-antcube","7":"product_cat-new-innovatve-products","8":"product_cat-nest-insets","9":"product_cat-cork","11":"first","12":"instock","13":"taxable","14":"shipping-taxable","15":"purchasable","16":"product-type-simple"},"acf":[],"aioseo_notices":[],"jetpack_sharing_enabled":true,"_links":{"self":[{"href":"https:\/\/antcube.shop\/sv\/wp-json\/wp\/v2\/product\/12286","targetHints":{"allow":["GET"]}}],"collection":[{"href":"https:\/\/antcube.shop\/sv\/wp-json\/wp\/v2\/product"}],"about":[{"href":"https:\/\/antcube.shop\/sv\/wp-json\/wp\/v2\/types\/product"}],"replies":[{"embeddable":true,"href":"https:\/\/antcube.shop\/sv\/wp-json\/wp\/v2\/comments?post=12286"}],"wp:featuredmedia":[{"embeddable":true,"href":"https:\/\/antcube.shop\/sv\/wp-json\/wp\/v2\/media\/12291"}],"wp:attachment":[{"href":"https:\/\/antcube.shop\/sv\/wp-json\/wp\/v2\/media?parent=12286"}],"wp:term":[{"taxonomy":"product_brand","embeddable":true,"href":"https:\/\/antcube.shop\/sv\/wp-json\/wp\/v2\/product_brand?post=12286"},{"taxonomy":"product_cat","embeddable":true,"href":"https:\/\/antcube.shop\/sv\/wp-json\/wp\/v2\/product_cat?post=12286"},{"taxonomy":"product_tag","embeddable":true,"href":"https:\/\/antcube.shop\/sv\/wp-json\/wp\/v2\/product_tag?post=12286"}],"curies":[{"name":"wp","href":"https:\/\/api.w.org\/{rel}","templated":true}]}}