{"id":11857,"date":"2025-06-20T14:40:22","date_gmt":"2025-06-20T12:40:22","guid":{"rendered":"https:\/\/antcube.shop\/en\/product\/bundle-offer-tetraponera-rufonigra\/"},"modified":"2026-03-25T14:17:29","modified_gmt":"2026-03-25T13:17:29","slug":"paketerbjudande-tetraponera-rufonigra","status":"publish","type":"product","link":"https:\/\/antcube.shop\/sv\/produkt\/paketerbjudande-tetraponera-rufonigra\/","title":{"rendered":"Paketerbjudande - Tetraponera rufonigra"},"content":{"rendered":"<p><strong><span data-text-color=\"secondary\">Paketerbjudande med en Tetraponera rufonigra-myrkoloni (drottning + 5\u201310 arbetare + yngel), ett startkit av kork, 2x formicarium-underl\u00e4gg, en p\u00e5fyllningsf\u00f6rpackning med honungsdaggmix 10 ml och en burk med v\u00e5ra specialblancherade syrsor (fuktigt protein).<\/span><\/strong><\/p>\n<p><span data-text-color=\"alert\"><strong>Endast s\u00e5 l\u00e4nge lagret r\u00e4cker.<\/strong><\/span><\/p>\n<p><strong>Allt du beh\u00f6ver f\u00f6r en Tetraponera rufonigra-myrkoloni<\/strong><br \/>\nDetta paket inneh\u00e5ller allt som beh\u00f6vs f\u00f6r att framg\u00e5ngsrikt starta och ta hand om en Tetraponera rufonigra-koloni under dess tidiga utveckling. Det \u00e4r nyb\u00f6rjarv\u00e4nligt och l\u00e4tt att ut\u00f6ka i takt med att kolonin v\u00e4xer.<\/p>\n<p><strong>Art av myra: Tetraponera rufonigra<\/strong><br \/>\nTetraponera rufonigra \u00e4r en slank, tr\u00e4dlevande myrart som \u00e4r k\u00e4nd f\u00f6r sin sl\u00e5ende r\u00f6daktiga och svarta f\u00e4rg. Den h\u00e4rstammar fr\u00e5n Syd- och Sydostasien och bygger vanligtvis bo i d\u00f6da kvistar eller ih\u00e5liga v\u00e4xtstammar och \u00e4r anpassad till varma, fuktiga tropiska milj\u00f6er. \u00c4ven om den inte \u00e4r lika vanlig som vissa marklevande arter, \u00e4r den ett utm\u00e4rkt val f\u00f6r djurh\u00e5llare som vill ha en mer aktiv och visuellt intressant koloni. <span data-text-color=\"alert\"><strong>Obs: Denna art har en gadd och visar en h\u00f6gre grad av defensivt beteende, s\u00e5 hantering b\u00f6r ske med f\u00f6rsiktighet.<\/strong><\/span><\/p>\n<p><strong>Foder f\u00f6r Tetraponera rufonigra<\/strong><br \/>\nDessa myror kr\u00e4ver en kost som \u00e4r rik p\u00e5 b\u00e5de socker och proteiner. Erbjud en blandning av honungsdaggsmix eller honungsl\u00f6sning f\u00f6r kolhydrater, tillsammans med sm\u00e5 insekter (levande eller d\u00f6da) f\u00f6r protein. De m\u00e5r s\u00e4rskilt bra av byten med mjuk kropp som bananflugor, mj\u00f6lmaskar eller v\u00e5ra blancherade syrsor. Enstaka frukter som banan eller \u00e4pple kan ocks\u00e5 erbjudas. Se alltid till att f\u00e4rskt vatten finns tillg\u00e4ngligt.<\/p>\n<p><strong>Formicarium f\u00f6r Tetraponera rufonigra<\/strong><br \/>\nI naturen bygger Tetraponera rufonigra bon i smala h\u00e5ligheter i tr\u00e4 eller ih\u00e5liga stammar. F\u00f6r sk\u00f6tsel i f\u00e5ngenskap rekommenderar vi v\u00e5r Starter Set L med boinsatser av kork eller bambu, som replikerar deras naturliga bomilj\u00f6 v\u00e4l. Vertikala eller halvvertikala h\u00e4ckningsalternativ \u00e4r idealiska f\u00f6r att simulera deras arboreala livsstil. Se till att formicariet har tillr\u00e4cklig ventilation och h\u00e5ller en m\u00e5ttlig till h\u00f6g luftfuktighet, s\u00e4rskilt i boomr\u00e5det.<\/p>\n<p><strong>Inneh\u00e5ll:<\/strong><br \/>\n1x Tetraponera rufonigra (drottning + 5\u201310 arbetare + yngel)<br \/>\n1x Cricket Jam 25g<br \/>\n1x Honeydew Mix (HT) - p\u00e5fyllningspaket 10 ml<br \/>\n1x Formicarium-bas - 20x20cm<br \/>\n1x Formicarium-bas - 20x6cm<\/p>\n<p>1x ANTCUBE - Arena 20x20x10 - platt<br \/>\n1x ram f\u00f6r myrarena 20\u00d720<br \/>\n1x skydd f\u00f6r myrarena 20\u00d720<br \/>\n4x f\u00e4stpunkt f\u00f6r arena\u00f6verdrag<br \/>\n1x ANTCUBE - Myrfarm - L - 20\u00d720 - st\u00e5ende<\/p>\n<p>1x ANTCUBE - korkbo 20\u00d720 - uppr\u00e4tt<br \/>\n1x 0,5m slang transparent 20\/16 mm<br \/>\n2x ANTCUBE - R\u00f6d folie 20\u00d720 - filter<br \/>\n1x sj\u00e4lvh\u00e4ftande clips - transparent 2 st.<br \/>\n1x underlag - sand-lera beige - 1000g<\/p>\n<p>2x Grid insert acrylic &#8211; 50 mm with sealing ring<br \/>\n1x Grid insert acrylic &#8211; 27 mm with sealing ring<br \/>\n1x gallerlock - 16mm - rostfritt st\u00e5l<\/p>\n<p>1x anslutning f\u00f6r tankslang 27-14,16,20 mm - transparent<br \/>\n1x Foil thermometer &#8211; farm<br \/>\n1x Foil thermometer Display<br \/>\n1x drinking clear 5ml &#8211; sponge<br \/>\n1x Feeding dish white rectangle &#8211; 3 compartments<br \/>\n1x Drinking trough 2ml &#8211; 360 Degrees<br \/>\n1x Myggskyddsolja 10 ml<br \/>\n1x Pincett fj\u00e4derst\u00e5l - bred - mjuk<br \/>\n1x Pincett i transparent plast<br \/>\n1x plastpipett 3ml<br \/>\n1x handf\u00f6rstoringsglas - 2x - 30mm<br \/>\n1x skumtorkare 150x18x2,5mm<\/p>\n<p><strong>Beskrivning Startpaket:<\/strong><br \/>\nDetta startset i kork, med prefabricerade korridorer och kammare, \u00e4r l\u00e4mpligt f\u00f6r olika myrarter, s\u00e4rskilt f\u00f6r arter som bygger bo i (d\u00f6tt) tr\u00e4.<\/p>\n<p>\"ANTCUBE - Cork Nest\" kan s\u00e4ttas in i den helt transparenta odlingen. Alternativt kan du ocks\u00e5 anv\u00e4nda substratet \"Sand-clay beige\" f\u00f6r att fylla odlingen eller f\u00f6r att st\u00e4nga n\u00e5gra av kamrarna i korkboet. Vid behov kan ytterligare moduler anslutas via 50 mm-h\u00e5len i locket, t.ex. de separat tillg\u00e4ngliga foggers, fl\u00e4ktar eller lampor. Alternativt ing\u00e5r l\u00e4mpliga gallerinsatser och formicariumpluggar f\u00f6r att st\u00e4nga \u00f6ppningarna i leveransen. Om s\u00e5 \u00f6nskas kan formicariet \u00e4ven anv\u00e4ndas \u00f6ppet genom att helt enkelt placera den avtagbara ramen ovanp\u00e5 och applicera myrskyddsolja p\u00e5 kanten.<\/p>\n<p><strong>Viktigt:<\/strong> V\u00e4nligen fukta substratet f\u00f6re anv\u00e4ndning s\u00e5 att blandningen kan bindas och f\u00e5 ett fast grepp i myrstacken. Om substratet dessutom \u00e4r f\u00f6r torrt och dammigt kan myrornas luftv\u00e4gar blockeras och i v\u00e4rsta fall kan djuren kv\u00e4vas.<\/p>\n<p><strong>Rekommendation: <\/strong>Vi rekommenderar ett substratlager p\u00e5 2 mm h\u00f6jd s\u00e5 att djuren inte kan gr\u00e4va sig in i arenan utan ist\u00e4llet anv\u00e4nder den g\u00e5rd som finns f\u00f6r detta \u00e4ndam\u00e5l.<\/p>\n<p><strong>Anm\u00e4rkningar om glastillverkning<\/strong><br \/>\nGlaset sk\u00e4rs till enligt DIN 1249 med en tolerans p\u00e5 +\/- 1 mm. Ytterligare utbrytningsskydd \u00e4r n\u00f6dv\u00e4ndigt f\u00f6r extremt sm\u00e5 myrarter.<\/p>\n<p><strong>Anteckningar om g\u00e5rden<\/strong><br \/>\nBoet b\u00f6r endast anv\u00e4ndas i ett torrt formicarium. Om boet h\u00e5lls fuktigt hela tiden kan materialet m\u00f6gla.<\/p>\n<p><strong>Observera f\u00f6ljande n\u00e4r du monterar eller tar bort slangar:<\/strong><br \/>\nOm slangen \u00e4r mycket sv\u00e5r att f\u00e5 p\u00e5 plats p\u00e5 anslutningshylsan, ska hylsan gnuggas l\u00e4tt med en droppe av v\u00e5r olja eller pulver som skyddar mot utbrott. Tryck sedan p\u00e5 slangen p\u00e5 uttaget med vridande eller skruvande r\u00f6relser utan att belasta uttaget med upp- och ned\u00e5tg\u00e5ende r\u00f6relser. Detsamma g\u00e4ller n\u00e4r du tar bort slangarna fr\u00e5n g\u00e5rdsanslutningsuttaget. Dra inte bara av den!<\/p>\n<p><strong>Instruktioner:<\/strong><br \/>\n&#8211; <a href=\"https:\/\/www.antstore.net\/shop\/images\/info\/en\/Instructions%20for%20use%20-%20Starter%20Set%20Cork.pdf\" data-cke-saved-href=\"https:\/\/www.antstore.net\/shop\/images\/info\/en\/Instructions%20for%20use%20-%20Starter%20Set%20Cork.pdf\">SV Bruksanvisning - Starter Set Cork (PDF 3.79 MB)<\/a><br \/>\n&#8211; <a href=\"https:\/\/www.antstore.net\/shop\/images\/info\/es\/Manual%20de%20instrucciones%20-%20Set%20de%20inicio%20de%20corcho.pdf\" data-cke-saved-href=\"https:\/\/www.antstore.net\/shop\/images\/info\/es\/Manual%20de%20instrucciones%20-%20Set%20de%20inicio%20de%20corcho.pdf\">ES Manual de instrucciones - Set de inicio de corcho (PDF 3,79 MB)<\/a><br \/>\n&#8211; <a href=\"https:\/\/www.antstore.net\/shop\/images\/info\/fr\/Manuel%20d'instruction%20-%20Kit%20de%20d%C3%A9marrage%20en%20li%C3%A8ge.pdf\" data-cke-saved-href=\"https:\/\/www.antstore.net\/shop\/images\/info\/fr\/Manuel%20d'instruction%20-%20Kit%20de%20d%C3%A9marrage%20en%20li%C3%A8ge.pdf\">FR Manual d'instruction - Kit de d\u00e9marrage en li\u00e8ge (PDF 3,79 MB)<\/a><\/p>\n<p><strong>Anteckningar om Cricket Jam:<\/strong><br \/>\nV\u00e5ra blancherade syrsor \u00e4r ett enkelt s\u00e4tt att f\u00f6rse dina myror med f\u00e4rskt konserverat proteinfoder utan att beh\u00f6va mata levande insekter. De ing\u00e5ende syrsorna (Acheta domesticus) har blancherats f\u00f6rsiktigt f\u00f6r att s\u00e4kerst\u00e4lla att n\u00e4ringsv\u00e4rden, smak och arom bibeh\u00e5lls. Dessutom mjukas insekternas kitinskal upp p\u00e5 detta s\u00e4tt s\u00e5 att det kan sm\u00e4ltas l\u00e4ttare. Bindningarna i kollagenproteinerna bryts ned s\u00e5 att myrorna kan utnyttja dem b\u00e4ttre. Acheta domesticus p\u00e5 burk har samma n\u00e4ringsv\u00e4rde som levande syrsor, men \u00e4r l\u00e4ttare att sm\u00e4lta.<\/p>\n<p>Cricket Jam \u00e4r inte l\u00e4mplig f\u00f6r jakt p\u00e5 myrarter som kr\u00e4ver levande f\u00f6da. (t.ex. poneriner (stora myror) som Harpegnathos eller Odontomachus)<\/p>\n<p><strong>Ytterligare f\u00f6rdelar:<\/strong><br \/>\nGaranterat fri fr\u00e5n kvalster<br \/>\nKan portioneras och sp\u00e4das med vatten<br \/>\nSteriliserad och vakuumf\u00f6rpackad<br \/>\nUtan tillsatser<br \/>\nSyrsor fr\u00e5n h\u00e5llbar rent ekologisk uppf\u00f6dning, matade med organiskt avfall<\/p>\n<p><strong>Observera:<\/strong><br \/>\nKan f\u00f6rvaras i kylsk\u00e5p i ca fyra dagar efter \u00f6ppnandet. L\u00e4ngre h\u00e5llbarhet om den fryses.<br \/>\nLystring: F\u00f6rst portion, sedan frys.<\/p>\n<p><strong>Anm\u00e4rkning om honungsdagg:<\/strong><br \/>\nInneh\u00e5ll: 10 ml<br \/>\nDetta \u00e4r en naturlig produkt som vi har f\u00f6rfinat efter omfattande tester i v\u00e5rt laboratorium och utvecklat till ett foder som myrorna accepterar mycket v\u00e4l. Anledningen \u00e4r att obearbetad honungsdagghonung i sin koncentrerade ursprungliga form inte accepteras v\u00e4l av myror och deras \u00e4mnesoms\u00e4ttning.<br \/>\nV\u00e5r honungsmelon samlades in i de of\u00f6rorenade vilda bergsskogarna i Bulgarien. Honungsmugg produceras bara under en mycket begr\u00e4nsad tid, cirka tv\u00e5 m\u00e5nader p\u00e5 sommaren. Den \u00e4r d\u00e4rf\u00f6r mycket s\u00e4llsynt. P\u00e5 grund av skogarnas specifika jordm\u00e5n och klimatet lagras viktiga n\u00e4rings\u00e4mnen i tr\u00e4dens blad, som absorberas av bladl\u00f6ssen. Det \u00e4r detta som g\u00f6r denna honungsdaggblandning s\u00e5 \u00e5tr\u00e5v\u00e4rd f\u00f6r myror.<\/p>\n<p><strong>Anv\u00e4ndning:<\/strong><br \/>\nM\u00e4ngden mat b\u00f6r konsumeras inom cirka 3 dagar.<\/p>\n<p><strong>Beskrivning:<\/strong><br \/>\nHonungsdagg, till skillnad fr\u00e5n blomsterhonung, framst\u00e4lls av sekret fr\u00e5n insekter som suger p\u00e5 v\u00e4xter, t.ex. bladl\u00f6ss. Honungsdagg \u00e4r en popul\u00e4r f\u00f6da f\u00f6r m\u00e5nga insekter, t.ex. myror, bin och humlor. Bin och humlor slickar i sig den fr\u00e5n blad eller barr fr\u00e5n olika tr\u00e4d. Myror som Lasius niger h\u00e5ller bokstavligen bladl\u00f6ssen. De f\u00f6rsvarar dem till och med mot rovdjur och b\u00e4r dem till nya skott.<\/p>\n<p>Honungsmelon \u00e4r s\u00e4rskilt popul\u00e4r bland myror p\u00e5 grund av dess n\u00e5got annorlunda best\u00e5ndsdelar. De viktigaste sockerarterna i honungsmelon \u00e4r sackaros och fruktos, men det finns \u00e4ven mindre m\u00e4ngder maltos, trehalos, melezitos, raffinos och andra oligosackarider. F\u00f6rutom socker och vatten inneh\u00e5ller honungsmelon ocks\u00e5 essentiella aminosyror, mineraler, sp\u00e5r\u00e4mnen, adenosiner, fosfater och andra ingredienser som vitaminer.<\/p>\n<p><strong>Anv\u00e4ndning:<\/strong><br \/>\nF\u00f6r honungs\u00e4tande myrarter (Meliphagidae)<br \/>\nDetta \u00e4r ett kompletteringsfoder<br \/>\nDet kan erbjudas till djuren som levereras. Eftersom sockerkoncentrationen minskar p\u00e5 grund av luftfuktigheten och en j\u00e4sningsprocess inleds, b\u00f6r fodret bytas ut var 3:e dag. Reng\u00f6r fodersk\u00e5len\/r\u00f6ret noggrant f\u00f6re \u00e5teranv\u00e4ndning.<br \/>\nN\u00e4r f\u00f6rpackningen har \u00f6ppnats ska den f\u00f6rvaras v\u00e4l tillsluten fram till utg\u00e5ngsdatumet.<\/p>\n<p><strong>N\u00e4ringsinneh\u00e5ll per 100 g:<\/strong><br \/>\nca 2,7 % fetter<br \/>\nvarav m\u00e4ttad ca 0,45 %<br \/>\nca 95 % kolhydrater<br \/>\nvarav socker ca 71<br \/>\nca 2.85% protein<br \/>\nMineraler (kalium, kalcium, koppar, j\u00e4rn, natrium, magnesium, fosfor, zink och andra sp\u00e5r\u00e4mnen). Aminosyror (prolin, leucin, fenylalanin, alanin, histidin, isoleucin, glutaminsyra, arginin, asparaginsyra etc.) Organiska syror Enzymer (j\u00e4sningar)Aromer Inhibiner (antibakteriella \u00e4mnen) Blommor Pollen<\/p>\n<p><strong>F\u00f6rvaring:<\/strong><br \/>\nF\u00f6r att s\u00e4kerst\u00e4lla fodrets kvalitet b\u00f6r fodret f\u00f6rvaras p\u00e5 en m\u00f6rk och torr plats.<\/p>\n<p><strong>Observera:<\/strong><br \/>\nTill\u00e4ggsfoder f\u00f6r honungs\u00e4tande myror.<br \/>\nSe bipacksedeln f\u00f6r sammans\u00e4ttning, analytiska ingredienser, b\u00e4st f\u00f6re-datum och satsnummer.<\/p>\n<p>Informationshotline +49 30 439703870<\/p>\n<p><strong>Ansvarig veterin\u00e4r- och livsmedelsinspektion:<\/strong><br \/>\nSteglitz Veterin\u00e4rbyr\u00e5<br \/>\nK\u00f6nigin-Luise-Str. 92<br \/>\n14195 Berlin<\/p>","protected":false},"excerpt":{"rendered":"<p>Satsen best\u00e5r av 33 delar<br \/>\nStorlek: L<\/p>","protected":false},"featured_media":11858,"comment_status":"open","ping_status":"closed","template":"","meta":{"_acf_changed":false,"content-type":"","_monsterinsights_skip_tracking":false,"_monsterinsights_sitenote_active":false,"_monsterinsights_sitenote_note":"","_monsterinsights_sitenote_category":0},"product_brand":[484],"product_cat":[355,73],"product_tag":[],"class_list":{"0":"post-11857","1":"product","2":"type-product","3":"status-publish","4":"has-post-thumbnail","6":"product_brand-antcube","7":"product_cat-bundle-offers","8":"product_cat-starter-sets","10":"first","11":"instock","12":"taxable","13":"shipping-taxable","14":"purchasable","15":"product-type-simple"},"acf":[],"aioseo_notices":[],"jetpack_sharing_enabled":true,"_links":{"self":[{"href":"https:\/\/antcube.shop\/sv\/wp-json\/wp\/v2\/product\/11857","targetHints":{"allow":["GET"]}}],"collection":[{"href":"https:\/\/antcube.shop\/sv\/wp-json\/wp\/v2\/product"}],"about":[{"href":"https:\/\/antcube.shop\/sv\/wp-json\/wp\/v2\/types\/product"}],"replies":[{"embeddable":true,"href":"https:\/\/antcube.shop\/sv\/wp-json\/wp\/v2\/comments?post=11857"}],"wp:featuredmedia":[{"embeddable":true,"href":"https:\/\/antcube.shop\/sv\/wp-json\/wp\/v2\/media\/11858"}],"wp:attachment":[{"href":"https:\/\/antcube.shop\/sv\/wp-json\/wp\/v2\/media?parent=11857"}],"wp:term":[{"taxonomy":"product_brand","embeddable":true,"href":"https:\/\/antcube.shop\/sv\/wp-json\/wp\/v2\/product_brand?post=11857"},{"taxonomy":"product_cat","embeddable":true,"href":"https:\/\/antcube.shop\/sv\/wp-json\/wp\/v2\/product_cat?post=11857"},{"taxonomy":"product_tag","embeddable":true,"href":"https:\/\/antcube.shop\/sv\/wp-json\/wp\/v2\/product_tag?post=11857"}],"curies":[{"name":"wp","href":"https:\/\/api.w.org\/{rel}","templated":true}]}}