{"id":11506,"date":"2025-04-25T15:18:54","date_gmt":"2025-04-25T13:18:54","guid":{"rendered":"https:\/\/antcube.shop\/en\/product\/poster-die-rote-waldameise-formica-rufa-lebensweise-70x50\/"},"modified":"2026-02-03T16:28:08","modified_gmt":"2026-02-03T15:28:08","slug":"poster-den-roda-tramyren-formica-rufa-way-of-life-70x50","status":"publish","type":"product","link":"https:\/\/antcube.shop\/sv\/produkt\/poster-den-roda-tramyren-formica-rufa-way-of-life-70x50\/","title":{"rendered":"Poster - Den r\u00f6da skogsmyren - Formica rufa way of life - 70\u00d750"},"content":{"rendered":"<p>Den r\u00f6da skogsmyran - Formica rufa way of life - Ant Poster och l\u00e4romedel f\u00f6r skolor\/f\u00f6rskolor.<\/p>\n<p><strong>Beskrivning tillg\u00e4nglig p\u00e5 tyska, engelska, spanska och franska<\/strong><\/p>\n<p><strong>M\u00e5tt:<\/strong> 70\u00d750 cm<\/p>\n<p><strong>Material:<\/strong> Latexpapper<br \/>\nDetta papper \u00e4r vattent\u00e4tt, avtorkningsbart, slitstarkt, milj\u00f6v\u00e4nligt eftersom det inte inneh\u00e5ller n\u00e5gra milj\u00f6farliga l\u00f6sningsmedel och ger en briljant utskriftskvalitet.<\/p>\n<p><strong>Beskrivning:<\/strong> Den h\u00e4r affischen ger en \u00f6versikt \u00f6ver levnadss\u00e4tt och bobyggande hos Formica rufa, den h\u00f6gbyggande r\u00f6da skogsmyren fr\u00e5n norra och centrala Europa. Denna art \u00e4r en skyddad art.<\/p>\n<p><strong>Viktigt - ytterligare information:<\/strong> <a href=\"https:\/\/www.ants.de\/link\/1001\">H\u00e4r<\/a> hittar du en detaljerad beskrivning av de enskilda scenerna p\u00e5 affischen. Dessa f\u00f6ljer inte med affischen, utan kan h\u00e4mtas och skrivas ut separat via f\u00f6ljande l\u00e4nk. https:\/\/www.ants.de\/link\/1001<\/p>","protected":false},"excerpt":{"rendered":"<p>Den r\u00f6da skogsmyran - Formica rufa way of life - Ant Poster och l\u00e4romedel f\u00f6r skolor\/f\u00f6rskolor. Beskrivning finns p\u00e5 tyska, engelska, spanska och franska M\u00e5tt: 100x70 cm Material: Latexpapper Detta papper \u00e4r vattenfast, avtorkningsbart, slitstarkt, milj\u00f6v\u00e4nligt eftersom det inte inneh\u00e5ller n\u00e5gra milj\u00f6farliga l\u00f6sningsmedel och ger en briljant tryckkvalitet. Beskrivning:","protected":false},"featured_media":11399,"comment_status":"open","ping_status":"closed","template":"","meta":{"_acf_changed":false,"content-type":"","_monsterinsights_skip_tracking":false,"_monsterinsights_sitenote_active":false,"_monsterinsights_sitenote_note":"","_monsterinsights_sitenote_category":0},"product_brand":[484],"product_cat":[500],"product_tag":[],"class_list":{"0":"post-11506","1":"product","2":"type-product","3":"status-publish","4":"has-post-thumbnail","6":"product_brand-antcube","7":"product_cat-ant-posters-and-teaching-aids","9":"first","10":"instock","11":"taxable","12":"shipping-taxable","13":"purchasable","14":"product-type-simple"},"acf":[],"aioseo_notices":[],"jetpack_sharing_enabled":true,"_links":{"self":[{"href":"https:\/\/antcube.shop\/sv\/wp-json\/wp\/v2\/product\/11506","targetHints":{"allow":["GET"]}}],"collection":[{"href":"https:\/\/antcube.shop\/sv\/wp-json\/wp\/v2\/product"}],"about":[{"href":"https:\/\/antcube.shop\/sv\/wp-json\/wp\/v2\/types\/product"}],"replies":[{"embeddable":true,"href":"https:\/\/antcube.shop\/sv\/wp-json\/wp\/v2\/comments?post=11506"}],"wp:featuredmedia":[{"embeddable":true,"href":"https:\/\/antcube.shop\/sv\/wp-json\/wp\/v2\/media\/11399"}],"wp:attachment":[{"href":"https:\/\/antcube.shop\/sv\/wp-json\/wp\/v2\/media?parent=11506"}],"wp:term":[{"taxonomy":"product_brand","embeddable":true,"href":"https:\/\/antcube.shop\/sv\/wp-json\/wp\/v2\/product_brand?post=11506"},{"taxonomy":"product_cat","embeddable":true,"href":"https:\/\/antcube.shop\/sv\/wp-json\/wp\/v2\/product_cat?post=11506"},{"taxonomy":"product_tag","embeddable":true,"href":"https:\/\/antcube.shop\/sv\/wp-json\/wp\/v2\/product_tag?post=11506"}],"curies":[{"name":"wp","href":"https:\/\/api.w.org\/{rel}","templated":true}]}}