{"id":11504,"date":"2025-04-25T15:16:40","date_gmt":"2025-04-25T13:16:40","guid":{"rendered":"https:\/\/antcube.shop\/en\/product\/poster-ernteameisen-messor-barbarus-lebensweise-70x50\/"},"modified":"2026-04-13T09:28:49","modified_gmt":"2026-04-13T07:28:49","slug":"affisch-skorda-myror-messor-barbarus-satt-att-leva-70x50","status":"publish","type":"product","link":"https:\/\/antcube.shop\/sv\/produkt\/affisch-skorda-myror-messor-barbarus-satt-att-leva-70x50\/","title":{"rendered":"Poster - Sk\u00f6rdemyror - Messor barbarus s\u00e4tt att leva - 70\u00d750"},"content":{"rendered":"<p>Sk\u00f6rdemyrornas - Messor barbarus levnadss\u00e4tt - Myrposter och l\u00e4romedel f\u00f6r skolor\/f\u00f6rskolor.<\/p>\n<p><strong>Beskrivning tillg\u00e4nglig p\u00e5 tyska, engelska, spanska och franska<\/strong><\/p>\n<p><strong>M\u00e5tt:<\/strong> 70\u00d750 cm<\/p>\n<p><strong>Material:<\/strong> latexpapper<br \/>\nDetta papper \u00e4r vattent\u00e4tt, avtorkningsbart, slitstarkt, milj\u00f6v\u00e4nligt eftersom det inte inneh\u00e5ller n\u00e5gra milj\u00f6farliga l\u00f6sningsmedel och ger en briljant utskriftskvalitet.<\/p>\n<p><strong>Beskrivning:<\/strong> Denna affisch ger en \u00f6versikt \u00f6ver levnadss\u00e4tt och bobyggande hos Messor barbarus, sk\u00f6rdemyrarten fr\u00e5n s\u00f6dra Europa.<\/p>\n<p><strong>Viktigt - ytterligare information:<\/strong> <a href=\"https:\/\/www.ants.de\/link\/1005\">H\u00e4r<\/a> hittar du en detaljerad beskrivning av de enskilda scenerna p\u00e5 affischen. Dessa f\u00f6ljer inte med affischen, utan kan h\u00e4mtas och skrivas ut separat via f\u00f6ljande l\u00e4nk. https:\/\/www.ants.de\/link\/1001<\/p>","protected":false},"excerpt":{"rendered":"<p>Sk\u00f6rdemyrorna - Messor barbarus s\u00e4tt att leva - Myrposter och l\u00e4romedel f\u00f6r skolor\/f\u00f6rskolor. Beskrivning finns p\u00e5 tyska, engelska, spanska och franska M\u00e5tt: 70x50 cm Material: latexpapper Detta papper \u00e4r vattent\u00e4tt, avtorkningsbart, slitstarkt, milj\u00f6v\u00e4nligt eftersom det inte inneh\u00e5ller n\u00e5gra milj\u00f6farliga l\u00f6sningsmedel och ger en briljant utskriftskvalitet. Beskrivning: Detta","protected":false},"featured_media":11400,"comment_status":"open","ping_status":"closed","template":"","meta":{"_acf_changed":false,"content-type":"","_monsterinsights_skip_tracking":false,"_monsterinsights_sitenote_active":false,"_monsterinsights_sitenote_note":"","_monsterinsights_sitenote_category":0},"product_brand":[484],"product_cat":[500],"product_tag":[],"class_list":{"0":"post-11504","1":"product","2":"type-product","3":"status-publish","4":"has-post-thumbnail","6":"product_brand-antcube","7":"product_cat-ant-posters-and-teaching-aids","9":"first","10":"instock","11":"taxable","12":"shipping-taxable","13":"purchasable","14":"product-type-simple"},"acf":[],"aioseo_notices":[],"jetpack_sharing_enabled":true,"_links":{"self":[{"href":"https:\/\/antcube.shop\/sv\/wp-json\/wp\/v2\/product\/11504","targetHints":{"allow":["GET"]}}],"collection":[{"href":"https:\/\/antcube.shop\/sv\/wp-json\/wp\/v2\/product"}],"about":[{"href":"https:\/\/antcube.shop\/sv\/wp-json\/wp\/v2\/types\/product"}],"replies":[{"embeddable":true,"href":"https:\/\/antcube.shop\/sv\/wp-json\/wp\/v2\/comments?post=11504"}],"wp:featuredmedia":[{"embeddable":true,"href":"https:\/\/antcube.shop\/sv\/wp-json\/wp\/v2\/media\/11400"}],"wp:attachment":[{"href":"https:\/\/antcube.shop\/sv\/wp-json\/wp\/v2\/media?parent=11504"}],"wp:term":[{"taxonomy":"product_brand","embeddable":true,"href":"https:\/\/antcube.shop\/sv\/wp-json\/wp\/v2\/product_brand?post=11504"},{"taxonomy":"product_cat","embeddable":true,"href":"https:\/\/antcube.shop\/sv\/wp-json\/wp\/v2\/product_cat?post=11504"},{"taxonomy":"product_tag","embeddable":true,"href":"https:\/\/antcube.shop\/sv\/wp-json\/wp\/v2\/product_tag?post=11504"}],"curies":[{"name":"wp","href":"https:\/\/api.w.org\/{rel}","templated":true}]}}