{"id":11496,"date":"2025-04-25T15:09:59","date_gmt":"2025-04-25T13:09:59","guid":{"rendered":"https:\/\/antcube.shop\/en\/product\/poster-feinde-der-ameisen-70x50\/"},"modified":"2026-02-03T16:29:11","modified_gmt":"2026-02-03T15:29:11","slug":"affisch-myrornas-fiender-70x50","status":"publish","type":"product","link":"https:\/\/antcube.shop\/sv\/produkt\/affisch-myrornas-fiender-70x50\/","title":{"rendered":"Poster - Myrornas fiender - 70\u00d750"},"content":{"rendered":"<p>Myrornas fiender - Myrposter och pedagogiskt hj\u00e4lpmedel f\u00f6r skolor\/f\u00f6rskolor.<\/p>\n<p><strong>Beskrivning tillg\u00e4nglig p\u00e5 tyska, engelska, spanska och franska<\/strong><\/p>\n<p><strong>M\u00e5tt:<\/strong> 70\u00d750 cm<\/p>\n<p><strong>Material:<\/strong> Latexpapper<br \/>\nDetta papper \u00e4r vattent\u00e4tt, avtorkningsbart, slitstarkt, milj\u00f6v\u00e4nligt eftersom det inte inneh\u00e5ller n\u00e5gra milj\u00f6farliga l\u00f6sningsmedel och ger en briljant utskriftskvalitet.<\/p>\n<p><strong>Beskrivning:<\/strong> Den h\u00e4r affischen ger en \u00f6versikt \u00f6ver myrornas naturliga fiender, fr\u00e5n det lilla myrlejonet till oss m\u00e4nniskor.<\/p>\n<p><strong>Viktigt - ytterligare information:<\/strong> <a href=\"https:\/\/www.ants.de\/link\/1010\">H\u00e4r<\/a> hittar du en detaljerad beskrivning av de enskilda scenerna p\u00e5 affischen. Dessa ing\u00e5r inte, men kan h\u00e4mtas och skrivas ut separat via f\u00f6ljande l\u00e4nk. <a href=\"https:\/\/www.ants.de\/link\/1010\">https:\/\/www.ants.de\/link\/1010<\/a><\/p>","protected":false},"excerpt":{"rendered":"<p>Myrornas fiender - Myrposter och l\u00e4romedel f\u00f6r skolor\/f\u00f6rskolor. Beskrivning finns p\u00e5 tyska, engelska, spanska och franska M\u00e5tt: 100x70 cm Material: Latexpapper Detta papper \u00e4r vattenfast, avtorkningsbart, slitstarkt, milj\u00f6v\u00e4nligt eftersom det inte inneh\u00e5ller n\u00e5gra milj\u00f6farliga l\u00f6sningsmedel och ger en briljant utskriftskvalitet. Beskrivning: Den h\u00e4r affischen ger en \u00f6versikt \u00f6ver","protected":false},"featured_media":11404,"comment_status":"open","ping_status":"closed","template":"","meta":{"_acf_changed":false,"content-type":"","_monsterinsights_skip_tracking":false,"_monsterinsights_sitenote_active":false,"_monsterinsights_sitenote_note":"","_monsterinsights_sitenote_category":0},"product_brand":[484],"product_cat":[500],"product_tag":[],"class_list":{"0":"post-11496","1":"product","2":"type-product","3":"status-publish","4":"has-post-thumbnail","6":"product_brand-antcube","7":"product_cat-ant-posters-and-teaching-aids","9":"first","10":"instock","11":"taxable","12":"shipping-taxable","13":"purchasable","14":"product-type-simple"},"acf":[],"aioseo_notices":[],"jetpack_sharing_enabled":true,"_links":{"self":[{"href":"https:\/\/antcube.shop\/sv\/wp-json\/wp\/v2\/product\/11496","targetHints":{"allow":["GET"]}}],"collection":[{"href":"https:\/\/antcube.shop\/sv\/wp-json\/wp\/v2\/product"}],"about":[{"href":"https:\/\/antcube.shop\/sv\/wp-json\/wp\/v2\/types\/product"}],"replies":[{"embeddable":true,"href":"https:\/\/antcube.shop\/sv\/wp-json\/wp\/v2\/comments?post=11496"}],"wp:featuredmedia":[{"embeddable":true,"href":"https:\/\/antcube.shop\/sv\/wp-json\/wp\/v2\/media\/11404"}],"wp:attachment":[{"href":"https:\/\/antcube.shop\/sv\/wp-json\/wp\/v2\/media?parent=11496"}],"wp:term":[{"taxonomy":"product_brand","embeddable":true,"href":"https:\/\/antcube.shop\/sv\/wp-json\/wp\/v2\/product_brand?post=11496"},{"taxonomy":"product_cat","embeddable":true,"href":"https:\/\/antcube.shop\/sv\/wp-json\/wp\/v2\/product_cat?post=11496"},{"taxonomy":"product_tag","embeddable":true,"href":"https:\/\/antcube.shop\/sv\/wp-json\/wp\/v2\/product_tag?post=11496"}],"curies":[{"name":"wp","href":"https:\/\/api.w.org\/{rel}","templated":true}]}}