{"id":11413,"date":"2025-04-11T16:43:25","date_gmt":"2025-04-11T14:43:25","guid":{"rendered":"https:\/\/antcube.shop\/en\/product\/light-strip-pro-40cm\/"},"modified":"2026-03-27T13:58:51","modified_gmt":"2026-03-27T12:58:51","slug":"ljuslist-pro-40cm","status":"publish","type":"product","link":"https:\/\/antcube.shop\/sv\/produkt\/ljuslist-pro-40cm\/","title":{"rendered":"Ljusremsa Pro 40cm"},"content":{"rendered":"<p><strong>Inneh\u00e5ll:<\/strong><br \/>\n1x Ljusremsa LED Pro<br \/>\n1x f\u00e4ste f\u00f6r takmontering inkl. skruvar<br \/>\n1x n\u00e4tkontakt med str\u00f6mbrytare<\/p>\n<p><strong>Tekniska data:<\/strong><br \/>\nM\u00e5tt: 400x124x42 mm 400x124x42 mm<br \/>\nBelysning: LED<br \/>\nStr\u00f6mf\u00f6rbrukning: 16 W<br \/>\nLjusfl\u00f6de: 2200 lm (140 lm\/W)<br \/>\nLjusf\u00e4rg: 6000K<br \/>\nLivsl\u00e4ngd: ~ 25.000 h<br \/>\nKabell\u00e4ngd: 145 cm<\/p>\n<p><strong>Material:<\/strong> plast<\/p>\n<p><strong>F\u00e4rg:<\/strong> svart<\/p>\n<p><strong>Beskrivning:<\/strong><br \/>\nLED-belysning f\u00f6r formicarium, vivarium och terrarium med m\u00e5tten 60x30x60.<br \/>\nSkyddad mot vattenst\u00e4nk enligt IP65, vilket g\u00f6r Light Strips perfekta f\u00f6r tropiska terrarier. P\u00e5 grund av den l\u00e5ga v\u00e4rmeutvecklingen \u00e4r Light Strip-lamporna ocks\u00e5 mycket l\u00e4mpliga f\u00f6r arter med l\u00e4gre v\u00e4rmekrav.<\/p>","protected":false},"excerpt":{"rendered":"<p><span style=\"font-weight: 400;\">Str\u00f6mf\u00f6rbrukning: 16 W<\/span><\/p>","protected":false},"featured_media":11368,"comment_status":"open","ping_status":"closed","template":"","meta":{"_acf_changed":false,"content-type":"","_monsterinsights_skip_tracking":false,"_monsterinsights_sitenote_active":false,"_monsterinsights_sitenote_note":"","_monsterinsights_sitenote_category":0},"product_brand":[],"product_cat":[359,257,119],"product_tag":[],"class_list":{"0":"post-11413","1":"product","2":"type-product","3":"status-publish","4":"has-post-thumbnail","6":"product_cat-light-heat-humidity","7":"product_cat-new-innovatve-products","8":"product_cat-formicarium-components","10":"first","11":"instock","12":"taxable","13":"shipping-taxable","14":"purchasable","15":"product-type-simple"},"acf":[],"aioseo_notices":[],"jetpack_sharing_enabled":true,"_links":{"self":[{"href":"https:\/\/antcube.shop\/sv\/wp-json\/wp\/v2\/product\/11413","targetHints":{"allow":["GET"]}}],"collection":[{"href":"https:\/\/antcube.shop\/sv\/wp-json\/wp\/v2\/product"}],"about":[{"href":"https:\/\/antcube.shop\/sv\/wp-json\/wp\/v2\/types\/product"}],"replies":[{"embeddable":true,"href":"https:\/\/antcube.shop\/sv\/wp-json\/wp\/v2\/comments?post=11413"}],"wp:featuredmedia":[{"embeddable":true,"href":"https:\/\/antcube.shop\/sv\/wp-json\/wp\/v2\/media\/11368"}],"wp:attachment":[{"href":"https:\/\/antcube.shop\/sv\/wp-json\/wp\/v2\/media?parent=11413"}],"wp:term":[{"taxonomy":"product_brand","embeddable":true,"href":"https:\/\/antcube.shop\/sv\/wp-json\/wp\/v2\/product_brand?post=11413"},{"taxonomy":"product_cat","embeddable":true,"href":"https:\/\/antcube.shop\/sv\/wp-json\/wp\/v2\/product_cat?post=11413"},{"taxonomy":"product_tag","embeddable":true,"href":"https:\/\/antcube.shop\/sv\/wp-json\/wp\/v2\/product_tag?post=11413"}],"curies":[{"name":"wp","href":"https:\/\/api.w.org\/{rel}","templated":true}]}}