{"id":11411,"date":"2025-04-11T16:41:28","date_gmt":"2025-04-11T14:41:28","guid":{"rendered":"https:\/\/antcube.shop\/en\/product\/light-strip-20-erweiterung\/"},"modified":"2026-03-16T10:38:25","modified_gmt":"2026-03-16T09:38:25","slug":"ljuslist-20-forlangning","status":"publish","type":"product","link":"https:\/\/antcube.shop\/sv\/produkt\/ljuslist-20-forlangning\/","title":{"rendered":"Ljuslist 20 f\u00f6rl\u00e4ngning"},"content":{"rendered":"<p><strong>Inneh\u00e5ll:<\/strong><br \/>\n1x Ljusremsa LED mini 14cm<br \/>\n1x f\u00e4ste f\u00f6r takmontering inkl. skruvar<br \/>\n1x anslutningskabel<br \/>\n1x anslutningskontakt<\/p>\n<p><strong>Tekniska data:<\/strong><br \/>\nDimensioner: 140x60x9mm<br \/>\nBelysning: LED<br \/>\nStr\u00f6mf\u00f6rbrukning: 2W<br \/>\nLjusfl\u00f6de: 210 lm (105 lm\/W)<br \/>\nLjusf\u00e4rg: 3000K \/ 4000K \/ 6500K<br \/>\nLivsl\u00e4ngd: ~ 25.000 h<br \/>\nKabell\u00e4ngd: 30 cm<br \/>\nDimbar<\/p>\n<p><strong>Material:<\/strong> Plast<\/p>\n<p><strong>F\u00e4rg:<\/strong> vit<\/p>\n<p><strong>Beskrivning:<\/strong><br \/>\nIdealisk f\u00f6r alla myrarter. Spektrum som liknar dagsljus med bra belysning av formicariumet. Ingen o\u00f6nskad v\u00e4rmeutveckling, extremt energibesparande.<br \/>\nDenna LED-lampa \u00e4r l\u00e4mplig f\u00f6r formicaria och vivaria i storlekarna 20x20x20, 20x20x10 och 20x10x10. Den kan helt enkelt placeras p\u00e5 locket. Ljusstyrkan \u00e4r dimbar i 10 niv\u00e5er och 3 olika ljusf\u00e4rger kan st\u00e4llas in, fr\u00e5n \"kallvitt\" till \"naturligt\" till \"varmt\" ljus. F\u00f6r formicaria med en bredd p\u00e5 40 cm kan tv\u00e5 lampor s\u00e4ttas in i varandra. Fr\u00e5n en h\u00f6jd av mer \u00e4n 30 cm n\u00e5r endast lite ljus botten.<\/p>\n<p><strong>Viktigt:<\/strong> Utan str\u00f6mf\u00f6rs\u00f6rjning! Fungerar endast tillsammans med Light Strip 20 (1005742) eller 30 (1005742).<br \/>\nExempelvis kan 6 lampor 20 (upp till 12 watt) seriekopplas med en str\u00f6mf\u00f6rs\u00f6rjningsenhet.<\/p>","protected":false},"excerpt":{"rendered":"<p><span style=\"font-weight: 400;\">Str\u00f6mf\u00f6rbrukning: 2W<\/span><\/p>","protected":false},"featured_media":11377,"comment_status":"open","ping_status":"closed","template":"","meta":{"_acf_changed":false,"content-type":"","_monsterinsights_skip_tracking":false,"_monsterinsights_sitenote_active":false,"_monsterinsights_sitenote_note":"","_monsterinsights_sitenote_category":0},"product_brand":[],"product_cat":[359,257,119],"product_tag":[],"class_list":{"0":"post-11411","1":"product","2":"type-product","3":"status-publish","4":"has-post-thumbnail","6":"product_cat-light-heat-humidity","7":"product_cat-new-innovatve-products","8":"product_cat-formicarium-components","10":"first","11":"instock","12":"taxable","13":"shipping-taxable","14":"purchasable","15":"product-type-simple"},"acf":[],"aioseo_notices":[],"jetpack_sharing_enabled":true,"_links":{"self":[{"href":"https:\/\/antcube.shop\/sv\/wp-json\/wp\/v2\/product\/11411","targetHints":{"allow":["GET"]}}],"collection":[{"href":"https:\/\/antcube.shop\/sv\/wp-json\/wp\/v2\/product"}],"about":[{"href":"https:\/\/antcube.shop\/sv\/wp-json\/wp\/v2\/types\/product"}],"replies":[{"embeddable":true,"href":"https:\/\/antcube.shop\/sv\/wp-json\/wp\/v2\/comments?post=11411"}],"wp:featuredmedia":[{"embeddable":true,"href":"https:\/\/antcube.shop\/sv\/wp-json\/wp\/v2\/media\/11377"}],"wp:attachment":[{"href":"https:\/\/antcube.shop\/sv\/wp-json\/wp\/v2\/media?parent=11411"}],"wp:term":[{"taxonomy":"product_brand","embeddable":true,"href":"https:\/\/antcube.shop\/sv\/wp-json\/wp\/v2\/product_brand?post=11411"},{"taxonomy":"product_cat","embeddable":true,"href":"https:\/\/antcube.shop\/sv\/wp-json\/wp\/v2\/product_cat?post=11411"},{"taxonomy":"product_tag","embeddable":true,"href":"https:\/\/antcube.shop\/sv\/wp-json\/wp\/v2\/product_tag?post=11411"}],"curies":[{"name":"wp","href":"https:\/\/api.w.org\/{rel}","templated":true}]}}