{"id":11407,"date":"2025-04-11T16:38:16","date_gmt":"2025-04-11T14:38:16","guid":{"rendered":"https:\/\/antcube.shop\/en\/product\/terracube-60x30x60-terrarium-mit-schiebetur\/"},"modified":"2026-04-02T12:12:14","modified_gmt":"2026-04-02T10:12:14","slug":"terracube-60x30x60-terrarium-med-skjutdorr","status":"publish","type":"product","link":"https:\/\/antcube.shop\/sv\/produkt\/terracube-60x30x60-terrarium-med-skjutdorr\/","title":{"rendered":"TERRACUBE 60x30x60 Terrarium med skjutd\u00f6rr"},"content":{"rendered":"<p><strong>TERRACUBE Terrarium 60x30x60 med skjutd\u00f6rr och 2x 50mm \u00f6ppningar.<\/strong><\/p>\n<p><strong>M\u00e5tt:<\/strong> 600 x 300 x 600 mm; 4 mm glastjocklek<br \/>\n<strong>Material:<\/strong> floatglas<br \/>\n<strong>Anslutning:<\/strong> 2x 50 mm h\u00e5l (2x p\u00e5 sidan)<\/p>\n<p><strong>\u00d6ppning fram (skjutd\u00f6rr):<\/strong> 300\u00d7300 mm<br \/>\nSt\u00e5ngens h\u00f6jd: 12,5 cm<br \/>\nSt\u00e5ngens bredd: 4 cm<\/p>\n<p><strong>Beskrivning:<\/strong><br \/>\n<strong>TERRACUBE - Det helt transparenta, modul\u00e4ra terrariesystemet med smarta detaljer<\/strong><br \/>\nTERRACUBE terrarier st\u00e5r f\u00f6r maximal transparens (360\u00b0) och en elegant, tydlig design. Alla kanter \u00e4r exakt limmade s\u00e5 att inga irriterande silikons\u00f6mmar syns. Silikonet som anv\u00e4nds \u00e4r ocks\u00e5 helt transparent - f\u00f6r en obehindrad insyn i interi\u00f6ren.<\/p>\n<p><strong>Sofistikerad ventilation och tekniska \u00e5tkomstpunkter<\/strong><br \/>\n<strong>Tv\u00e5 sidoh\u00e5l (\u00d8 50 mm vardera) ger flexibla anv\u00e4ndningsm\u00f6jligheter:<\/strong><br \/>\nDe kan antingen anv\u00e4ndas f\u00f6r extra ventilation eller som ing\u00e5ng f\u00f6r teknik som termo-\/hygrometrar, foggers, v\u00e4rmestenar och mycket mer.<\/p>\n<p>Skyddet s\u00e4ljs separat och finns i olika utf\u00f6randen - med olika ventilationsytor och h\u00e5l f\u00f6r extra ventilation eller tekniska tillbeh\u00f6r som regnsystem eller fl\u00e4ktar, beroende p\u00e5 boendemilj\u00f6.<\/p>\n<p><strong>S\u00e4kert galler - \u00e4ven l\u00e4mpligt f\u00f6r sm\u00e5 djur<\/strong><br \/>\nDet finmaskiga ventilationsgallret i rostfritt st\u00e5l p\u00e5 st\u00e5ngen \u00e4r s\u00e5 t\u00e4tt att inte ens sm\u00e5 arter som bananflugor (Drosophila) eller myror kan ta sig ut. Det st\u00f6ds av en robust perforerad aluminiumplatta. Detta g\u00f6r konceptet korrosionsfritt (l\u00e5gt underh\u00e5llsbehov och l\u00e5ng livsl\u00e4ngd) och stabilt, \u00e4ven mot mekanisk p\u00e5verkan fr\u00e5n st\u00f6rre reptiler.<\/p>\n<p><strong>Skjutd\u00f6rr - praktisk och n\u00e4stan osynlig<\/strong><br \/>\nDen praktiska skjutd\u00f6rren \u00e4r f\u00f6rsedd med ett transparent handtag p\u00e5 ett likaledes helt transparent f\u00e4ste. Detta inneb\u00e4r att fokus alltid ligger p\u00e5 den k\u00e4rleksfullt designade interi\u00f6ren eller de djur som h\u00e5lls d\u00e4r inne.<\/p>\n<p><strong>Modulsystem - koppla ihop terrarier med varandra<\/strong><br \/>\nFlera TERRACUBE-terrarier kan kopplas ihop med hj\u00e4lp av h\u00e5len p\u00e5 sidan och matchande genomskinliga akrylkopplingar eller r\u00f6r.<br \/>\nTill exempel kan en myrkoloni h\u00e5llas i en angr\u00e4nsande tank som en matk\u00e4lla f\u00f6r reptiler - med en s\u00e4ker retr\u00e4tt om reptilen inte kan passera genom r\u00f6ret. Hela system, till exempel f\u00f6r grodor eller salamandrar, kan ocks\u00e5 ut\u00f6kas p\u00e5 ett flexibelt s\u00e4tt p\u00e5 detta s\u00e4tt.<\/p>\n<p><strong>Observera:<\/strong> Glaset sk\u00e4rs till i enlighet med DIN 1249 med en tolerans p\u00e5 +\/- 1 mm. Ytterligare flyktskydd \u00e4r n\u00f6dv\u00e4ndigt f\u00f6r extremt sm\u00e5 myrarter.<\/p>","protected":false},"excerpt":{"rendered":"<p>TERRACUBE Terrarium 60x30x60 med skjutd\u00f6rr och 2x 50mm \u00f6ppningar. M\u00e5tt: 600 x 300 x 600 mm 600 x 300 x 600 mm; 4 mm glastjocklek Material: floatglas Anslutning: 2x 50 mm h\u00e5l (2x p\u00e5 sidan) Front\u00f6ppning (skjutd\u00f6rr): 300x300 mm St\u00e5ngh\u00f6jd: 12,5 cm St\u00e5ngbredd: 4 cm Beskrivning: TERRACUBE - Det helt transparenta, modul\u00e4ra terrariesystemet","protected":false},"featured_media":11397,"comment_status":"open","ping_status":"closed","template":"","meta":{"_acf_changed":false,"content-type":"","_monsterinsights_skip_tracking":false,"_monsterinsights_sitenote_active":false,"_monsterinsights_sitenote_note":"","_monsterinsights_sitenote_category":0},"product_brand":[499],"product_cat":[257],"product_tag":[],"class_list":{"0":"post-11407","1":"product","2":"type-product","3":"status-publish","4":"has-post-thumbnail","6":"product_brand-terracube","7":"product_cat-new-innovatve-products","8":"product_shipping_class-forwarding-on-pallet","10":"first","11":"instock","12":"taxable","13":"shipping-taxable","14":"purchasable","15":"product-type-simple"},"acf":[],"aioseo_notices":[],"jetpack_sharing_enabled":true,"_links":{"self":[{"href":"https:\/\/antcube.shop\/sv\/wp-json\/wp\/v2\/product\/11407","targetHints":{"allow":["GET"]}}],"collection":[{"href":"https:\/\/antcube.shop\/sv\/wp-json\/wp\/v2\/product"}],"about":[{"href":"https:\/\/antcube.shop\/sv\/wp-json\/wp\/v2\/types\/product"}],"replies":[{"embeddable":true,"href":"https:\/\/antcube.shop\/sv\/wp-json\/wp\/v2\/comments?post=11407"}],"wp:featuredmedia":[{"embeddable":true,"href":"https:\/\/antcube.shop\/sv\/wp-json\/wp\/v2\/media\/11397"}],"wp:attachment":[{"href":"https:\/\/antcube.shop\/sv\/wp-json\/wp\/v2\/media?parent=11407"}],"wp:term":[{"taxonomy":"product_brand","embeddable":true,"href":"https:\/\/antcube.shop\/sv\/wp-json\/wp\/v2\/product_brand?post=11407"},{"taxonomy":"product_cat","embeddable":true,"href":"https:\/\/antcube.shop\/sv\/wp-json\/wp\/v2\/product_cat?post=11407"},{"taxonomy":"product_tag","embeddable":true,"href":"https:\/\/antcube.shop\/sv\/wp-json\/wp\/v2\/product_tag?post=11407"}],"curies":[{"name":"wp","href":"https:\/\/api.w.org\/{rel}","templated":true}]}}