{"id":11405,"date":"2025-04-11T16:36:21","date_gmt":"2025-04-11T14:36:21","guid":{"rendered":"https:\/\/antcube.shop\/en\/product\/nestkugel-ps-10-cm-klar\/"},"modified":"2026-04-02T12:12:14","modified_gmt":"2026-04-02T10:12:14","slug":"nest-boll-ps-10cm-klar","status":"publish","type":"product","link":"https:\/\/antcube.shop\/sv\/produkt\/nest-boll-ps-10cm-klar\/","title":{"rendered":"Nestboll PS 10cm klar"},"content":{"rendered":"<p><strong>M\u00e5tt:<\/strong> 10cm diameter<\/p>\n<p><strong>F\u00e4rg:<\/strong> brun \/ beige<\/p>\n<p><strong>Material:<\/strong> Vinv\u00e4xt<\/p>\n<p><strong>Beskrivning:<\/strong> H\u00e5lrummet \u00e4r ett perfekt g\u00f6mst\u00e4lle och boplats f\u00f6r v\u00e4varmyror.<\/p>\n<p><strong>Observera:<\/strong> Eftersom detta \u00e4r en naturprodukt kan illustrationen skilja sig fr\u00e5n den produkt som levereras<\/p>","protected":false},"excerpt":{"rendered":"<p>Storlek: 10 x 10 x 10 x 10 cm<\/p>","protected":false},"featured_media":11420,"comment_status":"open","ping_status":"closed","template":"","meta":{"_acf_changed":false,"content-type":"","_monsterinsights_skip_tracking":false,"_monsterinsights_sitenote_active":false,"_monsterinsights_sitenote_note":"","_monsterinsights_sitenote_category":0},"product_brand":[485],"product_cat":[257,119,239],"product_tag":[],"class_list":{"0":"post-11405","1":"product","2":"type-product","3":"status-publish","4":"has-post-thumbnail","6":"product_brand-antstore","7":"product_cat-new-innovatve-products","8":"product_cat-formicarium-components","9":"product_cat-useful-additions","11":"first","12":"instock","13":"taxable","14":"shipping-taxable","15":"purchasable","16":"product-type-simple"},"acf":[],"aioseo_notices":[],"jetpack_sharing_enabled":true,"_links":{"self":[{"href":"https:\/\/antcube.shop\/sv\/wp-json\/wp\/v2\/product\/11405","targetHints":{"allow":["GET"]}}],"collection":[{"href":"https:\/\/antcube.shop\/sv\/wp-json\/wp\/v2\/product"}],"about":[{"href":"https:\/\/antcube.shop\/sv\/wp-json\/wp\/v2\/types\/product"}],"replies":[{"embeddable":true,"href":"https:\/\/antcube.shop\/sv\/wp-json\/wp\/v2\/comments?post=11405"}],"wp:featuredmedia":[{"embeddable":true,"href":"https:\/\/antcube.shop\/sv\/wp-json\/wp\/v2\/media\/11420"}],"wp:attachment":[{"href":"https:\/\/antcube.shop\/sv\/wp-json\/wp\/v2\/media?parent=11405"}],"wp:term":[{"taxonomy":"product_brand","embeddable":true,"href":"https:\/\/antcube.shop\/sv\/wp-json\/wp\/v2\/product_brand?post=11405"},{"taxonomy":"product_cat","embeddable":true,"href":"https:\/\/antcube.shop\/sv\/wp-json\/wp\/v2\/product_cat?post=11405"},{"taxonomy":"product_tag","embeddable":true,"href":"https:\/\/antcube.shop\/sv\/wp-json\/wp\/v2\/product_tag?post=11405"}],"curies":[{"name":"wp","href":"https:\/\/api.w.org\/{rel}","templated":true}]}}