{"id":11137,"date":"2025-03-06T15:59:48","date_gmt":"2025-03-06T14:59:48","guid":{"rendered":"https:\/\/antcube.shop\/en\/product\/antcube-arena-60x30x60-mit-schiebetur\/"},"modified":"2026-01-12T12:41:14","modified_gmt":"2026-01-12T11:41:14","slug":"antcube-arena-60x30x60-med-skjutdorr","status":"publish","type":"product","link":"https:\/\/antcube.shop\/sv\/produkt\/antcube-arena-60x30x60-med-skjutdorr\/","title":{"rendered":"ANTCUBE Arena 60x30x60 med skjutd\u00f6rr"},"content":{"rendered":"<p><strong>ANTCUBE Arena 60x30x60 med skjutd\u00f6rr och 4x 50mm \u00f6ppningar.<\/strong><\/p>\n<p><strong>M\u00e5tt:<\/strong> 600 x 300 x 600 mm; 4 mm glastjocklek<br \/>\n<strong>Material:<\/strong> floatglas<br \/>\n<strong>Anslutning:<\/strong> 4x 50 mm h\u00e5l (2x p\u00e5 sidan och 2x p\u00e5 framsidan)<\/p>\n<p><strong>\u00d6ppning fram (skjutd\u00f6rr):<\/strong> 300\u00d7300 mm<\/p>\n<p><strong>Beskrivning:<\/strong> V\u00e5r ANTCUBE arena 60x30x60 med skjutd\u00f6rr har utvecklats f\u00f6r att kunna arbeta bekv\u00e4mt \u00e4ven i full formicaria. Den \u00e4r ocks\u00e5 l\u00e4mplig som en f\u00f6rl\u00e4ngning av v\u00e5r arena med skjutd\u00f6rr i 60x30x30. Skillnaden \u00e4r de nya h\u00e5len p\u00e5 framsidan f\u00f6r att skapa extra ventilation eller, om det inte finns plats p\u00e5 sidorna, f\u00f6r att ansluta ytterligare arenor med akrylr\u00f6r via de fr\u00e4mre anslutningarna. De \u00e4r s\u00e4rskilt anv\u00e4ndbara som formicarium f\u00f6r v\u00e4varmyror (Polyrhachis och Oecophylla), eftersom de gillar att bygga upp\u00e5t och beh\u00f6ver en v\u00e4rdv\u00e4xt. Tr\u00e4dlevande arter som Tetraponera \u00e4r ocks\u00e5 glada \u00f6ver att ha kl\u00e4ttringsm\u00f6jligheter. Ibland kan det vara sv\u00e5rt att f\u00e5 bort avfall fr\u00e5n djuren, t.ex. i botten av formicariet. Detta \u00e4r inget problem med denna specialanpassade tank. Skjutd\u00f6rren \u00e4r ocks\u00e5 mycket praktisk f\u00f6r utfodringstankar f\u00f6r Acromyrmex- eller Atta-bladsk\u00e4rarmyror, eftersom v\u00e4xtrester och annat avfall enkelt kan tas om hand. F\u00f6r den \u00f6vre \u00f6ppningen finns \u00e4ven en 60\u00d730 utbrytningsskyddsram och ett 60\u00d730 arenaskydd med eller utan st\u00f6rre ventilationsutrymme som separata tillbeh\u00f6r.<\/p>\n<p><strong>Observera:<\/strong> Glaset sk\u00e4rs till i enlighet med DIN 1249 med en tolerans p\u00e5 +\/- 1 mm. Ytterligare flyktskydd \u00e4r n\u00f6dv\u00e4ndigt f\u00f6r extremt sm\u00e5 myrarter.<\/p>","protected":false},"excerpt":{"rendered":"<p>Anslutning: 4x h\u00e5l 50 mm<\/p>","protected":false},"featured_media":11138,"comment_status":"open","ping_status":"closed","template":"","meta":{"_acf_changed":false,"content-type":"","_monsterinsights_skip_tracking":false,"_monsterinsights_sitenote_active":false,"_monsterinsights_sitenote_note":"","_monsterinsights_sitenote_category":0},"product_brand":[484],"product_cat":[257,85,86],"product_tag":[],"class_list":{"0":"post-11137","1":"product","2":"type-product","3":"status-publish","4":"has-post-thumbnail","6":"product_brand-antcube","7":"product_cat-new-innovatve-products","8":"product_cat-ant-arenas","9":"product_cat-formicariums","10":"product_shipping_class-forwarding-on-pallet","12":"first","13":"instock","14":"taxable","15":"shipping-taxable","16":"purchasable","17":"product-type-simple"},"acf":[],"aioseo_notices":[],"jetpack_sharing_enabled":true,"_links":{"self":[{"href":"https:\/\/antcube.shop\/sv\/wp-json\/wp\/v2\/product\/11137","targetHints":{"allow":["GET"]}}],"collection":[{"href":"https:\/\/antcube.shop\/sv\/wp-json\/wp\/v2\/product"}],"about":[{"href":"https:\/\/antcube.shop\/sv\/wp-json\/wp\/v2\/types\/product"}],"replies":[{"embeddable":true,"href":"https:\/\/antcube.shop\/sv\/wp-json\/wp\/v2\/comments?post=11137"}],"wp:featuredmedia":[{"embeddable":true,"href":"https:\/\/antcube.shop\/sv\/wp-json\/wp\/v2\/media\/11138"}],"wp:attachment":[{"href":"https:\/\/antcube.shop\/sv\/wp-json\/wp\/v2\/media?parent=11137"}],"wp:term":[{"taxonomy":"product_brand","embeddable":true,"href":"https:\/\/antcube.shop\/sv\/wp-json\/wp\/v2\/product_brand?post=11137"},{"taxonomy":"product_cat","embeddable":true,"href":"https:\/\/antcube.shop\/sv\/wp-json\/wp\/v2\/product_cat?post=11137"},{"taxonomy":"product_tag","embeddable":true,"href":"https:\/\/antcube.shop\/sv\/wp-json\/wp\/v2\/product_tag?post=11137"}],"curies":[{"name":"wp","href":"https:\/\/api.w.org\/{rel}","templated":true}]}}