{"id":10988,"date":"2025-01-29T13:27:22","date_gmt":"2025-01-29T12:27:22","guid":{"rendered":"https:\/\/antcube.shop\/en\/product\/bundle-offer-pheidole-pallidula\/"},"modified":"2026-04-13T09:30:15","modified_gmt":"2026-04-13T07:30:15","slug":"paketerbjudande-pheidole-pallidula","status":"publish","type":"product","link":"https:\/\/antcube.shop\/sv\/produkt\/paketerbjudande-pheidole-pallidula\/","title":{"rendered":"Paketerbjudande - Crematogaster scutellaris"},"content":{"rendered":"<p id=\"docs-internal-guid-f360e18f-7fff-1fa7-2486-66b6ea8170c9\" dir=\"ltr\"><span data-text-color=\"secondary\"><strong>Paketerbjudande med en myrkoloni Crematogaster scutellaris (drottning med 5-10 arbetare + yngel), ett startset Digfix S, 2x formicariumkuddar och en bakgrund f\u00f6r \u00f6kenfoto.<\/strong><\/span><\/p>\n<p dir=\"ltr\"><span data-text-color=\"alert\"><strong>Endast s\u00e5 l\u00e4nge lagret r\u00e4cker.<\/strong><\/span><\/p>\n<h2 dir=\"ltr\"><strong>Allt du beh\u00f6ver f\u00f6r ett Crematogaster scutellaris-myrsamh\u00e4lle<\/strong><\/h2>\n<p dir=\"ltr\">Det h\u00e4r paketet inneh\u00e5ller allt du beh\u00f6ver f\u00f6r att framg\u00e5ngsrikt st\u00f6dja en Crematogaster scutellaris-koloni under de f\u00f6rsta m\u00e5naderna. Det \u00e4r perfekt f\u00f6r nyb\u00f6rjare och kan enkelt ut\u00f6kas.<\/p>\n<h3 dir=\"ltr\"><strong>Myra arter Crematogaster scutellaris<\/strong><\/h3>\n<p>Crematogaster scutellaris \u00e4r en \u00f6verv\u00e4gande all\u00e4tande myrart som \u00e4ter b\u00e5de vegetabilisk och animalisk f\u00f6da. Den \u00e4r utbredd i hela Medelhavsomr\u00e5det och finns \u00e4ven i s\u00f6dra delarna av Centraleuropa. Typiskt f\u00f6r denna art \u00e4r dess karakteristiska, p\u00e4ronformade buk, som den lyfter upp vid fara - ett sl\u00e5ende beteende f\u00f6r att avskr\u00e4cka fiender.<\/p>\n<p>Kolonierna best\u00e5r vanligtvis av en drottning (monogyn), men kan ocks\u00e5 hysa flera drottningar. Arbetarna uppvisar ett aktivt och nyfiket beteende och f\u00f6rsvarar sina bon med kraft. Crematogaster scutellaris \u00e4r s\u00e4rskilt k\u00e4nd f\u00f6r sin f\u00f6rm\u00e5ga att bygga bo i d\u00f6d ved eller i h\u00e5ligheter i tr\u00e4d.<\/p>\n<h3 dir=\"ltr\"><strong>Bo f\u00f6r Crematogaster scutellaris<\/strong><\/h3>\n<p dir=\"ltr\">Eftersom denna art f\u00f6redrar att bygga bo i torrt, d\u00f6tt tr\u00e4 eller i sprickor och skrevor inneh\u00e5ller denna upps\u00e4ttning en Digfix-boinsats. Detta ger en bra bild av boets insida och simulerar naturliga f\u00f6rh\u00e5llanden. Alternativt kan de h\u00e5llas i kork- eller tr\u00e4bon, som kommer mycket n\u00e4ra deras naturliga livsmilj\u00f6.<\/p>\n<h3 dir=\"ltr\"><strong>F\u00f6da f\u00f6r Crematogaster scutellaris<\/strong><\/h3>\n<p dir=\"ltr\">Crematogaster scutellaris \u00e4r en all\u00e4tare med en s\u00e4rskild preferens f\u00f6r s\u00f6ta v\u00e4tskor som honung eller sockerl\u00f6sningar. Den beh\u00f6ver ocks\u00e5 proteinrik f\u00f6da, t.ex. sm\u00e5 insekter, s\u00e4rskilt f\u00f6r att f\u00f6da upp sina yngel. I naturen livn\u00e4r den sig ocks\u00e5 p\u00e5 tr\u00e4dsaft och sm\u00e5 leddjur.<\/p>\n<h3 dir=\"ltr\"><strong>Klimatf\u00f6rh\u00e5llanden f\u00f6r Crematogaster scutellaris<\/strong><\/h3>\n<p dir=\"ltr\">Luftfuktighet:<br \/>\nArena: 30 - 50%<br \/>\nNestomr\u00e5de: 50 - 60%<br \/>\nTemperatur:<br \/>\nArena: 24 - 30\u00b0C<br \/>\nOmr\u00e5de f\u00f6r boet: 22 - 28\u00b0C<\/p>\n<p dir=\"ltr\">Crematogaster scutellaris \u00e4r idealisk f\u00f6r b\u00e5de nyb\u00f6rjare och erfarna myrh\u00e5llare. P\u00e5 grund av sitt aktiva beteende, sin sl\u00e5ende kroppsform och f\u00e4rg och sin metod f\u00f6r att bygga bo ger den sp\u00e4nnande inblickar i livet i en myrekoloni.<\/p>\n<p dir=\"ltr\"><strong>Inneh\u00e5ll:<\/strong><br \/>\n1x myrkoloni Crematogaster scutellaris (drottning + 5-10 arbetare + yngel)<br \/>\n1x socker-honungsl\u00f6sning (ZH) - p\u00e5fyllningspaket 10 ml<br \/>\n1x hela blancherade syrsor 10g<br \/>\n1x formicariumdyna - 20x20 cm<br \/>\n1x Formicarium-dyna - 20x6 cm<br \/>\n1x \u00d6kenfotobakgrund 20\u00d710<br \/>\n1x ANTCUBE - Arena 20x20x10 - platt<br \/>\n1x Arena-ram 20\u00d720<br \/>\n1x Arenaskydd 20\u00d720<br \/>\n4x F\u00e4stpunkt f\u00f6r arenaskydd<br \/>\n1x ANTCUBE - myrfarm - S - 20\u00d720 - st\u00e5ende<br \/>\n1x ANTCUBE - Digfix-platta 20\u00d720 - S<br \/>\n1x 0,5m transparent r\u00f6r 10\/06 mm<br \/>\nANTCUBE - R\u00f6d film 20\u00d720 - Filter<br \/>\n1x sj\u00e4lvh\u00e4ftande clips - transparent - 2 st.<br \/>\n1x underlag - sand-lera beige - 200g<br \/>\n1x n\u00e4tinsats - 50 mm - rostfritt st\u00e5l<br \/>\n1x formicaria-plugg f\u00f6r 50 mm h\u00e5l<br \/>\n1x formicaria-plugg f\u00f6r 27 mm h\u00e5l<br \/>\n1x formicaria-lock f\u00f6r 6 mm hylsa<br \/>\n1x bass\u00e4nganslutning B-27 och S-10-16 mm M25 - set<br \/>\n1x 2ml matare - 360\u00b0<br \/>\n1x genomskinlig drickssk\u00e5l 20ml - svamp<br \/>\n1x genomskinlig matkopp 1\u00d720 - svamp<br \/>\n1x mini termo-hygrometer analog - h\u00e4ngande display<br \/>\n1x skyddspulver mot myrflykt 10ml<br \/>\n1x pincett fj\u00e4derst\u00e5l - bred - mjuk<br \/>\n1x pincett plast transparent<br \/>\n1x plastpipett 3ml<br \/>\n1x handf\u00f6rstoringsglas - 2x - 30mm<br \/>\n1x skumtorkare 150x18x2.5mm<\/p>\n<p dir=\"ltr\"><strong>Beskrivning:<\/strong><br \/>\nDigfix Starter Set \u00e4r l\u00e4mpligt f\u00f6r olika myrarter, s\u00e4rskilt f\u00f6r dem som bygger bo i sand och (d\u00f6tt) tr\u00e4. Det kan f\u00f6rvaras torrt eller l\u00e4tt fuktigt.<br \/>\nDen genomskinliga farmen kan anv\u00e4ndas med ANTCUBE Digfix-plattan. Myrorna gr\u00e4ver sina egna tunnlar och kammare i materialet. Vid behov kan ytterligare moduler anslutas via de 50 mm stora h\u00e5len i locket, t.ex. de separat tillg\u00e4ngliga foggers, fl\u00e4ktar eller lampor. Alternativt ing\u00e5r matchande formicaria-pluggar f\u00f6r att st\u00e4nga \u00f6ppningarna. Om du f\u00f6redrar det kan du \u00e4ven anv\u00e4nda formicariet \u00f6ppet genom att helt enkelt placera den l\u00f6stagbara ramen p\u00e5 marken och sm\u00f6rja in kanten med myrskyddsolja. \"Vattenkanna 2 ml - 360 grader\" \u00e4r avsedd f\u00f6r honung\/sockerl\u00f6sning, \"Vattenkanna klar 20 ml - svamp\" f\u00f6r vatten. \"Mini Thermo-Hygrometer\" kan f\u00e4stas p\u00e5 ramen eller locket och visar klimatv\u00e4rdena.<\/p>\n<p dir=\"ltr\"><span data-text-color=\"alert\"><strong>Viktigt:<\/strong><\/span> Fukta g\u00e4rna marken f\u00f6re anv\u00e4ndning s\u00e5 att blandningen kan bindas och f\u00e5 ett fast grepp i myrstacken. En alltf\u00f6r torr och dammig jord kan dessutom leda till att myrornas luftv\u00e4gar blockeras och att de i v\u00e4rsta fall kv\u00e4vs.<\/p>\n<p dir=\"ltr\"><strong>Rekommendation:<\/strong> Vi rekommenderar ett 2 mm h\u00f6gt lager av substrat s\u00e5 att djuren inte kan gr\u00e4va sig in i arenan utan ist\u00e4llet anv\u00e4nder den g\u00e5rd som finns f\u00f6r \u00e4ndam\u00e5let. Vi rekommenderar ocks\u00e5 att man g\u00f6r en l\u00e4tt genomborrning av boplatsmaterialet i anl\u00e4ggningen (sand\/lera, Digfix etc.) p\u00e5 ett st\u00e4lle f\u00f6r att underl\u00e4tta gr\u00e4vandet f\u00f6r djuren.<br \/>\n<strong>Observera:<\/strong> Boet kan anv\u00e4ndas i ett torrt eller fuktigt formicarium. Om boet h\u00e5lls permanent v\u00e5tt (f\u00f6r v\u00e5tt) kan matrester orsaka m\u00f6gelbildning.<br \/>\n<strong>Anm\u00e4rkning om Digfix:<\/strong> Den naturliga f\u00e4rgen kan variera mellan gr\u00f6n-gr\u00e5brun och jordbrun. F\u00e4rgen har ingen inverkan p\u00e5 kvaliteten.<\/p>\n<p dir=\"ltr\"><strong>Anm\u00e4rkningar om produktionen<\/strong><br \/>\nGlaset sk\u00e4rs enligt DIN 1249 med en tolerans p\u00e5 +\/- 1 mm. F\u00f6r extremt sm\u00e5 myrarter \u00e4r det n\u00f6dv\u00e4ndigt med ytterligare utbrytningsskydd.<\/p>\n<p dir=\"ltr\"><strong>Anteckningar om g\u00e5rden<\/strong><br \/>\nVid anslutning eller bortkoppling av slangar b\u00f6r f\u00f6ljande beaktas:<br \/>\nOm slangen \u00e4r sv\u00e5r att f\u00e5 p\u00e5 plats p\u00e5 kopplingen ska en droppe av v\u00e5r anti-escape olja eller pulver appliceras p\u00e5 kopplingen. Slangen ska sedan skjutas p\u00e5 kopplingen genom att vrida eller skruva fast den, utan att applicera n\u00e5got tryck upp\u00e5t eller ned\u00e5t p\u00e5 kopplingen. Samma sak g\u00e4ller n\u00e4r slangarna tas bort fr\u00e5n farmarstosen. Dra inte bara av dem!<\/p>\n<p dir=\"ltr\"><strong>Anteckningar om Cricket Jam:<\/strong><br \/>\nV\u00e5r Cricket Jam \u00e4r ett enkelt s\u00e4tt att f\u00f6rse dina myror med nykonserverad proteinmat utan att beh\u00f6va mata dem med levande insekter. Syrsorna (Acheta domesticus) kokas varsamt f\u00f6r att s\u00e4kerst\u00e4lla att n\u00e4ringsv\u00e4rde, smak och arom bevaras. Dessutom mjukas insekternas kitin\u00f6sa exoskelett upp p\u00e5 detta s\u00e4tt s\u00e5 att det kan sm\u00e4ltas l\u00e4ttare. Kollagenets proteinf\u00f6reningar delas upp s\u00e5 att myrorna kan tillgodog\u00f6ra sig dem b\u00e4ttre. Acheta domesticus fr\u00e5n burken har samma n\u00e4ringsv\u00e4rde som levande syrsor, men \u00e4r l\u00e4ttare att sm\u00e4lta.<br \/>\nCricket Jam \u00e4r inte l\u00e4mplig f\u00f6r jakt p\u00e5 myrarter som kr\u00e4ver levande f\u00f6da. (t.ex. poneriner (stora myror) som Harpegnathos eller Odontomachus)<\/p>\n<p dir=\"ltr\"><strong>Ytterligare f\u00f6rdelar:<\/strong><br \/>\nGaranterat fri fr\u00e5n kvalster<br \/>\nKan portioneras och sp\u00e4das med vatten<br \/>\nSteriliserad och vakuumf\u00f6rpackad<br \/>\nUtan tillsatser<br \/>\nSyrsor fr\u00e5n h\u00e5llbar rent ekologisk uppf\u00f6dning, matade med organiskt avfall<\/p>\n<p dir=\"ltr\"><strong>Observera:<\/strong><br \/>\nKan f\u00f6rvaras i kylsk\u00e5p i cirka fyra dagar efter \u00f6ppnandet. L\u00e4ngre h\u00e5llbarhet vid frysning.<\/p>\n<p dir=\"ltr\"><strong>Uppm\u00e4rksamhet<\/strong>: Portionera f\u00f6rst och frys sedan in.<\/p>\n<p dir=\"ltr\"><strong>Anteckningar om socker-honungsl\u00f6sningen (ZH) - p\u00e5fyllningsbeh\u00e5llare 10 ml<\/strong><br \/>\nInneh\u00e5ll: 10 ml<\/p>\n<p dir=\"ltr\"><strong>Beskrivning:<\/strong> Detta \u00e4r en produkt som best\u00e5r av olika kolhydrater (t.ex. honung och socker).<\/p>\n<p dir=\"ltr\"><strong>Anv\u00e4ndning:<\/strong> Fodertuben kan placeras hel i formicariumet, alternativt kan mindre m\u00e4ngder placeras i en matsk\u00e5l, beroende p\u00e5 kolonins behov\/storlek. Maten b\u00f6r \u00e4tas upp inom ca 3 dagar, annars finns risk f\u00f6r m\u00f6gel. Av samma anledning ska matsk\u00e5len reng\u00f6ras innan den fylls p\u00e5 igen.<\/p>\n<p dir=\"ltr\"><strong>Anv\u00e4ndning:<\/strong><br \/>\nSocker-honung-l\u00f6sning = f\u00f6r socker\/honung-\u00e4tande myrarter<br \/>\nDetta \u00e4r ett kompletterande livsmedel<br \/>\nDet kan erbjudas till djuren som levererat. Eftersom sockerkoncentrationen minskar p\u00e5 grund av luftfuktigheten och en j\u00e4sningsprocess b\u00f6rjar, b\u00f6r fodret bytas ut var 3:e dag. Reng\u00f6r fodersk\u00e5len\/r\u00f6ret noggrant innan det \u00e5teranv\u00e4nds.<br \/>\nN\u00e4r f\u00f6rpackningen har \u00f6ppnats ska den h\u00e5llas t\u00e4tt st\u00e4ngd (om den f\u00f6rvaras torrt) och anv\u00e4ndas senast det angivna datumet (b\u00e4st f\u00f6re-datum).<\/p>\n<p dir=\"ltr\"><strong>Inneh\u00e5ller:<\/strong><br \/>\nFruktos 27 till 44%,<br \/>\nglukos 22 till 41%,<br \/>\nsackaros upp till 5%,<br \/>\nmaltos 4 till 14%,<br \/>\nandra komplexa sockerarter 1 till 14%.<br \/>\nFett: 0 g<br \/>\nKolhydrater: 92g<br \/>\nProtein: 0 g<br \/>\nSalt: 0 g<\/p>\n<p dir=\"ltr\"><strong>F\u00f6rvaring:<\/strong> F\u00f6r att s\u00e4kerst\u00e4lla fodrets kvalitet b\u00f6r det f\u00f6rvaras p\u00e5 en m\u00f6rk och torr plats.<\/p>\n<p dir=\"ltr\"><strong>Observera:<\/strong><br \/>\nSe bipacksedeln f\u00f6r information om sammans\u00e4ttning, analytiska best\u00e5ndsdelar, b\u00e4st f\u00f6re-datum och batchnummer.<br \/>\nInformationshotline +49 30 439703870<\/p>\n<p dir=\"ltr\"><strong>Beh\u00f6rig veterin\u00e4r- och livsmedelstillsynsmyndighet:<\/strong><br \/>\nVeterin\u00e4rmottagning Steglitz<br \/>\nK\u00f6nigin-Luise-Str. 92<br \/>\n14195 Berlin<\/p>","protected":false},"excerpt":{"rendered":"<p>Satsen best\u00e5r av 34 delar<\/p>","protected":false},"featured_media":10983,"comment_status":"open","ping_status":"closed","template":"","meta":{"_acf_changed":false,"content-type":"","_monsterinsights_skip_tracking":false,"_monsterinsights_sitenote_active":false,"_monsterinsights_sitenote_note":"","_monsterinsights_sitenote_category":0},"product_brand":[484],"product_cat":[355,73],"product_tag":[],"class_list":{"0":"post-10988","1":"product","2":"type-product","3":"status-publish","4":"has-post-thumbnail","6":"product_brand-antcube","7":"product_cat-bundle-offers","8":"product_cat-starter-sets","10":"first","11":"instock","12":"taxable","13":"shipping-taxable","14":"purchasable","15":"product-type-simple"},"acf":[],"aioseo_notices":[],"jetpack_sharing_enabled":true,"_links":{"self":[{"href":"https:\/\/antcube.shop\/sv\/wp-json\/wp\/v2\/product\/10988","targetHints":{"allow":["GET"]}}],"collection":[{"href":"https:\/\/antcube.shop\/sv\/wp-json\/wp\/v2\/product"}],"about":[{"href":"https:\/\/antcube.shop\/sv\/wp-json\/wp\/v2\/types\/product"}],"replies":[{"embeddable":true,"href":"https:\/\/antcube.shop\/sv\/wp-json\/wp\/v2\/comments?post=10988"}],"wp:featuredmedia":[{"embeddable":true,"href":"https:\/\/antcube.shop\/sv\/wp-json\/wp\/v2\/media\/10983"}],"wp:attachment":[{"href":"https:\/\/antcube.shop\/sv\/wp-json\/wp\/v2\/media?parent=10988"}],"wp:term":[{"taxonomy":"product_brand","embeddable":true,"href":"https:\/\/antcube.shop\/sv\/wp-json\/wp\/v2\/product_brand?post=10988"},{"taxonomy":"product_cat","embeddable":true,"href":"https:\/\/antcube.shop\/sv\/wp-json\/wp\/v2\/product_cat?post=10988"},{"taxonomy":"product_tag","embeddable":true,"href":"https:\/\/antcube.shop\/sv\/wp-json\/wp\/v2\/product_tag?post=10988"}],"curies":[{"name":"wp","href":"https:\/\/api.w.org\/{rel}","templated":true}]}}