{"id":899,"date":"2021-08-22T15:12:45","date_gmt":"2021-08-22T13:12:45","guid":{"rendered":"https:\/\/antcube.shop\/?page_id=899"},"modified":"2023-12-14T13:30:00","modified_gmt":"2023-12-14T12:30:00","slug":"faq-shop","status":"publish","type":"page","link":"https:\/\/antcube.shop\/sv\/faq-shop\/","title":{"rendered":"Vanliga fr\u00e5gor och svar Butik"},"content":{"rendered":"<div id=\"gap-1003515329\" class=\"gap-element clearfix\" style=\"display:block; height:auto;\">\n\t\t\n<style>\n#gap-1003515329 {\n  padding-top: 200px;\n}\n@media (min-width:850px) {\n  #gap-1003515329 {\n    padding-top: 175px;\n  }\n}\n<\/style>\n\t<\/div>\n\t\n\n\t<div id=\"text-3375522282\" class=\"text\">\n\t\t\n\n<h1>Vanliga fr\u00e5gor och svar Butik \u00a0<\/h1>\n<h2>Vanliga fr\u00e5gor om v\u00e5ra produkter eller v\u00e5r butik i allm\u00e4nhet<\/h2>\n\t\t\n<style>\n#text-3375522282 {\n  text-align: center;\n}\n<\/style>\n\t<\/div>\n\t\n<div class=\"row align-center\"  id=\"row-1555320186\">\n\n\n\t<div id=\"col-121626703\" class=\"col small-12 large-12\"  >\n\t\t\t\t<div class=\"col-inner\"  >\n\t\t\t\n\t\t\t\n\n<div class=\"accordion\">\n\n\t<div id=\"accordion-2175294624\" class=\"accordion-item\">\n\t\t<a id=\"accordion-2175294624-label\" class=\"accordion-title plain\" href=\"#accordion-item-you-do-not-know-what-ant-species-to-keep-or-which-formicarium-you-should-use?\" aria-expanded=\"false\" aria-controls=\"accordion-2175294624-content\">\n\t\t\t<button class=\"toggle\" aria-label=\"V\u00e4xel\"><i class=\"icon-angle-down\" aria-hidden=\"true\"><\/i><\/button>\n\t\t\t<span>Du vet inte vilka myrarter du ska h\u00e5lla eller vilket formicarium du ska anv\u00e4nda?<\/span>\n\t\t<\/a>\n\t\t<div id=\"accordion-2175294624-content\" class=\"accordion-inner\" aria-labelledby=\"accordion-2175294624-label\">\n\t\t\t\n\n<p>Prova v\u00e5r \"Ant Finder\" eller \"Formicarium Finder\" - v\u00e5r kundtj\u00e4nst online.<\/p>\n<p><a href=\"https:\/\/antcube.shop\/ant-finder\/\">Hitta din myrart<\/a><\/p>\n<p><a href=\"https:\/\/antcube.shop\/formicarium-finder\/\">Hitta ditt formicarium<\/a><\/p>\n\n\t\t<\/div>\n\t<\/div>\n\t\n\t<div id=\"accordion-1643974988\" class=\"accordion-item\">\n\t\t<a id=\"accordion-1643974988-label\" class=\"accordion-title plain\" href=\"#accordion-item-what-are-the-delivery-times-and-charges-for-orders-from-the-online-shop?\" aria-expanded=\"false\" aria-controls=\"accordion-1643974988-content\">\n\t\t\t<button class=\"toggle\" aria-label=\"V\u00e4xel\"><i class=\"icon-angle-down\" aria-hidden=\"true\"><\/i><\/button>\n\t\t\t<span>Vilka \u00e4r leveranstiderna och avgifterna f\u00f6r best\u00e4llningar fr\u00e5n webbutiken?<\/span>\n\t\t<\/a>\n\t\t<div id=\"accordion-1643974988-content\" class=\"accordion-inner\" aria-labelledby=\"accordion-1643974988-label\">\n\t\t\t\n\n<p>Du hittar information om ber\u00e4knad leveranstid h\u00e4r:<\/p>\n<p><a href=\"https:\/\/antcube.shop\/delivery-times\/\">Leveranstider<\/a><\/p>\n<p>Om du vill veta mer om ber\u00e4knade fraktkostnader och leveransbegr\u00e4nsningar kan du titta h\u00e4r:<\/p>\n<p><a href=\"https:\/\/antcube.shop\/shipping-costs-delivery-restrictions\/\">F\u00f6rs\u00e4ndelsekostnader\/ leveransbegr\u00e4nsningar<\/a><\/p>\n\n\t\t<\/div>\n\t<\/div>\n\t\n\t<div id=\"accordion-750287815\" class=\"accordion-item\">\n\t\t<a id=\"accordion-750287815-label\" class=\"accordion-title plain\" href=\"#accordion-item-you-have-questions-about-returns-or-refunds?\" aria-expanded=\"false\" aria-controls=\"accordion-750287815-content\">\n\t\t\t<button class=\"toggle\" aria-label=\"V\u00e4xel\"><i class=\"icon-angle-down\" aria-hidden=\"true\"><\/i><\/button>\n\t\t\t<span>Har du fr\u00e5gor om returer eller \u00e5terbetalningar?<\/span>\n\t\t<\/a>\n\t\t<div id=\"accordion-750287815-content\" class=\"accordion-inner\" aria-labelledby=\"accordion-750287815-label\">\n\t\t\t\n\n<p><a href=\"https:\/\/antcube.shop\/refund-policy\/\">\u00c5terbetalningspolicy<\/a><\/p>\n<p><a href=\"https:\/\/antcube.shop\/terms-and-conditions\/\">Villkor och best\u00e4mmelser<\/a><\/p>\n\n\t\t<\/div>\n\t<\/div>\n\t\n\t<div id=\"accordion-4561766\" class=\"accordion-item\">\n\t\t<a id=\"accordion-4561766-label\" class=\"accordion-title plain\" href=\"#accordion-item-which-payment-methods-are-accepted-in-the-online-shop?\" aria-expanded=\"false\" aria-controls=\"accordion-4561766-content\">\n\t\t\t<button class=\"toggle\" aria-label=\"V\u00e4xel\"><i class=\"icon-angle-down\" aria-hidden=\"true\"><\/i><\/button>\n\t\t\t<span>Vilka betalningsmetoder accepteras i webbutiken?<\/span>\n\t\t<\/a>\n\t\t<div id=\"accordion-4561766-content\" class=\"accordion-inner\" aria-labelledby=\"accordion-4561766-label\">\n\t\t\t\n\n<p>Du hittar en \u00f6versikt \u00f6ver v\u00e5ra accepterade betalningsmetoder h\u00e4r:<\/p>\n<p><a href=\"https:\/\/antcube.shop\/payment-methods\/\">Betalningsmetoder<\/a><\/p>\n\n\t\t<\/div>\n\t<\/div>\n\t\n\t<div id=\"accordion-1824632993\" class=\"accordion-item\">\n\t\t<a id=\"accordion-1824632993-label\" class=\"accordion-title plain\" href=\"#accordion-item-you-are-looking-for-user-manuals-for-your-starter-set?\" aria-expanded=\"false\" aria-controls=\"accordion-1824632993-content\">\n\t\t\t<button class=\"toggle\" aria-label=\"V\u00e4xel\"><i class=\"icon-angle-down\" aria-hidden=\"true\"><\/i><\/button>\n\t\t\t<span>Du letar efter bruksanvisningar f\u00f6r din startupps\u00e4ttning?<\/span>\n\t\t<\/a>\n\t\t<div id=\"accordion-1824632993-content\" class=\"accordion-inner\" aria-labelledby=\"accordion-1824632993-label\">\n\t\t\t\n\n<p>Hitta PDF-manualer att skriva ut eller ladda ner h\u00e4r:<\/p>\n<p><a href=\"https:\/\/antcube.shop\/download\/\">Ladda ner<\/a><\/p>\n\n\t\t<\/div>\n\t<\/div>\n\t\n\t<div id=\"accordion-3255998883\" class=\"accordion-item\">\n\t\t<a id=\"accordion-3255998883-label\" class=\"accordion-title plain\" href=\"#accordion-item-you-need-more-information-about-certain-ant-species-or-ant-keeping-in-general?\" aria-expanded=\"false\" aria-controls=\"accordion-3255998883-content\">\n\t\t\t<button class=\"toggle\" aria-label=\"V\u00e4xel\"><i class=\"icon-angle-down\" aria-hidden=\"true\"><\/i><\/button>\n\t\t\t<span>Beh\u00f6ver du mer information om vissa myrarter eller om myrh\u00e5llning i allm\u00e4nhet?<\/span>\n\t\t<\/a>\n\t\t<div id=\"accordion-3255998883-content\" class=\"accordion-inner\" aria-labelledby=\"accordion-3255998883-label\">\n\t\t\t\n\n<p>H\u00e4r hittar du vanliga fr\u00e5gor om myror och myrh\u00e5llning:<\/p>\n<p><a href=\"https:\/\/antcube.shop\/faq-ants\/\">Vanliga fr\u00e5gor om myror<\/a><\/p>\n<p><a href=\"https:\/\/antcube.shop\/catching-queen-ants\/\">Hur du f\u00e5ngar din myrdrottning<\/a><\/p>\n<p><a href=\"https:\/\/antcube.shop\/ant-species\/\">L\u00e4s mer om myror<\/a><\/p>\n<p><a href=\"https:\/\/antcube.shop\/social-media\/\">Titta p\u00e5 v\u00e5ra YouTube-kanaler, d\u00e4r kan du hitta anv\u00e4ndbara tips och information.<\/a><\/p>\n\n\t\t<\/div>\n\t<\/div>\n\t\n\t<div id=\"accordion-377419669\" class=\"accordion-item\">\n\t\t<a id=\"accordion-377419669-label\" class=\"accordion-title plain\" href=\"#accordion-item-you-have-questions-about-our-products?\" aria-expanded=\"false\" aria-controls=\"accordion-377419669-content\">\n\t\t\t<button class=\"toggle\" aria-label=\"V\u00e4xel\"><i class=\"icon-angle-down\" aria-hidden=\"true\"><\/i><\/button>\n\t\t\t<span>Har du fr\u00e5gor om v\u00e5ra produkter?<\/span>\n\t\t<\/a>\n\t\t<div id=\"accordion-377419669-content\" class=\"accordion-inner\" aria-labelledby=\"accordion-377419669-label\">\n\t\t\t\n\n<p>Om du har fr\u00e5gor om v\u00e5ra produkter kan du f\u00f6rst ta en titt p\u00e5 respektive produktbeskrivning i v\u00e5r butik.<\/p>\n<p>Annars kan du hitta mer information h\u00e4r:<\/p>\n<p><a href=\"https:\/\/antcube.shop\/product-information\/\">Produktinformation<\/a><\/p>\n\n\t\t<\/div>\n\t<\/div>\n\t\n\n<\/div>\n\n\t\t<\/div>\n\t\t\t\t\t<\/div>\n\n\t\n\n<\/div>","protected":false},"excerpt":{"rendered":"","protected":false},"author":1,"featured_media":0,"parent":0,"menu_order":0,"comment_status":"closed","ping_status":"closed","template":"","meta":{"_acf_changed":false,"content-type":"","_monsterinsights_skip_tracking":false,"_monsterinsights_sitenote_active":false,"_monsterinsights_sitenote_note":"","_monsterinsights_sitenote_category":0,"footnotes":""},"class_list":["post-899","page","type-page","status-publish","hentry"],"acf":[],"aioseo_notices":[],"jetpack_sharing_enabled":true,"_links":{"self":[{"href":"https:\/\/antcube.shop\/sv\/wp-json\/wp\/v2\/pages\/899","targetHints":{"allow":["GET"]}}],"collection":[{"href":"https:\/\/antcube.shop\/sv\/wp-json\/wp\/v2\/pages"}],"about":[{"href":"https:\/\/antcube.shop\/sv\/wp-json\/wp\/v2\/types\/page"}],"author":[{"embeddable":true,"href":"https:\/\/antcube.shop\/sv\/wp-json\/wp\/v2\/users\/1"}],"replies":[{"embeddable":true,"href":"https:\/\/antcube.shop\/sv\/wp-json\/wp\/v2\/comments?post=899"}],"version-history":[{"count":8,"href":"https:\/\/antcube.shop\/sv\/wp-json\/wp\/v2\/pages\/899\/revisions"}],"predecessor-version":[{"id":6791,"href":"https:\/\/antcube.shop\/sv\/wp-json\/wp\/v2\/pages\/899\/revisions\/6791"}],"wp:attachment":[{"href":"https:\/\/antcube.shop\/sv\/wp-json\/wp\/v2\/media?parent=899"}],"curies":[{"name":"wp","href":"https:\/\/api.w.org\/{rel}","templated":true}]}}