{"id":645,"date":"2021-07-30T13:36:43","date_gmt":"2021-07-30T11:36:43","guid":{"rendered":"https:\/\/antcube.shop\/?page_id=645"},"modified":"2024-11-29T15:29:21","modified_gmt":"2024-11-29T14:29:21","slug":"rackviddsreglering","status":"publish","type":"page","link":"https:\/\/antcube.shop\/sv\/rackviddsreglering\/","title":{"rendered":"REACH-f\u00f6rordning"},"content":{"rendered":"<div id=\"gap-1153795967\" class=\"gap-element clearfix\" style=\"display:block; height:auto;\">\n\t\t\n<style>\n#gap-1153795967 {\n  padding-top: 198px;\n}\n@media (min-width:850px) {\n  #gap-1153795967 {\n    padding-top: 190px;\n  }\n}\n<\/style>\n\t<\/div>\n\t\n\n<div class=\"row\"  id=\"row-1060939043\">\n\n\n\t<div id=\"col-937828223\" class=\"col small-12 large-12\"  >\n\t\t\t\t<div class=\"col-inner\"  >\n\t\t\t\n\t\t\t\n\n<h3><b>REACH-\u00f6verensst\u00e4mmelse f\u00f6r v\u00e5ra produkter<\/b><\/h3>\n<ol>\n<li><b> status f\u00f6r v\u00e5ra produkter enligt REACH-f\u00f6rordningen <\/b><b><br \/><\/b><span style=\"font-weight: 400;\">ANTSTORE-produkter definieras som <\/span><b>Artiklar <\/b><span style=\"font-weight: 400;\">i enlighet med REACH-f\u00f6rordningen.<\/span><\/li>\n<\/ol>\n<ul>\n<li style=\"font-weight: 400;\" aria-level=\"1\"><span style=\"font-weight: 400;\">Deras funktion best\u00e4ms fr\u00e4mst av <\/span><b>deras form, utbredning och yta<\/b><span style=\"font-weight: 400;\">inte av deras kemiska sammans\u00e4ttning.<\/span><\/li>\n<li style=\"font-weight: 400;\" aria-level=\"1\"><b>Det finns ingen skyldighet att registrera sig <\/b><span style=\"font-weight: 400;\">dessa produkter enligt REACH-f\u00f6rordningen.<\/span><\/li>\n<\/ul>\n<ol start=\"2\">\n<li><b> SVHC-\u00e4mnen (\u00e4mnen som inger mycket stora bet\u00e4nkligheter)<\/b><\/li>\n<\/ol>\n<ul>\n<li style=\"font-weight: 400;\" aria-level=\"1\"><span style=\"font-weight: 400;\">V\u00e5ra produkter <\/span><b>inte inneh\u00e5ller n\u00e5gra \u00e4mnen <\/b><span style=\"font-weight: 400;\">med ett inneh\u00e5ll av mer \u00e4n 0,1 viktprocent som definieras som <\/span><b>SVHC <\/b><span style=\"font-weight: 400;\">(Substances of Very High Concern) enligt artikel 57 i REACH-f\u00f6rordningen och f\u00f6rtecknade i bilaga XIV till f\u00f6rordningen (den s.k. kandidatf\u00f6rteckningen).<\/span><\/li>\n<\/ul>\n<p><b>3 Rollen som nedstr\u00f6msanv\u00e4ndare <\/b><b><br \/><\/b><span style=\"font-weight: 400;\">Enligt REACH-f\u00f6rordningen anses v\u00e5rt f\u00f6retag vara en <\/span><b>nedstr\u00f6msanv\u00e4ndare<\/b><span style=\"font-weight: 400;\">.<\/span><\/p>\n<ul>\n<li style=\"font-weight: 400;\" aria-level=\"1\"><span style=\"font-weight: 400;\">F\u00f6r alla \u00e4mnen och beredningar som anv\u00e4nds i tillverkningsprocessen (t.ex. lim, f\u00e4rg, sm\u00f6rjmedel):<\/span>\n<ul>\n<li style=\"font-weight: 400;\" aria-level=\"2\"><span style=\"font-weight: 400;\">Har vi f\u00e5tt bekr\u00e4ftelser och deklarationer fr\u00e5n v\u00e5ra leverant\u00f6rer avseende avsedd anv\u00e4ndning och (nuvarande) <\/span><b>f\u00f6rregistrering<\/b><span style=\"font-weight: 400;\">?<\/span><\/li>\n<li style=\"font-weight: 400;\" aria-level=\"2\"><span style=\"font-weight: 400;\">Vi har n\u00e4ra kontakt med v\u00e5ra leverant\u00f6rer f\u00f6r att s\u00e4kerst\u00e4lla att REACH f\u00f6ljs.<\/span><\/li>\n<\/ul>\n<\/li>\n<li style=\"font-weight: 400;\" aria-level=\"1\"><span style=\"font-weight: 400;\">Vi anv\u00e4nder inga \u00e4mnen eller preparat f\u00f6r vilka v\u00e5rt f\u00f6retag skulle beh\u00f6va en egen (f\u00f6r)registrering.<\/span><\/li>\n<\/ul>\n<p><span style=\"font-weight: 400;\">Om du har ytterligare fr\u00e5gor om v\u00e5ra produkters REACH-\u00f6verensst\u00e4mmelse \u00e4r du v\u00e4lkommen att kontakta oss.<\/span><\/p>\n<p>\u00a0<\/p>\n<p>\u00a0<\/p>\n<p><a href=\"https:\/\/www.antstore.net\/shop\/images\/documents\/ant%20escape%20protection%20lacquer%20EN.pdf\" target=\"_blank\" rel=\"noopener\"><span style=\"font-family: verdana,arial,helvetica,sans-serif;\"><img data-recalc-dims=\"1\" decoding=\"async\" src=\"https:\/\/i0.wp.com\/www.antstore.net\/shop\/images\/pdf_logo.gif?w=1020&#038;ssl=1\" alt=\"\" border=\"0\" \/>\u00a0S\u00e4kerhetsdatablad f\u00f6r lack f\u00f6r skydd mot myrflykt<\/span><\/a>\u00a0(engelska) , (PDF 0,2 MB)<br \/><span style=\"color: #666666; font-family: arial,helvetica,sans-serif; font-size: xx-small;\">(inneh\u00e5ll: s\u00e4kerhetsanvisningar)<\/span><\/p>\n<p><a href=\"https:\/\/www.antstore.net\/shop\/images\/documents\/ant_escape_protection_oil_en.pdf\" target=\"_blank\" rel=\"noopener\"><span style=\"font-family: verdana,arial,helvetica,sans-serif;\"><img data-recalc-dims=\"1\" decoding=\"async\" src=\"https:\/\/i0.wp.com\/www.antstore.net\/shop\/images\/pdf_logo.gif?w=1020&#038;ssl=1\" alt=\"\" border=\"0\" \/>\u00a0S\u00e4kerhetsdatablad f\u00f6r olja f\u00f6r skydd mot myror<\/span><\/a>\u00a0(engelska) , (PDF 0,1 MB)<br \/><span style=\"color: #666666; font-family: arial,helvetica,sans-serif; font-size: xx-small;\">(inneh\u00e5ll: s\u00e4kerhetsanvisningar)<\/span>\u00a0<\/p>\n\n\t\t<\/div>\n\t\t\t\t\t<\/div>\n\n\t\n\n<\/div>","protected":false},"excerpt":{"rendered":"","protected":false},"author":1,"featured_media":0,"parent":0,"menu_order":0,"comment_status":"closed","ping_status":"closed","template":"","meta":{"_acf_changed":false,"content-type":"","_monsterinsights_skip_tracking":false,"_monsterinsights_sitenote_active":false,"_monsterinsights_sitenote_note":"","_monsterinsights_sitenote_category":0,"footnotes":""},"class_list":["post-645","page","type-page","status-publish","hentry"],"acf":[],"aioseo_notices":[],"jetpack_sharing_enabled":true,"_links":{"self":[{"href":"https:\/\/antcube.shop\/sv\/wp-json\/wp\/v2\/pages\/645","targetHints":{"allow":["GET"]}}],"collection":[{"href":"https:\/\/antcube.shop\/sv\/wp-json\/wp\/v2\/pages"}],"about":[{"href":"https:\/\/antcube.shop\/sv\/wp-json\/wp\/v2\/types\/page"}],"author":[{"embeddable":true,"href":"https:\/\/antcube.shop\/sv\/wp-json\/wp\/v2\/users\/1"}],"replies":[{"embeddable":true,"href":"https:\/\/antcube.shop\/sv\/wp-json\/wp\/v2\/comments?post=645"}],"version-history":[{"count":10,"href":"https:\/\/antcube.shop\/sv\/wp-json\/wp\/v2\/pages\/645\/revisions"}],"predecessor-version":[{"id":10640,"href":"https:\/\/antcube.shop\/sv\/wp-json\/wp\/v2\/pages\/645\/revisions\/10640"}],"wp:attachment":[{"href":"https:\/\/antcube.shop\/sv\/wp-json\/wp\/v2\/media?parent=645"}],"curies":[{"name":"wp","href":"https:\/\/api.w.org\/{rel}","templated":true}]}}