{"id":643,"date":"2021-07-30T13:36:12","date_gmt":"2021-07-30T11:36:12","guid":{"rendered":"https:\/\/antcube.shop\/?page_id=643"},"modified":"2024-11-29T15:31:27","modified_gmt":"2024-11-29T14:31:27","slug":"elektriska-apparater-handling","status":"publish","type":"page","link":"https:\/\/antcube.shop\/sv\/elektriska-apparater-handling\/","title":{"rendered":"Lagen om elektriska anordningar"},"content":{"rendered":"<div id=\"gap-1115657537\" class=\"gap-element clearfix\" style=\"display:block; height:auto;\">\n\t\t\n<style>\n#gap-1115657537 {\n  padding-top: 190px;\n}\n<\/style>\n\t<\/div>\n\t\n\n<div class=\"row\"  id=\"row-980495747\">\n\n\n\t<div id=\"col-1581777865\" class=\"col small-12 large-12\"  >\n\t\t\t\t<div class=\"col-inner\"  >\n\t\t\t\n\t\t\t\n\n\t<div id=\"text-2965581936\" class=\"text\">\n\t\t\n\n<h3><b>Information i enlighet med den tyska lagen om elektrisk och elektronisk utrustning (ElektroG)<\/b><\/h3>\n<p><span style=\"font-weight: 400;\">V\u00e5rt registreringsnummer f\u00f6r WEEE: <\/span><b>DE 54590387<\/b><\/p>\n<p><b>1 Inledning <\/b><b><br \/><\/b><span style=\"font-weight: 400;\">ElektroG reglerar den <\/span><b>utsl\u00e4ppande p\u00e5 marknaden<\/b><span style=\"font-weight: 400;\">, <\/span><b>\u00e5tertagande <\/b><span style=\"font-weight: 400;\">och <\/span><b>milj\u00f6v\u00e4nlig avfallshantering <\/b><span style=\"font-weight: 400;\">av elektrisk och elektronisk utrustning. Syftet \u00e4r att fr\u00e4mja milj\u00f6skydd och s\u00e4kerst\u00e4lla \u00e5tervinning av v\u00e4rdefulla r\u00e5varor.<\/span><\/p>\n<ol start=\"2\">\n<li><b> r\u00e4ttsliga skyldigheter f\u00f6r konsumenter<\/b><\/li>\n<\/ol>\n<ul>\n<li style=\"font-weight: 400;\" aria-level=\"1\"><b>F\u00f6rbud mot bortskaffande i restavfall<\/b><span style=\"font-weight: 400;\">: Gamla elektriska apparater f\u00e5r inte sl\u00e4ngas i restavfallet.<\/span><\/li>\n<li style=\"font-weight: 400;\" aria-level=\"1\"><b>Skyldighet att \u00e5terv\u00e4nda<\/b><span style=\"font-weight: 400;\">: Konsumenterna \u00e4r enligt lag skyldiga att l\u00e4mna in uttj\u00e4nt elektrisk och elektronisk utrustning till kommunala \u00e5tervinningscentraler (\u00d6RE - offentliga avfallshanteringsmyndigheter) eller till l\u00e4mpliga \u00e5tertagningssystem.<\/span><\/li>\n<li style=\"font-weight: 400;\" aria-level=\"1\"><b>F\u00f6roreningar och \u00e5tervinning<\/b><span style=\"font-weight: 400;\">:<\/span>\n<ul>\n<li style=\"font-weight: 400;\" aria-level=\"2\"><span style=\"font-weight: 400;\">Gamla elektriska apparater kan inneh\u00e5lla skadliga \u00e4mnen som kan skada milj\u00f6n och h\u00e4lsan om de inte f\u00f6rvaras eller kasseras p\u00e5 r\u00e4tt s\u00e4tt.<\/span><\/li>\n<li style=\"font-weight: 400;\" aria-level=\"2\"><span style=\"font-weight: 400;\">Samtidigt inneh\u00e5ller de v\u00e4rdefulla r\u00e5varor som j\u00e4rn, plast, silver eller glas, som kan \u00e5tervinnas.<\/span><\/li>\n<\/ul>\n<\/li>\n<\/ul>\n<p><b>3 Vilka enheter p\u00e5verkas? <\/b><b><br \/><\/b><span style=\"font-weight: 400;\">ElektroG g\u00e4ller f\u00f6r de flesta elektriska och elektroniska apparater som drivs med elektricitet eller elektromagnetiska f\u00e4lt. Dessa inkluderar bland annat:<\/span><\/p>\n<ul>\n<li style=\"font-weight: 400;\" aria-level=\"1\"><span style=\"font-weight: 400;\">Klimatdator<\/span><\/li>\n<li style=\"font-weight: 400;\" aria-level=\"1\"><span style=\"font-weight: 400;\">V\u00e4rmemattor och v\u00e4rmekablar<\/span><\/li>\n<li style=\"font-weight: 400;\" aria-level=\"1\"><span style=\"font-weight: 400;\">Digital termometer och hygrometer<\/span><\/li>\n<li style=\"font-weight: 400;\" aria-level=\"1\"><span style=\"font-weight: 400;\">Luftfuktare (dimrid\u00e5er)<\/span><\/li>\n<li style=\"font-weight: 400;\" aria-level=\"1\"><span style=\"font-weight: 400;\">Fl\u00e4kt<\/span><\/li>\n<\/ul>\n<p><span style=\"font-weight: 400;\">En fullst\u00e4ndig f\u00f6rteckning \u00f6ver de ber\u00f6rda kategorierna finns i det aktuella r\u00e4ttsliga direktivet.<\/span><\/p>\n<p><b>4 M\u00e4rkning av ber\u00f6rda produkter <\/b><b><br \/><\/b><span style=\"font-weight: 400;\">Produkter som faller under ElektroG \u00e4r m\u00e4rkta med symbolen f\u00f6r en <\/span><b>\u00f6verstruken soptunna<\/b><span style=\"font-weight: 400;\">. Detta betyder att apparaten inte f\u00e5r sl\u00e4ngas i restavfallet utan m\u00e5ste l\u00e4mnas till en \u00e5tervinningscentral eller ett \u00e5tertagningssystem.<\/span><\/p>\n<p><b>5 ANTSTORE:s skyldigheter enligt ElektroG <\/b><b><br \/><\/b><span style=\"font-weight: 400;\">ANTSTORE har genomf\u00f6rt alla skyldigheter enligt ElektroG f\u00f6r att s\u00e4kerst\u00e4lla milj\u00f6v\u00e4nlig avfallshantering:<\/span><\/p>\n<ul>\n<li style=\"font-weight: 400;\" aria-level=\"1\"><b>Registrering med EAR<\/b><span style=\"font-weight: 400;\">:<\/span>\n<ul>\n<li style=\"font-weight: 400;\" aria-level=\"2\"><span style=\"font-weight: 400;\">ANTSTORE \u00e4r registrerat hos stiftelsen EAR (Waste Electrical and Electronic Equipment Register).<\/span><\/li>\n<li style=\"font-weight: 400;\" aria-level=\"2\"><span style=\"font-weight: 400;\">V\u00e5rt registreringsnummer f\u00f6r WEEE: <\/span><b>DE <\/b><span style=\"font-weight: 400;\">54590387.<\/span><\/li>\n<\/ul>\n<\/li>\n<li style=\"font-weight: 400;\" aria-level=\"1\"><b>Kontroll av leverant\u00f6rer<\/b><span style=\"font-weight: 400;\">:<\/span>\n<ul>\n<li style=\"font-weight: 400;\" aria-level=\"2\"><span style=\"font-weight: 400;\">Alla leverant\u00f6rer har kontrollerats och kontrolleras kontinuerligt f\u00f6r att s\u00e4kerst\u00e4lla att de uppfyller registreringsskyldigheterna.<\/span><\/li>\n<\/ul>\n<\/li>\n<li style=\"font-weight: 400;\" aria-level=\"1\"><b>Skyldighet att m\u00e4rka<\/b><span style=\"font-weight: 400;\">:<\/span>\n<ul>\n<li style=\"font-weight: 400;\" aria-level=\"2\"><span style=\"font-weight: 400;\">Alla produkter som tillverkas och importeras i EU \u00e4r korrekt m\u00e4rkta.<\/span><\/li>\n<\/ul>\n<\/li>\n<\/ul>\n<ol start=\"6\">\n<li><b> returalternativ i ANTSTORE-grenen <\/b><b><br \/><\/b><span style=\"font-weight: 400;\">Ut\u00f6ver de kommunala insamlingsplatserna erbjuder ANTSTORE sina kunder en <\/span><b>frivillig \u00e5terg\u00e5ng <\/b><span style=\"font-weight: 400;\">av gamla apparater:<\/span><\/li>\n<\/ol>\n<ul>\n<li style=\"font-weight: 400;\" aria-level=\"1\"><span style=\"font-weight: 400;\">Kunderna kan l\u00e4mna tillbaka sina gamla apparater <\/span><b>kostnadsfritt <\/b><span style=\"font-weight: 400;\">n\u00e4r du handlar i v\u00e5r butik.<\/span><\/li>\n<li style=\"font-weight: 400;\" aria-level=\"1\"><span style=\"font-weight: 400;\">P\u00e5 s\u00e5 s\u00e4tt st\u00f6der vi en bekv\u00e4m och milj\u00f6v\u00e4nlig avfallshantering av gamla elektriska apparater.<\/span><\/li>\n<\/ul>\n<p><b>Sammanfattning f\u00f6r konsumenter<\/b><\/p>\n<ul>\n<li style=\"font-weight: 400;\" aria-level=\"1\"><span style=\"font-weight: 400;\">Anv\u00e4nd kommunala \u00e5tervinningscentraler (\u00d6RE) eller v\u00e5ra retursystem i butiken.<\/span><\/li>\n<li style=\"font-weight: 400;\" aria-level=\"1\"><span style=\"font-weight: 400;\">Sl\u00e4ng aldrig gamla elektriska apparater i restavfallet.<\/span><\/li>\n<li style=\"font-weight: 400;\" aria-level=\"1\"><span style=\"font-weight: 400;\">Hj\u00e4lp till att skydda milj\u00f6n och resurserna genom att sl\u00e4nga avfallet p\u00e5 r\u00e4tt s\u00e4tt.<\/span><\/li>\n<\/ul>\n<p><span style=\"font-weight: 400;\">Om du har ytterligare fr\u00e5gor om v\u00e5ra \u00e5tertagnings- och avfallshanteringstj\u00e4nster \u00e4r du v\u00e4lkommen att kontakta oss.<\/span><\/p>\n<p><b>Ytterligare information:<\/b><\/p>\n<p><a href=\"https:\/\/www.stiftung-ear.de\/de\/home\"><span style=\"font-weight: 400;\">www.stiftung-ear.de<\/span><\/a><\/p>\n<p><a href=\"https:\/\/www.bmuv.de\/themen\/kreislaufwirtschaft\/abfallarten-und-abfallstroeme\/uebersicht-abfallarten-und-abfallstroeme\"><span style=\"font-weight: 400;\">www.bmu.de<\/span><\/a><\/p>\n\n\t\t\n<style>\n#text-2965581936 {\n  text-align: left;\n}\n<\/style>\n\t<\/div>\n\t\n\n\t\t<\/div>\n\t\t\t\t\t<\/div>\n\n\t\n\n<\/div>","protected":false},"excerpt":{"rendered":"","protected":false},"author":1,"featured_media":0,"parent":0,"menu_order":0,"comment_status":"closed","ping_status":"closed","template":"","meta":{"_acf_changed":false,"content-type":"","_monsterinsights_skip_tracking":false,"_monsterinsights_sitenote_active":false,"_monsterinsights_sitenote_note":"","_monsterinsights_sitenote_category":0,"footnotes":""},"class_list":["post-643","page","type-page","status-publish","hentry"],"acf":[],"aioseo_notices":[],"jetpack_sharing_enabled":true,"_links":{"self":[{"href":"https:\/\/antcube.shop\/sv\/wp-json\/wp\/v2\/pages\/643","targetHints":{"allow":["GET"]}}],"collection":[{"href":"https:\/\/antcube.shop\/sv\/wp-json\/wp\/v2\/pages"}],"about":[{"href":"https:\/\/antcube.shop\/sv\/wp-json\/wp\/v2\/types\/page"}],"author":[{"embeddable":true,"href":"https:\/\/antcube.shop\/sv\/wp-json\/wp\/v2\/users\/1"}],"replies":[{"embeddable":true,"href":"https:\/\/antcube.shop\/sv\/wp-json\/wp\/v2\/comments?post=643"}],"version-history":[{"count":6,"href":"https:\/\/antcube.shop\/sv\/wp-json\/wp\/v2\/pages\/643\/revisions"}],"predecessor-version":[{"id":10641,"href":"https:\/\/antcube.shop\/sv\/wp-json\/wp\/v2\/pages\/643\/revisions\/10641"}],"wp:attachment":[{"href":"https:\/\/antcube.shop\/sv\/wp-json\/wp\/v2\/media?parent=643"}],"curies":[{"name":"wp","href":"https:\/\/api.w.org\/{rel}","templated":true}]}}