{"id":641,"date":"2021-07-30T13:35:42","date_gmt":"2021-07-30T11:35:42","guid":{"rendered":"https:\/\/antcube.shop\/?page_id=641"},"modified":"2024-11-29T15:44:57","modified_gmt":"2024-11-29T14:44:57","slug":"batterilagstiftning","status":"publish","type":"page","link":"https:\/\/antcube.shop\/sv\/batterilagstiftning\/","title":{"rendered":"Batterilagstiftning"},"content":{"rendered":"<div id=\"gap-967014840\" class=\"gap-element clearfix\" style=\"display:block; height:auto;\">\n\t\t\n<style>\n#gap-967014840 {\n  padding-top: 190px;\n}\n<\/style>\n\t<\/div>\n\t\n\n<div class=\"row\"  id=\"row-1107810508\">\n\n\n\t<div id=\"col-1258188716\" class=\"col small-12 large-12\"  >\n\t\t\t\t<div class=\"col-inner\"  >\n\t\t\t\n\t\t\t\n\n<h3><b>Anteckningar om batterilagen (BattG)<\/b><\/h3>\n<ol>\n<li><b> batterier och uppladdningsbara batterier i apparater <\/b><b><br \/><\/b><span style=\"font-weight: 400;\">M\u00e5nga av v\u00e5ra produkter inneh\u00e5ller batterier eller uppladdningsbara batterier som t.ex. anv\u00e4nds f\u00f6r att styra fj\u00e4rrkontroller eller som fast installerade komponenter i apparater. I samband med f\u00f6rs\u00e4ljning av dessa batterier eller uppladdningsbara batterier vill vi g\u00f6ra dig uppm\u00e4rksam p\u00e5 f\u00f6ljande:<\/span><\/li>\n<li><b> R\u00e4ttslig skyldighet att \u00e5terv\u00e4nda<\/b><\/li>\n<\/ol>\n<ul>\n<li style=\"font-weight: 400;\" aria-level=\"1\"><b>Avfallshantering av f\u00f6rbrukade batterier<\/b><span style=\"font-weight: 400;\"><br \/><\/span><span style=\"font-weight: 400;\"> Enligt batterilagen ska f\u00f6rbrukade batterier kostnadsfritt l\u00e4mnas in till en kommunal \u00e5tervinningscentral, i s\u00e4rskilda beh\u00e5llare f\u00f6r f\u00f6rbrukade batterier eller till en lokal \u00e5terf\u00f6rs\u00e4ljare.<\/span><\/li>\n<li style=\"font-weight: 400;\" aria-level=\"1\"><b>F\u00f6rbud mot bortskaffande i hush\u00e5llsavfall<\/b><span style=\"font-weight: 400;\"><br \/><\/span><span style=\"font-weight: 400;\">Det \u00e4r uttryckligen f\u00f6rbjudet att sl\u00e4nga batterier i hush\u00e5llsavfallet.<\/span><\/li>\n<\/ul>\n<ol start=\"3\">\n<li><b> returm\u00f6jligheter hos ANTSTORE <\/b><b><br \/><\/b><span style=\"font-weight: 400;\">Om du inte vill anv\u00e4nda ett kommunalt insamlingsst\u00e4lle eller din lokala \u00e5terf\u00f6rs\u00e4ljare erbjuder vi dig f\u00f6ljande alternativ f\u00f6r att returnera de batterier som vi har levererat:<\/span><\/li>\n<\/ol>\n<ul>\n<li style=\"font-weight: 400;\" aria-level=\"1\"><b>Fri retur p\u00e5 plats<\/b><span style=\"font-weight: 400;\"><br \/><\/span><span style=\"font-weight: 400;\">Du kan returnera batterier direkt till v\u00e5r butik.<\/span><\/li>\n<li style=\"font-weight: 400;\" aria-level=\"1\"><b>Retur per post<\/b><span style=\"font-weight: 400;\"><br \/><\/span><span style=\"font-weight: 400;\">Skicka batterierna till:<\/span><span style=\"font-weight: 400;\"><br \/><\/span><b>ANTSTORE<\/b><b><br \/><\/b><b>Selerweg 41<\/b><b><br \/><\/b><b>D-12169 Berlin<\/b><\/li>\n<\/ul>\n<ol start=\"4\">\n<li><b> M\u00e4rkning av batterier som inneh\u00e5ller skadliga \u00e4mnen <\/b><b><br \/><\/b><span style=\"font-weight: 400;\">Batterier som inneh\u00e5ller skadliga \u00e4mnen \u00e4r m\u00e4rkta med symbolen f\u00f6r en <\/span><b>\u00f6verstruken soptunna<\/b><span style=\"font-weight: 400;\">. Under denna symbol hittar du kemiska f\u00f6rkortningar f\u00f6r de skadliga \u00e4mnen som ing\u00e5r:<\/span><\/li>\n<\/ol>\n<ul>\n<li style=\"font-weight: 400;\" aria-level=\"1\"><b>Pb <\/b><span style=\"font-weight: 400;\">= batteriet inneh\u00e5ller bly<\/span><\/li>\n<li style=\"font-weight: 400;\" aria-level=\"1\"><b>Cd <\/b><span style=\"font-weight: 400;\">= batteriet inneh\u00e5ller kadmium<\/span><\/li>\n<li style=\"font-weight: 400;\" aria-level=\"1\"><b>Hg <\/b><span style=\"font-weight: 400;\">= batteriet inneh\u00e5ller kvicksilver<\/span><\/li>\n<\/ul>\n<ol start=\"5\">\n<li><b> ytterligare information<\/b><\/li>\n<\/ol>\n<ul>\n<li style=\"font-weight: 400;\" aria-level=\"1\"><span style=\"font-weight: 400;\">Du kommer att hitta detaljerad information:<\/span>\n<ul>\n<li style=\"font-weight: 400;\" aria-level=\"2\"><span style=\"font-weight: 400;\">I de dokument som medf\u00f6ljer din varuleverans.<\/span><\/li>\n<li style=\"font-weight: 400;\" aria-level=\"2\"><span style=\"font-weight: 400;\">I bruksanvisningen fr\u00e5n respektive tillverkare av enheten.<\/span><\/li>\n<\/ul>\n<\/li>\n<li style=\"font-weight: 400;\" aria-level=\"1\"><span style=\"font-weight: 400;\">Du kan f\u00e5 mer information om batterilagen:<\/span>\n<ul>\n<li style=\"font-weight: 400;\" aria-level=\"2\"><span style=\"font-weight: 400;\">P\u00e5 f\u00f6rbundsministeriet f\u00f6r milj\u00f6, naturskydd och k\u00e4rns\u00e4kerhet <\/span><a href=\"http:\/\/www.bmu.de\/abfallwirtschaft\"><span style=\"font-weight: 400;\">(<\/span><span style=\"font-weight: 400;\">www.bmu.de)<\/span><\/a><\/li>\n<li style=\"font-weight: 400;\" aria-level=\"2\"><span style=\"font-weight: 400;\">P\u00e5 den federala milj\u00f6byr\u00e5n <\/span><a href=\"http:\/\/www.uba.de\"><span style=\"font-weight: 400;\">(<\/span><span style=\"font-weight: 400;\">www.uba.de)<\/span><\/a><\/li>\n<\/ul>\n<\/li>\n<\/ul>\n<p><b>Sammanfattning<\/b><\/p>\n<ul>\n<li style=\"font-weight: 400;\" aria-level=\"1\"><span style=\"font-weight: 400;\">Batterier h\u00f6r inte hemma i hush\u00e5llsavfallet.<\/span><\/li>\n<li style=\"font-weight: 400;\" aria-level=\"1\"><span style=\"font-weight: 400;\">Anv\u00e4nd kommunala insamlingspunkter, beh\u00e5llare f\u00f6r f\u00f6rbrukade batterier eller returm\u00f6jligheterna p\u00e5 ANTSTORE.<\/span><\/li>\n<li style=\"font-weight: 400;\" aria-level=\"1\"><span style=\"font-weight: 400;\">H\u00e5ll utkik efter den \u00f6verkorsade soptunnesymbolen och m\u00e4rkningen f\u00f6r f\u00f6rorenande \u00e4mnen.<\/span><\/li>\n<\/ul>\n<p><span style=\"font-weight: 400;\">Tack f\u00f6r att du aktivt bidrar till milj\u00f6skyddet genom att kassera batterierna p\u00e5 r\u00e4tt s\u00e4tt!<\/span><\/p>\n<h3><br \/><br \/><br \/><br \/><br \/><br \/><\/h3>\n\n\t\t<\/div>\n\t\t\t\t\t<\/div>\n\n\t\n\n<\/div>","protected":false},"excerpt":{"rendered":"","protected":false},"author":1,"featured_media":0,"parent":0,"menu_order":0,"comment_status":"closed","ping_status":"closed","template":"","meta":{"_acf_changed":false,"content-type":"","_monsterinsights_skip_tracking":false,"_monsterinsights_sitenote_active":false,"_monsterinsights_sitenote_note":"","_monsterinsights_sitenote_category":0,"footnotes":""},"class_list":["post-641","page","type-page","status-publish","hentry"],"acf":[],"aioseo_notices":[],"jetpack_sharing_enabled":true,"_links":{"self":[{"href":"https:\/\/antcube.shop\/sv\/wp-json\/wp\/v2\/pages\/641","targetHints":{"allow":["GET"]}}],"collection":[{"href":"https:\/\/antcube.shop\/sv\/wp-json\/wp\/v2\/pages"}],"about":[{"href":"https:\/\/antcube.shop\/sv\/wp-json\/wp\/v2\/types\/page"}],"author":[{"embeddable":true,"href":"https:\/\/antcube.shop\/sv\/wp-json\/wp\/v2\/users\/1"}],"replies":[{"embeddable":true,"href":"https:\/\/antcube.shop\/sv\/wp-json\/wp\/v2\/comments?post=641"}],"version-history":[{"count":3,"href":"https:\/\/antcube.shop\/sv\/wp-json\/wp\/v2\/pages\/641\/revisions"}],"predecessor-version":[{"id":10643,"href":"https:\/\/antcube.shop\/sv\/wp-json\/wp\/v2\/pages\/641\/revisions\/10643"}],"wp:attachment":[{"href":"https:\/\/antcube.shop\/sv\/wp-json\/wp\/v2\/media?parent=641"}],"curies":[{"name":"wp","href":"https:\/\/api.w.org\/{rel}","templated":true}]}}