{"id":639,"date":"2021-07-30T13:35:18","date_gmt":"2021-07-30T11:35:18","guid":{"rendered":"https:\/\/antcube.shop\/?page_id=639"},"modified":"2025-10-16T12:04:23","modified_gmt":"2025-10-16T10:04:23","slug":"betalningsmetoder","status":"publish","type":"page","link":"https:\/\/antcube.shop\/sv\/betalningsmetoder\/","title":{"rendered":"Betalningsmetoder"},"content":{"rendered":"<div id=\"gap-383576364\" class=\"gap-element clearfix\" style=\"display:block; height:auto;\">\n\t\t\n<style>\n#gap-383576364 {\n  padding-top: 202px;\n}\n@media (min-width:850px) {\n  #gap-383576364 {\n    padding-top: 172px;\n  }\n}\n<\/style>\n\t<\/div>\n\t\n\n<div class=\"row\"  id=\"row-1607439882\">\n\n\n\t<div id=\"col-812018960\" class=\"col small-12 large-12\"  >\n\t\t\t\t<div class=\"col-inner\"  >\n\t\t\t\n\t\t\t\n\n<h1>Betalningsformer<\/h1>\n<h3><strong>1. Typer av betalningar<\/strong><\/h3>\n<h3><strong>- F\u00f6rskottsbetalning<\/strong><\/h3>\n<p><img data-recalc-dims=\"1\" loading=\"lazy\" decoding=\"async\" class=\"\" src=\"https:\/\/i0.wp.com\/www.antstore.net\/shop\/images\/icons\/vorkasse.jpg?resize=301%2C97&#038;ssl=1\" alt=\"\" width=\"301\" height=\"97\" \/><\/p>\n<h3><strong>- Direkt\u00f6verf\u00f6ring \/ Klarna<\/strong><\/h3>\n<p><img data-recalc-dims=\"1\" loading=\"lazy\" decoding=\"async\" class=\"\" src=\"https:\/\/i0.wp.com\/www.antstore.net\/shop\/images\/icons\/sofort.jpg?resize=309%2C99&#038;ssl=1\" alt=\"\" width=\"309\" height=\"99\" \/><\/p>\n<h3><strong>- PayPal<\/strong><\/h3>\n<p><img data-recalc-dims=\"1\" loading=\"lazy\" decoding=\"async\" class=\"\" src=\"https:\/\/i0.wp.com\/www.antstore.net\/shop\/images\/icons\/paypal.jpg?resize=294%2C95&#038;ssl=1\" alt=\"\" width=\"294\" height=\"95\" \/><\/p>\n<p><strong>&#8211;\u00a0<\/strong>- Valfritt kreditkort (Visa eller Mastercard) och direktdebitering (en PayPal-tj\u00e4nst)<\/p>\n<p><img data-recalc-dims=\"1\" loading=\"lazy\" decoding=\"async\" class=\"\" src=\"https:\/\/i0.wp.com\/www.antstore.net\/shop\/images\/icons\/visa-master.JPG?resize=270%2C87&#038;ssl=1\" alt=\"\" width=\"270\" height=\"87\" \/><\/p>\n<p>- Kreditkort (Visa, MasterCard) och direktdebitering (PayPal-tj\u00e4nst)<\/p>\n<h3><strong>2. Avgifter f\u00f6r respektive betalningsmetod:<\/strong><\/h3>\n<p>Det finns inga betalningsavgifter f\u00f6r de erbjudna betalningsmetoderna inom EU.<\/p>\n<h3><strong>3. Valuta<\/strong><\/h3>\n<p>Best\u00e4llningar och betalningar kan endast g\u00f6ras i euro (standardvaluta). Alla andra valutor som eventuellt visas \u00e4r endast en grov \u00f6versikt.<br \/>Vi ger ingen garanti f\u00f6r att uppgifterna om v\u00e4xelkursen \u00e4r aktuella!<\/p>\n<h3><strong>4. Priser och skatter<\/strong><\/h3>\n<p>Tyskland: Alla priser inkluderar g\u00e4llande moms.<br \/>Europeiska unionen (inte Tyskland). Alla priser inkluderar den aktuella momsen f\u00f6r kommersiella kunder med momsregistreringsnummer.<\/p>\n\n\t\t<\/div>\n\t\t\t\t\t<\/div>\n\n\t\n\n<\/div>","protected":false},"excerpt":{"rendered":"","protected":false},"author":1,"featured_media":0,"parent":0,"menu_order":0,"comment_status":"closed","ping_status":"closed","template":"","meta":{"_acf_changed":false,"content-type":"","_monsterinsights_skip_tracking":false,"_monsterinsights_sitenote_active":false,"_monsterinsights_sitenote_note":"","_monsterinsights_sitenote_category":0,"footnotes":""},"class_list":["post-639","page","type-page","status-publish","hentry"],"acf":[],"aioseo_notices":[],"jetpack_sharing_enabled":true,"_links":{"self":[{"href":"https:\/\/antcube.shop\/sv\/wp-json\/wp\/v2\/pages\/639","targetHints":{"allow":["GET"]}}],"collection":[{"href":"https:\/\/antcube.shop\/sv\/wp-json\/wp\/v2\/pages"}],"about":[{"href":"https:\/\/antcube.shop\/sv\/wp-json\/wp\/v2\/types\/page"}],"author":[{"embeddable":true,"href":"https:\/\/antcube.shop\/sv\/wp-json\/wp\/v2\/users\/1"}],"replies":[{"embeddable":true,"href":"https:\/\/antcube.shop\/sv\/wp-json\/wp\/v2\/comments?post=639"}],"version-history":[{"count":9,"href":"https:\/\/antcube.shop\/sv\/wp-json\/wp\/v2\/pages\/639\/revisions"}],"predecessor-version":[{"id":6880,"href":"https:\/\/antcube.shop\/sv\/wp-json\/wp\/v2\/pages\/639\/revisions\/6880"}],"wp:attachment":[{"href":"https:\/\/antcube.shop\/sv\/wp-json\/wp\/v2\/media?parent=639"}],"curies":[{"name":"wp","href":"https:\/\/api.w.org\/{rel}","templated":true}]}}