{"id":630,"date":"2021-07-30T13:32:17","date_gmt":"2021-07-30T11:32:17","guid":{"rendered":"https:\/\/antcube.shop\/?page_id=630"},"modified":"2025-07-23T17:23:54","modified_gmt":"2025-07-23T15:23:54","slug":"rattsligt-meddelande","status":"publish","type":"page","link":"https:\/\/antcube.shop\/sv\/rattsligt-meddelande\/","title":{"rendered":"R\u00e4ttsligt meddelande"},"content":{"rendered":"<div id=\"gap-1862462318\" class=\"gap-element clearfix\" style=\"display:block; height:auto;\">\n\t\t\n<style>\n#gap-1862462318 {\n  padding-top: 199px;\n}\n@media (min-width:850px) {\n  #gap-1862462318 {\n    padding-top: 190px;\n  }\n}\n<\/style>\n\t<\/div>\n\t\n\n<div class=\"row\"  id=\"row-123944954\">\n\n\n\t<div id=\"col-1038386402\" class=\"col small-12 large-12\"  >\n\t\t\t\t<div class=\"col-inner\"  >\n\t\t\t\n\t\t\t\n\n<h1>R\u00e4ttsligt meddelande<\/h1>\n<p><strong>ANTCUBE av <\/strong><b>ANTSTORE, Martin Sebesta<\/b><b><br \/><\/b><span style=\"font-weight: 400;\">Selerweg 41<\/span><span style=\"font-weight: 400;\"><br \/><\/span><span style=\"font-weight: 400;\">D-12169 Berlin<\/span><\/p>\n<p><b>Kontakta<\/b><b><br \/><\/b><span style=\"font-weight: 400;\">Telefon: +49 30 +49 30 439703870<\/span><span style=\"font-weight: 400;\"><br \/><\/span><span style=\"font-weight: 400;\">E-mail:law@ants.de\u00a0<\/span><\/p>\n<p><b>Identifikationsnummer f\u00f6r f\u00f6rs\u00e4ljningsskatt: <\/b><span style=\"font-weight: 400;\">DE215167549 <\/span><span style=\"font-weight: 400;\"><br \/><\/span><b>WEEE reg.nr: <\/b><span style=\"font-weight: 400;\">DE54590387<\/span><\/p>\n<p><b>Ansvarig f\u00f6r inneh\u00e5llet enligt \u00a7 55 Abs. 2 RStV: <\/b><b><br \/><\/b><span style=\"font-weight: 400;\">Martin Sebesta (adress enligt ovan)<\/span><\/p>\n<p><b>Information om anv\u00e4ndningen av webbplatsen<\/b><b><br \/><\/b><span style=\"font-weight: 400;\">Det \u00e4r till\u00e5tet att ladda ner eller skriva ut enskilda sidor eller delar av v\u00e5r webbplats f\u00f6r privat bruk.<\/span><span style=\"font-weight: 400;\"><br \/><\/span><span style=\"font-weight: 400;\"> Det \u00e4r f\u00f6rbjudet att helt eller delvis reproducera, distribuera, \u00f6verf\u00f6ra (elektroniskt eller p\u00e5 annat s\u00e4tt), \u00e4ndra eller anv\u00e4nda denna webbplats f\u00f6r offentliga eller kommersiella \u00e4ndam\u00e5l utan v\u00e5rt f\u00f6reg\u00e5ende skriftliga medgivande.<\/span><\/p>\n<p><b>Till\u00e5ten anv\u00e4ndning f\u00f6r icke-kommersiella \u00e4ndam\u00e5l: <\/b><b><br \/><\/b><span style=\"font-weight: 400;\">Det \u00e4r till\u00e5tet att anv\u00e4nda v\u00e5ra produktbilder f\u00f6r reklam i lokala butiker p\u00e5 f\u00f6ljande villkor:<\/span><\/p>\n<ul>\n<li style=\"font-weight: 400;\" aria-level=\"1\"><span style=\"font-weight: 400;\">Alla bilder m\u00e5ste m\u00e4rkas med k\u00e4llan och v\u00e5r logotyp (ANTSTORE\/ ANTCUBE\/ PLANTCUBE). <\/span><span style=\"font-weight: 400;\"><br \/><\/span><b>Trycksaker: <\/b><span style=\"font-weight: 400;\">K\u00e4lla: <\/span><a href=\"https:\/\/www.antstore.de\"><span style=\"font-weight: 400;\">www.antstore.de<\/span><span style=\"font-weight: 400;\"><br \/><\/span><\/a><b> Webbplatser: <\/b><span style=\"font-weight: 400;\">K\u00e4lla: <\/span><a href=\"https:\/\/www.antstore.de\"><span style=\"font-weight: 400;\">www.antstore.de<\/span><\/a><span style=\"font-weight: 400;\"> (med l\u00e4nk till www.antstore.net\/shop\/) eller <\/span><a href=\"https:\/\/www.antcube.shop\"><span style=\"font-weight: 400;\">www.antcube.shop<\/span><\/a><\/li>\n<\/ul>\n<p><span style=\"font-weight: 400;\">Om du har n\u00e5gra fr\u00e5gor om hur logotypen ska placeras och om du vill ha den som en digital fil, kontakta oss p\u00e5 marketing@antcube.de.<\/span><\/p>\n<p><b>Viktig anm\u00e4rkning: <\/b><b><br \/><\/b><span style=\"font-weight: 400;\">Det \u00e4r f\u00f6rbjudet att anv\u00e4nda v\u00e5ra bilder i webbutiker eller f\u00f6r andra kommersiella \u00e4ndam\u00e5l utan skriftligt tillst\u00e5nd.<\/span><\/p>\n<p><b>Anm\u00e4rkning om l\u00e4nkar p\u00e5 webbplatsen <\/b><b><br \/><\/b><span style=\"font-weight: 400;\">V\u00e5r webbplats inneh\u00e5ller l\u00e4nkar till externa webbplatser. Vi tar inget ansvar f\u00f6r inneh\u00e5llet p\u00e5 dessa webbplatser, eftersom vi inte har n\u00e5got inflytande p\u00e5 deras utformning och inneh\u00e5ll.<\/span><\/p>\n<p><span style=\"font-weight: 400;\">Vi f\u00f6rklarar uttryckligen att vi inte antar inneh\u00e5llet p\u00e5 externa webbplatser som v\u00e5rt eget.<\/span><span style=\"font-weight: 400;\"><br \/><\/span><span style=\"font-weight: 400;\"> L\u00e4nkar p\u00e5 v\u00e5r webbplats \u00e4r att betrakta som \"levande\" (dynamiska) referenser.<\/span><span style=\"font-weight: 400;\"><br \/><\/span><span style=\"font-weight: 400;\"> Om vi bed\u00f6mer att ett specifikt erbjudande som vi har tillhandah\u00e5llit en l\u00e4nk till utl\u00f6ser civilr\u00e4ttsligt eller straffr\u00e4ttsligt ansvar, kommer vi att ta bort denna l\u00e4nk om det \u00e4r tekniskt m\u00f6jligt och rimligt.<\/span><\/p>\n<p>Design, inneh\u00e5ll och teknisk implementering av: Janik Wiedemann<\/p>\n\n\t\t<\/div>\n\t\t\t\t\t<\/div>\n\n\t\n\n<\/div>","protected":false},"excerpt":{"rendered":"","protected":false},"author":1,"featured_media":0,"parent":0,"menu_order":0,"comment_status":"closed","ping_status":"closed","template":"","meta":{"_acf_changed":false,"content-type":"","_monsterinsights_skip_tracking":false,"_monsterinsights_sitenote_active":false,"_monsterinsights_sitenote_note":"","_monsterinsights_sitenote_category":0,"footnotes":""},"class_list":["post-630","page","type-page","status-publish","hentry"],"acf":[],"aioseo_notices":[],"jetpack_sharing_enabled":true,"_links":{"self":[{"href":"https:\/\/antcube.shop\/sv\/wp-json\/wp\/v2\/pages\/630","targetHints":{"allow":["GET"]}}],"collection":[{"href":"https:\/\/antcube.shop\/sv\/wp-json\/wp\/v2\/pages"}],"about":[{"href":"https:\/\/antcube.shop\/sv\/wp-json\/wp\/v2\/types\/page"}],"author":[{"embeddable":true,"href":"https:\/\/antcube.shop\/sv\/wp-json\/wp\/v2\/users\/1"}],"replies":[{"embeddable":true,"href":"https:\/\/antcube.shop\/sv\/wp-json\/wp\/v2\/comments?post=630"}],"version-history":[{"count":10,"href":"https:\/\/antcube.shop\/sv\/wp-json\/wp\/v2\/pages\/630\/revisions"}],"predecessor-version":[{"id":12006,"href":"https:\/\/antcube.shop\/sv\/wp-json\/wp\/v2\/pages\/630\/revisions\/12006"}],"wp:attachment":[{"href":"https:\/\/antcube.shop\/sv\/wp-json\/wp\/v2\/media?parent=630"}],"curies":[{"name":"wp","href":"https:\/\/api.w.org\/{rel}","templated":true}]}}