{"id":628,"date":"2021-07-30T13:29:33","date_gmt":"2021-07-30T11:29:33","guid":{"rendered":"https:\/\/antcube.shop\/?page_id=628"},"modified":"2025-11-17T11:20:38","modified_gmt":"2025-11-17T10:20:38","slug":"aterforsaljare","status":"publish","type":"page","link":"https:\/\/antcube.shop\/sv\/aterforsaljare\/","title":{"rendered":"Bli \u00e5terf\u00f6rs\u00e4ljare"},"content":{"rendered":"<div id=\"gap-365718504\" class=\"gap-element clearfix\" style=\"display:block; height:auto;\">\n\t\t\n<style>\n#gap-365718504 {\n  padding-top: 181px;\n}\n@media (min-width:550px) {\n  #gap-365718504 {\n    padding-top: 185px;\n  }\n}\n@media (min-width:850px) {\n  #gap-365718504 {\n    padding-top: 137px;\n  }\n}\n<\/style>\n\t<\/div>\n\t\n\n\n  <div class=\"banner has-hover\" id=\"banner-1432019654\">\n          <div class=\"banner-inner fill\">\n        <div class=\"banner-bg fill\" >\n            <img loading=\"lazy\" decoding=\"async\" width=\"900\" height=\"600\" src=\"https:\/\/i0.wp.com\/antcube.shop\/wp-content\/uploads\/2021\/09\/pexels-thirdman-5684382-scaled.jpg?fit=900%2C600&amp;ssl=1\" class=\"bg attachment-large size-large\" alt=\"\" \/>                        <div class=\"overlay\"><\/div>            \n                    <\/div>\n\t\t\n        <div class=\"banner-layers container\">\n            <div class=\"fill banner-link\"><\/div>            \n\n   <div id=\"text-box-1274042059\" class=\"text-box banner-layer x0 md-x50 lg-x50 y50 md-y85 lg-y35 res-text\">\n                                <div class=\"text-box-content text dark text-shadow-3\">\n              \n              <div class=\"text-inner text-center\">\n                  \n\n\t<div id=\"text-4197169778\" class=\"text\">\n\t\t\n\n<h1><strong>Vi s\u00f6ker \u00e5terf\u00f6rs\u00e4ljare!<\/strong><\/h1>\n<p>Vi s\u00f6ker \u00e5terf\u00f6rs\u00e4ljare och partners som vill s\u00e4lja v\u00e5ra ANTCUBE-produkter till myrsk\u00f6tare \u00f6ver hela v\u00e4rlden. Om du vill ansluta dig till oss och delta i skapandet av en v\u00e4rldsomsp\u00e4nnande gemenskap av myr- och natur\u00e4lskare<\/p>\n\t\t\n<style>\n#text-4197169778 {\n  font-size: 0.75rem;\n  line-height: 1;\n  text-align: center;\n}\n@media (min-width:550px) {\n  #text-4197169778 {\n    font-size: 0.95rem;\n  }\n}\n@media (min-width:850px) {\n  #text-4197169778 {\n    font-size: 1.25rem;\n  }\n}\n<\/style>\n\t<\/div>\n\t\n\t<div id=\"text-2287993822\" class=\"text\">\n\t\t\n\n<p>Kontakta oss p\u00e5\u00a0<\/p>\n\t\t\n<style>\n#text-2287993822 {\n  font-size: 1.05rem;\n  line-height: 0.75;\n}\n@media (min-width:550px) {\n  #text-2287993822 {\n    font-size: 2.25rem;\n  }\n}\n<\/style>\n\t<\/div>\n\t\n\t<div id=\"text-2502705803\" class=\"text\">\n\t\t\n\n<p>sales@antcube.de<\/p>\n\t\t\n<style>\n#text-2502705803 {\n  font-size: 0.75rem;\n  line-height: 0.75;\n}\n@media (min-width:550px) {\n  #text-2502705803 {\n    font-size: 2.25rem;\n  }\n}\n<\/style>\n\t<\/div>\n\t\n\n              <\/div>\n           <\/div>\n                            \n<style>\n#text-box-1274042059 {\n  width: 100%;\n}\n#text-box-1274042059 .text-box-content {\n  font-size: 100%;\n}\n@media (min-width:550px) {\n  #text-box-1274042059 {\n    width: 87%;\n  }\n}\n<\/style>\n    <\/div>\n \n\n        <\/div>\n      <\/div>\n\n              <div class=\"height-fix is-invisible\"><img loading=\"lazy\" decoding=\"async\" width=\"900\" height=\"600\" src=\"https:\/\/i0.wp.com\/antcube.shop\/wp-content\/uploads\/2021\/09\/pexels-thirdman-5684382-scaled.jpg?fit=900%2C600&amp;ssl=1\" class=\"attachment-large size-large\" alt=\"\" srcset=\"https:\/\/i0.wp.com\/antcube.shop\/wp-content\/uploads\/2021\/09\/pexels-thirdman-5684382-scaled.jpg?w=2560&amp;ssl=1 2560w, https:\/\/i0.wp.com\/antcube.shop\/wp-content\/uploads\/2021\/09\/pexels-thirdman-5684382-scaled.jpg?resize=510%2C340&amp;ssl=1 510w, https:\/\/i0.wp.com\/antcube.shop\/wp-content\/uploads\/2021\/09\/pexels-thirdman-5684382-scaled.jpg?resize=600%2C400&amp;ssl=1 600w, https:\/\/i0.wp.com\/antcube.shop\/wp-content\/uploads\/2021\/09\/pexels-thirdman-5684382-scaled.jpg?resize=1200%2C800&amp;ssl=1 1200w, https:\/\/i0.wp.com\/antcube.shop\/wp-content\/uploads\/2021\/09\/pexels-thirdman-5684382-scaled.jpg?resize=768%2C512&amp;ssl=1 768w, https:\/\/i0.wp.com\/antcube.shop\/wp-content\/uploads\/2021\/09\/pexels-thirdman-5684382-scaled.jpg?resize=1536%2C1024&amp;ssl=1 1536w, https:\/\/i0.wp.com\/antcube.shop\/wp-content\/uploads\/2021\/09\/pexels-thirdman-5684382-scaled.jpg?resize=2048%2C1365&amp;ssl=1 2048w\" sizes=\"auto, (max-width: 900px) 100vw, 900px\" \/><\/div>\n            \n<style>\n#banner-1432019654 .overlay {\n  background-color: rgba(0, 0, 0, 0.174);\n}\n#banner-1432019654 .banner-bg img {\n  object-position: 50% 45%;\n}\n<\/style>\n  <\/div>\n\n\n\t<div id=\"gap-1017786704\" class=\"gap-element clearfix\" style=\"display:block; height:auto;\">\n\t\t\n<style>\n#gap-1017786704 {\n  padding-top: 30px;\n}\n<\/style>\n\t<\/div>\n\t\n\n<div class=\"row\"  id=\"row-587727018\">\n\n\n\t<div id=\"col-550756533\" class=\"col small-12 large-12\"  >\n\t\t\t\t<div class=\"col-inner\"  >\n\t\t\t\n\t\t\t\n\n<div class=\"wp-block-cover alignfull has-nv-site-bg-background-color has-background-dim\">\n<div class=\"wp-block-cover__inner-container\">\n<h2 class=\"has-text-align-center has-neve-text-color-color has-text-color\">\u00c4r du intresserad av att s\u00e4lja v\u00e5ra produkter?<\/h2>\n<\/div>\n<\/div>\n<h2 class=\"has-text-align-center has-medium-font-size\">V\u00e5rt m\u00e5l<\/h2>\n<p class=\"has-text-align-center\">Vi s\u00f6ker \u00e5terf\u00f6rs\u00e4ljare och partners som vill s\u00e4lja v\u00e5ra ANTCUBE-produkter till myrsk\u00f6tare \u00f6ver hela v\u00e4rlden. Vi vill bygga upp en internationell gemenskap av butiks\u00e4gare och hobbyister f\u00f6r att g\u00f6ra myrh\u00e5llning mer popul\u00e4r och professionell. Om du redan \u00e4ger en butik eller letar efter en ny aff\u00e4rsm\u00f6jlighet \u00e4r du v\u00e4lkommen att kontakta oss.<\/p>\n<h2 class=\"has-text-align-center has-medium-font-size\">Myrh\u00e5llning \u00e4r en v\u00e4xande bransch<\/h2>\n<p class=\"has-text-align-center\">Att h\u00e5lla myror har blivit mycket popul\u00e4rt under de senaste \u00e5ren. Vi ser ett v\u00e4xande samh\u00e4lle av passionerade myr\u00e4lskare fr\u00e5n hela v\u00e4rlden. Dessutom f\u00e5r vi fler och fler f\u00f6rfr\u00e5gningar fr\u00e5n f\u00f6retag, djurparker, museer, universitet, vetenskapliga institutioner osv.<\/p>\n<h2 class=\"has-text-align-center has-medium-font-size\" style=\"font-size: 23.04px;\">\u00a0<\/h2>\n<p><img data-recalc-dims=\"1\" loading=\"lazy\" decoding=\"async\" class=\"size-medium wp-image-3944 aligncenter\" src=\"https:\/\/i0.wp.com\/antcube.shop\/wp-content\/uploads\/2021\/11\/Palette-Beispiel-mit-Export-600x400.jpg?resize=600%2C400&#038;ssl=1\" alt=\"\" width=\"600\" height=\"400\" srcset=\"https:\/\/i0.wp.com\/antcube.shop\/wp-content\/uploads\/2021\/11\/Palette-Beispiel-mit-Export-scaled.jpg?resize=600%2C400&amp;ssl=1 600w, https:\/\/i0.wp.com\/antcube.shop\/wp-content\/uploads\/2021\/11\/Palette-Beispiel-mit-Export-scaled.jpg?resize=1200%2C800&amp;ssl=1 1200w, https:\/\/i0.wp.com\/antcube.shop\/wp-content\/uploads\/2021\/11\/Palette-Beispiel-mit-Export-scaled.jpg?resize=768%2C512&amp;ssl=1 768w, https:\/\/i0.wp.com\/antcube.shop\/wp-content\/uploads\/2021\/11\/Palette-Beispiel-mit-Export-scaled.jpg?resize=1536%2C1024&amp;ssl=1 1536w, https:\/\/i0.wp.com\/antcube.shop\/wp-content\/uploads\/2021\/11\/Palette-Beispiel-mit-Export-scaled.jpg?resize=2048%2C1365&amp;ssl=1 2048w, https:\/\/i0.wp.com\/antcube.shop\/wp-content\/uploads\/2021\/11\/Palette-Beispiel-mit-Export-scaled.jpg?resize=18%2C12&amp;ssl=1 18w, https:\/\/i0.wp.com\/antcube.shop\/wp-content\/uploads\/2021\/11\/Palette-Beispiel-mit-Export-scaled.jpg?resize=510%2C340&amp;ssl=1 510w\" sizes=\"auto, (max-width: 600px) 100vw, 600px\" \/><\/p>\n<h2 class=\"has-text-align-center has-medium-font-size\">Varf\u00f6r ANTCUBE?<\/h2>\n<p class=\"has-text-align-center\">Vi \u00e4r en av v\u00e4rldens st\u00f6rsta och l\u00e4ngst existerande myrbutiker. Mer \u00e4n 20 \u00e5rs erfarenhet av att h\u00e5lla myror och bygga formicarier har gjort oss till vad vi \u00e4r idag. Vi \u00e4r \u00f6vertygade om att kvalitet, h\u00e5llbarhet och h\u00e5llbarhet blir allt viktigare. D\u00e4rf\u00f6r fokuserar vi p\u00e5 glas som material f\u00f6r v\u00e5ra formicarior. Till skillnad fr\u00e5n akryl och plast l\u00e4mnar glas ett mycket mindre ekologiskt fotavtryck. Dessutom arbetar vi p\u00e5 helt \u00e5tervinningsbara f\u00f6rpackningar.<\/p>\n<p class=\"has-text-align-center\">Glas har ocks\u00e5 den f\u00f6rdelen att det inte f\u00f6rs\u00e4mras vid n\u00e5gon temperatur eller luftfuktighet som \u00e4r l\u00e4mplig f\u00f6r myrf\u00f6rvaring. Glasrutor blir inte s\u00e5 snabbt repade, deformeras inte och missf\u00e4rgas inte. Reng\u00f6ring och drift \u00e4r l\u00e4tt, utseendet \u00e4r mycket naturligt och chic. V\u00e5rt flyktskydd \u00e4r mycket effektivt, \u00e4ven med s\u00e4rskilt sm\u00e5 myrarter, och det finns o\u00e4ndliga m\u00f6jligheter till anpassning och utvidgning.<\/p>\n<h2 class=\"has-text-align-center has-medium-font-size\">Varf\u00f6r h\u00e5lla myror?<\/h2>\n<p class=\"has-text-align-center\">Myror \u00e4r mycket l\u00e4tta att h\u00e5lla, beroende p\u00e5 arten. Du beh\u00f6ver lite utrymme och kan ge dem i stort sett vad som helst att \u00e4ta. Myror orsakar knappt n\u00e5gon lukt, \u00e4r mycket rena djur, g\u00f6r inget oljud och ger n\u00e4stan inga kostnader efter anskaffningen av kolonin och formicariumet. Dessutom beh\u00f6ver de aldrig g\u00e5 till veterin\u00e4ren.<\/p>\n<p class=\"has-text-align-center\">Myror \u00e4r otroligt fascinerande. Att se en enda drottning f\u00f6da upp sina f\u00f6rsta arbetare under flera \u00e5r och sedan se sin koloni v\u00e4xa till tusentals medlemmar genom perfekt samarbete och anv\u00e4ndning av resurser \u00e4r en unik upplevelse. De \u00e4r extremt sociala djur och vissa arter bildar olika kaster som arbetare, soldater, jordbrukare eller till och med sjuksk\u00f6terskor och gissa vad, de \u00e4r alla honor. Myror \u00e4r ocks\u00e5 otroligt viktiga f\u00f6r v\u00e5r milj\u00f6. De finns inte bara i alla beboeliga ekosystem i v\u00e4rlden, de \u00e4r ocks\u00e5 mer specialiserade och m\u00e5ngsidiga \u00e4n n\u00e5gon annan art. Myror liknar oss ocks\u00e5 i sitt s\u00e4tt att leva. Arbetsdelningen, att leva tillsammans i stora kolonier p\u00e5 ett begr\u00e4nsat utrymme och att anv\u00e4nda olika niv\u00e5er i n\u00e4ringskedjan i alla ekosystem g\u00f6r att de \u00e4r s\u00e5 framg\u00e5ngsrika, precis som vi m\u00e4nniskor. Den enda skillnaden \u00e4r att vi inte alls \u00e4r lika effektiva, och myror har funnits i mer \u00e4n 130 miljoner \u00e5r, medan vi m\u00e4nniskor bara har funnits i cirka 300 000 \u00e5r.<\/p>\n\n\t\t<\/div>\n\t\t\t\t\t<\/div>\n\n\t\n\n<\/div>\n<div class=\"row\"  id=\"row-2035572788\">\n\n\n\t<div id=\"col-663483266\" class=\"col medium-6 large-6\"  >\n\t\t\t\t<div class=\"col-inner\" style=\"background-color:#61ca9f;\" >\n\t\t\t\n\t\t\t\n\n<div class=\"container section-title-container\" ><h3 class=\"section-title section-title-normal\"><b aria-hidden=\"true\"><\/b><span class=\"section-title-main\" ><i class=\"icon-envelop\" aria-hidden=\"true\"><\/i>Kontakta oss<\/span><b aria-hidden=\"true\"><\/b><\/h3><\/div>\n\n\t<div id=\"text-2949889117\" class=\"text\">\n\t\t\n\n<\/p>\n<ul>\n<li><strong>E-post<\/strong>: sales@antcube.de<\/li>\n<li><strong>Telefon<\/strong>: +49 30 439703870<\/li>\n<\/ul>\n<p><strong>Arbetstid <\/strong>(UTC\/GMT +1):<\/p>\n<ul>\n<li>Tisdag till fredag fr\u00e5n 10:00 till 18:00<\/li>\n<\/ul>\n\n\t\t\n<style>\n#text-2949889117 {\n  font-size: 0.75rem;\n}\n@media (min-width:550px) {\n  #text-2949889117 {\n    font-size: 1.5rem;\n  }\n}\n<\/style>\n\t<\/div>\n\t\n\t<div id=\"gap-375092955\" class=\"gap-element clearfix\" style=\"display:block; height:auto;\">\n\t\t\n<style>\n#gap-375092955 {\n  padding-top: 60px;\n}\n<\/style>\n\t<\/div>\n\t\n\n\t<div class=\"img has-hover x md-x lg-x y md-y lg-y\" id=\"image_840501154\">\n\t\t\t\t\t\t\t\t<div class=\"img-inner dark\" >\n\t\t\t<img data-recalc-dims=\"1\" loading=\"lazy\" decoding=\"async\" width=\"900\" height=\"900\" src=\"https:\/\/i0.wp.com\/antcube.shop\/wp-content\/uploads\/2021\/09\/Firmeneingang.jpg?resize=900%2C900&#038;ssl=1\" class=\"attachment-original size-original\" alt=\"ANTSTORE ing\u00e5ng\" srcset=\"https:\/\/i0.wp.com\/antcube.shop\/wp-content\/uploads\/2021\/09\/Firmeneingang.jpg?w=900&amp;ssl=1 900w, https:\/\/i0.wp.com\/antcube.shop\/wp-content\/uploads\/2021\/09\/Firmeneingang.jpg?resize=247%2C247&amp;ssl=1 247w, https:\/\/i0.wp.com\/antcube.shop\/wp-content\/uploads\/2021\/09\/Firmeneingang.jpg?resize=100%2C100&amp;ssl=1 100w, https:\/\/i0.wp.com\/antcube.shop\/wp-content\/uploads\/2021\/09\/Firmeneingang.jpg?resize=510%2C510&amp;ssl=1 510w, https:\/\/i0.wp.com\/antcube.shop\/wp-content\/uploads\/2021\/09\/Firmeneingang.jpg?resize=400%2C400&amp;ssl=1 400w, https:\/\/i0.wp.com\/antcube.shop\/wp-content\/uploads\/2021\/09\/Firmeneingang.jpg?resize=800%2C800&amp;ssl=1 800w, https:\/\/i0.wp.com\/antcube.shop\/wp-content\/uploads\/2021\/09\/Firmeneingang.jpg?resize=280%2C280&amp;ssl=1 280w, https:\/\/i0.wp.com\/antcube.shop\/wp-content\/uploads\/2021\/09\/Firmeneingang.jpg?resize=768%2C768&amp;ssl=1 768w\" sizes=\"auto, (max-width: 900px) 100vw, 900px\" \/>\t\t\t\t\t\t\n\t\t\t\t\t<\/div>\n\t\t\t\t\t\t\t\t\n<style>\n#image_840501154 {\n  width: 100%;\n}\n<\/style>\n\t<\/div>\n\t\n\n\n\t\t<\/div>\n\t\t\t\t\t<\/div>\n\n\t\n\n\t<div id=\"col-130333149\" class=\"col medium-6 large-6\"  >\n\t\t\t\t<div class=\"col-inner\"  >\n\t\t\t\n\t\t\t\n\n<div class=\"container section-title-container\" ><h3 class=\"section-title section-title-normal\"><b aria-hidden=\"true\"><\/b><span class=\"section-title-main\" >Bes\u00f6k v\u00e5r butik<\/span><b aria-hidden=\"true\"><\/b><\/h3><\/div>\n\n\t<div id=\"text-2795590456\" class=\"text\">\n\t\t\n\n<p><strong>Adress:<\/strong><\/p>\n<ul>\n<li>Gata: Selerweg 41<\/li>\n<li>Postnummer: D - 12169<\/li>\n<li>Stad: Berlin<\/li>\n<li>Land: Tyskland<\/li>\n<li>Distrikt: Steglitz-Zehlendorf<\/li>\n<\/ul>\n<p><strong>\u00d6ppettider<\/strong> (UTC\/GMT +1)<\/p>\n<ul>\n<li>Tisdag till fredag 13:00 - 18:00<\/li>\n<\/ul>\n<p><strong>COVID-19 NOTE:<\/strong> V\u00e5r butik ligger i <strong>st\u00e4ngd sedan mars 2020<\/strong> eller \u00e4nnu inte \u00e4r tillg\u00e4ngliga f\u00f6r bes\u00f6kare. Du kan dock best\u00e4lla och betala v\u00e5ra produkter online och sedan antingen h\u00e4mta allting vid v\u00e5r ytterd\u00f6rr eller s\u00e5 skickar vi produkterna med pakettj\u00e4nst hem till dig. V\u00e5rt supportteam \u00e4r fortfarande tillg\u00e4ngligt f\u00f6r dina f\u00f6rfr\u00e5gningar via e-post eller telefon! Vi kommer att h\u00e5lla dig uppdaterad.<\/p>\n<p><iframe loading=\"lazy\" style=\"border: 0;\" src=\"https:\/\/www.google.com\/maps\/embed?pb=!1m18!1m12!1m3!1d2431.3708399886823!2d13.335121715997175!3d52.454311048847416!2m3!1f0!2f0!3f0!3m2!1i1024!2i768!4f13.1!3m3!1m2!1s0x47a85a9242e5bc07%3A0xc44ee1d5a0728440!2sANTSTORE!5e0!3m2!1sde!2sde!4v1632470583913!5m2!1sde!2sde\" width=\"600\" height=\"450\" allowfullscreen=\"allowfullscreen\"><\/iframe><\/p>\n\t\t\n<style>\n#text-2795590456 {\n  font-size: 0.75rem;\n}\n<\/style>\n\t<\/div>\n\t\n\n\t\t<\/div>\n\t\t\t\t\t<\/div>\n\n\t\n\n<\/div>","protected":false},"excerpt":{"rendered":"","protected":false},"author":1,"featured_media":0,"parent":0,"menu_order":0,"comment_status":"closed","ping_status":"closed","template":"","meta":{"_acf_changed":false,"content-type":"","_monsterinsights_skip_tracking":false,"_monsterinsights_sitenote_active":false,"_monsterinsights_sitenote_note":"","_monsterinsights_sitenote_category":0,"footnotes":""},"class_list":["post-628","page","type-page","status-publish","hentry"],"acf":[],"aioseo_notices":[],"jetpack_sharing_enabled":true,"_links":{"self":[{"href":"https:\/\/antcube.shop\/sv\/wp-json\/wp\/v2\/pages\/628","targetHints":{"allow":["GET"]}}],"collection":[{"href":"https:\/\/antcube.shop\/sv\/wp-json\/wp\/v2\/pages"}],"about":[{"href":"https:\/\/antcube.shop\/sv\/wp-json\/wp\/v2\/types\/page"}],"author":[{"embeddable":true,"href":"https:\/\/antcube.shop\/sv\/wp-json\/wp\/v2\/users\/1"}],"replies":[{"embeddable":true,"href":"https:\/\/antcube.shop\/sv\/wp-json\/wp\/v2\/comments?post=628"}],"version-history":[{"count":10,"href":"https:\/\/antcube.shop\/sv\/wp-json\/wp\/v2\/pages\/628\/revisions"}],"predecessor-version":[{"id":12738,"href":"https:\/\/antcube.shop\/sv\/wp-json\/wp\/v2\/pages\/628\/revisions\/12738"}],"wp:attachment":[{"href":"https:\/\/antcube.shop\/sv\/wp-json\/wp\/v2\/media?parent=628"}],"curies":[{"name":"wp","href":"https:\/\/api.w.org\/{rel}","templated":true}]}}