{"id":2487,"date":"2021-09-30T10:44:59","date_gmt":"2021-09-30T08:44:59","guid":{"rendered":"https:\/\/antcube.shop\/?page_id=2487"},"modified":"2023-12-15T12:48:09","modified_gmt":"2023-12-15T11:48:09","slug":"steg-8","status":"publish","type":"page","link":"https:\/\/antcube.shop\/sv\/myrsokare\/mellanliggande\/steg-4\/steg-8\/","title":{"rendered":"Steg 8"},"content":{"rendered":"<div id=\"gap-1866494882\" class=\"gap-element clearfix\" style=\"display:block; height:auto;\">\n\t\t\n<style>\n#gap-1866494882 {\n  padding-top: 200px;\n}\n@media (min-width:850px) {\n  #gap-1866494882 {\n    padding-top: 175px;\n  }\n}\n<\/style>\n\t<\/div>\n\t\n\n<div class=\"row\"  id=\"row-978332505\">\n\n\n\t<div id=\"col-1742344834\" class=\"col small-12 large-12\"  >\n\t\t\t\t<div class=\"col-inner\"  >\n\t\t\t\n\t\t\t\n\n\t<div id=\"text-2450893336\" class=\"text\">\n\t\t\n\n<h3>Myror f\u00f6r erfarna myrsk\u00f6tare<\/h3>\n<p>H\u00e4r hittar du v\u00e5ra myrarter f\u00f6r erfarna myrh\u00e5llare som inte \u00f6vervintrar och som beh\u00f6ver lite mer v\u00e4rme f\u00f6r att utvecklas optimalt. N\u00e4r du har hittat den myrart som du vill beh\u00e5lla kan du prova v\u00e5r \"<a href=\"https:\/\/antcube.shop\/formicarium-finder\/\"><strong>Formicarium Finder<\/strong><\/a>\" f\u00f6r att hitta den matchande startupps\u00e4ttningen.<\/p>\n\t\t\n<style>\n#text-2450893336 {\n  text-align: center;\n}\n<\/style>\n\t<\/div>\n\t\n\t\n  \n    <div class=\"row large-columns-4 medium-columns-3 small-columns-2 row-normal\" >\n  \n\t     <div class=\"product-small col has-hover product type-product post-2719 status-publish first instock product_cat-ants product_cat-asia has-post-thumbnail product-type-external\">\n\t<div class=\"col-inner\">\n\t\n<div class=\"badge-container absolute left top z-1\">\n\n<\/div>\n\t<div class=\"product-small box\">\n\t\t<div class=\"box-image\">\n\t\t\t<div class=\"image-fade_in_back\">\n\t\t\t\t<a href=\"https:\/\/antcube.shop\/sv\/produkt\/meranoplus-bicolor\/\">\n\t\t\t\t\t<img loading=\"lazy\" decoding=\"async\" width=\"247\" height=\"185\" src=\"https:\/\/i0.wp.com\/antcube.shop\/wp-content\/uploads\/2021\/11\/meranoplus-bicolor.jpg?fit=247%2C185&amp;ssl=1\" class=\"attachment-woocommerce_thumbnail size-woocommerce_thumbnail\" alt=\"Meranoplus bicolor Myrdrottning med arbetare.\" srcset=\"https:\/\/i0.wp.com\/antcube.shop\/wp-content\/uploads\/2021\/11\/meranoplus-bicolor.jpg?w=1024&amp;ssl=1 1024w, https:\/\/i0.wp.com\/antcube.shop\/wp-content\/uploads\/2021\/11\/meranoplus-bicolor.jpg?resize=533%2C400&amp;ssl=1 533w, https:\/\/i0.wp.com\/antcube.shop\/wp-content\/uploads\/2021\/11\/meranoplus-bicolor.jpg?resize=768%2C576&amp;ssl=1 768w, https:\/\/i0.wp.com\/antcube.shop\/wp-content\/uploads\/2021\/11\/meranoplus-bicolor.jpg?resize=16%2C12&amp;ssl=1 16w, https:\/\/i0.wp.com\/antcube.shop\/wp-content\/uploads\/2021\/11\/meranoplus-bicolor.jpg?resize=510%2C383&amp;ssl=1 510w\" sizes=\"auto, (max-width: 247px) 100vw, 247px\" \/><img loading=\"lazy\" decoding=\"async\" width=\"247\" height=\"165\" src=\"https:\/\/i0.wp.com\/antcube.shop\/wp-content\/uploads\/2021\/07\/Meranoplus-Bicolor-scaled.jpg?fit=247%2C165&amp;ssl=1\" class=\"show-on-hover absolute fill hide-for-small back-image\" alt=\"Meranoplus bicolor myrart p\u00e5 ett ormbunksblad makro ANTSTORE ANTCUBE\" aria-hidden=\"true\" srcset=\"https:\/\/i0.wp.com\/antcube.shop\/wp-content\/uploads\/2021\/07\/Meranoplus-Bicolor-scaled.jpg?w=2560&amp;ssl=1 2560w, https:\/\/i0.wp.com\/antcube.shop\/wp-content\/uploads\/2021\/07\/Meranoplus-Bicolor-scaled.jpg?resize=510%2C340&amp;ssl=1 510w, https:\/\/i0.wp.com\/antcube.shop\/wp-content\/uploads\/2021\/07\/Meranoplus-Bicolor-scaled.jpg?resize=600%2C400&amp;ssl=1 600w, https:\/\/i0.wp.com\/antcube.shop\/wp-content\/uploads\/2021\/07\/Meranoplus-Bicolor-scaled.jpg?resize=1200%2C800&amp;ssl=1 1200w, https:\/\/i0.wp.com\/antcube.shop\/wp-content\/uploads\/2021\/07\/Meranoplus-Bicolor-scaled.jpg?resize=768%2C512&amp;ssl=1 768w, https:\/\/i0.wp.com\/antcube.shop\/wp-content\/uploads\/2021\/07\/Meranoplus-Bicolor-scaled.jpg?resize=1536%2C1024&amp;ssl=1 1536w, https:\/\/i0.wp.com\/antcube.shop\/wp-content\/uploads\/2021\/07\/Meranoplus-Bicolor-scaled.jpg?resize=2048%2C1365&amp;ssl=1 2048w\" sizes=\"auto, (max-width: 247px) 100vw, 247px\" \/>\t\t\t\t<\/a>\n\t\t\t<\/div>\n\t\t\t<div class=\"image-tools is-small top right show-on-hover\">\n\t\t\t\t\t\t<div class=\"wishlist-icon\">\n\t\t\t<button class=\"wishlist-button button is-outline circle icon\" aria-label=\"\u00d6nskelista\">\n\t\t\t\t<i class=\"icon-heart\" aria-hidden=\"true\"><\/i>\t\t\t<\/button>\n\t\t\t<div class=\"wishlist-popup dark\">\n\t\t\t\t\n<div\n\tclass=\"yith-wcwl-add-to-wishlist add-to-wishlist-2719 yith-wcwl-add-to-wishlist--link-style wishlist-fragment on-first-load\"\n\tdata-fragment-ref=\"2719\"\n\tdata-fragment-options=\"{&quot;base_url&quot;:&quot;&quot;,&quot;product_id&quot;:2719,&quot;parent_product_id&quot;:0,&quot;product_type&quot;:&quot;external&quot;,&quot;is_single&quot;:false,&quot;in_default_wishlist&quot;:false,&quot;show_view&quot;:false,&quot;browse_wishlist_text&quot;:&quot;Browse wishlist&quot;,&quot;already_in_wishslist_text&quot;:&quot;The product is already in your wishlist!&quot;,&quot;product_added_text&quot;:&quot;Added to wishlist&quot;,&quot;available_multi_wishlist&quot;:false,&quot;disable_wishlist&quot;:false,&quot;show_count&quot;:false,&quot;ajax_loading&quot;:false,&quot;loop_position&quot;:&quot;after_add_to_cart&quot;,&quot;item&quot;:&quot;add_to_wishlist&quot;}\"\n>\n\t<\/div>\n\t\t\t<\/div>\n\t\t<\/div>\n\t\t\t\t\t<\/div>\n\t\t\t<div class=\"image-tools is-small hide-for-small bottom left show-on-hover\">\n\t\t\t\t\t\t\t<\/div>\n\t\t\t<div class=\"image-tools grid-tools text-center hide-for-small bottom hover-slide-in show-on-hover\">\n\t\t\t\t<a href=\"#quick-view\" class=\"quick-view\" role=\"button\" data-prod=\"2719\" aria-haspopup=\"dialog\" aria-expanded=\"false\" data-flatsome-role-button>Snabbkoll<\/a>\t\t\t<\/div>\n\t\t\t\t\t<\/div>\n\n\t\t<div class=\"box-text box-text-products\">\n\t\t\t<div class=\"title-wrapper\">\t\t<p class=\"category uppercase is-smaller no-text-overflow product-cat op-8\">\n\t\t\tMyror\t\t<\/p>\n\t<p class=\"name product-title woocommerce-loop-product__title\"><a href=\"https:\/\/antcube.shop\/sv\/produkt\/meranoplus-bicolor\/\" class=\"woocommerce-LoopProduct-link woocommerce-loop-product__link\">Meranoplus bicolor<\/a><\/p><\/div><div class=\"price-wrapper\">\n\t<span class=\"price\"><span class=\"woocommerce-Price-amount amount\"><bdi>41,93&nbsp;<span class=\"woocommerce-Price-currencySymbol\">\u20ac<\/span><\/bdi><\/span><\/span>\n\n\n\n<\/div>\t\t<\/div>\n\t<\/div>\n\t\n\n\n\n<span class=\"gtm4wp_productdata\" style=\"display:none; visibility:hidden;\" data-gtm4wp_product_data=\"{&quot;internal_id&quot;:2719,&quot;item_id&quot;:&quot;1001552&quot;,&quot;item_name&quot;:&quot;Meranoplus bicolor&quot;,&quot;sku&quot;:&quot;1001552&quot;,&quot;price&quot;:41.92999999999999971578290569595992565155029296875,&quot;stocklevel&quot;:null,&quot;stockstatus&quot;:&quot;instock&quot;,&quot;google_business_vertical&quot;:&quot;retail&quot;,&quot;item_category&quot;:&quot;Asia&quot;,&quot;id&quot;:&quot;1001552&quot;,&quot;productlink&quot;:&quot;https:\\\/\\\/antcube.shop\\\/sv\\\/produkt\\\/meranoplus-bicolor\\\/&quot;,&quot;item_list_name&quot;:&quot;General Product List&quot;,&quot;index&quot;:1,&quot;product_type&quot;:&quot;external&quot;,&quot;item_brand&quot;:&quot;&quot;}\"><\/span>\t<\/div>\n<\/div><div class=\"product-small col has-hover product type-product post-3278 status-publish instock product_cat-ants product_cat-asia has-post-thumbnail product-type-external\">\n\t<div class=\"col-inner\">\n\t\n<div class=\"badge-container absolute left top z-1\">\n\n<\/div>\n\t<div class=\"product-small box\">\n\t\t<div class=\"box-image\">\n\t\t\t<div class=\"image-fade_in_back\">\n\t\t\t\t<a href=\"https:\/\/antcube.shop\/sv\/produkt\/camponotus-parius\/\">\n\t\t\t\t\t<img loading=\"lazy\" decoding=\"async\" width=\"247\" height=\"185\" src=\"https:\/\/i0.wp.com\/antcube.shop\/wp-content\/uploads\/2021\/09\/Camponotus-parius-Startbild.jpg?fit=247%2C185&amp;ssl=1\" class=\"attachment-woocommerce_thumbnail size-woocommerce_thumbnail\" alt=\"Camponotus parius myrdrottning med arbetare och yngel ANTSTORE ANTCUBE\" srcset=\"https:\/\/i0.wp.com\/antcube.shop\/wp-content\/uploads\/2021\/09\/Camponotus-parius-Startbild.jpg?w=2048&amp;ssl=1 2048w, https:\/\/i0.wp.com\/antcube.shop\/wp-content\/uploads\/2021\/09\/Camponotus-parius-Startbild.jpg?resize=510%2C383&amp;ssl=1 510w, https:\/\/i0.wp.com\/antcube.shop\/wp-content\/uploads\/2021\/09\/Camponotus-parius-Startbild.jpg?resize=533%2C400&amp;ssl=1 533w, https:\/\/i0.wp.com\/antcube.shop\/wp-content\/uploads\/2021\/09\/Camponotus-parius-Startbild.jpg?resize=1067%2C800&amp;ssl=1 1067w, https:\/\/i0.wp.com\/antcube.shop\/wp-content\/uploads\/2021\/09\/Camponotus-parius-Startbild.jpg?resize=768%2C576&amp;ssl=1 768w, https:\/\/i0.wp.com\/antcube.shop\/wp-content\/uploads\/2021\/09\/Camponotus-parius-Startbild.jpg?resize=1536%2C1152&amp;ssl=1 1536w\" sizes=\"auto, (max-width: 247px) 100vw, 247px\" \/><img loading=\"lazy\" decoding=\"async\" width=\"247\" height=\"185\" src=\"https:\/\/i0.wp.com\/antcube.shop\/wp-content\/uploads\/2021\/11\/Camponotus-parius-Konigin.jpg?fit=247%2C185&amp;ssl=1\" class=\"show-on-hover absolute fill hide-for-small back-image\" alt=\"Camponotus parius drottningmyra makro karpentermyra ANTSTORE ANTCUBE\" aria-hidden=\"true\" srcset=\"https:\/\/i0.wp.com\/antcube.shop\/wp-content\/uploads\/2021\/11\/Camponotus-parius-Konigin.jpg?w=2048&amp;ssl=1 2048w, https:\/\/i0.wp.com\/antcube.shop\/wp-content\/uploads\/2021\/11\/Camponotus-parius-Konigin.jpg?resize=533%2C400&amp;ssl=1 533w, https:\/\/i0.wp.com\/antcube.shop\/wp-content\/uploads\/2021\/11\/Camponotus-parius-Konigin.jpg?resize=1067%2C800&amp;ssl=1 1067w, https:\/\/i0.wp.com\/antcube.shop\/wp-content\/uploads\/2021\/11\/Camponotus-parius-Konigin.jpg?resize=768%2C576&amp;ssl=1 768w, https:\/\/i0.wp.com\/antcube.shop\/wp-content\/uploads\/2021\/11\/Camponotus-parius-Konigin.jpg?resize=1536%2C1152&amp;ssl=1 1536w, https:\/\/i0.wp.com\/antcube.shop\/wp-content\/uploads\/2021\/11\/Camponotus-parius-Konigin.jpg?resize=16%2C12&amp;ssl=1 16w, https:\/\/i0.wp.com\/antcube.shop\/wp-content\/uploads\/2021\/11\/Camponotus-parius-Konigin.jpg?resize=510%2C383&amp;ssl=1 510w\" sizes=\"auto, (max-width: 247px) 100vw, 247px\" \/>\t\t\t\t<\/a>\n\t\t\t<\/div>\n\t\t\t<div class=\"image-tools is-small top right show-on-hover\">\n\t\t\t\t\t\t<div class=\"wishlist-icon\">\n\t\t\t<button class=\"wishlist-button button is-outline circle icon\" aria-label=\"\u00d6nskelista\">\n\t\t\t\t<i class=\"icon-heart\" aria-hidden=\"true\"><\/i>\t\t\t<\/button>\n\t\t\t<div class=\"wishlist-popup dark\">\n\t\t\t\t\n<div\n\tclass=\"yith-wcwl-add-to-wishlist add-to-wishlist-3278 yith-wcwl-add-to-wishlist--link-style wishlist-fragment on-first-load\"\n\tdata-fragment-ref=\"3278\"\n\tdata-fragment-options=\"{&quot;base_url&quot;:&quot;&quot;,&quot;product_id&quot;:3278,&quot;parent_product_id&quot;:0,&quot;product_type&quot;:&quot;external&quot;,&quot;is_single&quot;:false,&quot;in_default_wishlist&quot;:false,&quot;show_view&quot;:false,&quot;browse_wishlist_text&quot;:&quot;Browse wishlist&quot;,&quot;already_in_wishslist_text&quot;:&quot;The product is already in your wishlist!&quot;,&quot;product_added_text&quot;:&quot;Added to wishlist&quot;,&quot;available_multi_wishlist&quot;:false,&quot;disable_wishlist&quot;:false,&quot;show_count&quot;:false,&quot;ajax_loading&quot;:false,&quot;loop_position&quot;:&quot;after_add_to_cart&quot;,&quot;item&quot;:&quot;add_to_wishlist&quot;}\"\n>\n\t<\/div>\n\t\t\t<\/div>\n\t\t<\/div>\n\t\t\t\t\t<\/div>\n\t\t\t<div class=\"image-tools is-small hide-for-small bottom left show-on-hover\">\n\t\t\t\t\t\t\t<\/div>\n\t\t\t<div class=\"image-tools grid-tools text-center hide-for-small bottom hover-slide-in show-on-hover\">\n\t\t\t\t<a href=\"#quick-view\" class=\"quick-view\" role=\"button\" data-prod=\"3278\" aria-haspopup=\"dialog\" aria-expanded=\"false\" data-flatsome-role-button>Snabbkoll<\/a>\t\t\t<\/div>\n\t\t\t\t\t<\/div>\n\n\t\t<div class=\"box-text box-text-products\">\n\t\t\t<div class=\"title-wrapper\">\t\t<p class=\"category uppercase is-smaller no-text-overflow product-cat op-8\">\n\t\t\tMyror\t\t<\/p>\n\t<p class=\"name product-title woocommerce-loop-product__title\"><a href=\"https:\/\/antcube.shop\/sv\/produkt\/camponotus-parius\/\" class=\"woocommerce-LoopProduct-link woocommerce-loop-product__link\">Camponotus parius<\/a><\/p><\/div><div class=\"price-wrapper\">\n\t<span class=\"price\"><span class=\"woocommerce-Price-amount amount\"><bdi>33,53&nbsp;<span class=\"woocommerce-Price-currencySymbol\">\u20ac<\/span><\/bdi><\/span><\/span>\n\n\n\n<\/div>\t\t<\/div>\n\t<\/div>\n\t\n\n\n\n<span class=\"gtm4wp_productdata\" style=\"display:none; visibility:hidden;\" data-gtm4wp_product_data=\"{&quot;internal_id&quot;:3278,&quot;item_id&quot;:&quot;1004235&quot;,&quot;item_name&quot;:&quot;Camponotus parius&quot;,&quot;sku&quot;:&quot;1004235&quot;,&quot;price&quot;:33.530000000000001136868377216160297393798828125,&quot;stocklevel&quot;:null,&quot;stockstatus&quot;:&quot;instock&quot;,&quot;google_business_vertical&quot;:&quot;retail&quot;,&quot;item_category&quot;:&quot;Asia&quot;,&quot;id&quot;:&quot;1004235&quot;,&quot;productlink&quot;:&quot;https:\\\/\\\/antcube.shop\\\/sv\\\/produkt\\\/camponotus-parius\\\/&quot;,&quot;item_list_name&quot;:&quot;General Product List&quot;,&quot;index&quot;:2,&quot;product_type&quot;:&quot;external&quot;,&quot;item_brand&quot;:&quot;&quot;}\"><\/span>\t<\/div>\n<\/div><div class=\"product-small col has-hover product type-product post-2713 status-publish last instock product_cat-ants product_cat-asia has-post-thumbnail product-type-external\">\n\t<div class=\"col-inner\">\n\t\n<div class=\"badge-container absolute left top z-1\">\n\n<\/div>\n\t<div class=\"product-small box\">\n\t\t<div class=\"box-image\">\n\t\t\t<div class=\"image-fade_in_back\">\n\t\t\t\t<a href=\"https:\/\/antcube.shop\/sv\/produkt\/camponotus-japonicus\/\">\n\t\t\t\t\t<img loading=\"lazy\" decoding=\"async\" width=\"247\" height=\"185\" src=\"https:\/\/i0.wp.com\/antcube.shop\/wp-content\/uploads\/2021\/07\/Camponotus-japonicus-Starbild.jpg?fit=247%2C185&amp;ssl=1\" class=\"attachment-woocommerce_thumbnail size-woocommerce_thumbnail\" alt=\"Camponotus japonicus myrdrottning med arbetare makro ANTSTORE ANTCUBE\" srcset=\"https:\/\/i0.wp.com\/antcube.shop\/wp-content\/uploads\/2021\/07\/Camponotus-japonicus-Starbild.jpg?w=2048&amp;ssl=1 2048w, https:\/\/i0.wp.com\/antcube.shop\/wp-content\/uploads\/2021\/07\/Camponotus-japonicus-Starbild.jpg?resize=510%2C383&amp;ssl=1 510w, https:\/\/i0.wp.com\/antcube.shop\/wp-content\/uploads\/2021\/07\/Camponotus-japonicus-Starbild.jpg?resize=533%2C400&amp;ssl=1 533w, https:\/\/i0.wp.com\/antcube.shop\/wp-content\/uploads\/2021\/07\/Camponotus-japonicus-Starbild.jpg?resize=1067%2C800&amp;ssl=1 1067w, https:\/\/i0.wp.com\/antcube.shop\/wp-content\/uploads\/2021\/07\/Camponotus-japonicus-Starbild.jpg?resize=768%2C576&amp;ssl=1 768w, https:\/\/i0.wp.com\/antcube.shop\/wp-content\/uploads\/2021\/07\/Camponotus-japonicus-Starbild.jpg?resize=1536%2C1152&amp;ssl=1 1536w\" sizes=\"auto, (max-width: 247px) 100vw, 247px\" \/><img loading=\"lazy\" decoding=\"async\" width=\"247\" height=\"185\" src=\"https:\/\/i0.wp.com\/antcube.shop\/wp-content\/uploads\/2021\/07\/Camponotus-japonicus-Konigin.jpg?fit=247%2C185&amp;ssl=1\" class=\"show-on-hover absolute fill hide-for-small back-image\" alt=\"Camponotus japonicus myrdrottning med arbetare makro ANTSTORE ANTCUBE\" aria-hidden=\"true\" srcset=\"https:\/\/i0.wp.com\/antcube.shop\/wp-content\/uploads\/2021\/07\/Camponotus-japonicus-Konigin.jpg?w=2048&amp;ssl=1 2048w, https:\/\/i0.wp.com\/antcube.shop\/wp-content\/uploads\/2021\/07\/Camponotus-japonicus-Konigin.jpg?resize=510%2C383&amp;ssl=1 510w, https:\/\/i0.wp.com\/antcube.shop\/wp-content\/uploads\/2021\/07\/Camponotus-japonicus-Konigin.jpg?resize=533%2C400&amp;ssl=1 533w, https:\/\/i0.wp.com\/antcube.shop\/wp-content\/uploads\/2021\/07\/Camponotus-japonicus-Konigin.jpg?resize=1067%2C800&amp;ssl=1 1067w, https:\/\/i0.wp.com\/antcube.shop\/wp-content\/uploads\/2021\/07\/Camponotus-japonicus-Konigin.jpg?resize=768%2C576&amp;ssl=1 768w, https:\/\/i0.wp.com\/antcube.shop\/wp-content\/uploads\/2021\/07\/Camponotus-japonicus-Konigin.jpg?resize=1536%2C1152&amp;ssl=1 1536w\" sizes=\"auto, (max-width: 247px) 100vw, 247px\" \/>\t\t\t\t<\/a>\n\t\t\t<\/div>\n\t\t\t<div class=\"image-tools is-small top right show-on-hover\">\n\t\t\t\t\t\t<div class=\"wishlist-icon\">\n\t\t\t<button class=\"wishlist-button button is-outline circle icon\" aria-label=\"\u00d6nskelista\">\n\t\t\t\t<i class=\"icon-heart\" aria-hidden=\"true\"><\/i>\t\t\t<\/button>\n\t\t\t<div class=\"wishlist-popup dark\">\n\t\t\t\t\n<div\n\tclass=\"yith-wcwl-add-to-wishlist add-to-wishlist-2713 yith-wcwl-add-to-wishlist--link-style wishlist-fragment on-first-load\"\n\tdata-fragment-ref=\"2713\"\n\tdata-fragment-options=\"{&quot;base_url&quot;:&quot;&quot;,&quot;product_id&quot;:2713,&quot;parent_product_id&quot;:0,&quot;product_type&quot;:&quot;external&quot;,&quot;is_single&quot;:false,&quot;in_default_wishlist&quot;:false,&quot;show_view&quot;:false,&quot;browse_wishlist_text&quot;:&quot;Browse wishlist&quot;,&quot;already_in_wishslist_text&quot;:&quot;The product is already in your wishlist!&quot;,&quot;product_added_text&quot;:&quot;Added to wishlist&quot;,&quot;available_multi_wishlist&quot;:false,&quot;disable_wishlist&quot;:false,&quot;show_count&quot;:false,&quot;ajax_loading&quot;:false,&quot;loop_position&quot;:&quot;after_add_to_cart&quot;,&quot;item&quot;:&quot;add_to_wishlist&quot;}\"\n>\n\t<\/div>\n\t\t\t<\/div>\n\t\t<\/div>\n\t\t\t\t\t<\/div>\n\t\t\t<div class=\"image-tools is-small hide-for-small bottom left show-on-hover\">\n\t\t\t\t\t\t\t<\/div>\n\t\t\t<div class=\"image-tools grid-tools text-center hide-for-small bottom hover-slide-in show-on-hover\">\n\t\t\t\t<a href=\"#quick-view\" class=\"quick-view\" role=\"button\" data-prod=\"2713\" aria-haspopup=\"dialog\" aria-expanded=\"false\" data-flatsome-role-button>Snabbkoll<\/a>\t\t\t<\/div>\n\t\t\t\t\t<\/div>\n\n\t\t<div class=\"box-text box-text-products\">\n\t\t\t<div class=\"title-wrapper\">\t\t<p class=\"category uppercase is-smaller no-text-overflow product-cat op-8\">\n\t\t\tMyror\t\t<\/p>\n\t<p class=\"name product-title woocommerce-loop-product__title\"><a href=\"https:\/\/antcube.shop\/sv\/produkt\/camponotus-japonicus\/\" class=\"woocommerce-LoopProduct-link woocommerce-loop-product__link\">Camponotus japonicus<\/a><\/p><\/div><div class=\"price-wrapper\">\n\t<span class=\"price\"><span class=\"woocommerce-Price-amount amount\"><bdi>16,72&nbsp;<span class=\"woocommerce-Price-currencySymbol\">\u20ac<\/span><\/bdi><\/span><\/span>\n\n\n\n<\/div>\t\t<\/div>\n\t<\/div>\n\t\n\n\n\n<span class=\"gtm4wp_productdata\" style=\"display:none; visibility:hidden;\" data-gtm4wp_product_data=\"{&quot;internal_id&quot;:2713,&quot;item_id&quot;:&quot;1001307&quot;,&quot;item_name&quot;:&quot;Camponotus japonicus&quot;,&quot;sku&quot;:&quot;1001307&quot;,&quot;price&quot;:16.719999999999998863131622783839702606201171875,&quot;stocklevel&quot;:null,&quot;stockstatus&quot;:&quot;instock&quot;,&quot;google_business_vertical&quot;:&quot;retail&quot;,&quot;item_category&quot;:&quot;Asia&quot;,&quot;id&quot;:&quot;1001307&quot;,&quot;productlink&quot;:&quot;https:\\\/\\\/antcube.shop\\\/sv\\\/produkt\\\/camponotus-japonicus\\\/&quot;,&quot;item_list_name&quot;:&quot;General Product List&quot;,&quot;index&quot;:3,&quot;product_type&quot;:&quot;external&quot;,&quot;item_brand&quot;:&quot;&quot;}\"><\/span>\t<\/div>\n<\/div><div class=\"product-small col has-hover product type-product post-2735 status-publish first instock product_cat-ants product_cat-south-and-central-america has-post-thumbnail product-type-external\">\n\t<div class=\"col-inner\">\n\t\n<div class=\"badge-container absolute left top z-1\">\n\n<\/div>\n\t<div class=\"product-small box\">\n\t\t<div class=\"box-image\">\n\t\t\t<div class=\"image-fade_in_back\">\n\t\t\t\t<a href=\"https:\/\/antcube.shop\/sv\/produkt\/crematogaster-cf-erecta\/\">\n\t\t\t\t\t<img loading=\"lazy\" decoding=\"async\" width=\"247\" height=\"185\" src=\"https:\/\/i0.wp.com\/antcube.shop\/wp-content\/uploads\/2021\/11\/crematogaster_erecta_colonie2.jpg?fit=247%2C185&amp;ssl=1\" class=\"attachment-woocommerce_thumbnail size-woocommerce_thumbnail\" alt=\"crematogaster erecta myrkoloni drottning med yngel och arbetare\" srcset=\"https:\/\/i0.wp.com\/antcube.shop\/wp-content\/uploads\/2021\/11\/crematogaster_erecta_colonie2.jpg?w=1024&amp;ssl=1 1024w, https:\/\/i0.wp.com\/antcube.shop\/wp-content\/uploads\/2021\/11\/crematogaster_erecta_colonie2.jpg?resize=533%2C400&amp;ssl=1 533w, https:\/\/i0.wp.com\/antcube.shop\/wp-content\/uploads\/2021\/11\/crematogaster_erecta_colonie2.jpg?resize=768%2C576&amp;ssl=1 768w, https:\/\/i0.wp.com\/antcube.shop\/wp-content\/uploads\/2021\/11\/crematogaster_erecta_colonie2.jpg?resize=16%2C12&amp;ssl=1 16w, https:\/\/i0.wp.com\/antcube.shop\/wp-content\/uploads\/2021\/11\/crematogaster_erecta_colonie2.jpg?resize=510%2C383&amp;ssl=1 510w\" sizes=\"auto, (max-width: 247px) 100vw, 247px\" \/><img loading=\"lazy\" decoding=\"async\" width=\"247\" height=\"185\" src=\"https:\/\/i0.wp.com\/antcube.shop\/wp-content\/uploads\/2021\/07\/Crematogaster-erecta-Konigin.jpg?fit=247%2C185&amp;ssl=1\" class=\"show-on-hover absolute fill hide-for-small back-image\" alt=\"Crematogaster erecta myrdrottning med arbetarmyror\" aria-hidden=\"true\" srcset=\"https:\/\/i0.wp.com\/antcube.shop\/wp-content\/uploads\/2021\/07\/Crematogaster-erecta-Konigin.jpg?w=2048&amp;ssl=1 2048w, https:\/\/i0.wp.com\/antcube.shop\/wp-content\/uploads\/2021\/07\/Crematogaster-erecta-Konigin.jpg?resize=510%2C383&amp;ssl=1 510w, https:\/\/i0.wp.com\/antcube.shop\/wp-content\/uploads\/2021\/07\/Crematogaster-erecta-Konigin.jpg?resize=533%2C400&amp;ssl=1 533w, https:\/\/i0.wp.com\/antcube.shop\/wp-content\/uploads\/2021\/07\/Crematogaster-erecta-Konigin.jpg?resize=1067%2C800&amp;ssl=1 1067w, https:\/\/i0.wp.com\/antcube.shop\/wp-content\/uploads\/2021\/07\/Crematogaster-erecta-Konigin.jpg?resize=768%2C576&amp;ssl=1 768w, https:\/\/i0.wp.com\/antcube.shop\/wp-content\/uploads\/2021\/07\/Crematogaster-erecta-Konigin.jpg?resize=1536%2C1152&amp;ssl=1 1536w\" sizes=\"auto, (max-width: 247px) 100vw, 247px\" \/>\t\t\t\t<\/a>\n\t\t\t<\/div>\n\t\t\t<div class=\"image-tools is-small top right show-on-hover\">\n\t\t\t\t\t\t<div class=\"wishlist-icon\">\n\t\t\t<button class=\"wishlist-button button is-outline circle icon\" aria-label=\"\u00d6nskelista\">\n\t\t\t\t<i class=\"icon-heart\" aria-hidden=\"true\"><\/i>\t\t\t<\/button>\n\t\t\t<div class=\"wishlist-popup dark\">\n\t\t\t\t\n<div\n\tclass=\"yith-wcwl-add-to-wishlist add-to-wishlist-2735 yith-wcwl-add-to-wishlist--link-style wishlist-fragment on-first-load\"\n\tdata-fragment-ref=\"2735\"\n\tdata-fragment-options=\"{&quot;base_url&quot;:&quot;&quot;,&quot;product_id&quot;:2735,&quot;parent_product_id&quot;:0,&quot;product_type&quot;:&quot;external&quot;,&quot;is_single&quot;:false,&quot;in_default_wishlist&quot;:false,&quot;show_view&quot;:false,&quot;browse_wishlist_text&quot;:&quot;Browse wishlist&quot;,&quot;already_in_wishslist_text&quot;:&quot;The product is already in your wishlist!&quot;,&quot;product_added_text&quot;:&quot;Added to wishlist&quot;,&quot;available_multi_wishlist&quot;:false,&quot;disable_wishlist&quot;:false,&quot;show_count&quot;:false,&quot;ajax_loading&quot;:false,&quot;loop_position&quot;:&quot;after_add_to_cart&quot;,&quot;item&quot;:&quot;add_to_wishlist&quot;}\"\n>\n\t<\/div>\n\t\t\t<\/div>\n\t\t<\/div>\n\t\t\t\t\t<\/div>\n\t\t\t<div class=\"image-tools is-small hide-for-small bottom left show-on-hover\">\n\t\t\t\t\t\t\t<\/div>\n\t\t\t<div class=\"image-tools grid-tools text-center hide-for-small bottom hover-slide-in show-on-hover\">\n\t\t\t\t<a href=\"#quick-view\" class=\"quick-view\" role=\"button\" data-prod=\"2735\" aria-haspopup=\"dialog\" aria-expanded=\"false\" data-flatsome-role-button>Snabbkoll<\/a>\t\t\t<\/div>\n\t\t\t\t\t<\/div>\n\n\t\t<div class=\"box-text box-text-products\">\n\t\t\t<div class=\"title-wrapper\">\t\t<p class=\"category uppercase is-smaller no-text-overflow product-cat op-8\">\n\t\t\tMyror\t\t<\/p>\n\t<p class=\"name product-title woocommerce-loop-product__title\"><a href=\"https:\/\/antcube.shop\/sv\/produkt\/crematogaster-cf-erecta\/\" class=\"woocommerce-LoopProduct-link woocommerce-loop-product__link\">Crematogaster cf. erecta<\/a><\/p><\/div><div class=\"price-wrapper\">\n\t<span class=\"price\"><span class=\"woocommerce-Price-amount amount\"><bdi>76,39&nbsp;<span class=\"woocommerce-Price-currencySymbol\">\u20ac<\/span><\/bdi><\/span><\/span>\n\n\n\n<\/div>\t\t<\/div>\n\t<\/div>\n\t\n\n\n\n<span class=\"gtm4wp_productdata\" style=\"display:none; visibility:hidden;\" data-gtm4wp_product_data=\"{&quot;internal_id&quot;:2735,&quot;item_id&quot;:&quot;1005254&quot;,&quot;item_name&quot;:&quot;Crematogaster cf. erecta&quot;,&quot;sku&quot;:&quot;1005254&quot;,&quot;price&quot;:76.3900000000000005684341886080801486968994140625,&quot;stocklevel&quot;:null,&quot;stockstatus&quot;:&quot;instock&quot;,&quot;google_business_vertical&quot;:&quot;retail&quot;,&quot;item_category&quot;:&quot;South- and Central America&quot;,&quot;id&quot;:&quot;1005254&quot;,&quot;productlink&quot;:&quot;https:\\\/\\\/antcube.shop\\\/sv\\\/produkt\\\/crematogaster-cf-erecta\\\/&quot;,&quot;item_list_name&quot;:&quot;General Product List&quot;,&quot;index&quot;:4,&quot;product_type&quot;:&quot;external&quot;,&quot;item_brand&quot;:&quot;&quot;}\"><\/span>\t<\/div>\n<\/div><\/div>\n\n\n\t\t<\/div>\n\t\t\t\t\t<\/div>\n\n\t\n\n<\/div>","protected":false},"excerpt":{"rendered":"","protected":false},"author":1,"featured_media":0,"parent":2479,"menu_order":0,"comment_status":"closed","ping_status":"closed","template":"","meta":{"_acf_changed":false,"content-type":"","_monsterinsights_skip_tracking":false,"_monsterinsights_sitenote_active":false,"_monsterinsights_sitenote_note":"","_monsterinsights_sitenote_category":0,"footnotes":""},"class_list":["post-2487","page","type-page","status-publish","hentry"],"acf":[],"aioseo_notices":[],"jetpack_sharing_enabled":true,"_links":{"self":[{"href":"https:\/\/antcube.shop\/sv\/wp-json\/wp\/v2\/pages\/2487","targetHints":{"allow":["GET"]}}],"collection":[{"href":"https:\/\/antcube.shop\/sv\/wp-json\/wp\/v2\/pages"}],"about":[{"href":"https:\/\/antcube.shop\/sv\/wp-json\/wp\/v2\/types\/page"}],"author":[{"embeddable":true,"href":"https:\/\/antcube.shop\/sv\/wp-json\/wp\/v2\/users\/1"}],"replies":[{"embeddable":true,"href":"https:\/\/antcube.shop\/sv\/wp-json\/wp\/v2\/comments?post=2487"}],"version-history":[{"count":7,"href":"https:\/\/antcube.shop\/sv\/wp-json\/wp\/v2\/pages\/2487\/revisions"}],"predecessor-version":[{"id":6797,"href":"https:\/\/antcube.shop\/sv\/wp-json\/wp\/v2\/pages\/2487\/revisions\/6797"}],"up":[{"embeddable":true,"href":"https:\/\/antcube.shop\/sv\/wp-json\/wp\/v2\/pages\/2479"}],"wp:attachment":[{"href":"https:\/\/antcube.shop\/sv\/wp-json\/wp\/v2\/media?parent=2487"}],"curies":[{"name":"wp","href":"https:\/\/api.w.org\/{rel}","templated":true}]}}